{"id":24,"date":"2009-12-10T11:30:00","date_gmt":"2009-12-10T13:30:00","guid":{"rendered":"http:\/\/saojose.unifap.br\/cpa\/?page_id=24"},"modified":"2026-03-06T14:05:22","modified_gmt":"2026-03-06T14:05:22","slug":"relatorios","status":"publish","type":"page","link":"https:\/\/www2.unifap.br\/cpa\/relatorios\/","title":{"rendered":"Relat\u00f3rios"},"content":{"rendered":"<p><a href=\"http:\/\/www2.unifap.br\/cpa\/files\/2026\/03\/Relatorio_cpa_2024.pdf\">Relatorio_CPA_2024<\/a><\/p>\n<p><a href=\"http:\/\/www2.unifap.br\/cpa\/files\/2026\/03\/Relatorio_cpa_2023-2.pdf\">Relatorio_CPA_2023<\/a><\/p>\n<p><a href=\"http:\/\/www2.unifap.br\/cpa\/files\/2026\/03\/Relato\u0301rio-de-autoavaliac\u0327a\u0303o-Institucional_Ano-base_2022.pdf\">Relato\u0301rio de autoavaliac\u0327a\u0303o Institucional_Ano base_2022<\/a><\/p>\n<p><a href=\"http:\/\/www2.unifap.br\/cpa\/files\/2026\/03\/Relato\u0301rio-de-autoavaliac\u0327a\u0303o-Institucional_Ano-base_2019_2020-3.pdf\">Relato\u0301rio de Autoavaliac\u0327a\u0303o Institucional_Ano base_2019<\/a><\/p>\n<p><a href=\"http:\/\/www2.unifap.br\/cpa\/files\/2009\/12\/RelatorioCPA2018_AnoBase2017_20180331.pdf\">Relat\u00f3rio Autoavalia\u00e7\u00e3o Integral 2017<\/a> |<\/p>\n<p><a href=\"http:\/\/www2.unifap.br\/cpa\/files\/2009\/12\/Relatorio-Autoavalia\u00e7\u00e3o-Parcial-de-2016.pdf\">Relatorio Autoavalia\u00e7\u00e3o Parcial de 2016<\/a> |<\/p>\n<p><a href=\"http:\/\/www2.unifap.br\/cpa\/files\/2009\/12\/Relatorio-Autoavalia\u00e7\u00e3o-2015-PARCIAL.pdf\">Relat\u00f3rio Autoavalia\u00e7\u00e3o Parcial de 2015<\/a> |<\/p>\n<p><a href=\"http:\/\/www2.unifap.br\/cpa\/files\/2009\/12\/Relatorio-Autoavalia\u00e7\u00e3o-2014-FINALREv-republicado2.pdf\">Relatorio Autoavalia\u00e7\u00e3o 2014<\/a> | <a href=\"http:\/\/www2.unifap.br\/cpa\/files\/2009\/12\/relatorio_formulario_descricao_DCT-DISCENTE-GRAD.pdf\">Discente<\/a>&nbsp;<a href=\"http:\/\/www2.unifap.br\/cpa\/files\/2009\/12\/relatorio_avaliacao.pdf\">relat\u00f3rio_avalia\u00e7\u00e3o<\/a>&nbsp;2014 | <a href=\"http:\/\/www2.unifap.br\/cpa\/files\/2009\/12\/coment\u00e1rios-docentes.pdf\">coment\u00e1rios docentes<\/a> | <a href=\"http:\/\/www2.unifap.br\/cpa\/files\/2009\/12\/comentarios-p\u00f3s.pdf\">comentarios p\u00f3s<\/a>&nbsp;acad\u00eamicos |<\/p>\n<p><a href=\"http:\/\/www2.unifap.br\/cpa\/files\/2009\/12\/Relatorio-Autoavalia\u00e7\u00e3o-2013-UNIFAP.pdf\">Relat\u00f3rio Autoavalia\u00e7\u00e3o 2013-UNIFAP<\/a> |<\/p>\n<p><a href=\"http:\/\/www2.unifap.br\/cpa\/files\/2009\/12\/Relatorio-Autoavalia\u00e7\u00e3o-2011-FINAL.pdf\">Relat\u00f3rio de Autoavalia\u00e7\u00e3o de<\/a> 2011 |<\/p>\n<p><a href=\"http:\/\/www2.unifap.br\/cpa\/files\/2009\/12\/Relat\u00f3rioAval_Cursos_UNIFAP_20101.pdf\">Relat\u00f3rio de Autoavalia\u00e7\u00e3o de 2010 |<\/a><\/p>\n<p><a href=\"http:\/\/www2.unifap.br\/cpa\/files\/2009\/12\/Relat\u00f3rio_CPA_2007-2009.pdf\">Relat\u00f3rio_Autoavalia\u00e7\u00e3o_2007-2009 |<\/a><\/p>\n<p><a href=\"http:\/\/www2.unifap.br\/cpa\/files\/2012\/02\/Relat\u00f3rio_Final_CPA_UNIFAP2.doc\">Relat\u00f3rio Autoavalia\u00e7\u00e3o <\/a>2005-2006 |<\/p>\n<p>&nbsp;<\/p>\n<p>&nbsp;<\/p>\n<p>&nbsp;<\/p>\n<p>&nbsp;<\/p>\n<p>&nbsp;<\/p>\n<p>&nbsp;<\/p>\n<p>&nbsp;<\/p>\n","protected":false},"excerpt":{"rendered":"<p>Relatorio_CPA_2024 Relatorio_CPA_2023 Relato\u0301rio de autoavaliac\u0327a\u0303o Institucional_Ano base_2022 Relato\u0301rio de Autoavaliac\u0327a\u0303o Institucional_Ano base_2019 Relat\u00f3rio Autoavalia\u00e7\u00e3o Integral 2017 | Relatorio Autoavalia\u00e7\u00e3o Parcial de 2016 | Relat\u00f3rio Autoavalia\u00e7\u00e3o Parcial de 2015 | Relatorio Autoavalia\u00e7\u00e3o 2014 | Discente&nbsp;relat\u00f3rio_avalia\u00e7\u00e3o&nbsp;2014 | coment\u00e1rios docentes | comentarios p\u00f3s&nbsp;acad\u00eamicos&hellip; <\/p>\n<p><a href=\"https:\/\/www2.unifap.br\/cpa\/relatorios\/\" class=\"readmore-button\">Continue Reading<\/a><\/p>\n","protected":false},"author":1,"featured_media":0,"parent":0,"menu_order":0,"comment_status":"closed","ping_status":"closed","template":"","meta":{"inline_featured_image":false,"ngg_post_thumbnail":0,"footnotes":""},"class_list":["post-24","page","type-page","status-publish","hentry"],"_links":{"self":[{"href":"https:\/\/www2.unifap.br\/cpa\/wp-json\/wp\/v2\/pages\/24","targetHints":{"allow":["GET"]}}],"collection":[{"href":"https:\/\/www2.unifap.br\/cpa\/wp-json\/wp\/v2\/pages"}],"about":[{"href":"https:\/\/www2.unifap.br\/cpa\/wp-json\/wp\/v2\/types\/page"}],"author":[{"embeddable":true,"href":"https:\/\/www2.unifap.br\/cpa\/wp-json\/wp\/v2\/users\/1"}],"replies":[{"embeddable":true,"href":"https:\/\/www2.unifap.br\/cpa\/wp-json\/wp\/v2\/comments?post=24"}],"version-history":[{"count":17,"href":"https:\/\/www2.unifap.br\/cpa\/wp-json\/wp\/v2\/pages\/24\/revisions"}],"predecessor-version":[{"id":406,"href":"https:\/\/www2.unifap.br\/cpa\/wp-json\/wp\/v2\/pages\/24\/revisions\/406"}],"wp:attachment":[{"href":"https:\/\/www2.unifap.br\/cpa\/wp-json\/wp\/v2\/media?parent=24"}],"curies":[{"name":"wp","href":"https:\/\/api.w.org\/{rel}","templated":true}]}}