{"id":43,"date":"2010-01-07T10:38:27","date_gmt":"2010-01-07T13:38:27","guid":{"rendered":"http:\/\/saojose.unifap.br\/cpa\/?page_id=43"},"modified":"2017-12-19T19:15:13","modified_gmt":"2017-12-19T19:15:13","slug":"fale-conosco","status":"publish","type":"page","link":"https:\/\/www2.unifap.br\/cpa\/fale-conosco\/","title":{"rendered":"Fale Conosco"},"content":{"rendered":"<p>Escolha um dos question\u00e1rios abaixo para fazer sua contribui\u00e7\u00e3o.<\/p>\n<h2><strong>Question\u00e1rio de contato 1:<\/strong> <a href=\"https:\/\/goo.gl\/forms\/gGVVieogO9GIhOGt1\" target=\"_blank\"><em>&lt;&lt;clique aqui&gt;&gt;<\/em><\/a><\/h2>\n<h2><span style=\"color: #ffffff\"><strong><strong>Question\u00e1rio<\/strong> de contato 2:<\/strong> <em>&lt;&lt;clique aqui&gt;&gt;<\/em><\/span><\/h2>\n<p><strong>Telefone:<\/strong> (96) 3312-1793<\/p>\n<p><strong>e-mail:<\/strong> cpa@unifap.br<\/p>\n","protected":false},"excerpt":{"rendered":"<p>Escolha um dos question\u00e1rios abaixo para fazer sua contribui\u00e7\u00e3o. Question\u00e1rio de contato 1: &lt;&lt;clique aqui&gt;&gt; Question\u00e1rio de contato 2: &lt;&lt;clique aqui&gt;&gt; Telefone: (96) 3312-1793 e-mail: cpa@unifap.br<\/p>\n","protected":false},"author":1,"featured_media":0,"parent":0,"menu_order":0,"comment_status":"open","ping_status":"open","template":"","meta":{"inline_featured_image":false,"ngg_post_thumbnail":0,"footnotes":""},"class_list":["post-43","page","type-page","status-publish","hentry"],"_links":{"self":[{"href":"https:\/\/www2.unifap.br\/cpa\/wp-json\/wp\/v2\/pages\/43","targetHints":{"allow":["GET"]}}],"collection":[{"href":"https:\/\/www2.unifap.br\/cpa\/wp-json\/wp\/v2\/pages"}],"about":[{"href":"https:\/\/www2.unifap.br\/cpa\/wp-json\/wp\/v2\/types\/page"}],"author":[{"embeddable":true,"href":"https:\/\/www2.unifap.br\/cpa\/wp-json\/wp\/v2\/users\/1"}],"replies":[{"embeddable":true,"href":"https:\/\/www2.unifap.br\/cpa\/wp-json\/wp\/v2\/comments?post=43"}],"version-history":[{"count":11,"href":"https:\/\/www2.unifap.br\/cpa\/wp-json\/wp\/v2\/pages\/43\/revisions"}],"predecessor-version":[{"id":327,"href":"https:\/\/www2.unifap.br\/cpa\/wp-json\/wp\/v2\/pages\/43\/revisions\/327"}],"wp:attachment":[{"href":"https:\/\/www2.unifap.br\/cpa\/wp-json\/wp\/v2\/media?parent=43"}],"curies":[{"name":"wp","href":"https:\/\/api.w.org\/{rel}","templated":true}]}}