{"id":11,"date":"2014-06-16T20:27:41","date_gmt":"2014-06-16T20:27:41","guid":{"rendered":"http:\/\/www2.unifap.br\/cppd\/?page_id=11"},"modified":"2014-07-25T13:17:30","modified_gmt":"2014-07-25T13:17:30","slug":"funcionamento","status":"publish","type":"page","link":"https:\/\/www2.unifap.br\/cppd\/funcionamento\/","title":{"rendered":"FUNCIONAMENTO"},"content":{"rendered":"<ul>\n<li>A sala da CPPD funciona ao lado da PROEAC, no pr\u00e9dio da Reitoria.<\/li>\n<li>N\u00e3o h\u00e1 t\u00e9cnicos e nem bolsistas.<\/li>\n<li>As reuni\u00f5es ocorrem todas as segundas-feiras no per\u00edodo da manh\u00e3.<\/li>\n<li>Recebimento de processo tamb\u00e9m ocorre todas as segundas-feiras no hor\u00e1rio da reuni\u00e3o da Comiss\u00e3o.<\/li>\n<\/ul>\n<p>&nbsp;<\/p>\n","protected":false},"excerpt":{"rendered":"<p>A sala da CPPD funciona ao lado da PROEAC, no pr\u00e9dio da Reitoria. N\u00e3o h\u00e1 t\u00e9cnicos e nem bolsistas. As reuni\u00f5es ocorrem todas as segundas-feiras no per\u00edodo da manh\u00e3. Recebimento de processo tamb\u00e9m ocorre todas as segundas-feiras no hor\u00e1rio da&hellip; <\/p>\n<p><a href=\"https:\/\/www2.unifap.br\/cppd\/funcionamento\/\" class=\"readmore-button\">Continue Reading<\/a><\/p>\n","protected":false},"author":519,"featured_media":0,"parent":0,"menu_order":0,"comment_status":"open","ping_status":"open","template":"","meta":{"inline_featured_image":false,"ngg_post_thumbnail":0,"footnotes":""},"class_list":["post-11","page","type-page","status-publish","hentry"],"_links":{"self":[{"href":"https:\/\/www2.unifap.br\/cppd\/wp-json\/wp\/v2\/pages\/11","targetHints":{"allow":["GET"]}}],"collection":[{"href":"https:\/\/www2.unifap.br\/cppd\/wp-json\/wp\/v2\/pages"}],"about":[{"href":"https:\/\/www2.unifap.br\/cppd\/wp-json\/wp\/v2\/types\/page"}],"author":[{"embeddable":true,"href":"https:\/\/www2.unifap.br\/cppd\/wp-json\/wp\/v2\/users\/519"}],"replies":[{"embeddable":true,"href":"https:\/\/www2.unifap.br\/cppd\/wp-json\/wp\/v2\/comments?post=11"}],"version-history":[{"count":3,"href":"https:\/\/www2.unifap.br\/cppd\/wp-json\/wp\/v2\/pages\/11\/revisions"}],"predecessor-version":[{"id":74,"href":"https:\/\/www2.unifap.br\/cppd\/wp-json\/wp\/v2\/pages\/11\/revisions\/74"}],"wp:attachment":[{"href":"https:\/\/www2.unifap.br\/cppd\/wp-json\/wp\/v2\/media?parent=11"}],"curies":[{"name":"wp","href":"https:\/\/api.w.org\/{rel}","templated":true}]}}