{"id":17,"date":"2014-06-16T20:29:42","date_gmt":"2014-06-16T20:29:42","guid":{"rendered":"http:\/\/www2.unifap.br\/cppd\/?page_id=17"},"modified":"2014-07-28T20:54:56","modified_gmt":"2014-07-28T20:54:56","slug":"progressao-e-promocao","status":"publish","type":"page","link":"https:\/\/www2.unifap.br\/cppd\/progressao-e-promocao\/","title":{"rendered":"PROGRESS\u00c3O E PROMO\u00c7\u00c3O"},"content":{"rendered":"<p><strong>Lei 12.772\/12:<\/strong><\/p>\n<p><strong><\/strong><span style=\"line-height: 1.5em\"><strong>Art. 12.<\/strong> \u00a0O desenvolvimento na<strong> Carreira de Magist\u00e9rio Superior<\/strong> ocorrer\u00e1 mediante <\/span><strong style=\"line-height: 1.5em\">progress\u00e3o funcional e promo\u00e7\u00e3o<\/strong><span style=\"line-height: 1.5em\">.<\/span><\/p>\n<p>\u00a7 1<span style=\"text-decoration: underline\"><sup>o<\/sup><\/span>\u00a0\u00a0Para os fins do disposto no\u00a0caput, <strong>progress\u00e3o \u00e9 a passagem do servidor para o n\u00edvel de vencimento imediatamente superior dentro de uma mesma classe<\/strong>, e <strong>promo\u00e7\u00e3o, a passagem do servidor de uma classe para outra subsequente, na forma desta Lei.<\/strong><\/p>\n<p>\u00a7 2<span style=\"text-decoration: underline\"><sup>o<\/sup><\/span>\u00a0\u00a0A <strong>progress\u00e3o na Carreira de Magist\u00e9rio Superior<\/strong> ocorrer\u00e1 com base nos <strong>crit\u00e9rios gerais estabelecidos nesta Le<\/strong>i e observar\u00e1, cumulativamente:<\/p>\n<p>I &#8211; o <strong>cumprimento do interst\u00edcio de 24 (vinte e quatro) meses<\/strong> de efetivo exerc\u00edcio em cada n\u00edvel; e<\/p>\n<p>II &#8211; <strong>aprova\u00e7\u00e3o em avalia\u00e7\u00e3o de desempenho.<\/strong><\/p>\n<p>\u00a7 3<span style=\"text-decoration: underline\"><sup>o<\/sup><\/span>\u00a0\u00a0A <strong>promo\u00e7\u00e3o<\/strong> ocorrer\u00e1 observados o <strong>interst\u00edcio m\u00ednimo de 24 (vinte e quatro) meses no \u00faltimo n\u00edvel de cada Classe antecedente<\/strong> \u00e0quela para a qual se dar\u00e1 a promo\u00e7\u00e3o e, ainda, as seguintes condi\u00e7\u00f5es:<\/p>\n<p>I &#8211; para a<strong> Classe B<\/strong>, com denomina\u00e7\u00e3o de <strong>Professor Assistente<\/strong>, ser aprovado em processo de avalia\u00e7\u00e3o de desempenho;\u00a0\u00a0\u00a0\u00a0\u00a0\u00a0<a href=\"http:\/\/www.planalto.gov.br\/ccivil_03\/_ato2011-2014\/2013\/Lei\/L12863.htm#art1\">(Reda\u00e7\u00e3o dada pela Lei n\u00ba 12.863, de 2013)<\/a><\/p>\n<p>II &#8211; para a <strong>Classe C<\/strong>, com denomina\u00e7\u00e3o de<strong> Professor Adjunto<\/strong>, ser aprovado em processo de avalia\u00e7\u00e3o de desempenho;\u00a0\u00a0\u00a0\u00a0\u00a0\u00a0<a href=\"http:\/\/www.planalto.gov.br\/ccivil_03\/_ato2011-2014\/2013\/Lei\/L12863.htm#art1\">(Reda\u00e7\u00e3o dada pela Lei n\u00ba 12.863, de 2013)<\/a><\/p>\n<p>III &#8211; para a <strong>Classe D<\/strong>, com denomina\u00e7\u00e3o de <strong>Professor Associado<\/strong>:\u00a0\u00a0\u00a0\u00a0\u00a0\u00a0<a href=\"http:\/\/www.planalto.gov.br\/ccivil_03\/_ato2011-2014\/2013\/Lei\/L12863.htm#art1\">(Reda\u00e7\u00e3o dada pela Lei n\u00ba 12.863, de 2013)<\/a><\/p>\n<p>a) possuir o <strong>t\u00edtulo de doutor<\/strong>; e<\/p>\n<p>b) ser <strong>aprovado em processo de avalia\u00e7\u00e3o de desempenho<\/strong>; e<\/p>\n<p>IV &#8211; para a <strong>Classe E<\/strong>, com denomina\u00e7\u00e3o de <strong>Professor Titular<\/strong>:\u00a0\u00a0\u00a0\u00a0\u00a0\u00a0<a href=\"http:\/\/www.planalto.gov.br\/ccivil_03\/_ato2011-2014\/2013\/Lei\/L12863.htm#art1\">(Reda\u00e7\u00e3o dada pela Lei n\u00ba 12.863, de 2013)<\/a><\/p>\n<p>a) possuir o <strong>t\u00edtulo de doutor<\/strong>;<\/p>\n<p>b) ser <strong>aprovado em<\/strong> <strong>processo de avalia\u00e7\u00e3o de desempenho<\/strong>; e<\/p>\n<p>c) lograr <strong>aprova\u00e7\u00e3o de memorial que dever\u00e1 considerar as atividades de ensino, pesquisa, extens\u00e3o, gest\u00e3o acad\u00eamica e produ\u00e7\u00e3o profissional<\/strong> <strong>relevante<\/strong>, ou defesa de tese acad\u00eamica in\u00e9dita.<\/p>\n<p>\u00a7 4<span style=\"text-decoration: underline\"><sup>o<\/sup><\/span>\u00a0\u00a0As diretrizes gerais para o<strong> processo de avalia\u00e7\u00e3o de desempenho para fins de progress\u00e3o e de promo\u00e7\u00e3o ser\u00e3o estabelecidas em ato do Minist\u00e9rio da Educa\u00e7\u00e3o <\/strong>e do Minist\u00e9rio da Defesa<strong>, <\/strong>conforme a subordina\u00e7\u00e3o ou vincula\u00e7\u00e3o das respectivas IFE<strong> e dever\u00e3o contemplar as atividades de ensino, pesquisa, extens\u00e3o e gest\u00e3o<\/strong>, cabendo aos <strong>conselhos competentes<\/strong> no <strong>\u00e2mbito de cada Institui\u00e7\u00e3o Federal de Ensino regulamentar os procedimentos do referido processo<\/strong>.<\/p>\n<p>\u00a7 5<span style=\"text-decoration: underline\"><sup>o<\/sup><\/span>\u00a0\u00a0O processo de avalia\u00e7\u00e3o para acesso \u00e0<strong> Classe E<\/strong>, com denomina\u00e7\u00e3o de<strong> Titular<\/strong>, ser\u00e1 realizado por comiss\u00e3o especial composta por, no m\u00ednimo, <strong>75% (setenta e cinco por cento) de profissionais externos \u00e0 IFE<\/strong>, nos termos de ato do Ministro de Estado da Educa\u00e7\u00e3o.\u00a0\u00a0\u00a0\u00a0\u00a0\u00a0<a href=\"http:\/\/www.planalto.gov.br\/ccivil_03\/_ato2011-2014\/2013\/Lei\/L12863.htm#art1\">(Reda\u00e7\u00e3o dada pela Lei n\u00ba 12.863, de 2013)<\/a><\/p>\n<p>\u00a7 6<span style=\"text-decoration: underline\"><sup>o<\/sup><\/span>\u00a0\u00a0Os cursos de <strong>mestrado e doutorado<\/strong>, para os fins previstos neste artigo, ser\u00e3o considerados somente se <strong>credenciados pelo Conselho Nacional de Educa\u00e7\u00e3o e, quando realizados no exterior, revalidados por institui\u00e7\u00e3o nacional competente.<\/strong><\/p>\n<p>Art. 13.\u00a0 Os <strong>docentes aprovados no est\u00e1gio probat\u00f3rio<\/strong> do respectivo cargo que atenderem os seguintes <strong>requisitos de titula\u00e7\u00e3o<\/strong> far\u00e3o jus a <strong>processo de acelera\u00e7\u00e3o da promo\u00e7\u00e3o:<\/strong>\u00a0\u00a0\u00a0\u00a0\u00a0\u00a0<a href=\"http:\/\/www.planalto.gov.br\/ccivil_03\/_ato2011-2014\/2013\/Lei\/L12863.htm#art1\">(Reda\u00e7\u00e3o dada pela Lei n\u00ba 12.863, de 2013)<\/a><\/p>\n<p>I &#8211; para o n\u00edvel inicial da <strong>Classe<\/strong> <strong>B<\/strong>, com denomina\u00e7\u00e3o de Professor<strong> Assistente<\/strong>, pela apresenta\u00e7\u00e3o de titula\u00e7\u00e3o de <strong>mestre<\/strong>; e\u00a0\u00a0\u00a0\u00a0\u00a0\u00a0<a href=\"http:\/\/www.planalto.gov.br\/ccivil_03\/_ato2011-2014\/2013\/Lei\/L12863.htm#art1\">(Reda\u00e7\u00e3o dada pela Lei n\u00ba 12.863, de 2013)<\/a><\/p>\n<p>II &#8211; para o n\u00edvel inicial da <strong>Classe C<\/strong>, com denomina\u00e7\u00e3o de Professor <strong>Adjunto<\/strong>, pela apresenta\u00e7\u00e3o de titula\u00e7\u00e3o de <strong>doutor<\/strong>.\u00a0\u00a0\u00a0\u00a0\u00a0\u00a0<a href=\"http:\/\/www.planalto.gov.br\/ccivil_03\/_ato2011-2014\/2013\/Lei\/L12863.htm#art1\">(Reda\u00e7\u00e3o dada pela Lei n\u00ba 12.863, de 2013)<\/a><\/p>\n<p>Par\u00e1grafo \u00fanico. \u00a0Aos servidores ocupantes de cargos da Carreira de Magist\u00e9rio Superior em <strong>1<span style=\"text-decoration: underline\"><sup>o<\/sup><\/span>\u00a0de mar\u00e7o de 2013<\/strong> ou <strong>na data de publica\u00e7\u00e3o desta Lei<\/strong>, se posterior,<strong> \u00e9 permitida a acelera\u00e7\u00e3o da promo\u00e7\u00e3o<\/strong> de que trata este artigo <strong>ainda que se encontrem em est\u00e1gio probat\u00f3rio<\/strong> no cargo.<\/p>\n<p>&#8211; <strong>EM RELA\u00c7\u00c3O A PRODU\u00c7\u00c3O DOS \u00a0EFEITOS FINANCEIROS NO CASO DE ACELERA\u00c7\u00c3O DA PROMO\u00c7\u00c3O SEGUE-SE MANIFESTA\u00c7\u00c3O DO MEC:<\/strong><\/p>\n<p>VER:\u00a0<a style=\"line-height: 1.5em\" href=\"http:\/\/www2.unifap.br\/cppd\/files\/2014\/06\/NotaTecnica-MEC-FEV-2014-beneficio-financeiro-promocao-1.pdf\">NotaTecnica-MEC-FEV-2014-beneficio-financeiro-promocao (1)<\/a><\/p>\n","protected":false},"excerpt":{"rendered":"<p>Lei 12.772\/12: Art. 12. \u00a0O desenvolvimento na Carreira de Magist\u00e9rio Superior ocorrer\u00e1 mediante progress\u00e3o funcional e promo\u00e7\u00e3o. \u00a7 1o\u00a0\u00a0Para os fins do disposto no\u00a0caput, progress\u00e3o \u00e9 a passagem do servidor para o n\u00edvel de vencimento imediatamente superior dentro de uma&hellip; <\/p>\n<p><a href=\"https:\/\/www2.unifap.br\/cppd\/progressao-e-promocao\/\" class=\"readmore-button\">Continue Reading<\/a><\/p>\n","protected":false},"author":519,"featured_media":0,"parent":0,"menu_order":0,"comment_status":"open","ping_status":"open","template":"","meta":{"inline_featured_image":false,"ngg_post_thumbnail":0,"footnotes":""},"class_list":["post-17","page","type-page","status-publish","hentry"],"_links":{"self":[{"href":"https:\/\/www2.unifap.br\/cppd\/wp-json\/wp\/v2\/pages\/17","targetHints":{"allow":["GET"]}}],"collection":[{"href":"https:\/\/www2.unifap.br\/cppd\/wp-json\/wp\/v2\/pages"}],"about":[{"href":"https:\/\/www2.unifap.br\/cppd\/wp-json\/wp\/v2\/types\/page"}],"author":[{"embeddable":true,"href":"https:\/\/www2.unifap.br\/cppd\/wp-json\/wp\/v2\/users\/519"}],"replies":[{"embeddable":true,"href":"https:\/\/www2.unifap.br\/cppd\/wp-json\/wp\/v2\/comments?post=17"}],"version-history":[{"count":4,"href":"https:\/\/www2.unifap.br\/cppd\/wp-json\/wp\/v2\/pages\/17\/revisions"}],"predecessor-version":[{"id":87,"href":"https:\/\/www2.unifap.br\/cppd\/wp-json\/wp\/v2\/pages\/17\/revisions\/87"}],"wp:attachment":[{"href":"https:\/\/www2.unifap.br\/cppd\/wp-json\/wp\/v2\/media?parent=17"}],"curies":[{"name":"wp","href":"https:\/\/api.w.org\/{rel}","templated":true}]}}