{"id":43,"date":"2014-06-26T14:06:34","date_gmt":"2014-06-26T14:06:34","guid":{"rendered":"http:\/\/www2.unifap.br\/cppd\/?page_id=43"},"modified":"2014-06-26T14:08:30","modified_gmt":"2014-06-26T14:08:30","slug":"professor-associado","status":"publish","type":"page","link":"https:\/\/www2.unifap.br\/cppd\/professor-associado\/","title":{"rendered":"PROFESSOR ASSOCIADO"},"content":{"rendered":"<p>1- MO<a href=\"http:\/\/www2.unifap.br\/cppd\/files\/2014\/06\/mODELO-ENCAMINHAMENTO-AO-COORDENADOR-DE-CURSO.doc\">DELO ENCAMINHAMENTO AO COORDENADOR DE CURSO<\/a><\/p>\n<p>2-\u00a0<a href=\"http:\/\/www2.unifap.br\/cppd\/files\/2014\/06\/MODELO-SOLICITA\u00c7\u00c3O-DE-BANCA.doc\">MODELO SOLICITA\u00c7\u00c3O DE BANCA<\/a><\/p>\n<p>3-\u00a0<a href=\"http:\/\/www2.unifap.br\/cppd\/files\/2014\/06\/RELATORIO-PARA-PREENCHER.doc\">RELAT\u00d3RIO PARA PREENCHER<\/a><\/p>\n<p>4 &#8211;<a href=\"http:\/\/www2.unifap.br\/cppd\/files\/2014\/06\/RESOLU\u00c7\u00c3O-PROFESSOR-ASSOCIADO1.doc\">RESOLU\u00c7\u00c3O PROFESSOR ASSOCIADO<\/a><\/p>\n","protected":false},"excerpt":{"rendered":"<p>1- MODELO ENCAMINHAMENTO AO COORDENADOR DE CURSO 2-\u00a0MODELO SOLICITA\u00c7\u00c3O DE BANCA 3-\u00a0RELAT\u00d3RIO PARA PREENCHER 4 &#8211;RESOLU\u00c7\u00c3O PROFESSOR ASSOCIADO<\/p>\n","protected":false},"author":519,"featured_media":0,"parent":0,"menu_order":0,"comment_status":"open","ping_status":"open","template":"","meta":{"inline_featured_image":false,"ngg_post_thumbnail":0,"footnotes":""},"class_list":["post-43","page","type-page","status-publish","hentry"],"_links":{"self":[{"href":"https:\/\/www2.unifap.br\/cppd\/wp-json\/wp\/v2\/pages\/43","targetHints":{"allow":["GET"]}}],"collection":[{"href":"https:\/\/www2.unifap.br\/cppd\/wp-json\/wp\/v2\/pages"}],"about":[{"href":"https:\/\/www2.unifap.br\/cppd\/wp-json\/wp\/v2\/types\/page"}],"author":[{"embeddable":true,"href":"https:\/\/www2.unifap.br\/cppd\/wp-json\/wp\/v2\/users\/519"}],"replies":[{"embeddable":true,"href":"https:\/\/www2.unifap.br\/cppd\/wp-json\/wp\/v2\/comments?post=43"}],"version-history":[{"count":3,"href":"https:\/\/www2.unifap.br\/cppd\/wp-json\/wp\/v2\/pages\/43\/revisions"}],"predecessor-version":[{"id":50,"href":"https:\/\/www2.unifap.br\/cppd\/wp-json\/wp\/v2\/pages\/43\/revisions\/50"}],"wp:attachment":[{"href":"https:\/\/www2.unifap.br\/cppd\/wp-json\/wp\/v2\/media?parent=43"}],"curies":[{"name":"wp","href":"https:\/\/api.w.org\/{rel}","templated":true}]}}