{"id":59,"date":"2014-06-27T19:51:03","date_gmt":"2014-06-27T19:51:03","guid":{"rendered":"http:\/\/www2.unifap.br\/cppd\/?page_id=59"},"modified":"2014-07-24T15:26:45","modified_gmt":"2014-07-24T15:26:45","slug":"estagio-probatorio","status":"publish","type":"page","link":"https:\/\/www2.unifap.br\/cppd\/estagio-probatorio\/","title":{"rendered":"EST\u00c1GIO PROBAT\u00d3RIO"},"content":{"rendered":"<p><a href=\"http:\/\/www2.unifap.br\/cppd\/files\/2014\/06\/EST\u00c1GIO-PROBAT\u00d3RIO-CRFB-88.doc\">EST\u00c1GIO PROBAT\u00d3RIO -CRFB-88<\/a><\/p>\n<p><a href=\"http:\/\/www2.unifap.br\/cppd\/files\/2014\/06\/EST\u00c1GIO-PROBAT\u00d3RIO-CRFB-88.doc\"><a href=\"http:\/\/www2.unifap.br\/cppd\/files\/2014\/06\/EST\u00c1GIO-PROBAT\u00d3RIO-LEI-8.112-90.doc\">EST\u00c1GIO PROBAT\u00d3RIO &#8211; LEI 8.112-90<\/a><\/a><\/p>\n","protected":false},"excerpt":{"rendered":"<p>EST\u00c1GIO PROBAT\u00d3RIO -CRFB-88 EST\u00c1GIO PROBAT\u00d3RIO &#8211; LEI 8.112-90<\/p>\n","protected":false},"author":519,"featured_media":0,"parent":0,"menu_order":0,"comment_status":"open","ping_status":"open","template":"","meta":{"inline_featured_image":false,"ngg_post_thumbnail":0,"footnotes":""},"class_list":["post-59","page","type-page","status-publish","hentry"],"_links":{"self":[{"href":"https:\/\/www2.unifap.br\/cppd\/wp-json\/wp\/v2\/pages\/59","targetHints":{"allow":["GET"]}}],"collection":[{"href":"https:\/\/www2.unifap.br\/cppd\/wp-json\/wp\/v2\/pages"}],"about":[{"href":"https:\/\/www2.unifap.br\/cppd\/wp-json\/wp\/v2\/types\/page"}],"author":[{"embeddable":true,"href":"https:\/\/www2.unifap.br\/cppd\/wp-json\/wp\/v2\/users\/519"}],"replies":[{"embeddable":true,"href":"https:\/\/www2.unifap.br\/cppd\/wp-json\/wp\/v2\/comments?post=59"}],"version-history":[{"count":3,"href":"https:\/\/www2.unifap.br\/cppd\/wp-json\/wp\/v2\/pages\/59\/revisions"}],"predecessor-version":[{"id":68,"href":"https:\/\/www2.unifap.br\/cppd\/wp-json\/wp\/v2\/pages\/59\/revisions\/68"}],"wp:attachment":[{"href":"https:\/\/www2.unifap.br\/cppd\/wp-json\/wp\/v2\/media?parent=59"}],"curies":[{"name":"wp","href":"https:\/\/api.w.org\/{rel}","templated":true}]}}