{"id":71,"date":"2014-07-25T13:00:38","date_gmt":"2014-07-25T13:00:38","guid":{"rendered":"http:\/\/www2.unifap.br\/cppd\/?page_id=71"},"modified":"2014-07-28T20:16:03","modified_gmt":"2014-07-28T20:16:03","slug":"mudanca-de-regime-de-trabalho","status":"publish","type":"page","link":"https:\/\/www2.unifap.br\/cppd\/mudanca-de-regime-de-trabalho\/","title":{"rendered":"MUDAN\u00c7A DE REGIME DE TRABALHO"},"content":{"rendered":"<p><strong>Lei 12.772\/12<\/strong><\/p>\n<p><strong>Art. 22.<\/strong> O Professor poder\u00e1 solicitar a altera\u00e7\u00e3o de seu regime de trabalho, <strong>mediante proposta que ser\u00e1 submetida a sua unidade de lota\u00e7\u00e3o<\/strong>.<br \/>\n\u00a7 1\u00ba\u00a0A solicita\u00e7\u00e3o de mudan\u00e7a de regime de trabalho, <strong>aprovada na unidade referida no caput<\/strong>,<strong> ser\u00e1 encaminhada <\/strong>ao dirigente m\u00e1ximo, no caso das IFE vinculadas ao Minist\u00e9rio da Defesa,<strong> ou \u00e0 Comiss\u00e3o Permanente de Pessoal Docente &#8211; CPPD<\/strong> de que trata o art. 26, no caso das IFE vinculadas ao Minist\u00e9rio da Educa\u00e7\u00e3o, para<strong> an\u00e1lise e parece<\/strong>r, e<strong>\u00a0posteriormente \u00e0 decis\u00e3o final da autoridade ou Conselho Superior competente.<\/strong><\/p>\n<p>\u00a7 2\u00ba\u00a0\u00c9 <strong>vedada a mudan\u00e7a de regime de trabalho<\/strong> aos docentes em <strong>est\u00e1gio probat\u00f3rio<\/strong>.<br \/>\n\u00a7 3\u00ba\u00a0Na hip\u00f3tese de <strong>concess\u00e3o de afastamento sem preju\u00edzo de vencimentos<\/strong>, as <strong>solicita\u00e7\u00f5es de altera\u00e7\u00e3o de regime s\u00f3 ser\u00e3o autorizada<\/strong>s<strong> ap\u00f3s o decurso de prazo igual ao do\u00a0afastamento concedido<\/strong>.<!--more--><!--more--><\/p>\n","protected":false},"excerpt":{"rendered":"<p>Lei 12.772\/12 Art. 22. O Professor poder\u00e1 solicitar a altera\u00e7\u00e3o de seu regime de trabalho, mediante proposta que ser\u00e1 submetida a sua unidade de lota\u00e7\u00e3o. \u00a7 1\u00ba\u00a0A solicita\u00e7\u00e3o de mudan\u00e7a de regime de trabalho, aprovada na unidade referida no caput,&hellip; <\/p>\n<p><a href=\"https:\/\/www2.unifap.br\/cppd\/mudanca-de-regime-de-trabalho\/\" class=\"readmore-button\">Continue Reading<\/a><\/p>\n","protected":false},"author":519,"featured_media":0,"parent":0,"menu_order":0,"comment_status":"open","ping_status":"open","template":"","meta":{"inline_featured_image":false,"ngg_post_thumbnail":0,"footnotes":""},"class_list":["post-71","page","type-page","status-publish","hentry"],"_links":{"self":[{"href":"https:\/\/www2.unifap.br\/cppd\/wp-json\/wp\/v2\/pages\/71","targetHints":{"allow":["GET"]}}],"collection":[{"href":"https:\/\/www2.unifap.br\/cppd\/wp-json\/wp\/v2\/pages"}],"about":[{"href":"https:\/\/www2.unifap.br\/cppd\/wp-json\/wp\/v2\/types\/page"}],"author":[{"embeddable":true,"href":"https:\/\/www2.unifap.br\/cppd\/wp-json\/wp\/v2\/users\/519"}],"replies":[{"embeddable":true,"href":"https:\/\/www2.unifap.br\/cppd\/wp-json\/wp\/v2\/comments?post=71"}],"version-history":[{"count":4,"href":"https:\/\/www2.unifap.br\/cppd\/wp-json\/wp\/v2\/pages\/71\/revisions"}],"predecessor-version":[{"id":81,"href":"https:\/\/www2.unifap.br\/cppd\/wp-json\/wp\/v2\/pages\/71\/revisions\/81"}],"wp:attachment":[{"href":"https:\/\/www2.unifap.br\/cppd\/wp-json\/wp\/v2\/media?parent=71"}],"curies":[{"name":"wp","href":"https:\/\/api.w.org\/{rel}","templated":true}]}}