{"id":75,"date":"2014-07-25T13:59:56","date_gmt":"2014-07-25T13:59:56","guid":{"rendered":"http:\/\/www2.unifap.br\/cppd\/?page_id=75"},"modified":"2014-07-28T20:28:54","modified_gmt":"2014-07-28T20:28:54","slug":"apresentacao","status":"publish","type":"page","link":"https:\/\/www2.unifap.br\/cppd\/apresentacao\/","title":{"rendered":"APRESENTA\u00c7\u00c3O"},"content":{"rendered":"<p><strong>COMISS\u00c3O PERMANENTE DE PESSOAL DOCENTE:<\/strong><\/p>\n<p>Institu\u00edda pelo \u00a0Decreto n\u00ba 94664\/87 \u00a0e regulamentada pela Portaria n\u00ba 475\/87 do Minist\u00e9rio da Educa\u00e7\u00e3o, para assessorar aos Org\u00e3os Deliberativos Centrais na formula\u00e7\u00e3o, aperfei\u00e7oamento e modifica\u00e7\u00e3o da pol\u00edtica de pessoal docente das IFES ficando vinculada \u00e0 Reitoria da \u00a0UNIFAP.<\/p>\n<p><strong>A Lei 12.772\/12 passa a regular a CPPD, nos seguintes termos:<\/strong><\/p>\n<p><strong>Art. 26<\/strong>.\u00a0 Ser\u00e1 institu\u00edda uma Comiss\u00e3o Permanente de Pessoal Docente &#8211; CPPD, <strong>eleita pelos seus pares, em cada IFE, que possua, em seus quadros,<\/strong> pessoal integrante do Plano de Carreiras e Cargos de Magist\u00e9rio Federal.\u00a0\u00a0\u00a0\u00a0\u00a0<a href=\"http:\/\/www.planalto.gov.br\/ccivil_03\/_ato2011-2014\/2013\/Lei\/L12863.htm#art1\">(Reda\u00e7\u00e3o dada pela Lei n\u00ba 12.863, de 2013)<\/a><\/p>\n<p>\u00a7 1<span style=\"text-decoration: underline\"><sup>o<\/sup><\/span>\u00a0\u00a0\u00c0 CPPD caber\u00e1 prestar<strong> assessoramento ao colegiado competente ou dirigente m\u00e1ximo na institui\u00e7\u00e3o de ensino, para formula\u00e7\u00e3o e acompanhamento da execu\u00e7\u00e3o da pol\u00edtica de pessoal docente<\/strong>, no que diz respeito a:<\/p>\n<p>I &#8211; dimensionamento da aloca\u00e7\u00e3o de vagas docentes nas unidades acad\u00eamicas;<\/p>\n<p>II &#8211; contrata\u00e7\u00e3o e admiss\u00e3o de professores efetivos e substitutos;<\/p>\n<p>III &#8211; altera\u00e7\u00e3o do regime de trabalho docente;<\/p>\n<p>IV &#8211; avalia\u00e7\u00e3o do desempenho para fins de progress\u00e3o e promo\u00e7\u00e3o funcional;<\/p>\n<p>V &#8211; solicita\u00e7\u00e3o de afastamento de docentes para aperfei\u00e7oamento, especializa\u00e7\u00e3o, mestrado, doutorado ou p\u00f3s-doutorado; e<\/p>\n<p>VI &#8211; libera\u00e7\u00e3o de professores para programas de coopera\u00e7\u00e3o com outras institui\u00e7\u00f5es, universit\u00e1rias ou n\u00e3o.<\/p>\n<p>\u00a7 2<span style=\"text-decoration: underline\"><sup>o<\/sup><\/span>\u00a0 Demais atribui\u00e7\u00f5es e forma de funcionamento da CPPD ser\u00e3o objeto de regulamenta\u00e7\u00e3o pelo colegiado superior ou dirigente m\u00e1ximo das institui\u00e7\u00f5es de ensino, conforme o caso.<\/p>\n<p>\u00a7 3<span style=\"text-decoration: underline\"><sup>o<\/sup><\/span>\u00a0\u00a0No caso das IFE subordinadas ao Minist\u00e9rio da Defesa, a institui\u00e7\u00e3o da CPPD \u00e9 opcional e ficar\u00e1 a crit\u00e9rio do dirigente m\u00e1ximo de cada IFE.<\/p>\n<p><strong>Regimento Geral da UNIFAP:<\/strong><\/p>\n<p>&nbsp;<\/p>\n","protected":false},"excerpt":{"rendered":"<p>COMISS\u00c3O PERMANENTE DE PESSOAL DOCENTE: Institu\u00edda pelo \u00a0Decreto n\u00ba 94664\/87 \u00a0e regulamentada pela Portaria n\u00ba 475\/87 do Minist\u00e9rio da Educa\u00e7\u00e3o, para assessorar aos Org\u00e3os Deliberativos Centrais na formula\u00e7\u00e3o, aperfei\u00e7oamento e modifica\u00e7\u00e3o da pol\u00edtica de pessoal docente das IFES ficando vinculada&hellip; <\/p>\n<p><a href=\"https:\/\/www2.unifap.br\/cppd\/apresentacao\/\" class=\"readmore-button\">Continue Reading<\/a><\/p>\n","protected":false},"author":519,"featured_media":0,"parent":0,"menu_order":0,"comment_status":"open","ping_status":"open","template":"","meta":{"inline_featured_image":false,"ngg_post_thumbnail":0,"footnotes":""},"class_list":["post-75","page","type-page","status-publish","hentry"],"_links":{"self":[{"href":"https:\/\/www2.unifap.br\/cppd\/wp-json\/wp\/v2\/pages\/75","targetHints":{"allow":["GET"]}}],"collection":[{"href":"https:\/\/www2.unifap.br\/cppd\/wp-json\/wp\/v2\/pages"}],"about":[{"href":"https:\/\/www2.unifap.br\/cppd\/wp-json\/wp\/v2\/types\/page"}],"author":[{"embeddable":true,"href":"https:\/\/www2.unifap.br\/cppd\/wp-json\/wp\/v2\/users\/519"}],"replies":[{"embeddable":true,"href":"https:\/\/www2.unifap.br\/cppd\/wp-json\/wp\/v2\/comments?post=75"}],"version-history":[{"count":5,"href":"https:\/\/www2.unifap.br\/cppd\/wp-json\/wp\/v2\/pages\/75\/revisions"}],"predecessor-version":[{"id":85,"href":"https:\/\/www2.unifap.br\/cppd\/wp-json\/wp\/v2\/pages\/75\/revisions\/85"}],"wp:attachment":[{"href":"https:\/\/www2.unifap.br\/cppd\/wp-json\/wp\/v2\/media?parent=75"}],"curies":[{"name":"wp","href":"https:\/\/api.w.org\/{rel}","templated":true}]}}