{"id":90,"date":"2014-10-22T22:14:09","date_gmt":"2014-10-22T22:14:09","guid":{"rendered":"http:\/\/www2.unifap.br\/cppd\/?page_id=90"},"modified":"2014-10-30T23:39:25","modified_gmt":"2014-10-30T23:39:25","slug":"modelo-para-requerimentos","status":"publish","type":"page","link":"https:\/\/www2.unifap.br\/cppd\/modelo-para-requerimentos\/","title":{"rendered":"FORMUL\u00c1RIOS PARA REQUERIMENTOS"},"content":{"rendered":"<p><a style=\"line-height: 1.5em\" href=\"http:\/\/www2.unifap.br\/cppd\/files\/2014\/10\/REQUERIMENTO-PARA-A-MUDAN\u00c7A-DE-REGIME-DE-TRABALHO.doc\">REQUERIMENTO PARA A MUDAN\u00c7A DE REGIME DE TRABALHO<\/a><\/p>\n<p><a href=\"http:\/\/www2.unifap.br\/cppd\/files\/2014\/10\/REQUERIMENTO-DE-RETRIBUI\u00c7\u00c3O-POR-TITULA\u00c7\u00c3O.doc\">REQUERIMENTO DE RETRIBUI\u00c7\u00c3O POR TITULA\u00c7\u00c3O<\/a><\/p>\n<p><a href=\"http:\/\/www2.unifap.br\/cppd\/files\/2014\/10\/REQUERIMENTO-DE-REPOSICIONAMENTO.doc\">REQUERIMENTO DE REPOSICIONAMENTO<\/a><\/p>\n<p><a href=\"http:\/\/www2.unifap.br\/cppd\/files\/2014\/10\/REQUERIMENTO-DE-PROMO\u00c7\u00c3O.doc\">REQUERIMENTO DE PROMO\u00c7\u00c3O<\/a><\/p>\n<p><a href=\"http:\/\/www2.unifap.br\/cppd\/files\/2014\/10\/REQUERIMENTO-DE-ACELERA\u00c7\u00c3O-DA-PROMO\u00c7\u00c3O-POR-TITULA\u00c7\u00c3O.docx\">REQUERIMENTO DE ACELERA\u00c7\u00c3O DA PROMO\u00c7\u00c3O POR TITULA\u00c7\u00c3O<\/a><\/p>\n<p><a href=\"http:\/\/www2.unifap.br\/cppd\/files\/2014\/10\/REQUERIMENTO-PARA-PROGRESS\u00c3O.docx\">REQUERIMENTO PARA PROGRESS\u00c3O<\/a><\/p>\n<p><span style=\"line-height: 1.5em\">OS REQUERIMENTO DE AFASTAMENTO DOCENTE COM A FINALIDADE DE CURSAR P\u00d3S-GRADUA\u00c7\u00c3O STRICTO SENSO OU P\u00d3S -DOUTORADO DEVEM OBSERVAR O PREENCHIMENTO DE REQUERIMENTO E DEMAIS FORMUL\u00c1RIOS DISPON\u00cdVEIS NA P\u00c1GINA DO DPG\/PROPESPG EM : \u00a0 \u00a0\u00a0http:\/\/www2.unifap.br\/dpg\/programas-de-pos-graduacao\/<\/span><\/p>\n<p>&nbsp;<\/p>\n<p>&nbsp;<\/p>\n","protected":false},"excerpt":{"rendered":"<p>REQUERIMENTO PARA A MUDAN\u00c7A DE REGIME DE TRABALHO REQUERIMENTO DE RETRIBUI\u00c7\u00c3O POR TITULA\u00c7\u00c3O REQUERIMENTO DE REPOSICIONAMENTO REQUERIMENTO DE PROMO\u00c7\u00c3O REQUERIMENTO DE ACELERA\u00c7\u00c3O DA PROMO\u00c7\u00c3O POR TITULA\u00c7\u00c3O REQUERIMENTO PARA PROGRESS\u00c3O OS REQUERIMENTO DE AFASTAMENTO DOCENTE COM A FINALIDADE DE CURSAR P\u00d3S-GRADUA\u00c7\u00c3O&hellip; <\/p>\n<p><a href=\"https:\/\/www2.unifap.br\/cppd\/modelo-para-requerimentos\/\" class=\"readmore-button\">Continue Reading<\/a><\/p>\n","protected":false},"author":519,"featured_media":0,"parent":0,"menu_order":0,"comment_status":"open","ping_status":"open","template":"","meta":{"inline_featured_image":false,"ngg_post_thumbnail":0,"footnotes":""},"class_list":["post-90","page","type-page","status-publish","hentry"],"_links":{"self":[{"href":"https:\/\/www2.unifap.br\/cppd\/wp-json\/wp\/v2\/pages\/90","targetHints":{"allow":["GET"]}}],"collection":[{"href":"https:\/\/www2.unifap.br\/cppd\/wp-json\/wp\/v2\/pages"}],"about":[{"href":"https:\/\/www2.unifap.br\/cppd\/wp-json\/wp\/v2\/types\/page"}],"author":[{"embeddable":true,"href":"https:\/\/www2.unifap.br\/cppd\/wp-json\/wp\/v2\/users\/519"}],"replies":[{"embeddable":true,"href":"https:\/\/www2.unifap.br\/cppd\/wp-json\/wp\/v2\/comments?post=90"}],"version-history":[{"count":6,"href":"https:\/\/www2.unifap.br\/cppd\/wp-json\/wp\/v2\/pages\/90\/revisions"}],"predecessor-version":[{"id":110,"href":"https:\/\/www2.unifap.br\/cppd\/wp-json\/wp\/v2\/pages\/90\/revisions\/110"}],"wp:attachment":[{"href":"https:\/\/www2.unifap.br\/cppd\/wp-json\/wp\/v2\/media?parent=90"}],"curies":[{"name":"wp","href":"https:\/\/api.w.org\/{rel}","templated":true}]}}