{"id":23,"date":"2023-01-23T00:16:01","date_gmt":"2023-01-23T03:16:01","guid":{"rendered":"https:\/\/www2.unifap.br\/cppg\/?page_id=23"},"modified":"2025-01-30T22:10:53","modified_gmt":"2025-01-31T01:10:53","slug":"documentos","status":"publish","type":"page","link":"https:\/\/www2.unifap.br\/cppg\/pgd-1-0\/documentos\/","title":{"rendered":"Documentos"},"content":{"rendered":"<p>Abaixo, os manuais necess\u00e1rios para ades\u00e3o ao PGD\/UNIFAP<\/p>\n<p><a href=\"http:\/\/www2.unifap.br\/cppg\/files\/2023\/10\/1._MINUTA_PASSO_A_PASSO_PARA-ADESAO-PGD-23-10-23.pdf\">1- MANUAL PARA ADES\u00c3O AO PDG &#8211; ATUAL<\/a><\/p>\n<p><a href=\"http:\/\/www2.unifap.br\/cppg\/files\/2023\/03\/2.-MINUTA-PLANO-DE-TRABALHO-DA-UNIDADE-PTU-PARA-ABERTURA-DO-PROCESSO.pdf\">2. MINUTA PLANO DE TRABALHO DA UNIDADE (PTU) PARA ABERTURA DO PROCESSO<\/a><\/p>\n<p><a href=\"http:\/\/www2.unifap.br\/cppg\/files\/2023\/03\/3-MINUTA-DE-EDITAL-PGD-UNIFAP-INDICACAO.pdf\">3-MINUTA DE EDITAL PGD UNIFAP &#8211; INDICA\u00c7\u00c3O<\/a><\/p>\n<p><a href=\"http:\/\/www2.unifap.br\/cppg\/files\/2023\/03\/4-MINUTA-DE-EDITAL-PGD-UNIFAP-SELECAO.pdf\">4-MINUTA DE EDITAL PGD UNIFAP &#8211; SELE\u00c7\u00c3O<\/a><\/p>\n<p><a href=\"http:\/\/www2.unifap.br\/cppg\/files\/2023\/03\/5-MINUTA_DE_EDITAL_RESULTADO_PGD_UNIFAP.pdf\">5-MINUTA_DE_EDITAL_RESULTADO_PGD_UNIFAP<\/a><\/p>\n<p><a href=\"http:\/\/www2.unifap.br\/cppg\/files\/2023\/03\/6-MINUTA-DO-RDA.pdf\">6-MINUTA DO RDA<\/a><\/p>\n<p>Abaixo , o link para acesso aos manuais necess\u00e1rios para ades\u00e3o ao PGD\/UNIFAP em formato word e excel, dever\u00e3o ser descompactados do arquivo.<\/p>\n<p><a href=\"https:\/\/drive.google.com\/file\/d\/18hbRyKRQvBg4TAMwXnzN6PAcr-5v3t62\/view?usp=share_link\">https:\/\/drive.google.com\/file\/d\/18hbRyKRQvBg4TAMwXnzN6PAcr-5v3t62\/view?usp=share_link<\/a><\/p>\n<p>V\u00eddeos Tutoriais do SMITT<\/p>\n<p>1-Criando o Programa de Gest\u00e3o no SMITT &#8211;\u00a0 <a href=\"https:\/\/youtu.be\/k9sCs6pYyZo\">https:\/\/youtu.be\/k9sCs6pYyZo<\/a><\/p>\n<p>2-Como criar e iniciar um Plano de Trabalho Individual (PTI) no SMITT &#8211; <a href=\"https:\/\/youtu.be\/ZFMuj1S8R5k\">https:\/\/youtu.be\/ZFMuj1S8R5k<\/a><\/p>\n<p>3-Tutorial para o usu\u00e1rio realizar as entregas no SMITT &#8211; <a href=\"https:\/\/youtu.be\/MAneAshwo9U\">https:\/\/youtu.be\/MAneAshwo9U<\/a><\/p>\n<p>4-Avalia\u00e7\u00e3o da Entrega no SMITT &#8211; <a href=\"https:\/\/youtu.be\/uUkrHnS6ACc\">https:\/\/youtu.be\/uUkrHnS6ACc<\/a><\/p>\n<p>5 &#8211; Regularizar Horas de Trabalho no sistema SMITT &#8211;\u00a0<a href=\"https:\/\/www.youtube.com\/watch?v=j_uslWiCRC8\">https:\/\/www.youtube.com\/watch?v=j_uslWiCRC8<\/a><\/p>\n","protected":false},"excerpt":{"rendered":"<p>Abaixo, os manuais necess\u00e1rios para ades\u00e3o ao PGD\/UNIFAP 1- MANUAL PARA ADES\u00c3O AO PDG &#8211; ATUAL 2. MINUTA PLANO DE TRABALHO DA UNIDADE (PTU) PARA ABERTURA DO PROCESSO 3-MINUTA DE EDITAL PGD UNIFAP &#8211; INDICA\u00c7\u00c3O 4-MINUTA DE EDITAL PGD UNIFAP &#8211; SELE\u00c7\u00c3O 5-MINUTA_DE_EDITAL_RESULTADO_PGD_UNIFAP 6-MINUTA DO RDA Abaixo , o link para acesso aos manuais necess\u00e1rios&#8230;<\/p>\n","protected":false},"author":3968,"featured_media":0,"parent":160,"menu_order":0,"comment_status":"closed","ping_status":"closed","template":"","meta":{"inline_featured_image":false,"site-sidebar-layout":"default","site-content-layout":"","ast-site-content-layout":"default","site-content-style":"default","site-sidebar-style":"default","ast-global-header-display":"","ast-banner-title-visibility":"","ast-main-header-display":"","ast-hfb-above-header-display":"","ast-hfb-below-header-display":"","ast-hfb-mobile-header-display":"","site-post-title":"","ast-breadcrumbs-content":"","ast-featured-img":"","footer-sml-layout":"","theme-transparent-header-meta":"default","adv-header-id-meta":"","stick-header-meta":"","header-above-stick-meta":"","header-main-stick-meta":"","header-below-stick-meta":"","astra-migrate-meta-layouts":"set","ast-page-background-enabled":"default","ast-page-background-meta":{"desktop":{"background-color":"var(--ast-global-color-4)","background-image":"","background-repeat":"repeat","background-position":"center center","background-size":"auto","background-attachment":"scroll","background-type":"","background-media":"","overlay-type":"","overlay-color":"","overlay-opacity":"","overlay-gradient":""},"tablet":{"background-color":"","background-image":"","background-repeat":"repeat","background-position":"center center","background-size":"auto","background-attachment":"scroll","background-type":"","background-media":"","overlay-type":"","overlay-color":"","overlay-opacity":"","overlay-gradient":""},"mobile":{"background-color":"","background-image":"","background-repeat":"repeat","background-position":"center center","background-size":"auto","background-attachment":"scroll","background-type":"","background-media":"","overlay-type":"","overlay-color":"","overlay-opacity":"","overlay-gradient":""}},"ast-content-background-meta":{"desktop":{"background-color":"var(--ast-global-color-5)","background-image":"","background-repeat":"repeat","background-position":"center center","background-size":"auto","background-attachment":"scroll","background-type":"","background-media":"","overlay-type":"","overlay-color":"","overlay-opacity":"","overlay-gradient":""},"tablet":{"background-color":"var(--ast-global-color-5)","background-image":"","background-repeat":"repeat","background-position":"center center","background-size":"auto","background-attachment":"scroll","background-type":"","background-media":"","overlay-type":"","overlay-color":"","overlay-opacity":"","overlay-gradient":""},"mobile":{"background-color":"var(--ast-global-color-5)","background-image":"","background-repeat":"repeat","background-position":"center center","background-size":"auto","background-attachment":"scroll","background-type":"","background-media":"","overlay-type":"","overlay-color":"","overlay-opacity":"","overlay-gradient":""}},"footnotes":""},"class_list":["post-23","page","type-page","status-publish","hentry"],"_links":{"self":[{"href":"https:\/\/www2.unifap.br\/cppg\/wp-json\/wp\/v2\/pages\/23","targetHints":{"allow":["GET"]}}],"collection":[{"href":"https:\/\/www2.unifap.br\/cppg\/wp-json\/wp\/v2\/pages"}],"about":[{"href":"https:\/\/www2.unifap.br\/cppg\/wp-json\/wp\/v2\/types\/page"}],"author":[{"embeddable":true,"href":"https:\/\/www2.unifap.br\/cppg\/wp-json\/wp\/v2\/users\/3968"}],"replies":[{"embeddable":true,"href":"https:\/\/www2.unifap.br\/cppg\/wp-json\/wp\/v2\/comments?post=23"}],"version-history":[{"count":19,"href":"https:\/\/www2.unifap.br\/cppg\/wp-json\/wp\/v2\/pages\/23\/revisions"}],"predecessor-version":[{"id":133,"href":"https:\/\/www2.unifap.br\/cppg\/wp-json\/wp\/v2\/pages\/23\/revisions\/133"}],"up":[{"embeddable":true,"href":"https:\/\/www2.unifap.br\/cppg\/wp-json\/wp\/v2\/pages\/160"}],"wp:attachment":[{"href":"https:\/\/www2.unifap.br\/cppg\/wp-json\/wp\/v2\/media?parent=23"}],"curies":[{"name":"wp","href":"https:\/\/api.w.org\/{rel}","templated":true}]}}