{"id":248,"date":"2023-03-17T14:19:23","date_gmt":"2023-03-17T17:19:23","guid":{"rendered":"https:\/\/www2.unifap.br\/crc\/?page_id=248"},"modified":"2025-08-14T17:03:58","modified_gmt":"2025-08-14T20:03:58","slug":"institucional","status":"publish","type":"page","link":"https:\/\/www2.unifap.br\/crc\/institucional\/","title":{"rendered":"P\u00e1gina Institucional"},"content":{"rendered":"\t\t<div data-elementor-type=\"wp-page\" data-elementor-id=\"248\" class=\"elementor elementor-248\">\n\t\t\t\t\t\t<section class=\"elementor-section elementor-top-section elementor-element elementor-element-3325951 elementor-section-boxed elementor-section-height-default elementor-section-height-default\" data-id=\"3325951\" data-element_type=\"section\" data-e-type=\"section\">\n\t\t\t\t\t\t<div class=\"elementor-container elementor-column-gap-default\">\n\t\t\t\t\t<div class=\"elementor-column elementor-col-100 elementor-top-column elementor-element elementor-element-65e03b4\" data-id=\"65e03b4\" data-element_type=\"column\" data-e-type=\"column\">\n\t\t\t<div class=\"elementor-widget-wrap elementor-element-populated\">\n\t\t\t\t\t\t<div class=\"elementor-element elementor-element-383085c elementor-widget elementor-widget-heading\" data-id=\"383085c\" data-element_type=\"widget\" data-e-type=\"widget\" data-widget_type=\"heading.default\">\n\t\t\t\t<div class=\"elementor-widget-container\">\n\t\t\t\t\t<h2 class=\"elementor-heading-title elementor-size-default\">Quem Somos<\/h2>\t\t\t\t<\/div>\n\t\t\t\t<\/div>\n\t\t\t\t\t<\/div>\n\t\t<\/div>\n\t\t\t\t\t<\/div>\n\t\t<\/section>\n\t\t\t\t<section class=\"elementor-section elementor-top-section elementor-element elementor-element-7e47bf0 elementor-section-boxed elementor-section-height-default elementor-section-height-default\" data-id=\"7e47bf0\" data-element_type=\"section\" data-e-type=\"section\">\n\t\t\t\t\t\t<div class=\"elementor-container elementor-column-gap-default\">\n\t\t\t\t\t<div class=\"elementor-column elementor-col-100 elementor-top-column elementor-element elementor-element-df26b85\" data-id=\"df26b85\" data-element_type=\"column\" data-e-type=\"column\">\n\t\t\t<div class=\"elementor-widget-wrap elementor-element-populated\">\n\t\t\t\t\t\t<div class=\"elementor-element elementor-element-ad7e5c2 elementor-widget elementor-widget-text-editor\" data-id=\"ad7e5c2\" data-element_type=\"widget\" data-e-type=\"widget\" data-widget_type=\"text-editor.default\">\n\t\t\t\t<div class=\"elementor-widget-container\">\n\t\t\t\t\t\t\t\t\t<p><span dir=\"ltr\" role=\"presentation\">O Centro de Recondicionamento de Computadores faz parte de <\/span><span dir=\"ltr\" role=\"presentation\">um projeto nacional do Minist\u00e9rio das Comunica\u00e7\u00f5es (Mcom), <\/span><span dir=\"ltr\" role=\"presentation\">que visa a forma\u00e7\u00e3o profissional de pessoas em vulnerabilidade <\/span><span dir=\"ltr\" role=\"presentation\">social,<\/span> <span dir=\"ltr\" role=\"presentation\">por<\/span> <span dir=\"ltr\" role=\"presentation\">meio<\/span> <span dir=\"ltr\" role=\"presentation\">de<\/span> <span dir=\"ltr\" role=\"presentation\">de<\/span> <span dir=\"ltr\" role=\"presentation\">cursos<\/span> <span dir=\"ltr\" role=\"presentation\">e<\/span> <span dir=\"ltr\" role=\"presentation\">oficinas<\/span> <span dir=\"ltr\" role=\"presentation\">direcionadas<\/span> <span dir=\"ltr\" role=\"presentation\">\u00e0 <\/span><span dir=\"ltr\" role=\"presentation\">recupera\u00e7\u00e3o de equipamentos eletr\u00f4nicos e \u00e0 conscientiza\u00e7\u00e3o da <\/span><span dir=\"ltr\" role=\"presentation\">sociedade para o descarte consciente de res\u00edduos eletr\u00f4nicos.<\/span><\/p>\t\t\t\t\t\t\t\t<\/div>\n\t\t\t\t<\/div>\n\t\t\t\t\t<\/div>\n\t\t<\/div>\n\t\t\t\t\t<\/div>\n\t\t<\/section>\n\t\t\t\t<section class=\"elementor-section elementor-top-section elementor-element elementor-element-b633420 elementor-section-boxed elementor-section-height-default elementor-section-height-default\" data-id=\"b633420\" data-element_type=\"section\" data-e-type=\"section\">\n\t\t\t\t\t\t<div class=\"elementor-container elementor-column-gap-default\">\n\t\t\t\t\t<div class=\"elementor-column elementor-col-100 elementor-top-column elementor-element elementor-element-9ea8bdd\" data-id=\"9ea8bdd\" data-element_type=\"column\" data-e-type=\"column\">\n\t\t\t<div class=\"elementor-widget-wrap elementor-element-populated\">\n\t\t\t\t\t\t<div class=\"elementor-element elementor-element-5dbb9b5 elementor-widget elementor-widget-heading\" data-id=\"5dbb9b5\" data-element_type=\"widget\" data-e-type=\"widget\" data-widget_type=\"heading.default\">\n\t\t\t\t<div class=\"elementor-widget-container\">\n\t\t\t\t\t<h2 class=\"elementor-heading-title elementor-size-default\">Miss\u00e3o<\/h2>\t\t\t\t<\/div>\n\t\t\t\t<\/div>\n\t\t\t\t\t<\/div>\n\t\t<\/div>\n\t\t\t\t\t<\/div>\n\t\t<\/section>\n\t\t\t\t<section class=\"elementor-section elementor-top-section elementor-element elementor-element-38c5834 elementor-section-boxed elementor-section-height-default elementor-section-height-default\" data-id=\"38c5834\" data-element_type=\"section\" data-e-type=\"section\">\n\t\t\t\t\t\t<div class=\"elementor-container elementor-column-gap-default\">\n\t\t\t\t\t<div class=\"elementor-column elementor-col-100 elementor-top-column elementor-element elementor-element-651caff\" data-id=\"651caff\" data-element_type=\"column\" data-e-type=\"column\">\n\t\t\t<div class=\"elementor-widget-wrap elementor-element-populated\">\n\t\t\t\t\t\t<div class=\"elementor-element elementor-element-32ae956 elementor-widget elementor-widget-text-editor\" data-id=\"32ae956\" data-element_type=\"widget\" data-e-type=\"widget\" data-widget_type=\"text-editor.default\">\n\t\t\t\t<div class=\"elementor-widget-container\">\n\t\t\t\t\t\t\t\t\t<p><span dir=\"ltr\" role=\"presentation\">Buscamos nos tornar refer\u00eancia para o debate sobre descarte e <\/span><span dir=\"ltr\" role=\"presentation\">reciclagem de equipamentos eletr\u00f4nicos no Amap\u00e1. Com foco na <\/span><span dir=\"ltr\" role=\"presentation\">inclus\u00e3o digital atrav\u00e9s da forma\u00e7\u00e3o profissional e gera\u00e7\u00e3o de <\/span><span dir=\"ltr\" role=\"presentation\">emprego, renda e servi\u00e7os na \u00e1rea da tecnologia, informa\u00e7\u00e3o e <\/span><span dir=\"ltr\" role=\"presentation\">inova\u00e7\u00e3o.<\/span><\/p>\t\t\t\t\t\t\t\t<\/div>\n\t\t\t\t<\/div>\n\t\t\t\t\t<\/div>\n\t\t<\/div>\n\t\t\t\t\t<\/div>\n\t\t<\/section>\n\t\t\t\t<section class=\"elementor-section elementor-top-section elementor-element elementor-element-27fccd0 elementor-section-boxed elementor-section-height-default elementor-section-height-default\" data-id=\"27fccd0\" data-element_type=\"section\" data-e-type=\"section\">\n\t\t\t\t\t\t<div class=\"elementor-container elementor-column-gap-default\">\n\t\t\t\t\t<div class=\"elementor-column elementor-col-100 elementor-top-column elementor-element elementor-element-b28f02e\" data-id=\"b28f02e\" data-element_type=\"column\" data-e-type=\"column\">\n\t\t\t<div class=\"elementor-widget-wrap elementor-element-populated\">\n\t\t\t\t\t\t<div class=\"elementor-element elementor-element-c2143a2 elementor-widget elementor-widget-heading\" data-id=\"c2143a2\" data-element_type=\"widget\" data-e-type=\"widget\" data-widget_type=\"heading.default\">\n\t\t\t\t<div class=\"elementor-widget-container\">\n\t\t\t\t\t<h2 class=\"elementor-heading-title elementor-size-default\">Equipe<\/h2>\t\t\t\t<\/div>\n\t\t\t\t<\/div>\n\t\t\t\t\t<\/div>\n\t\t<\/div>\n\t\t\t\t\t<\/div>\n\t\t<\/section>\n\t\t\t\t<section class=\"elementor-section elementor-top-section elementor-element elementor-element-1eeefdc elementor-section-boxed elementor-section-height-default elementor-section-height-default\" data-id=\"1eeefdc\" data-element_type=\"section\" data-e-type=\"section\">\n\t\t\t\t\t\t<div class=\"elementor-container elementor-column-gap-default\">\n\t\t\t\t\t<div class=\"elementor-column elementor-col-33 elementor-top-column elementor-element elementor-element-5a8f129\" data-id=\"5a8f129\" data-element_type=\"column\" data-e-type=\"column\">\n\t\t\t<div class=\"elementor-widget-wrap elementor-element-populated\">\n\t\t\t\t\t\t<div class=\"elementor-element elementor-element-5b46f79 elementor-widget elementor-widget-text-editor\" data-id=\"5b46f79\" data-element_type=\"widget\" data-e-type=\"widget\" data-widget_type=\"text-editor.default\">\n\t\t\t\t<div class=\"elementor-widget-container\">\n\t\t\t\t\t\t\t\t\t<p><strong><span dir=\"ltr\" role=\"presentation\">Coordena\u00e7\u00e3o do Projeto<\/span><\/strong><\/p>\n<ul>\n<li><span style=\"font-size: 18px;\">Prof. Me Marco Leal da Silva<\/span><\/li>\n<\/ul>\n<p><br role=\"presentation\"><strong><span dir=\"ltr\" role=\"presentation\">Apoio T\u00e9cnico Administrativo<\/span><\/strong><\/p>\n<ul>\n<li><span dir=\"ltr\" role=\"presentation\">Alessandra Castro<\/span><\/li>\n<li><span dir=\"ltr\" role=\"presentation\">Alipio Diniz M. J\u00fanior<\/span><\/li>\n<li><span dir=\"ltr\" role=\"presentation\">Lauandes Concei\u00e7\u00e3o<\/span><\/li><\/ul><ul>\n<\/ul>\t\t\t\t\t\t\t\t<\/div>\n\t\t\t\t<\/div>\n\t\t\t\t\t<\/div>\n\t\t<\/div>\n\t\t\t\t<div class=\"elementor-column elementor-col-66 elementor-top-column elementor-element elementor-element-7ef239a\" data-id=\"7ef239a\" data-element_type=\"column\" data-e-type=\"column\">\n\t\t\t<div class=\"elementor-widget-wrap elementor-element-populated\">\n\t\t\t\t\t\t<div class=\"elementor-element elementor-element-595b7a1 elementor-widget elementor-widget-image\" data-id=\"595b7a1\" data-element_type=\"widget\" data-e-type=\"widget\" data-widget_type=\"image.default\">\n\t\t\t\t<div class=\"elementor-widget-container\">\n\t\t\t\t\t\t\t\t\t\t\t\t\t\t\t<img fetchpriority=\"high\" decoding=\"async\" width=\"2560\" height=\"1619\" src=\"https:\/\/www2.unifap.br\/crc\/files\/2023\/03\/IMG_7388-scaled.jpg\" class=\"attachment-full size-full wp-image-268\" alt=\"\" srcset=\"https:\/\/www2.unifap.br\/crc\/files\/2023\/03\/IMG_7388-scaled.jpg 2560w, https:\/\/www2.unifap.br\/crc\/files\/2023\/03\/IMG_7388-300x190.jpg 300w, https:\/\/www2.unifap.br\/crc\/files\/2023\/03\/IMG_7388-1024x648.jpg 1024w, https:\/\/www2.unifap.br\/crc\/files\/2023\/03\/IMG_7388-768x486.jpg 768w, https:\/\/www2.unifap.br\/crc\/files\/2023\/03\/IMG_7388-1536x971.jpg 1536w, https:\/\/www2.unifap.br\/crc\/files\/2023\/03\/IMG_7388-2048x1295.jpg 2048w\" sizes=\"(max-width: 2560px) 100vw, 2560px\" \/>\t\t\t\t\t\t\t\t\t\t\t\t\t\t\t<\/div>\n\t\t\t\t<\/div>\n\t\t\t\t\t<\/div>\n\t\t<\/div>\n\t\t\t\t\t<\/div>\n\t\t<\/section>\n\t\t\t\t<\/div>\n\t\t","protected":false},"excerpt":{"rendered":"<p>Quem Somos O Centro de Recondicionamento de Computadores faz parte de um projeto nacional do Minist\u00e9rio das Comunica\u00e7\u00f5es (Mcom), que visa a forma\u00e7\u00e3o profissional de pessoas em vulnerabilidade social, por meio de de cursos e oficinas direcionadas \u00e0 recupera\u00e7\u00e3o de equipamentos eletr\u00f4nicos e \u00e0 conscientiza\u00e7\u00e3o da sociedade para o descarte consciente de res\u00edduos eletr\u00f4nicos. Miss\u00e3o&#8230;<\/p>\n","protected":false},"author":3966,"featured_media":0,"parent":0,"menu_order":0,"comment_status":"closed","ping_status":"closed","template":"","meta":{"inline_featured_image":false,"ngg_post_thumbnail":0,"footnotes":""},"class_list":["post-248","page","type-page","status-publish","hentry","entry"],"_links":{"self":[{"href":"https:\/\/www2.unifap.br\/crc\/wp-json\/wp\/v2\/pages\/248","targetHints":{"allow":["GET"]}}],"collection":[{"href":"https:\/\/www2.unifap.br\/crc\/wp-json\/wp\/v2\/pages"}],"about":[{"href":"https:\/\/www2.unifap.br\/crc\/wp-json\/wp\/v2\/types\/page"}],"author":[{"embeddable":true,"href":"https:\/\/www2.unifap.br\/crc\/wp-json\/wp\/v2\/users\/3966"}],"replies":[{"embeddable":true,"href":"https:\/\/www2.unifap.br\/crc\/wp-json\/wp\/v2\/comments?post=248"}],"version-history":[{"count":30,"href":"https:\/\/www2.unifap.br\/crc\/wp-json\/wp\/v2\/pages\/248\/revisions"}],"predecessor-version":[{"id":734,"href":"https:\/\/www2.unifap.br\/crc\/wp-json\/wp\/v2\/pages\/248\/revisions\/734"}],"wp:attachment":[{"href":"https:\/\/www2.unifap.br\/crc\/wp-json\/wp\/v2\/media?parent=248"}],"curies":[{"name":"wp","href":"https:\/\/api.w.org\/{rel}","templated":true}]}}