{"id":305,"date":"2023-03-17T15:38:04","date_gmt":"2023-03-17T18:38:04","guid":{"rendered":"https:\/\/www2.unifap.br\/crc\/?page_id=305"},"modified":"2023-04-13T11:07:01","modified_gmt":"2023-04-13T14:07:01","slug":"doacao-de-computadores","status":"publish","type":"page","link":"https:\/\/www2.unifap.br\/crc\/doacao-de-computadores\/","title":{"rendered":"Doa\u00e7\u00e3o de Computadores"},"content":{"rendered":"\t\t<div data-elementor-type=\"wp-page\" data-elementor-id=\"305\" class=\"elementor elementor-305\">\n\t\t\t\t\t\t<section class=\"elementor-section elementor-top-section elementor-element elementor-element-51ea155 elementor-section-boxed elementor-section-height-default elementor-section-height-default\" data-id=\"51ea155\" data-element_type=\"section\" data-e-type=\"section\">\n\t\t\t\t\t\t<div class=\"elementor-container elementor-column-gap-default\">\n\t\t\t\t\t<div class=\"elementor-column elementor-col-100 elementor-top-column elementor-element elementor-element-065b079\" data-id=\"065b079\" data-element_type=\"column\" data-e-type=\"column\" data-settings=\"{&quot;background_background&quot;:&quot;classic&quot;}\">\n\t\t\t<div class=\"elementor-widget-wrap elementor-element-populated\">\n\t\t\t\t\t\t<div class=\"elementor-element elementor-element-316740a elementor-widget elementor-widget-text-editor\" data-id=\"316740a\" data-element_type=\"widget\" data-e-type=\"widget\" data-widget_type=\"text-editor.default\">\n\t\t\t\t<div class=\"elementor-widget-container\">\n\t\t\t\t\t\t\t\t\t<p style=\"text-align: center\"><span dir=\"ltr\" style=\"color: #e5e5e5\" role=\"presentation\">Recebemos as doa\u00e7\u00f5es de computadores de institui\u00e7\u00f5es p\u00fablicas ou <\/span><span dir=\"ltr\" style=\"color: #e5e5e5\" role=\"presentation\">privadas, que possam ser recondicionados no nosso projeto, e doados <\/span><span dir=\"ltr\" style=\"color: #e5e5e5\" role=\"presentation\">para entidades que necessitem dos equipamentos.<\/span><\/p>\t\t\t\t\t\t\t\t<\/div>\n\t\t\t\t<\/div>\n\t\t\t\t\t<\/div>\n\t\t<\/div>\n\t\t\t\t\t<\/div>\n\t\t<\/section>\n\t\t\t\t<section class=\"elementor-section elementor-top-section elementor-element elementor-element-e49b599 elementor-section-boxed elementor-section-height-default elementor-section-height-default\" data-id=\"e49b599\" data-element_type=\"section\" data-e-type=\"section\" data-settings=\"{&quot;background_background&quot;:&quot;classic&quot;}\">\n\t\t\t\t\t\t<div class=\"elementor-container elementor-column-gap-default\">\n\t\t\t\t\t<div class=\"elementor-column elementor-col-100 elementor-top-column elementor-element elementor-element-ec94299\" data-id=\"ec94299\" data-element_type=\"column\" data-e-type=\"column\" data-settings=\"{&quot;background_background&quot;:&quot;classic&quot;}\">\n\t\t\t<div class=\"elementor-widget-wrap elementor-element-populated\">\n\t\t\t\t\t\t<div class=\"elementor-element elementor-element-840ab25 elementor-widget elementor-widget-text-editor\" data-id=\"840ab25\" data-element_type=\"widget\" data-e-type=\"widget\" data-widget_type=\"text-editor.default\">\n\t\t\t\t<div class=\"elementor-widget-container\">\n\t\t\t\t\t\t\t\t\t<p style=\"text-align: center\"><span style=\"color: #ffffff\"><span dir=\"ltr\" role=\"presentation\">Quer<\/span> <span dir=\"ltr\" role=\"presentation\">ser<\/span> <span dir=\"ltr\" role=\"presentation\">parceiro<\/span> <span dir=\"ltr\" role=\"presentation\">do<\/span> <span dir=\"ltr\" role=\"presentation\">projeto<\/span> <span dir=\"ltr\" role=\"presentation\">CRC<\/span> <span dir=\"ltr\" role=\"presentation\">doando<\/span> <span dir=\"ltr\" role=\"presentation\">ou<\/span> <span dir=\"ltr\" role=\"presentation\">recebendo<\/span><\/span><br role=\"presentation\" \/><span dir=\"ltr\" style=\"color: #ffffff\" role=\"presentation\">computadores? <\/span><\/p><p style=\"text-align: center\"><span dir=\"ltr\" style=\"color: #ffffff\" role=\"presentation\">Acesse os nossos checklists e fique por dentro dos<\/span><br role=\"presentation\" \/><span dir=\"ltr\" style=\"color: #ffffff\" role=\"presentation\"><span style=\"color: #e5e5e5\">requisitos<\/span> necess\u00e1rios para realizar o seu cadastro.<\/span><\/p>\t\t\t\t\t\t\t\t<\/div>\n\t\t\t\t<\/div>\n\t\t\t\t\t<\/div>\n\t\t<\/div>\n\t\t\t\t\t<\/div>\n\t\t<\/section>\n\t\t\t\t<section class=\"elementor-section elementor-top-section elementor-element elementor-element-ec117ca elementor-section-boxed elementor-section-height-default elementor-section-height-default\" data-id=\"ec117ca\" data-element_type=\"section\" data-e-type=\"section\">\n\t\t\t\t\t\t<div class=\"elementor-container elementor-column-gap-default\">\n\t\t\t\t\t<div class=\"elementor-column elementor-col-50 elementor-top-column elementor-element elementor-element-15af234\" data-id=\"15af234\" data-element_type=\"column\" data-e-type=\"column\">\n\t\t\t<div class=\"elementor-widget-wrap elementor-element-populated\">\n\t\t\t\t\t\t<div class=\"elementor-element elementor-element-a6f5465 elementor-align-center elementor-widget elementor-widget-button\" data-id=\"a6f5465\" data-element_type=\"widget\" data-e-type=\"widget\" data-widget_type=\"button.default\">\n\t\t\t\t<div class=\"elementor-widget-container\">\n\t\t\t\t\t\t\t\t\t<div class=\"elementor-button-wrapper\">\n\t\t\t\t\t<a class=\"elementor-button elementor-button-link elementor-size-xl\" href=\"https:\/\/www2.unifap.br\/crc\/cadastro-para-doacao\/\">\n\t\t\t\t\t\t<span class=\"elementor-button-content-wrapper\">\n\t\t\t\t\t\t\t\t\t<span class=\"elementor-button-text\">Quero Doar<\/span>\n\t\t\t\t\t<\/span>\n\t\t\t\t\t<\/a>\n\t\t\t\t<\/div>\n\t\t\t\t\t\t\t\t<\/div>\n\t\t\t\t<\/div>\n\t\t\t\t\t<\/div>\n\t\t<\/div>\n\t\t\t\t<div class=\"elementor-column elementor-col-50 elementor-top-column elementor-element elementor-element-bbebc90\" data-id=\"bbebc90\" data-element_type=\"column\" data-e-type=\"column\">\n\t\t\t<div class=\"elementor-widget-wrap elementor-element-populated\">\n\t\t\t\t\t\t<div class=\"elementor-element elementor-element-8ba9029 elementor-align-center elementor-widget elementor-widget-button\" data-id=\"8ba9029\" data-element_type=\"widget\" data-e-type=\"widget\" data-widget_type=\"button.default\">\n\t\t\t\t<div class=\"elementor-widget-container\">\n\t\t\t\t\t\t\t\t\t<div class=\"elementor-button-wrapper\">\n\t\t\t\t\t<a class=\"elementor-button elementor-button-link elementor-size-xl\" href=\"https:\/\/www2.unifap.br\/crc\/receber-equipamentos\/\">\n\t\t\t\t\t\t<span class=\"elementor-button-content-wrapper\">\n\t\t\t\t\t\t\t\t\t<span class=\"elementor-button-text\">Quero Receber<\/span>\n\t\t\t\t\t<\/span>\n\t\t\t\t\t<\/a>\n\t\t\t\t<\/div>\n\t\t\t\t\t\t\t\t<\/div>\n\t\t\t\t<\/div>\n\t\t\t\t\t<\/div>\n\t\t<\/div>\n\t\t\t\t\t<\/div>\n\t\t<\/section>\n\t\t\t\t<\/div>\n\t\t","protected":false},"excerpt":{"rendered":"<p>Recebemos as doa\u00e7\u00f5es de computadores de institui\u00e7\u00f5es p\u00fablicas ou privadas, que possam ser recondicionados no nosso projeto, e doados para entidades que necessitem dos equipamentos. Quer ser parceiro do projeto CRC doando ou recebendocomputadores? Acesse os nossos checklists e fique por dentro dosrequisitos necess\u00e1rios para realizar o seu cadastro. Quero Doar Quero Receber<\/p>\n","protected":false},"author":3945,"featured_media":0,"parent":0,"menu_order":0,"comment_status":"closed","ping_status":"closed","template":"","meta":{"inline_featured_image":false,"ngg_post_thumbnail":0,"footnotes":""},"class_list":["post-305","page","type-page","status-publish","hentry","entry"],"_links":{"self":[{"href":"https:\/\/www2.unifap.br\/crc\/wp-json\/wp\/v2\/pages\/305","targetHints":{"allow":["GET"]}}],"collection":[{"href":"https:\/\/www2.unifap.br\/crc\/wp-json\/wp\/v2\/pages"}],"about":[{"href":"https:\/\/www2.unifap.br\/crc\/wp-json\/wp\/v2\/types\/page"}],"author":[{"embeddable":true,"href":"https:\/\/www2.unifap.br\/crc\/wp-json\/wp\/v2\/users\/3945"}],"replies":[{"embeddable":true,"href":"https:\/\/www2.unifap.br\/crc\/wp-json\/wp\/v2\/comments?post=305"}],"version-history":[{"count":43,"href":"https:\/\/www2.unifap.br\/crc\/wp-json\/wp\/v2\/pages\/305\/revisions"}],"predecessor-version":[{"id":459,"href":"https:\/\/www2.unifap.br\/crc\/wp-json\/wp\/v2\/pages\/305\/revisions\/459"}],"wp:attachment":[{"href":"https:\/\/www2.unifap.br\/crc\/wp-json\/wp\/v2\/media?parent=305"}],"curies":[{"name":"wp","href":"https:\/\/api.w.org\/{rel}","templated":true}]}}