{"id":353,"date":"2023-03-17T16:22:14","date_gmt":"2023-03-17T19:22:14","guid":{"rendered":"https:\/\/www2.unifap.br\/crc\/?page_id=353"},"modified":"2023-05-12T13:03:54","modified_gmt":"2023-05-12T16:03:54","slug":"cadastro-para-doacao","status":"publish","type":"page","link":"https:\/\/www2.unifap.br\/crc\/cadastro-para-doacao\/","title":{"rendered":"Cadastro para Doa\u00e7\u00e3o"},"content":{"rendered":"\t\t<div data-elementor-type=\"wp-page\" data-elementor-id=\"353\" class=\"elementor elementor-353\">\n\t\t\t\t\t\t<section class=\"elementor-section elementor-top-section elementor-element elementor-element-7585891 elementor-section-boxed elementor-section-height-default elementor-section-height-default\" data-id=\"7585891\" data-element_type=\"section\" data-e-type=\"section\">\n\t\t\t\t\t\t<div class=\"elementor-container elementor-column-gap-default\">\n\t\t\t\t\t<div class=\"elementor-column elementor-col-100 elementor-top-column elementor-element elementor-element-8aa9a66\" data-id=\"8aa9a66\" data-element_type=\"column\" data-e-type=\"column\">\n\t\t\t<div class=\"elementor-widget-wrap elementor-element-populated\">\n\t\t\t\t\t\t<div class=\"elementor-element elementor-element-abdd47c elementor-widget elementor-widget-heading\" data-id=\"abdd47c\" data-element_type=\"widget\" data-e-type=\"widget\" data-widget_type=\"heading.default\">\n\t\t\t\t<div class=\"elementor-widget-container\">\n\t\t\t\t\t<h2 class=\"elementor-heading-title elementor-size-large\">Interesse em Doar Equipamentos para o CRC<\/h2>\t\t\t\t<\/div>\n\t\t\t\t<\/div>\n\t\t\t\t\t<\/div>\n\t\t<\/div>\n\t\t\t\t\t<\/div>\n\t\t<\/section>\n\t\t\t\t<section class=\"elementor-section elementor-top-section elementor-element elementor-element-aaf3f4c elementor-section-full_width elementor-section-height-default elementor-section-height-default\" data-id=\"aaf3f4c\" data-element_type=\"section\" data-e-type=\"section\">\n\t\t\t\t\t\t<div class=\"elementor-container elementor-column-gap-extended\">\n\t\t\t\t\t<div class=\"elementor-column elementor-col-50 elementor-top-column elementor-element elementor-element-698b32c\" data-id=\"698b32c\" data-element_type=\"column\" data-e-type=\"column\">\n\t\t\t<div class=\"elementor-widget-wrap elementor-element-populated\">\n\t\t\t\t\t\t<div class=\"elementor-element elementor-element-ae7964c elementor-widget elementor-widget-heading\" data-id=\"ae7964c\" data-element_type=\"widget\" data-e-type=\"widget\" data-widget_type=\"heading.default\">\n\t\t\t\t<div class=\"elementor-widget-container\">\n\t\t\t\t\t<h2 class=\"elementor-heading-title elementor-size-medium\">\u00d3rg\u00e3o P\u00fablico<\/h2>\t\t\t\t<\/div>\n\t\t\t\t<\/div>\n\t\t\t\t<div class=\"elementor-element elementor-element-85ecd32 elementor-widget elementor-widget-text-editor\" data-id=\"85ecd32\" data-element_type=\"widget\" data-e-type=\"widget\" data-widget_type=\"text-editor.default\">\n\t\t\t\t<div class=\"elementor-widget-container\">\n\t\t\t\t\t\t\t\t\t<ol style=\"font-weight: 400; font-variant-caps: normal; font-variant-ligatures: normal; font-style: normal; font-size: 18px; font-family: Roboto, sans-serif;\"><li style=\"font-size: 18px;\">Entre em contato conosco pelo e-mail\u00a0<a style=\"font-size: 18px;\" href=\"mailto:unifapdigital.gestao@unifap.br\">unifapdigital.gestao@unifap.br<\/a><\/li><li style=\"font-size: 18px;\">Visitar a p\u00e1gina do\u00a0<a style=\"font-size: 18px;\" href=\"https:\/\/www.gov.br\/mcom\/pt-br\/acesso-a-informacao\/acoes-e-programas\/programas-projetos-acoes-obras-e-atividades\/computadores-para-inclusao-1\">Minist\u00e9rio das Comunica\u00e7\u00f5es (MCom)<\/a><\/li><li style=\"font-size: 18px;\">Preencher uma lista com todos os equipamentos e enviar atrav\u00e9s de of\u00edcio para o e-mail do MCom (<a href=\"mailto:desfazimento.setel@mcom.gov.br\">desfazimento.setel@mcom.gov.br<\/a>)<br \/><ul style=\"font-weight: 400; font-variant-caps: normal; font-variant-ligatures: normal; font-style: normal; font-size: 18px; font-family: Roboto, sans-serif;\"><li style=\"font-size: 18px;\"><span style=\"font-size: 18px; color: var( --e-global-color-text );\">Dados para o envio do of\u00edcio:<\/span><br \/><ul style=\"font-weight: 400; font-variant-caps: normal; font-variant-ligatures: normal; font-style: normal; font-size: 18px; font-family: Roboto, sans-serif;\"><li style=\"font-size: 18px;\"><span style=\"font-size: 18px; color: var( --e-global-color-text );\">Assunto do e-mail: Desfazimento de Bens de Inform\u00e1tica &#8211; (nome do \u00f3rg\u00e3o)<\/span><\/li><li style=\"font-size: 18px;\">Departamento de Projetos de Infraestrutura de Telecomunica\u00e7\u00f5es e Banda Larga<\/li><li style=\"font-size: 18px;\">End.: Esplanada dos Minist\u00e9rios, Bloco R, anexo. Sala 300<\/li><\/ul><\/li><\/ul><\/li><\/ol>\t\t\t\t\t\t\t\t<\/div>\n\t\t\t\t<\/div>\n\t\t\t\t\t<\/div>\n\t\t<\/div>\n\t\t\t\t<div class=\"elementor-column elementor-col-50 elementor-top-column elementor-element elementor-element-5bf142c\" data-id=\"5bf142c\" data-element_type=\"column\" data-e-type=\"column\">\n\t\t\t<div class=\"elementor-widget-wrap elementor-element-populated\">\n\t\t\t\t\t\t<div class=\"elementor-element elementor-element-fb4f180 elementor-widget elementor-widget-heading\" data-id=\"fb4f180\" data-element_type=\"widget\" data-e-type=\"widget\" data-widget_type=\"heading.default\">\n\t\t\t\t<div class=\"elementor-widget-container\">\n\t\t\t\t\t<h2 class=\"elementor-heading-title elementor-size-medium\">Empresa Privada<\/h2>\t\t\t\t<\/div>\n\t\t\t\t<\/div>\n\t\t\t\t<div class=\"elementor-element elementor-element-a29899a elementor-widget elementor-widget-text-editor\" data-id=\"a29899a\" data-element_type=\"widget\" data-e-type=\"widget\" data-widget_type=\"text-editor.default\">\n\t\t\t\t<div class=\"elementor-widget-container\">\n\t\t\t\t\t\t\t\t\t<p><span style=\"font-family: Roboto, sans-serif; font-size: 18px; font-style: normal; font-variant-ligatures: normal; font-variant-caps: normal; font-weight: 400; color: var( --e-global-color-text );\">Acesse o link para notificar\u00a0 o seu interesse:<\/span><\/p>\t\t\t\t\t\t\t\t<\/div>\n\t\t\t\t<\/div>\n\t\t\t\t<div class=\"elementor-element elementor-element-c62e58a elementor-align-center elementor-widget elementor-widget-button\" data-id=\"c62e58a\" data-element_type=\"widget\" data-e-type=\"widget\" data-widget_type=\"button.default\">\n\t\t\t\t<div class=\"elementor-widget-container\">\n\t\t\t\t\t\t\t\t\t<div class=\"elementor-button-wrapper\">\n\t\t\t\t\t<a class=\"elementor-button elementor-button-link elementor-size-sm\" href=\"https:\/\/docs.google.com\/forms\/d\/e\/1FAIpQLSfJnQCUuslOnZR6KUKBA5FysU-SdWRlgzhdfFEKmMje1aX5GA\/viewform\">\n\t\t\t\t\t\t<span class=\"elementor-button-content-wrapper\">\n\t\t\t\t\t\t\t\t\t<span class=\"elementor-button-text\">Clique aqui<\/span>\n\t\t\t\t\t<\/span>\n\t\t\t\t\t<\/a>\n\t\t\t\t<\/div>\n\t\t\t\t\t\t\t\t<\/div>\n\t\t\t\t<\/div>\n\t\t\t\t\t<\/div>\n\t\t<\/div>\n\t\t\t\t\t<\/div>\n\t\t<\/section>\n\t\t\t\t<\/div>\n\t\t","protected":false},"excerpt":{"rendered":"<p>Interesse em Doar Equipamentos para o CRC \u00d3rg\u00e3o P\u00fablico Entre em contato conosco pelo e-mail\u00a0unifapdigital.gestao@unifap.br Visitar a p\u00e1gina do\u00a0Minist\u00e9rio das Comunica\u00e7\u00f5es (MCom) Preencher uma lista com todos os equipamentos e enviar atrav\u00e9s de of\u00edcio para o e-mail do MCom (desfazimento.setel@mcom.gov.br) Dados para o envio do of\u00edcio: Assunto do e-mail: Desfazimento de Bens de Inform\u00e1tica &#8211;&#8230;<\/p>\n","protected":false},"author":3945,"featured_media":0,"parent":0,"menu_order":0,"comment_status":"closed","ping_status":"closed","template":"","meta":{"inline_featured_image":false,"ngg_post_thumbnail":0,"footnotes":""},"class_list":["post-353","page","type-page","status-publish","hentry","entry"],"_links":{"self":[{"href":"https:\/\/www2.unifap.br\/crc\/wp-json\/wp\/v2\/pages\/353","targetHints":{"allow":["GET"]}}],"collection":[{"href":"https:\/\/www2.unifap.br\/crc\/wp-json\/wp\/v2\/pages"}],"about":[{"href":"https:\/\/www2.unifap.br\/crc\/wp-json\/wp\/v2\/types\/page"}],"author":[{"embeddable":true,"href":"https:\/\/www2.unifap.br\/crc\/wp-json\/wp\/v2\/users\/3945"}],"replies":[{"embeddable":true,"href":"https:\/\/www2.unifap.br\/crc\/wp-json\/wp\/v2\/comments?post=353"}],"version-history":[{"count":49,"href":"https:\/\/www2.unifap.br\/crc\/wp-json\/wp\/v2\/pages\/353\/revisions"}],"predecessor-version":[{"id":555,"href":"https:\/\/www2.unifap.br\/crc\/wp-json\/wp\/v2\/pages\/353\/revisions\/555"}],"wp:attachment":[{"href":"https:\/\/www2.unifap.br\/crc\/wp-json\/wp\/v2\/media?parent=353"}],"curies":[{"name":"wp","href":"https:\/\/api.w.org\/{rel}","templated":true}]}}