{"id":367,"date":"2023-03-17T16:27:02","date_gmt":"2023-03-17T19:27:02","guid":{"rendered":"https:\/\/www2.unifap.br\/crc\/?page_id=367"},"modified":"2026-02-05T09:05:32","modified_gmt":"2026-02-05T12:05:32","slug":"receber-equipamentos","status":"publish","type":"page","link":"https:\/\/www2.unifap.br\/crc\/receber-equipamentos\/","title":{"rendered":"Solicitar Computadores Recondicionados"},"content":{"rendered":"\t\t<div data-elementor-type=\"wp-page\" data-elementor-id=\"367\" class=\"elementor elementor-367\">\n\t\t\t\t\t\t<section class=\"elementor-section elementor-top-section elementor-element elementor-element-141c4c46 elementor-section-boxed elementor-section-height-default elementor-section-height-default\" data-id=\"141c4c46\" data-element_type=\"section\" data-e-type=\"section\">\n\t\t\t\t\t\t<div class=\"elementor-container elementor-column-gap-default\">\n\t\t\t\t\t<div class=\"elementor-column elementor-col-100 elementor-top-column elementor-element elementor-element-51ca515d\" data-id=\"51ca515d\" data-element_type=\"column\" data-e-type=\"column\">\n\t\t\t<div class=\"elementor-widget-wrap elementor-element-populated\">\n\t\t\t\t\t\t<div class=\"elementor-element elementor-element-2b839977 elementor-widget elementor-widget-text-editor\" data-id=\"2b839977\" data-element_type=\"widget\" data-e-type=\"widget\" data-widget_type=\"text-editor.default\">\n\t\t\t\t<div class=\"elementor-widget-container\">\n\t\t\t\t\t\t\t\t\t<h3>Quem pode solicitar esse servi\u00e7o:<\/h3>\n<p>Organiza\u00e7\u00f5es da Sociedade Civil Sem Fins Lucrativos;<\/p>\n<p>Podem ser considerados Pontos de Inclus\u00e3o Digital (PID), escolas e institui\u00e7\u00f5es da rede de educa\u00e7\u00e3o b\u00e1sica, do ensino fundamental, m\u00e9dio e superior e do ensino t\u00e9cnico, com entidades de pesquisa e extens\u00e3o, bibliotecas e laborat\u00f3rios de inform\u00e1tica, entre outros pontos de promo\u00e7\u00e3o do acesso p\u00fablico e gratuito \u00e0s tecnologias da informa\u00e7\u00e3o e comunica\u00e7\u00e3o.<\/p>\n<p>Obs.: Os PIDs devem possuir CNPJ v\u00e1lido.<\/p>\n<p><strong>As entidades habilitadas para receber doa\u00e7\u00f5es de equipamentos de inform\u00e1tica dever\u00e3o cumprir as obriga\u00e7\u00f5es pactuadas com o MINIST\u00c9RIO DAS COMUNICA\u00c7\u00d5ES e, em especial:<\/strong><\/p>\n<p>I \u2013 garantir a boa utiliza\u00e7\u00e3o e manuten\u00e7\u00e3o dos equipamentos no mesmo espa\u00e7o acordado por meio de TERMO DE DOA\u00c7\u00c3O COM ENCARGOS por no m\u00ednimo 12 (doze) meses;<\/p>\n<p>II &#8211; respeitar as diretrizes de manuseio de equipamentos eletroeletr\u00f4nicos e de doa\u00e7\u00e3o de equipamentos recondicionados;<\/p>\n<p>III \u2013 produzir, sempre que solicitado, informa\u00e7\u00f5es sobre os equipamentos recebidos;<\/p>\n<p><strong>IV \u2013 assegurar a destina\u00e7\u00e3o final ambientalmente adequada a todos os res\u00edduos eletroeletr\u00f4nicos gerados pela atividade do programa;&nbsp;<\/strong><\/p>\n<p><strong><br><\/strong><\/p>\n<p><strong>&nbsp; &nbsp; &nbsp; &nbsp; &nbsp; &nbsp; &nbsp; &nbsp; &nbsp; &nbsp; &nbsp; &nbsp; &nbsp; &nbsp; &nbsp; &nbsp; &nbsp; &nbsp; &nbsp; &nbsp; &nbsp; &nbsp; &nbsp; &nbsp; &nbsp; &nbsp; &nbsp; &nbsp; &nbsp; &nbsp; &nbsp; &nbsp; &nbsp; &nbsp; &nbsp; &nbsp; &nbsp; &nbsp; &nbsp; &nbsp; &nbsp; &nbsp; &nbsp; Clique no link para realizar a sua solicita\u00e7\u00e3o:<\/strong><\/p>\t\t\t\t\t\t\t\t<\/div>\n\t\t\t\t<\/div>\n\t\t\t\t\t<\/div>\n\t\t<\/div>\n\t\t\t\t\t<\/div>\n\t\t<\/section>\n\t\t\t\t<section class=\"elementor-section elementor-top-section elementor-element elementor-element-01f1bd7 elementor-section-boxed elementor-section-height-default elementor-section-height-default\" data-id=\"01f1bd7\" data-element_type=\"section\" data-e-type=\"section\">\n\t\t\t\t\t\t<div class=\"elementor-container elementor-column-gap-default\">\n\t\t\t\t\t<div class=\"elementor-column elementor-col-100 elementor-top-column elementor-element elementor-element-a9fc200\" data-id=\"a9fc200\" data-element_type=\"column\" data-e-type=\"column\">\n\t\t\t<div class=\"elementor-widget-wrap elementor-element-populated\">\n\t\t\t\t\t\t<div class=\"elementor-element elementor-element-f89cadf elementor-align-center elementor-widget elementor-widget-button\" data-id=\"f89cadf\" data-element_type=\"widget\" data-e-type=\"widget\" data-widget_type=\"button.default\">\n\t\t\t\t<div class=\"elementor-widget-container\">\n\t\t\t\t\t\t\t\t\t<div class=\"elementor-button-wrapper\">\n\t\t\t\t\t<a class=\"elementor-button elementor-button-link elementor-size-sm\" href=\"https:\/\/forms.gle\/NXi3fJzMeqa7kbSx5\" target=\"_blank\">\n\t\t\t\t\t\t<span class=\"elementor-button-content-wrapper\">\n\t\t\t\t\t\t\t\t\t<span class=\"elementor-button-text\">Clique aqui<\/span>\n\t\t\t\t\t<\/span>\n\t\t\t\t\t<\/a>\n\t\t\t\t<\/div>\n\t\t\t\t\t\t\t\t<\/div>\n\t\t\t\t<\/div>\n\t\t\t\t\t<\/div>\n\t\t<\/div>\n\t\t\t\t\t<\/div>\n\t\t<\/section>\n\t\t\t\t<\/div>\n\t\t","protected":false},"excerpt":{"rendered":"<p>Quem pode solicitar esse servi\u00e7o: Organiza\u00e7\u00f5es da Sociedade Civil Sem Fins Lucrativos; Podem ser considerados Pontos de Inclus\u00e3o Digital (PID), escolas e institui\u00e7\u00f5es da rede de educa\u00e7\u00e3o b\u00e1sica, do ensino fundamental, m\u00e9dio e superior e do ensino t\u00e9cnico, com entidades de pesquisa e extens\u00e3o, bibliotecas e laborat\u00f3rios de inform\u00e1tica, entre outros pontos de promo\u00e7\u00e3o do&#8230;<\/p>\n","protected":false},"author":3945,"featured_media":0,"parent":0,"menu_order":0,"comment_status":"closed","ping_status":"closed","template":"","meta":{"inline_featured_image":false,"ngg_post_thumbnail":0,"footnotes":""},"class_list":["post-367","page","type-page","status-publish","hentry","entry"],"_links":{"self":[{"href":"https:\/\/www2.unifap.br\/crc\/wp-json\/wp\/v2\/pages\/367","targetHints":{"allow":["GET"]}}],"collection":[{"href":"https:\/\/www2.unifap.br\/crc\/wp-json\/wp\/v2\/pages"}],"about":[{"href":"https:\/\/www2.unifap.br\/crc\/wp-json\/wp\/v2\/types\/page"}],"author":[{"embeddable":true,"href":"https:\/\/www2.unifap.br\/crc\/wp-json\/wp\/v2\/users\/3945"}],"replies":[{"embeddable":true,"href":"https:\/\/www2.unifap.br\/crc\/wp-json\/wp\/v2\/comments?post=367"}],"version-history":[{"count":40,"href":"https:\/\/www2.unifap.br\/crc\/wp-json\/wp\/v2\/pages\/367\/revisions"}],"predecessor-version":[{"id":766,"href":"https:\/\/www2.unifap.br\/crc\/wp-json\/wp\/v2\/pages\/367\/revisions\/766"}],"wp:attachment":[{"href":"https:\/\/www2.unifap.br\/crc\/wp-json\/wp\/v2\/media?parent=367"}],"curies":[{"name":"wp","href":"https:\/\/api.w.org\/{rel}","templated":true}]}}