{"id":492,"date":"2023-04-20T14:52:11","date_gmt":"2023-04-20T17:52:11","guid":{"rendered":"https:\/\/www2.unifap.br\/crc\/?page_id=492"},"modified":"2023-08-27T22:17:49","modified_gmt":"2023-08-28T01:17:49","slug":"parceiros","status":"publish","type":"page","link":"https:\/\/www2.unifap.br\/crc\/parceiros\/","title":{"rendered":"Parceiros"},"content":{"rendered":"\t\t<div data-elementor-type=\"wp-page\" data-elementor-id=\"492\" class=\"elementor elementor-492\">\n\t\t\t\t\t\t<section class=\"elementor-section elementor-top-section elementor-element elementor-element-3df56fe3 elementor-section-boxed elementor-section-height-default elementor-section-height-default\" data-id=\"3df56fe3\" data-element_type=\"section\" data-e-type=\"section\">\n\t\t\t\t\t\t<div class=\"elementor-container elementor-column-gap-default\">\n\t\t\t\t\t<div class=\"elementor-column elementor-col-100 elementor-top-column elementor-element elementor-element-1459ab3\" data-id=\"1459ab3\" data-element_type=\"column\" data-e-type=\"column\">\n\t\t\t<div class=\"elementor-widget-wrap\">\n\t\t\t\t\t\t\t<\/div>\n\t\t<\/div>\n\t\t\t\t\t<\/div>\n\t\t<\/section>\n\t\t\t\t<section class=\"elementor-section elementor-top-section elementor-element elementor-element-f233958 elementor-section-boxed elementor-section-height-default elementor-section-height-default\" data-id=\"f233958\" data-element_type=\"section\" data-e-type=\"section\">\n\t\t\t\t\t\t<div class=\"elementor-container elementor-column-gap-default\">\n\t\t\t\t\t<div class=\"elementor-column elementor-col-50 elementor-top-column elementor-element elementor-element-de807c5\" data-id=\"de807c5\" data-element_type=\"column\" data-e-type=\"column\">\n\t\t\t<div class=\"elementor-widget-wrap elementor-element-populated\">\n\t\t\t\t\t\t<div class=\"elementor-element elementor-element-2f0bcf51 elementor-widget elementor-widget-text-editor\" data-id=\"2f0bcf51\" data-element_type=\"widget\" data-e-type=\"widget\" data-widget_type=\"text-editor.default\">\n\t\t\t\t<div class=\"elementor-widget-container\">\n\t\t\t\t\t\t\t\t\t<p style=\"text-align: left;\">Grandes parcerias fazem a diferen\u00e7a em nossa atua\u00e7\u00e3o e s\u00e3o imprescind\u00edveis em nossa trajet\u00f3ria.<\/p>\t\t\t\t\t\t\t\t<\/div>\n\t\t\t\t<\/div>\n\t\t\t\t\t<\/div>\n\t\t<\/div>\n\t\t\t\t<div class=\"elementor-column elementor-col-50 elementor-top-column elementor-element elementor-element-33174d7\" data-id=\"33174d7\" data-element_type=\"column\" data-e-type=\"column\">\n\t\t\t<div class=\"elementor-widget-wrap elementor-element-populated\">\n\t\t\t\t\t\t<div class=\"elementor-element elementor-element-0fcfaf7 elementor-widget elementor-widget-heading\" data-id=\"0fcfaf7\" data-element_type=\"widget\" data-e-type=\"widget\" data-widget_type=\"heading.default\">\n\t\t\t\t<div class=\"elementor-widget-container\">\n\t\t\t\t\t<h2 class=\"elementor-heading-title elementor-size-large\">Parceiros<\/h2>\t\t\t\t<\/div>\n\t\t\t\t<\/div>\n\t\t\t\t<div class=\"elementor-element elementor-element-7654ec1 elementor-widget elementor-widget-image-gallery\" data-id=\"7654ec1\" data-element_type=\"widget\" data-e-type=\"widget\" data-widget_type=\"image-gallery.default\">\n\t\t\t\t<div class=\"elementor-widget-container\">\n\t\t\t\t\t\t\t<div class=\"elementor-image-gallery\">\n\t\t\t<div id='gallery-1' class='gallery galleryid-492 gallery-columns-2 gallery-size-thumbnail'><figure class='gallery-item'>\n\t\t\t<div class='gallery-icon landscape'>\n\t\t\t\t<a data-elementor-open-lightbox=\"yes\" data-elementor-lightbox-slideshow=\"7654ec1\" data-elementor-lightbox-title=\"logo_unifap_1x12\" data-e-action-hash=\"#elementor-action%3Aaction%3Dlightbox%26settings%3DeyJpZCI6NTY0LCJ1cmwiOiJodHRwczpcL1wvd3d3Mi51bmlmYXAuYnJcL2NyY1wvZmlsZXNcLzIwMjNcLzA1XC9sb2dvX3VuaWZhcF8xeDEyLnBuZyIsInNsaWRlc2hvdyI6Ijc2NTRlYzEifQ%3D%3D\" href='https:\/\/www2.unifap.br\/crc\/logo_unifap_1x12\/'><img decoding=\"async\" width=\"150\" height=\"150\" src=\"https:\/\/www2.unifap.br\/crc\/files\/2023\/05\/logo_unifap_1x12-150x150.png\" class=\"attachment-thumbnail size-thumbnail\" alt=\"\" aria-describedby=\"gallery-1-564\" srcset=\"https:\/\/www2.unifap.br\/crc\/files\/2023\/05\/logo_unifap_1x12-150x150.png 150w, https:\/\/www2.unifap.br\/crc\/files\/2023\/05\/logo_unifap_1x12-300x300.png 300w, https:\/\/www2.unifap.br\/crc\/files\/2023\/05\/logo_unifap_1x12.png 473w\" sizes=\"(max-width: 150px) 100vw, 150px\" \/><\/a>\n\t\t\t<\/div>\n\t\t\t\t<figcaption class='wp-caption-text gallery-caption' id='gallery-1-564'>\n\t\t\t\tUniversidade Federal do Amap\u00e1\n\t\t\t\t<\/figcaption><\/figure><figure class='gallery-item'>\n\t\t\t<div class='gallery-icon landscape'>\n\t\t\t\t<a data-elementor-open-lightbox=\"yes\" data-elementor-lightbox-slideshow=\"7654ec1\" data-elementor-lightbox-title=\"mcom_positiva_gradiente-3\" data-e-action-hash=\"#elementor-action%3Aaction%3Dlightbox%26settings%3DeyJpZCI6NTY2LCJ1cmwiOiJodHRwczpcL1wvd3d3Mi51bmlmYXAuYnJcL2NyY1wvZmlsZXNcLzIwMjNcLzA1XC9tY29tX3Bvc2l0aXZhX2dyYWRpZW50ZS0zLnBuZyIsInNsaWRlc2hvdyI6Ijc2NTRlYzEifQ%3D%3D\" href='https:\/\/www2.unifap.br\/crc\/mcom_positiva_gradiente-3\/'><img decoding=\"async\" width=\"150\" height=\"150\" src=\"https:\/\/www2.unifap.br\/crc\/files\/2023\/05\/mcom_positiva_gradiente-3-150x150.png\" class=\"attachment-thumbnail size-thumbnail\" alt=\"\" aria-describedby=\"gallery-1-566\" srcset=\"https:\/\/www2.unifap.br\/crc\/files\/2023\/05\/mcom_positiva_gradiente-3-150x150.png 150w, https:\/\/www2.unifap.br\/crc\/files\/2023\/05\/mcom_positiva_gradiente-3-300x300.png 300w, https:\/\/www2.unifap.br\/crc\/files\/2023\/05\/mcom_positiva_gradiente-3-1024x1024.png 1024w, https:\/\/www2.unifap.br\/crc\/files\/2023\/05\/mcom_positiva_gradiente-3-768x768.png 768w, https:\/\/www2.unifap.br\/crc\/files\/2023\/05\/mcom_positiva_gradiente-3-600x600.png 600w, https:\/\/www2.unifap.br\/crc\/files\/2023\/05\/mcom_positiva_gradiente-3.png 1437w\" sizes=\"(max-width: 150px) 100vw, 150px\" \/><\/a>\n\t\t\t<\/div>\n\t\t\t\t<figcaption class='wp-caption-text gallery-caption' id='gallery-1-566'>\n\t\t\t\tMinist\u00e9rio das Comunica\u00e7\u00f5es\n\t\t\t\t<\/figcaption><\/figure><figure class='gallery-item'>\n\t\t\t<div class='gallery-icon landscape'>\n\t\t\t\t<a data-elementor-open-lightbox=\"yes\" data-elementor-lightbox-slideshow=\"7654ec1\" data-elementor-lightbox-title=\"logo-mpap2\" data-e-action-hash=\"#elementor-action%3Aaction%3Dlightbox%26settings%3DeyJpZCI6NjkzLCJ1cmwiOiJodHRwczpcL1wvd3d3Mi51bmlmYXAuYnJcL2NyY1wvZmlsZXNcLzIwMjNcLzA4XC9sb2dvLW1wYXAyLnBuZyIsInNsaWRlc2hvdyI6Ijc2NTRlYzEifQ%3D%3D\" href='https:\/\/www2.unifap.br\/crc\/logo-mpap2\/'><img decoding=\"async\" width=\"150\" height=\"150\" src=\"https:\/\/www2.unifap.br\/crc\/files\/2023\/08\/logo-mpap2-150x150.png\" class=\"attachment-thumbnail size-thumbnail\" alt=\"\" aria-describedby=\"gallery-1-693\" srcset=\"https:\/\/www2.unifap.br\/crc\/files\/2023\/08\/logo-mpap2-150x150.png 150w, https:\/\/www2.unifap.br\/crc\/files\/2023\/08\/logo-mpap2-300x300.png 300w, https:\/\/www2.unifap.br\/crc\/files\/2023\/08\/logo-mpap2.png 417w\" sizes=\"(max-width: 150px) 100vw, 150px\" \/><\/a>\n\t\t\t<\/div>\n\t\t\t\t<figcaption class='wp-caption-text gallery-caption' id='gallery-1-693'>\n\t\t\t\tMinist\u00e9rio P\u00fablico do Estado do Amap\u00e1\n\t\t\t\t<\/figcaption><\/figure>\n\t\t<\/div>\n\t\t<\/div>\n\t\t\t\t\t\t<\/div>\n\t\t\t\t<\/div>\n\t\t\t\t\t<\/div>\n\t\t<\/div>\n\t\t\t\t\t<\/div>\n\t\t<\/section>\n\t\t\t\t<section class=\"elementor-section elementor-top-section elementor-element elementor-element-3913a08 elementor-section-boxed elementor-section-height-default elementor-section-height-default\" data-id=\"3913a08\" data-element_type=\"section\" data-e-type=\"section\">\n\t\t\t\t\t\t<div class=\"elementor-container elementor-column-gap-default\">\n\t\t\t\t\t<div class=\"elementor-column elementor-col-100 elementor-top-column elementor-element elementor-element-d35b267\" data-id=\"d35b267\" data-element_type=\"column\" data-e-type=\"column\">\n\t\t\t<div class=\"elementor-widget-wrap elementor-element-populated\">\n\t\t\t\t\t\t<div class=\"elementor-element elementor-element-d534448 elementor-widget elementor-widget-text-editor\" data-id=\"d534448\" data-element_type=\"widget\" data-e-type=\"widget\" data-widget_type=\"text-editor.default\">\n\t\t\t\t<div class=\"elementor-widget-container\">\n\t\t\t\t\t\t\t\t\t<p style=\"text-align: center;\"><strong><span style=\"font-variant-ligatures: normal; font-variant-caps: normal; font-family: Roboto, sans-serif; font-size: 18px; font-style: normal; color: var( --e-global-color-text );\">\u00a0<\/span><\/strong><\/p><p style=\"text-align: center;\"><strong><span style=\"font-variant-ligatures: normal; font-variant-caps: normal; font-family: Roboto, sans-serif; font-size: 18px; font-style: normal; color: var( --e-global-color-text );\">Venha ser nosso Parceiro!<\/span><\/strong><\/p><p style=\"text-align: center;\"><span style=\"font-variant-ligatures: normal; font-variant-caps: normal; font-family: Roboto, sans-serif; font-size: 18px; font-style: normal; font-weight: 400; color: var( --e-global-color-text );\">Entre em contato conosco em\u00a0<\/span><a style=\"font-variant-ligatures: normal; font-variant-caps: normal; font-family: Roboto, sans-serif; font-size: 18px; font-style: normal; font-weight: 400; background-color: #e5e5e5;\" href=\"mailto:unifapdigital.gestao@unifap.br\">unifapdigital.gestao@unifap.br<\/a><\/p>\t\t\t\t\t\t\t\t<\/div>\n\t\t\t\t<\/div>\n\t\t\t\t\t<\/div>\n\t\t<\/div>\n\t\t\t\t\t<\/div>\n\t\t<\/section>\n\t\t\t\t<\/div>\n\t\t","protected":false},"excerpt":{"rendered":"<p>Grandes parcerias fazem a diferen\u00e7a em nossa atua\u00e7\u00e3o e s\u00e3o imprescind\u00edveis em nossa trajet\u00f3ria. Parceiros Universidade Federal do Amap\u00e1 Minist\u00e9rio das Comunica\u00e7\u00f5es Minist\u00e9rio P\u00fablico do Estado do Amap\u00e1 \u00a0 Venha ser nosso Parceiro! Entre em contato conosco em\u00a0unifapdigital.gestao@unifap.br<\/p>\n","protected":false},"author":3945,"featured_media":0,"parent":0,"menu_order":0,"comment_status":"closed","ping_status":"closed","template":"","meta":{"inline_featured_image":false,"ngg_post_thumbnail":0,"footnotes":""},"class_list":["post-492","page","type-page","status-publish","hentry","entry"],"_links":{"self":[{"href":"https:\/\/www2.unifap.br\/crc\/wp-json\/wp\/v2\/pages\/492","targetHints":{"allow":["GET"]}}],"collection":[{"href":"https:\/\/www2.unifap.br\/crc\/wp-json\/wp\/v2\/pages"}],"about":[{"href":"https:\/\/www2.unifap.br\/crc\/wp-json\/wp\/v2\/types\/page"}],"author":[{"embeddable":true,"href":"https:\/\/www2.unifap.br\/crc\/wp-json\/wp\/v2\/users\/3945"}],"replies":[{"embeddable":true,"href":"https:\/\/www2.unifap.br\/crc\/wp-json\/wp\/v2\/comments?post=492"}],"version-history":[{"count":37,"href":"https:\/\/www2.unifap.br\/crc\/wp-json\/wp\/v2\/pages\/492\/revisions"}],"predecessor-version":[{"id":699,"href":"https:\/\/www2.unifap.br\/crc\/wp-json\/wp\/v2\/pages\/492\/revisions\/699"}],"wp:attachment":[{"href":"https:\/\/www2.unifap.br\/crc\/wp-json\/wp\/v2\/media?parent=492"}],"curies":[{"name":"wp","href":"https:\/\/api.w.org\/{rel}","templated":true}]}}