{"id":1165,"date":"2016-05-02T15:30:03","date_gmt":"2016-05-02T15:30:03","guid":{"rendered":"http:\/\/www2.unifap.br\/csociais\/?page_id=1165"},"modified":"2021-11-15T13:50:39","modified_gmt":"2021-11-15T13:50:39","slug":"corpo-docente","status":"publish","type":"page","link":"https:\/\/www2.unifap.br\/csociais\/corpo-docente\/","title":{"rendered":"Corpo Docente"},"content":{"rendered":"<p><strong>Adriana Ten\u00f3rio da Silva<\/strong><\/p>\n<p>Linha de Pesquisa: Sociologia da Cultura\/Tecnologia e Sociedade\/ Teoria Sociol\u00f3gica<\/p>\n<p>Curr\u00edculo Lattes:&nbsp;<a href=\"http:\/\/lattes.cnpq.br\/2191927056530037\" target=\"_blank\" rel=\"noopener noreferrer\">http:\/\/lattes.cnpq.br\/2191927056530037<\/a><a href=\"http:\/\/www2.unifap.br\/csociais\/files\/2016\/04\/Lattes-Ten\u00f3rio.pdf\"><br \/>\n<\/a><\/p>\n<p><strong>Alexsara de Souza Maciel<\/strong><\/p>\n<p>Linha de Pesquisa: Racismo\/Rela\u00e7\u00f5es Raciais e Educa\u00e7\u00e3o\/G\u00eanero e Ra\u00e7a<\/p>\n<p>Curr\u00edculo Lattes:&nbsp;<a href=\"http:\/\/lattes.cnpq.br\/3865362536529081\" target=\"_blank\" rel=\"noopener noreferrer\">http:\/\/lattes.cnpq.br\/3865362536529081<\/a><\/p>\n<p><strong>Ant\u00f4nio S\u00e9rgio Monteiro Filocre\u00e3o <\/strong><\/p>\n<p>Linha de Pesquisa: Desenvolvimento Econ\u00f4mico Amapaense\/Desenvolvimento Rural, Agricultura Familiar\/Agroextratos<\/p>\n<p>Curr\u00edculo Lattes:&nbsp;<a href=\"http:\/\/lattes.cnpq.br\/8321993369800090\" target=\"_blank\" rel=\"noopener noreferrer\">http:\/\/lattes.cnpq.br\/8321993369800090<\/a><\/p>\n<p><strong>David J\u00fanior de Souza Silva <\/strong><\/p>\n<p>Linha de Pesquisa: Movimentos Sociais\/Movimentos \u00c9tnicos\/Sociologia do Poder\/Teoria Sociol\u00f3gica.<\/p>\n<p>Curr\u00edculo Lattes:&nbsp;<a href=\"http:\/\/lattes.cnpq.br\/4265076306351873\" target=\"_blank\" rel=\"noopener noreferrer\">http:\/\/lattes.cnpq.br\/4265076306351873<\/a><\/p>\n<p><strong>Ed Carlos Guimar\u00e3es <\/strong><\/p>\n<p>Linha de Pesquisa: Sociologia da Viol\u00eancia\/ Teoria Sociol\u00f3gica<\/p>\n<p>Curr\u00edculo &nbsp;Lattes:&nbsp;<a href=\"http:\/\/lattes.cnpq.br\/6758160052502463\" target=\"_blank\" rel=\"noopener noreferrer\">http:\/\/lattes.cnpq.br\/6758160052502463<\/a><a href=\"http:\/\/www2.unifap.br\/csociais\/files\/2016\/04\/Lattes-Ed-Carlos-Guimar\u00e3es.pdf\"><br \/>\n<\/a><\/p>\n<p><strong>Emanuel Leal de Lima<\/strong><\/p>\n<p>Linha de Pesquisa: Planejamento do Desenvolvimento S\u00f3cio-Econ\u00f4mico<\/p>\n<p>Curr\u00edculo Lattes: &nbsp;<a href=\"http:\/\/lattes.cnpq.br\/3579365487839625\" target=\"_blank\" rel=\"noopener noreferrer\">http:\/\/lattes.cnpq.br\/3579365487839625<\/a><a href=\"http:\/\/www2.unifap.br\/csociais\/files\/2016\/04\/Lattes-Emanuel.pdf\"><br \/>\n<\/a><\/p>\n<p><strong>F\u00e1tima L\u00facia Carrera Guedes Dantas<\/strong><\/p>\n<p>Curr\u00edculo Lattes: &nbsp;<a href=\"http:\/\/lattes.cnpq.br\/3880745633078888\" target=\"_blank\" rel=\"noopener noreferrer\">http:\/\/lattes.cnpq.br\/3880745633078888<\/a><a href=\"http:\/\/www2.unifap.br\/csociais\/files\/2016\/04\/Lattes-F\u00e1tima-Carrera.pdf\"><br \/>\n<\/a><\/p>\n<p><strong>Gl\u00e1ucia Maria Tinoco Barbosa<\/strong><\/p>\n<p>Linha de Pesquisa: Teoria Sociol\u00f3gica\/Pensamento Social Latino-Americano<\/p>\n<p>Curr\u00edculo Lattes:&nbsp;<a href=\"http:\/\/lattes.cnpq.br\/7788491889080373\" target=\"_blank\" rel=\"noopener noreferrer\">http:\/\/lattes.cnpq.br\/7788491889080373<\/a><a href=\"http:\/\/lattes.cnpq.br\/7788491889080373\" target=\"_blank\" rel=\"noopener noreferrer\"><br \/>\n<\/a><\/p>\n<p><strong>Iraci de Carvalho Barroso<\/strong><\/p>\n<p>Curr\u00edculo Lattes:&nbsp;<a href=\"http:\/\/lattes.cnpq.br\/3330604206800847\" target=\"_blank\" rel=\"noopener noreferrer\">&nbsp;http:\/\/lattes.cnpq.br\/3330604206800847<\/a><\/p>\n<p><strong>Ivan Henrique de Mattos e Silva<\/strong><\/p>\n<p>Linha de Pesquisa: Novas Direitas\/Pensamento Pol\u00edtico Brasileiro\/Desenvolvimento e Pol\u00edticas P\u00fablicas<\/p>\n<p>Curr\u00edculo Lattes: <a href=\"http:\/\/lattes.cnpq.br\/3755380812511630\">http:\/\/lattes.cnpq.br\/3755380812511630&nbsp;<\/a><\/p>\n<p><strong>Jo\u00e3o Wilson Savino Carvalho<\/strong><\/p>\n<p>Curr\u00edculo Lattes:&nbsp;<a href=\"http:\/\/lattes.cnpq.br\/9507462558274301\" target=\"_blank\" rel=\"noopener noreferrer\">http:\/\/lattes.cnpq.br\/9507462558274301<\/a><a href=\"http:\/\/www2.unifap.br\/csociais\/files\/2016\/04\/Lattes-Jo\u00e3o-Wilson.pdf\"><br \/>\n<\/a><\/p>\n<p><strong>Jos\u00e9 Maria da Silva<\/strong><\/p>\n<p>Linha de Pesquisa: Antropologia dos Rituais\/Antropologia da Religi\u00e3o\/Antropologia das Tradi\u00e7\u00f5es\/Cultura Popular<\/p>\n<p>Curr\u00edculo Lattes:&nbsp;<a href=\"http:\/\/lattes.cnpq.br\/3527875316676101\" target=\"_blank\" rel=\"noopener noreferrer\">http:\/\/lattes.cnpq.br\/3527875316676101<\/a><\/p>\n<p><strong>Luciano Magnus de Ara\u00fajo<\/strong><\/p>\n<p>Linhas de Pesquisa:&nbsp;Antropologia visual da imagem e som, mem\u00f3ria e identidades \/ Pr\u00e1tica de ensino em Ci\u00eancias Sociais \/ Comunidades tradicionais e pesquisa etnogr\u00e1fica \/ Protagonismos e empoderamentos em comunidades \/ Estudos sobre a cidade \/ Demandas territoriais em comunidades tradicionais.<\/p>\n<p>Curr\u00edculo Lattes: <a href=\"http:\/\/lattes.cnpq.br\/7192215216270270\">http:\/\/lattes.cnpq.br\/7192215216270270<\/a><\/p>\n<p><strong>Manoel de Jesus de Souza Pinto<\/strong><\/p>\n<p>Curr\u00edculo Lattes:&nbsp;<a href=\"http:\/\/lattes.cnpq.br\/5833177207259205\" target=\"_blank\" rel=\"noopener noreferrer\">http:\/\/lattes.cnpq.br\/5833177207259205<\/a><\/p>\n<p><strong>Manoel Ricardo Vilhena <\/strong><\/p>\n<p>Linha de Pesquisa: Economia da Agricultura Familiar\/Desenvolvimento Regional<\/p>\n<p>Curr\u00edculo Lattes:<a href=\"http:\/\/lattes.cnpq.br\/1619531431129583\" target=\"_blank\" rel=\"noopener noreferrer\">http:\/\/lattes.cnpq.br\/1619531431129583<\/a><\/p>\n<p><strong>Maria do Socorro dos Santos Oliveira<\/strong><\/p>\n<p>Linha de Pesquisa: Quilombos e Afrobrasiliaridades<\/p>\n<p>Curr\u00edculo Lattes:<a href=\"http:\/\/lattes.cnpq.br\/8393483420989804\" target=\"_blank\" rel=\"noopener noreferrer\">&nbsp;http:\/\/lattes.cnpq.br\/8393483420989804<\/a><a href=\"http:\/\/www2.unifap.br\/csociais\/files\/2016\/04\/Lattes-Socorro-Oliveira.pdf\"><br \/>\n<\/a><\/p>\n<p><strong>Marcus Andr\u00e9 de Souza Cardoso da Silva<\/strong><\/p>\n<p>Linha de Pesquisa: Antropologia da Viol\u00eancia\/Teoria Antropol\u00f3gica<\/p>\n<p>Curr\u00edculo Lattes:&nbsp;<a href=\"http:\/\/lattes.cnpq.br\/7460969839763937\" target=\"_blank\" rel=\"noopener noreferrer\">http:\/\/lattes.cnpq.br\/7460969839763937<\/a><\/p>\n<p><strong>Raimundo de Lima Brito<\/strong><\/p>\n<p>Linha de Pesquisa: Religi\u00e3o<\/p>\n<p>Curr\u00edculo Lattes:&nbsp;<a href=\"http:\/\/lattes.cnpq.br\/2171969752931028\" target=\"_blank\" rel=\"noopener noreferrer\">http:\/\/lattes.cnpq.br\/2171969752931028&nbsp;<\/a><\/p>\n<p><strong>Rosinaldo Silva de Sousa<\/strong><\/p>\n<p>Curr\u00edculo Lattes:&nbsp;<a title=\"Curr\u00edculo Lattes - Rosinaldo Silva de Sousa\" href=\"http:\/\/lattes.cnpq.br\/1263109110578509\" target=\"_blank\" rel=\"noopener noreferrer\">http:\/\/lattes.cnpq.br\/1263109110578509<\/a><\/p>\n","protected":false},"excerpt":{"rendered":"<p>Adriana Ten\u00f3rio da Silva Linha de Pesquisa: Sociologia da Cultura\/Tecnologia e Sociedade\/ Teoria Sociol\u00f3gica Curr\u00edculo Lattes:&nbsp;http:\/\/lattes.cnpq.br\/2191927056530037 Alexsara de Souza Maciel Linha de Pesquisa: Racismo\/Rela\u00e7\u00f5es Raciais e Educa\u00e7\u00e3o\/G\u00eanero e Ra\u00e7a Curr\u00edculo Lattes:&nbsp;http:\/\/lattes.cnpq.br\/3865362536529081 Ant\u00f4nio S\u00e9rgio Monteiro Filocre\u00e3o Linha de Pesquisa: Desenvolvimento Econ\u00f4mico Amapaense\/Desenvolvimento Rural, Agricultura Familiar\/Agroextratos Curr\u00edculo Lattes:&nbsp;http:\/\/lattes.cnpq.br\/8321993369800090 David J\u00fanior de Souza Silva Linha de Pesquisa: Movimentos&#8230;<\/p>\n","protected":false},"author":399,"featured_media":0,"parent":0,"menu_order":0,"comment_status":"open","ping_status":"open","template":"","meta":{"inline_featured_image":false,"ngg_post_thumbnail":0,"footnotes":""},"class_list":["post-1165","page","type-page","status-publish","hentry","entry"],"_links":{"self":[{"href":"https:\/\/www2.unifap.br\/csociais\/wp-json\/wp\/v2\/pages\/1165","targetHints":{"allow":["GET"]}}],"collection":[{"href":"https:\/\/www2.unifap.br\/csociais\/wp-json\/wp\/v2\/pages"}],"about":[{"href":"https:\/\/www2.unifap.br\/csociais\/wp-json\/wp\/v2\/types\/page"}],"author":[{"embeddable":true,"href":"https:\/\/www2.unifap.br\/csociais\/wp-json\/wp\/v2\/users\/399"}],"replies":[{"embeddable":true,"href":"https:\/\/www2.unifap.br\/csociais\/wp-json\/wp\/v2\/comments?post=1165"}],"version-history":[{"count":14,"href":"https:\/\/www2.unifap.br\/csociais\/wp-json\/wp\/v2\/pages\/1165\/revisions"}],"predecessor-version":[{"id":2089,"href":"https:\/\/www2.unifap.br\/csociais\/wp-json\/wp\/v2\/pages\/1165\/revisions\/2089"}],"wp:attachment":[{"href":"https:\/\/www2.unifap.br\/csociais\/wp-json\/wp\/v2\/media?parent=1165"}],"curies":[{"name":"wp","href":"https:\/\/api.w.org\/{rel}","templated":true}]}}