{"id":1247,"date":"2016-05-27T19:24:46","date_gmt":"2016-05-27T19:24:46","guid":{"rendered":"http:\/\/www2.unifap.br\/csociais\/?page_id=1247"},"modified":"2024-09-24T18:15:30","modified_gmt":"2024-09-24T18:15:30","slug":"ementas-curso-de-licenciatura-em-sociologia","status":"publish","type":"page","link":"https:\/\/www2.unifap.br\/csociais\/licenciatura-em-sociologia\/ementas-curso-de-licenciatura-em-sociologia\/","title":{"rendered":"Ementas &#8211; Curso de Licenciatura em Sociologia"},"content":{"rendered":"<p style=\"text-align: center\"><strong>Clique na disciplina desejada para abrir<\/strong><\/p>\n<p><a href=\"http:\/\/www2.unifap.br\/csociais\/files\/2024\/09\/Antropologia-Brasileira-1.pdf\">Antropologia Brasileira<\/a><\/p>\n<p><a href=\"http:\/\/www2.unifap.br\/csociais\/files\/2024\/09\/Atividades-Complementares-1.pdf\">Atividades Complementares<\/a><\/p>\n<p><a href=\"http:\/\/www2.unifap.br\/csociais\/files\/2024\/09\/Avaliacao-Educacional-1.pdf\">Avalia\u00e7\u00e3o Educacional<\/a><\/p>\n<p><a href=\"http:\/\/www2.unifap.br\/csociais\/files\/2024\/09\/Didatica-Geral-1.pdf\">Did\u00e1tica Geral<\/a><\/p>\n<p><a href=\"http:\/\/www2.unifap.br\/csociais\/files\/2024\/09\/Economia-Politica-1.pdf\">Economia Pol\u00edtica<\/a><\/p>\n<p><a href=\"http:\/\/www2.unifap.br\/csociais\/files\/2024\/09\/Educacao-e-Relacoes-Etnicas-Raciais-1.pdf\">Educa\u00e7\u00e3o e Rela\u00e7\u00f5es \u00c9tnicas Raciais<\/a><\/p>\n<p><a href=\"http:\/\/www2.unifap.br\/csociais\/files\/2024\/09\/Educacao-Inclusiva-para-Pessoas-com-Necessidades-Especiais-1.pdf\">Educa\u00e7\u00e3o Inclusiva para Pessoas com Necessidades Especiais<\/a><\/p>\n<p><a href=\"http:\/\/www2.unifap.br\/csociais\/files\/2024\/09\/Estagio-Supervisionado-em-Docencia-I-1.pdf\">Est\u00e1gio Supervisionado em Doc\u00eancia I<\/a><\/p>\n<p><a href=\"http:\/\/www2.unifap.br\/csociais\/files\/2024\/09\/Estagio-Supervisionado-em-Docencia-II-1.pdf\">Est\u00e1gio Supervisionado em Doc\u00eancia II<\/a><\/p>\n<p><a href=\"http:\/\/www2.unifap.br\/csociais\/files\/2024\/09\/Estagio-Supervisionado-em-Docencia-III-1.pdf\">Est\u00e1gio Supervisionado em Doc\u00eancia III<\/a><\/p>\n<p><a href=\"http:\/\/www2.unifap.br\/csociais\/files\/2024\/09\/Estagio-Supervisionado-em-Docencia-IV-1.pdf\">Est\u00e1gio Supervisionado em Doc\u00eancia IV<\/a><\/p>\n<p><a href=\"http:\/\/www2.unifap.br\/csociais\/files\/2024\/09\/Estatistica-Aplicada-1.pdf\">Estat\u00edstica Aplicada<\/a><\/p>\n<p><a href=\"http:\/\/www2.unifap.br\/csociais\/files\/2024\/09\/Etnologia-da-Amazonia-1.pdf\">Etnologia da Amaz\u00f4nia<\/a><\/p>\n<p><a href=\"http:\/\/www2.unifap.br\/csociais\/files\/2024\/09\/Filosofia-da-Educacao-1.pdf\">Filosofia da Educa\u00e7\u00e3o<\/a><\/p>\n<p><a href=\"http:\/\/www2.unifap.br\/csociais\/files\/2024\/09\/Filosofia-1.pdf\">Filosofia<\/a><\/p>\n<p><a href=\"http:\/\/www2.unifap.br\/csociais\/files\/2024\/09\/Geografia-Humana-e-Economica-do-Brasil-1.pdf\">Geografia Humana e Econ\u00f4mica do Brasil<\/a><\/p>\n<p><a href=\"http:\/\/www2.unifap.br\/csociais\/files\/2024\/09\/Historia-Economica-e-Politica-do-Brasil-1.pdf\">Hist\u00f3ria Econ\u00f4mica e Pol\u00edtica do Brasil<\/a><\/p>\n<p><a href=\"http:\/\/www2.unifap.br\/csociais\/files\/2024\/09\/Introducao-a-Antropologia-1.pdf\">Introdu\u00e7\u00e3o \u00e0 Antropologia<\/a><\/p>\n<p><a href=\"http:\/\/www2.unifap.br\/csociais\/files\/2024\/09\/Introducao-a-Ciencia-Politica-1.pdf\">Introdu\u00e7\u00e3o \u00e0 Ci\u00eancia Pol\u00edtica<\/a><\/p>\n<p><a href=\"http:\/\/www2.unifap.br\/csociais\/files\/2024\/09\/Introducao-a-Teoria-Sociologica-1.pdf\">Introdu\u00e7\u00e3o \u00e0 Teoria Sociol\u00f3gica<\/a><\/p>\n<p><a href=\"http:\/\/www2.unifap.br\/csociais\/files\/2024\/09\/Leitura-e-Producao-de-Texto-1.pdf\">Leitura e Produ\u00e7\u00e3o de Texto<\/a><\/p>\n<p><a href=\"http:\/\/www2.unifap.br\/csociais\/files\/2024\/09\/LIBRAS-1.pdf\">LIBRAS<\/a><\/p>\n<p><a href=\"http:\/\/www2.unifap.br\/csociais\/files\/2024\/09\/Metodos-e-Tecnicas-de-Pesquisa-1.pdf\">M\u00e9todos e T\u00e9cnicas de Pesquisa<\/a><\/p>\n<p><a href=\"http:\/\/www2.unifap.br\/csociais\/files\/2024\/09\/Pensamento-Politico-1.pdf\">Pensamento Pol\u00edtico<\/a><\/p>\n<p><a href=\"http:\/\/www2.unifap.br\/csociais\/files\/2024\/09\/Planejamento-Educacional-1.pdf\">Planejamento Educacional<\/a><\/p>\n<p><a href=\"http:\/\/www2.unifap.br\/csociais\/files\/2024\/09\/Politica-Contemporanea-1.pdf\">Pol\u00edtica Contempor\u00e2nea<\/a><\/p>\n<p><a href=\"http:\/\/www2.unifap.br\/csociais\/files\/2024\/09\/Politica-e-Legislacao-Educacional-Brasileira-POLEB-1.pdf\">Pol\u00edtica e Legisla\u00e7\u00e3o Educacional Brasileira &#8211; POLEB<\/a><\/p>\n<p><a href=\"http:\/\/www2.unifap.br\/csociais\/files\/2024\/09\/Pratica-de-Ensino-I-1.pdf\">Pr\u00e1tica de Ensino I<\/a><\/p>\n<p><a href=\"http:\/\/www2.unifap.br\/csociais\/files\/2024\/09\/Pratica-de-Ensino-II-1.pdf\">Pr\u00e1tica de Ensino II<\/a><\/p>\n<p><a href=\"http:\/\/www2.unifap.br\/csociais\/files\/2024\/09\/Pratica-de-Ensino-III-1.pdf\">Pr\u00e1tica de Ensino III<\/a><\/p>\n<p><a href=\"http:\/\/www2.unifap.br\/csociais\/files\/2024\/09\/Pratica-de-Ensino-IV-1.pdf\">Pr\u00e1tica de Ensino IV<\/a><\/p>\n<p><a href=\"http:\/\/www2.unifap.br\/csociais\/files\/2024\/09\/Psicologia-do-Desenvolvimento-e-Aprendizagem-1.pdf\">Psicologia do Desenvolvimento e Aprendizagem<\/a><\/p>\n<p><a href=\"http:\/\/www2.unifap.br\/csociais\/files\/2024\/09\/Seminario-de-Trabalho-de-Conclusao-de-Curso-1.pdf\">Semin\u00e1rio de Trabalho de Conclus\u00e3o de Curso<\/a><\/p>\n<p><a href=\"http:\/\/www2.unifap.br\/csociais\/files\/2024\/09\/Sociologia-da-Amazonia-1.pdf\">Sociologia da Amaz\u00f4nia<\/a><\/p>\n<p><a href=\"http:\/\/www2.unifap.br\/csociais\/files\/2024\/09\/Sociologia-da-Educacao-I-1.pdf\">Sociologia da Educa\u00e7\u00e3o I<\/a><\/p>\n<p><a href=\"http:\/\/www2.unifap.br\/csociais\/files\/2024\/09\/Sociologia-do-Trabalho-1.pdf\">Sociologia do Trabalho<\/a><\/p>\n<p><a href=\"http:\/\/www2.unifap.br\/csociais\/files\/2024\/09\/Sociologia-Urbana-e-Rural-1.pdf\">Sociologia Urbana e Rural<\/a><\/p>\n<p><a href=\"http:\/\/www2.unifap.br\/csociais\/files\/2024\/09\/Teoria-Antropologica-1.pdf\">Teoria Antropol\u00f3gica<\/a><\/p>\n<p><a href=\"http:\/\/www2.unifap.br\/csociais\/files\/2024\/09\/Teoria-Politica-Moderna-1.pdf\">Teoria Pol\u00edtica Moderna<\/a><\/p>\n<p><a href=\"http:\/\/www2.unifap.br\/csociais\/files\/2024\/09\/Teoria-Sociologica-Classica-I-1.pdf\">Teoria Sociol\u00f3gica Cl\u00e1ssica I<\/a><\/p>\n<p><a href=\"http:\/\/www2.unifap.br\/csociais\/files\/2024\/09\/Teoria-Sociologica-Classica-II-1.pdf\">Teoria Sociol\u00f3gica Cl\u00e1ssica II<\/a><\/p>\n<p><a href=\"http:\/\/www2.unifap.br\/csociais\/files\/2024\/09\/Teoria-Sociologica-Contemporanea-I-1.pdf\">Teoria Sociol\u00f3gica Contempor\u00e2nea I<\/a><\/p>\n<p><a href=\"http:\/\/www2.unifap.br\/csociais\/files\/2024\/09\/Teoria-Sociologica-Contemporanea-II-1.pdf\">Teoria Sociol\u00f3gica Contempor\u00e2nea II<\/a><\/p>\n<p><a href=\"http:\/\/www2.unifap.br\/csociais\/files\/2024\/09\/Bioetica-1.pdf\">Bio\u00e9tica<\/a><\/p>\n<p><a href=\"http:\/\/www2.unifap.br\/csociais\/files\/2024\/09\/Direito-Ambiental-1.pdf\">Direito Ambiental<\/a><\/p>\n<p><a href=\"http:\/\/www2.unifap.br\/csociais\/files\/2024\/09\/Geografia-da-Amazonia-1.pdf\">Geografia da Amaz\u00f4nia<\/a><\/p>\n<p><a href=\"http:\/\/www2.unifap.br\/csociais\/files\/2024\/09\/Historia-da-Amazonia-1.pdf\">Hist\u00f3ria da Amaz\u00f4nia<\/a><\/p>\n<p><a href=\"http:\/\/www2.unifap.br\/csociais\/files\/2024\/09\/Planejamento-Ambiental-1.pdf\">Planejamento Ambiental<\/a><\/p>\n<p><a href=\"http:\/\/www2.unifap.br\/csociais\/files\/2024\/09\/Economia-e-Meio-Ambiente-1.pdf\">Economia e Meio Ambiente<\/a><\/p>\n<p><a href=\"http:\/\/www2.unifap.br\/csociais\/files\/2024\/09\/Etica-Geral-e-Profissional-1.pdf\">\u00c9tica Geral e Profissional<\/a><\/p>\n<p><a href=\"http:\/\/www2.unifap.br\/csociais\/files\/2024\/09\/Formacao-Economica-da-Amazonia-1.pdf\">Forma\u00e7\u00e3o Econ\u00f4mica da Amaz\u00f4nia<\/a><\/p>\n<p><a href=\"http:\/\/www2.unifap.br\/csociais\/files\/2024\/09\/Metodos-de-Pesquisa-em-Antropologia-1.pdf\">M\u00e9todos de Pesquisa em Antropologia<\/a><\/p>\n<p><a href=\"http:\/\/www2.unifap.br\/csociais\/files\/2024\/09\/Politica-Brasileira-1.pdf\">Pol\u00edtica Brasileira<\/a><\/p>\n<p><a href=\"http:\/\/www2.unifap.br\/csociais\/files\/2024\/09\/Topicos-Especiais-em-Antropologia-1.pdf\">T\u00f3picos Especiais em Antropologia<\/a><\/p>\n<p><a href=\"http:\/\/www2.unifap.br\/csociais\/files\/2024\/09\/Topicos-Especiais-em-Politica-1.pdf\">T\u00f3picos Especiais em Pol\u00edtica<\/a><\/p>\n<p><a href=\"http:\/\/www2.unifap.br\/csociais\/files\/2024\/09\/Topicos-Especiais-em-Sociologia-1.pdf\">T\u00f3picos Especiais em Sociologia<\/a><\/p>\n<p>&nbsp;<\/p>\n<p>&nbsp;<\/p>\n","protected":false},"excerpt":{"rendered":"<p>Clique na disciplina desejada para abrir Antropologia Brasileira Atividades Complementares Avalia\u00e7\u00e3o Educacional Did\u00e1tica Geral Economia Pol\u00edtica Educa\u00e7\u00e3o e Rela\u00e7\u00f5es \u00c9tnicas Raciais Educa\u00e7\u00e3o Inclusiva para Pessoas com Necessidades Especiais Est\u00e1gio Supervisionado em Doc\u00eancia I Est\u00e1gio Supervisionado em Doc\u00eancia II Est\u00e1gio Supervisionado em Doc\u00eancia III Est\u00e1gio Supervisionado em Doc\u00eancia IV Estat\u00edstica Aplicada Etnologia da Amaz\u00f4nia Filosofia da&#8230;<\/p>\n","protected":false},"author":399,"featured_media":0,"parent":451,"menu_order":0,"comment_status":"open","ping_status":"open","template":"","meta":{"inline_featured_image":false,"ngg_post_thumbnail":0,"footnotes":""},"class_list":["post-1247","page","type-page","status-publish","hentry","entry"],"_links":{"self":[{"href":"https:\/\/www2.unifap.br\/csociais\/wp-json\/wp\/v2\/pages\/1247","targetHints":{"allow":["GET"]}}],"collection":[{"href":"https:\/\/www2.unifap.br\/csociais\/wp-json\/wp\/v2\/pages"}],"about":[{"href":"https:\/\/www2.unifap.br\/csociais\/wp-json\/wp\/v2\/types\/page"}],"author":[{"embeddable":true,"href":"https:\/\/www2.unifap.br\/csociais\/wp-json\/wp\/v2\/users\/399"}],"replies":[{"embeddable":true,"href":"https:\/\/www2.unifap.br\/csociais\/wp-json\/wp\/v2\/comments?post=1247"}],"version-history":[{"count":7,"href":"https:\/\/www2.unifap.br\/csociais\/wp-json\/wp\/v2\/pages\/1247\/revisions"}],"predecessor-version":[{"id":2451,"href":"https:\/\/www2.unifap.br\/csociais\/wp-json\/wp\/v2\/pages\/1247\/revisions\/2451"}],"up":[{"embeddable":true,"href":"https:\/\/www2.unifap.br\/csociais\/wp-json\/wp\/v2\/pages\/451"}],"wp:attachment":[{"href":"https:\/\/www2.unifap.br\/csociais\/wp-json\/wp\/v2\/media?parent=1247"}],"curies":[{"name":"wp","href":"https:\/\/api.w.org\/{rel}","templated":true}]}}