{"id":16,"date":"2009-05-22T10:37:40","date_gmt":"2009-05-22T13:37:40","guid":{"rendered":"http:\/\/pororoca.unifap.br\/csociais\/?page_id=16"},"modified":"2024-09-25T18:29:46","modified_gmt":"2024-09-25T18:29:46","slug":"coordenacao","status":"publish","type":"page","link":"https:\/\/www2.unifap.br\/csociais\/coordenacao\/","title":{"rendered":"Equipe da Coordena\u00e7\u00e3o"},"content":{"rendered":"<p><strong>Bacharelado em Ci\u00eancias Sociais<\/strong><\/p>\n<p>Coordenador: Emanuel Leal de Lima<\/p>\n<p>Vice-Coordenadora: Adriana Ten\u00f3rio da Silva<\/p>\n<p>Assistente Administrativo:&nbsp;<\/p>\n<p>Hor\u00e1rio de Atendimento: De segunda a sexta das 8h00 \u00e0s 17h00.<\/p>\n<p>*Durante a pandemia, o atendimento se d\u00e1 exclusivamente de maneira remota.<\/p>\n<p>&nbsp;<\/p>\n<p><strong>Licenciatura em Sociologia<\/strong><\/p>\n<p>Coordenador: Luciano Magnus de Ara\u00fajo<\/p>\n<p>Vice-Coordenador: David J\u00fanior de Souza Silva<\/p>\n<p>Assistente Administrativo: Ricardo Trindade Rodrigues<\/p>\n<p>Hor\u00e1rio de Atendimento: De segunda a sexta das 14h \u00e0s 21 h.<\/p>\n<p>Agendamentos em outros hor\u00e1rios: Prof. Luciano: 98117.7450 (whatsapp)<\/p>\n<p>*Durante a pandemia, o atendimento se d\u00e1 exclusivamente de maneira remota.<\/p>\n","protected":false},"excerpt":{"rendered":"<p>Bacharelado em Ci\u00eancias Sociais Coordenador: Emanuel Leal de Lima Vice-Coordenadora: Adriana Ten\u00f3rio da Silva Assistente Administrativo:&nbsp; Hor\u00e1rio de Atendimento: De segunda a sexta das 8h00 \u00e0s 17h00. *Durante a pandemia, o atendimento se d\u00e1 exclusivamente de maneira remota. &nbsp; Licenciatura em Sociologia Coordenador: Luciano Magnus de Ara\u00fajo Vice-Coordenador: David J\u00fanior de Souza Silva Assistente Administrativo:&#8230;<\/p>\n","protected":false},"author":59,"featured_media":0,"parent":0,"menu_order":0,"comment_status":"closed","ping_status":"closed","template":"","meta":{"inline_featured_image":false,"ngg_post_thumbnail":0,"footnotes":""},"class_list":["post-16","page","type-page","status-publish","hentry","entry"],"_links":{"self":[{"href":"https:\/\/www2.unifap.br\/csociais\/wp-json\/wp\/v2\/pages\/16","targetHints":{"allow":["GET"]}}],"collection":[{"href":"https:\/\/www2.unifap.br\/csociais\/wp-json\/wp\/v2\/pages"}],"about":[{"href":"https:\/\/www2.unifap.br\/csociais\/wp-json\/wp\/v2\/types\/page"}],"author":[{"embeddable":true,"href":"https:\/\/www2.unifap.br\/csociais\/wp-json\/wp\/v2\/users\/59"}],"replies":[{"embeddable":true,"href":"https:\/\/www2.unifap.br\/csociais\/wp-json\/wp\/v2\/comments?post=16"}],"version-history":[{"count":18,"href":"https:\/\/www2.unifap.br\/csociais\/wp-json\/wp\/v2\/pages\/16\/revisions"}],"predecessor-version":[{"id":2470,"href":"https:\/\/www2.unifap.br\/csociais\/wp-json\/wp\/v2\/pages\/16\/revisions\/2470"}],"wp:attachment":[{"href":"https:\/\/www2.unifap.br\/csociais\/wp-json\/wp\/v2\/media?parent=16"}],"curies":[{"name":"wp","href":"https:\/\/api.w.org\/{rel}","templated":true}]}}