{"id":20,"date":"2009-05-22T10:49:56","date_gmt":"2009-05-22T13:49:56","guid":{"rendered":"http:\/\/pororoca.unifap.br\/csociais\/?page_id=20"},"modified":"2021-11-15T14:31:29","modified_gmt":"2021-11-15T14:31:29","slug":"secretaria","status":"publish","type":"page","link":"https:\/\/www2.unifap.br\/csociais\/licenciatura-em-ciencias-sociais\/secretaria\/","title":{"rendered":"Ementas das Disciplinas"},"content":{"rendered":"<p style=\"text-align: center\"><strong>Clique na disciplina desejada para abrir<\/strong><\/p>\n<p style=\"text-align: left\"><a href=\"http:\/\/www2.unifap.br\/csociais\/files\/2012\/01\/ANTROPOLOGIA-BRASILEIRA.pdf\">Antropologia Brasileira<\/a><br \/>\n<a href=\"http:\/\/www2.unifap.br\/csociais\/files\/2012\/01\/csociais-ANTROPOLOGIA-SOCIAL.pdf\">Antropologia Social<\/a><br \/>\n<a href=\"http:\/\/www2.unifap.br\/csociais\/files\/2012\/01\/csociais-CI\u00caNCIA-POLTICA-I.pdf\">Ci\u00eancia Pol\u00edtica I<\/a><br \/>\n<a href=\"http:\/\/www2.unifap.br\/csociais\/files\/2012\/01\/csociais-CI\u00caNCIA-POLTICA-II.pdf\">Ci\u00eancia Pol\u00edtca II<\/a><br \/>\n<a href=\"http:\/\/www2.unifap.br\/csociais\/files\/2012\/01\/csociais-CULTURA-BRASILEIRA.pdf\">Cultura Brasileira<\/a><br \/>\n<a href=\"http:\/\/www2.unifap.br\/csociais\/files\/2012\/01\/csociais-DIDTICA-GERAL.pdf\">Did\u00e1tica Geral<\/a><br \/>\n<a href=\"http:\/\/www2.unifap.br\/csociais\/files\/2012\/01\/csociais-DIREITO-AMBIENTAL.pdf\">Direito Ambiental<\/a><br \/>\n<a href=\"http:\/\/www2.unifap.br\/csociais\/files\/2016\/02\/Economia-Pol\u00edtica.pdf\">Economia Pol\u00edtica<\/a><br \/>\n<a href=\"http:\/\/www2.unifap.br\/csociais\/files\/2012\/01\/csociais-ESTATISTICA-APLICADA-AS-CIENCIAS-SOCIAIS.pdf\">Estat\u00edstica Aplicada as Ci\u00eancias Sociais<\/a><br \/>\n<a href=\"http:\/\/www2.unifap.br\/csociais\/files\/2012\/01\/csociais-ESTATSTICA-GERAL.pdf\">Estat\u00edstica Geral<\/a><br \/>\n<a href=\"http:\/\/www2.unifap.br\/csociais\/files\/2012\/01\/csociais-ESTRUTURA-E-FUNCIONAMENTO-DO-ENSINODE-1-E-2-GRAUS.pdf\">Estrutura e Funcionamento do Ensino de 1\u00ba e 2\u00ba Graus<\/a><br \/>\n<a href=\"http:\/\/www2.unifap.br\/csociais\/files\/2012\/01\/csociais-ETICA-PROGRAMA-CINCIAS-SOCIAIS.pdf\">\u00c9tica Geral e Profissional<\/a><br \/>\n<a href=\"http:\/\/www2.unifap.br\/csociais\/files\/2012\/01\/csociais-ETNOLOGIA-DA-AMAZNIA.pdf\">Etnologia da Amaz\u00f4nia<\/a><br \/>\n<a href=\"http:\/\/www2.unifap.br\/csociais\/files\/2012\/01\/csociais-GEOGRAFIA-HUMANA-E-ECONMICA.pdf\">Geografia Humana e Econ\u00f4mica<\/a><br \/>\n<a href=\"http:\/\/www2.unifap.br\/csociais\/files\/2012\/01\/csociais-HISTRIA-ECONMICA-E-POLTICA-DO-BRASIL.pdf\">Hist\u00f3ria Econ\u00f4mica e Pol\u00edtica do Brasil<\/a><br \/>\n<a href=\"http:\/\/www2.unifap.br\/csociais\/files\/2012\/01\/csociais-Documento-em-historia-economica-e-social-da-amaznia.pdf\">Hist\u00f3ria Econ\u00f4nmica e Social da Amaz\u00f4nia<\/a><br \/>\n<a href=\"http:\/\/www2.unifap.br\/csociais\/files\/2012\/01\/csociais-INTRODUO--FILOSOFIA.pdf\">Introdu\u00e7\u00e3o \u00e0 Filosofia<\/a><br \/>\n<a href=\"http:\/\/www2.unifap.br\/csociais\/files\/2012\/01\/csociais-INTRODUCAO-A-SOCIOLOGIA.pdf\">Introdu\u00e7\u00e3o \u00e0 Sociologia<\/a><\/p>\n<p style=\"text-align: left\"><a href=\"http:\/\/www2.unifap.br\/csociais\/files\/2016\/02\/Leitura-e-Produ\u00e7\u00e3o-de-Texto1.pdf\">Leitura e Produ\u00e7\u00e3o de Texto<\/a><\/p>\n<p style=\"text-align: left\"><a href=\"http:\/\/www2.unifap.br\/csociais\/files\/2016\/03\/Lingua-Portuguesa-e-Comunica\u00e7\u00e3o.pdf\">Lingua Portuguesa e Comunica\u00e7\u00e3o<\/a><\/p>\n<p style=\"text-align: left\"><a href=\"http:\/\/www2.unifap.br\/csociais\/files\/2016\/03\/Libras.pdf\">Libras<\/a><\/p>\n<p style=\"text-align: left\"><a href=\"http:\/\/www2.unifap.br\/csociais\/files\/2012\/01\/csociais-Documento-em-METODOS-E-TECNICAS-DE-PESQUISA-DAS-C.-SOCIAIS-I.pdf\">Met. e Tec. Pesq. das Ci\u00eancias Sociais I<\/a><br \/>\n<a href=\"http:\/\/www2.unifap.br\/csociais\/files\/2012\/01\/csociais-Documento-em-METODOS-E-TECNICAS-DE-PESQUISA-DAS-C.-SOCIAIS-II.pdf\">Met. e Tec. Pesq. das Ci\u00eancias Sociais II<\/a><br \/>\n<a href=\"http:\/\/www2.unifap.br\/csociais\/files\/2012\/01\/csociais-PENSAMENTO-CIENTFICO-E-MEIO-AMBIENTE.pdf\">Pensamento Cient\u00edfico e Meio Ambiente<\/a><br \/>\n<a href=\"http:\/\/www2.unifap.br\/csociais\/files\/2012\/01\/csociais-Documento-em-PENSAMENTO-POLTICO-BRASILEIRO.pdf\">Pensamento Pol\u00edtico Brasileiro<\/a><br \/>\n<a href=\"http:\/\/www2.unifap.br\/csociais\/files\/2012\/01\/csociais-Documento-em-PESQUISA-DE-OPINIO.pdf\">Pesquisa de Opni\u00e3o<\/a><br \/>\n<a href=\"http:\/\/www2.unifap.br\/csociais\/files\/2012\/01\/csociais-PLANEJAMENTO-AMBIENTAL.pdf\">Planejamento Ambiental<\/a><br \/>\n<a href=\"http:\/\/www2.unifap.br\/csociais\/files\/2012\/01\/csociais-POPULAOES-TRADICIONAIS-E-MEIO-AMBIENTE..pdf\">Popula\u00e7\u00f5es Tradicionais e Meio Ambiente<\/a><br \/>\n<a href=\"http:\/\/www2.unifap.br\/csociais\/files\/2012\/01\/csociais-Documento-em-PR\u00c1TICA-DE-ENSINO.pdf\">Pr\u00e1tica de Ensino<\/a><br \/>\n<a href=\"http:\/\/www2.unifap.br\/csociais\/files\/2012\/01\/csociais-Documento-em-PSICOLOGIA-DA-EDUCAO.pdf\">Psicologia da Educa\u00e7\u00e3o<\/a><br \/>\n<a href=\"http:\/\/www2.unifap.br\/csociais\/files\/2012\/01\/csociais-Documento-em-SOCIOLOGIA-CONTEMPORNEA.pdf\">Sociologia Contempor\u00e2nea<\/a><br \/>\n<a href=\"http:\/\/www2.unifap.br\/csociais\/files\/2012\/01\/csociais-SOCIOLOGIA-DA-EDUCAO.pdf\">Sociologia da Educa\u00e7\u00e3o<\/a><br \/>\n<a href=\"http:\/\/www2.unifap.br\/csociais\/files\/2012\/01\/csociais-Documento-em-SOCIOLOGIA-DO-TRABALHO.pdf\">Sociologia do Trabalho<\/a><br \/>\n<a href=\"http:\/\/www2.unifap.br\/csociais\/files\/2012\/01\/csociais-Documento-em-SOCIOLOGIA-DOS-MOVIMENTOS-SOCIAIS.pdf\">Sociologia dos Movimentos Sociais<\/a><br \/>\n<a href=\"http:\/\/www2.unifap.br\/csociais\/files\/2012\/01\/csociais-Documento-em-Sociologia-Durkheim.pdf\">Sociologia Durkheiminiana<\/a><br \/>\n<a href=\"http:\/\/www2.unifap.br\/csociais\/files\/2012\/01\/csociais-Documento-em-SOCIOLOGIA-MARXISTA.pdf\">Sociologia Marxista<\/a><br \/>\n<a href=\"http:\/\/www2.unifap.br\/csociais\/files\/2012\/01\/csociais-Documento-em-SOCIOLOGIA-RURAL.pdf\">Sociologia Rural<\/a><br \/>\n<a href=\"http:\/\/www2.unifap.br\/csociais\/files\/2012\/01\/csociais-Documento-em-SOCIOLOGIA-URBANA.pdf\">Sociologia Urbana<\/a><br \/>\n<a href=\"http:\/\/www2.unifap.br\/csociais\/files\/2012\/01\/csociais-Documento-em-SOCIOLOGIA-WEBERIANA.pdf\">Sociologia Weberiana<\/a><br \/>\n<a href=\"http:\/\/www2.unifap.br\/csociais\/files\/2012\/01\/csociais-Documento-em-TRABALHO-DE-CONCLUSO-DE-CURSO.pdf\">Trabalho de Conclus\u00e3o de Curso<\/a><\/p>\n","protected":false},"excerpt":{"rendered":"<p>Clique na disciplina desejada para abrir Antropologia Brasileira Antropologia Social Ci\u00eancia Pol\u00edtica I Ci\u00eancia Pol\u00edtca II Cultura Brasileira Did\u00e1tica Geral Direito Ambiental Economia Pol\u00edtica Estat\u00edstica Aplicada as Ci\u00eancias Sociais Estat\u00edstica Geral Estrutura e Funcionamento do Ensino de 1\u00ba e 2\u00ba Graus \u00c9tica Geral e Profissional Etnologia da Amaz\u00f4nia Geografia Humana e Econ\u00f4mica Hist\u00f3ria Econ\u00f4mica e&#8230;<\/p>\n","protected":false},"author":59,"featured_media":0,"parent":439,"menu_order":0,"comment_status":"closed","ping_status":"closed","template":"","meta":{"inline_featured_image":false,"ngg_post_thumbnail":0,"footnotes":""},"class_list":["post-20","page","type-page","status-publish","hentry","entry"],"_links":{"self":[{"href":"https:\/\/www2.unifap.br\/csociais\/wp-json\/wp\/v2\/pages\/20","targetHints":{"allow":["GET"]}}],"collection":[{"href":"https:\/\/www2.unifap.br\/csociais\/wp-json\/wp\/v2\/pages"}],"about":[{"href":"https:\/\/www2.unifap.br\/csociais\/wp-json\/wp\/v2\/types\/page"}],"author":[{"embeddable":true,"href":"https:\/\/www2.unifap.br\/csociais\/wp-json\/wp\/v2\/users\/59"}],"replies":[{"embeddable":true,"href":"https:\/\/www2.unifap.br\/csociais\/wp-json\/wp\/v2\/comments?post=20"}],"version-history":[{"count":11,"href":"https:\/\/www2.unifap.br\/csociais\/wp-json\/wp\/v2\/pages\/20\/revisions"}],"predecessor-version":[{"id":2098,"href":"https:\/\/www2.unifap.br\/csociais\/wp-json\/wp\/v2\/pages\/20\/revisions\/2098"}],"up":[{"embeddable":true,"href":"https:\/\/www2.unifap.br\/csociais\/wp-json\/wp\/v2\/pages\/439"}],"wp:attachment":[{"href":"https:\/\/www2.unifap.br\/csociais\/wp-json\/wp\/v2\/media?parent=20"}],"curies":[{"name":"wp","href":"https:\/\/api.w.org\/{rel}","templated":true}]}}