{"id":2115,"date":"2021-11-16T19:21:08","date_gmt":"2021-11-16T19:21:08","guid":{"rendered":"http:\/\/www2.unifap.br\/csociais\/?page_id=2115"},"modified":"2024-09-05T20:07:18","modified_gmt":"2024-09-05T20:07:18","slug":"matriz-curricular","status":"publish","type":"page","link":"https:\/\/www2.unifap.br\/csociais\/licenciatura-em-sociologia\/matriz-curricular\/","title":{"rendered":"Matriz Curricular"},"content":{"rendered":"<p style=\"text-align: center\"><strong>Baixar arquivo em PDF &gt;&nbsp;<a href=\"http:\/\/www2.unifap.br\/csociais\/files\/2014\/01\/Matriz-Curricular-Licenciatura-em-Sociologia.pdf\">Matriz Curricular &#8211; Licenciatura em Sociologia<\/a><\/strong><\/p>\n<p>&nbsp;<\/p>\n<p>&nbsp;<\/p>\n<div>\n<table border=\"1\" width=\"598\" cellspacing=\"0\" cellpadding=\"0\">\n<tbody>\n<tr>\n<td valign=\"top\" width=\"138\"><strong>BLOCO<\/strong><\/td>\n<td valign=\"top\" width=\"236\"><strong>DISCIPLINA<\/strong><\/td>\n<td colspan=\"2\" valign=\"top\" width=\"85\"><strong>CARGA HOR\u00c1RIA<\/strong><\/td>\n<td valign=\"top\" width=\"138\"><strong>PR\u00c9-REQUISITO<\/strong><\/td>\n<\/tr>\n<tr>\n<td valign=\"top\" width=\"138\"><strong>HIST\u00d3RIA<\/strong><\/td>\n<td valign=\"top\" width=\"236\">Hist\u00f3ria Econ\u00f4mica e Social do Brasil<\/td>\n<td colspan=\"2\" valign=\"top\" width=\"85\">60<\/td>\n<td valign=\"top\" width=\"138\">&#8211;<\/td>\n<\/tr>\n<tr>\n<td colspan=\"5\" valign=\"top\" width=\"598\">&nbsp;<\/td>\n<\/tr>\n<tr>\n<td valign=\"top\" width=\"138\"><strong>GEOGRAFIA <\/strong><\/td>\n<td valign=\"top\" width=\"236\">Geografia Humana e Econ\u00f4mica do Brasil<\/td>\n<td colspan=\"2\" valign=\"top\" width=\"85\">60<\/td>\n<td valign=\"top\" width=\"138\">&#8211;<\/td>\n<\/tr>\n<tr>\n<td colspan=\"5\" valign=\"top\" width=\"598\">&nbsp;<\/td>\n<\/tr>\n<tr>\n<td rowspan=\"10\" valign=\"top\" width=\"138\">&nbsp;<\/p>\n<p>&nbsp;<\/p>\n<p>&nbsp;<\/p>\n<p><strong>PEDAGOGICAS<\/strong><\/td>\n<td valign=\"top\" width=\"236\">Did\u00e1tica Geral<\/td>\n<td colspan=\"2\" valign=\"top\" width=\"85\">75<\/td>\n<td valign=\"top\" width=\"138\">&#8211;<\/td>\n<\/tr>\n<tr>\n<td valign=\"top\" width=\"236\">Avalia\u00e7\u00e3o Educacional<\/td>\n<td colspan=\"2\" valign=\"top\" width=\"85\">75<\/td>\n<td valign=\"top\" width=\"138\">&#8211;<\/td>\n<\/tr>\n<tr>\n<td valign=\"top\" width=\"236\">Planejamento Educacional<\/td>\n<td colspan=\"2\" valign=\"top\" width=\"85\">75<\/td>\n<td valign=\"top\" width=\"138\">&#8211;<\/td>\n<\/tr>\n<tr>\n<td valign=\"top\" width=\"236\">Pol\u00edtica e Legisla\u00e7\u00e3o Educacional Brasileira-POLEB<\/td>\n<td colspan=\"2\" valign=\"top\" width=\"85\">75<\/td>\n<td valign=\"top\" width=\"138\">&#8211;<\/td>\n<\/tr>\n<tr>\n<td valign=\"top\" width=\"236\">Psicologia do Desenvolvimento e Aprendizagem<\/td>\n<td colspan=\"2\" valign=\"top\" width=\"85\">90<\/td>\n<td valign=\"top\" width=\"138\">&#8211;<\/td>\n<\/tr>\n<tr>\n<td valign=\"top\" width=\"236\">Educa\u00e7\u00e3o e Rela\u00e7\u00f5es \u00c9tnicas Raciais &#8211; inter<\/td>\n<td colspan=\"2\" valign=\"top\" width=\"85\">75<\/td>\n<td valign=\"top\" width=\"138\">&#8211;<\/td>\n<\/tr>\n<tr>\n<td valign=\"top\" width=\"236\">Educa\u00e7\u00e3o Inclusiva para Pessoas com Necessidades Especiais<\/td>\n<td colspan=\"2\" valign=\"top\" width=\"85\">75<\/td>\n<td valign=\"top\" width=\"138\">&#8211;<\/td>\n<\/tr>\n<tr>\n<td valign=\"top\" width=\"236\">Sociologia da Educa\u00e7\u00e3o I<\/td>\n<td colspan=\"2\" valign=\"top\" width=\"85\">60<\/td>\n<td valign=\"top\" width=\"138\">&#8211;<\/td>\n<\/tr>\n<tr>\n<td valign=\"top\" width=\"236\">Filosofia da Educa\u00e7\u00e3o<\/td>\n<td colspan=\"2\" valign=\"top\" width=\"85\">60<\/td>\n<td valign=\"top\" width=\"138\">&#8211;<\/td>\n<\/tr>\n<tr>\n<td valign=\"top\" width=\"236\">LIBRAS<\/td>\n<td colspan=\"2\" valign=\"top\" width=\"85\">75<\/td>\n<td valign=\"top\" width=\"138\">&#8211;<\/td>\n<\/tr>\n<tr>\n<td colspan=\"5\" valign=\"top\" width=\"598\">&nbsp;<\/td>\n<\/tr>\n<tr>\n<td rowspan=\"7\" valign=\"top\" width=\"138\">&nbsp;<\/p>\n<p><strong>SOCIOLOGIA<\/strong><\/td>\n<td valign=\"top\" width=\"236\">Introdu\u00e7\u00e3o a Teoria sociol\u00f3gica<\/td>\n<td colspan=\"2\" valign=\"top\" width=\"85\">60<\/td>\n<td valign=\"top\" width=\"138\">&#8211;<\/td>\n<\/tr>\n<tr>\n<td valign=\"top\" width=\"236\">Teoria sociol\u00f3gica Cl\u00e1ssica I<\/td>\n<td colspan=\"2\" valign=\"top\" width=\"85\">60<\/td>\n<td valign=\"top\" width=\"138\">&#8211;<\/td>\n<\/tr>\n<tr>\n<td valign=\"top\" width=\"236\">Teoria sociol\u00f3gica Cl\u00e1ssica II<\/td>\n<td colspan=\"2\" valign=\"top\" width=\"85\">60<\/td>\n<td valign=\"top\" width=\"138\">&#8211;<\/td>\n<\/tr>\n<tr>\n<td valign=\"top\" width=\"236\">Teoria sociol\u00f3gica Contempor\u00e2nea I<\/td>\n<td colspan=\"2\" valign=\"top\" width=\"85\">60<\/td>\n<td valign=\"top\" width=\"138\">&#8211;<\/td>\n<\/tr>\n<tr>\n<td valign=\"top\" width=\"236\">Teoria sociol\u00f3gica Contempor\u00e2nea II<\/td>\n<td colspan=\"2\" valign=\"top\" width=\"85\">60<\/td>\n<td valign=\"top\" width=\"138\">&#8211;<\/td>\n<\/tr>\n<tr>\n<td valign=\"top\" width=\"236\">Sociologia da Amaz\u00f4nia<\/td>\n<td colspan=\"2\" valign=\"top\" width=\"85\">60<\/td>\n<td valign=\"top\" width=\"138\">&#8211;<\/td>\n<\/tr>\n<tr>\n<td valign=\"top\" width=\"236\">Sociologia Urbana e Rural<\/td>\n<td colspan=\"2\" valign=\"top\" width=\"85\">60<\/td>\n<td valign=\"top\" width=\"138\">&#8211;<\/td>\n<\/tr>\n<tr>\n<td colspan=\"5\" valign=\"top\" width=\"598\">&nbsp;<\/td>\n<\/tr>\n<tr>\n<td rowspan=\"4\" valign=\"top\" width=\"138\"><strong>ANTROPOLOGIA<\/strong><\/td>\n<td valign=\"top\" width=\"236\">Introdu\u00e7\u00e3o \u00e0 Antropologia<\/td>\n<td colspan=\"2\" valign=\"top\" width=\"85\">60<\/td>\n<td valign=\"top\" width=\"138\">&#8211;<\/td>\n<\/tr>\n<tr>\n<td valign=\"top\" width=\"236\">Teoria Antropol\u00f3gica<\/td>\n<td colspan=\"2\" valign=\"top\" width=\"85\">60<\/td>\n<td valign=\"top\" width=\"138\">&#8211;<\/td>\n<\/tr>\n<tr>\n<td valign=\"top\" width=\"236\">Antropologia Brasileira<\/td>\n<td colspan=\"2\" valign=\"top\" width=\"85\">60<\/td>\n<td valign=\"top\" width=\"138\">&#8211;<\/td>\n<\/tr>\n<tr>\n<td valign=\"top\" width=\"236\">Etnologia da Amaz\u00f4nia<\/td>\n<td colspan=\"2\" valign=\"top\" width=\"85\">60<\/td>\n<td valign=\"top\" width=\"138\">&#8211;<\/td>\n<\/tr>\n<tr>\n<td colspan=\"5\" valign=\"top\" width=\"598\">&nbsp;<\/td>\n<\/tr>\n<tr>\n<td rowspan=\"4\" valign=\"top\" width=\"138\"><strong>POL\u00cdTICA<\/strong><\/td>\n<td valign=\"top\" width=\"236\">Introdu\u00e7\u00e3o \u00e0 Ci\u00eancia Pol\u00edtica<\/td>\n<td colspan=\"2\" valign=\"top\" width=\"85\">60<\/td>\n<td valign=\"top\" width=\"138\">&#8211;<\/td>\n<\/tr>\n<tr>\n<td valign=\"top\" width=\"236\">Teoria Pol\u00edtica Moderna<\/td>\n<td colspan=\"2\" valign=\"top\" width=\"85\">60<\/td>\n<td valign=\"top\" width=\"138\">&#8211;<\/td>\n<\/tr>\n<tr>\n<td valign=\"top\" width=\"236\">Pol\u00edtica contempor\u00e2nea<\/td>\n<td colspan=\"2\" valign=\"top\" width=\"85\">60<\/td>\n<td valign=\"top\" width=\"138\">&nbsp;<\/td>\n<\/tr>\n<tr>\n<td valign=\"top\" width=\"236\">Pensamento Pol\u00edtico Brasileiro<\/td>\n<td colspan=\"2\" valign=\"top\" width=\"85\">60<\/td>\n<td valign=\"top\" width=\"138\">&#8211;<\/td>\n<\/tr>\n<tr>\n<td colspan=\"5\" valign=\"top\" width=\"598\">&nbsp;<\/td>\n<\/tr>\n<tr>\n<td valign=\"top\" width=\"138\"><strong>ECONOMIA<\/strong><\/td>\n<td valign=\"top\" width=\"236\">Economia Pol\u00edtica<\/td>\n<td colspan=\"2\" valign=\"top\" width=\"85\">60<\/td>\n<td valign=\"top\" width=\"138\">&#8211;<\/td>\n<\/tr>\n<tr>\n<td colspan=\"5\" valign=\"top\" width=\"598\">&nbsp;<\/td>\n<\/tr>\n<tr>\n<td valign=\"top\" width=\"138\"><strong>ESTAT\u00ccSTICA<\/strong><\/td>\n<td valign=\"top\" width=\"236\">Estat\u00edstica Aplicada<\/td>\n<td colspan=\"2\" valign=\"top\" width=\"85\">60<\/td>\n<td valign=\"top\" width=\"138\">&#8211;<\/td>\n<\/tr>\n<tr>\n<td colspan=\"5\" valign=\"top\" width=\"598\">&nbsp;<\/td>\n<\/tr>\n<tr>\n<td valign=\"top\" width=\"138\"><strong>METODOLOGIA E T\u00c9CNICAS DE PESQUISA<\/strong><\/td>\n<td valign=\"top\" width=\"236\">M\u00e9todos e T\u00e9cnicas de Pesquisa.<\/td>\n<td colspan=\"2\" valign=\"top\" width=\"85\">60<\/td>\n<td valign=\"top\" width=\"138\">&#8211;<\/td>\n<\/tr>\n<tr>\n<td colspan=\"5\" valign=\"top\" width=\"598\">&nbsp;<\/td>\n<\/tr>\n<tr>\n<td valign=\"top\" width=\"138\"><strong>L\u00cdNGUA PORTUGUESA<\/strong><\/td>\n<td valign=\"top\" width=\"236\">Leitura e Produ\u00e7\u00e3o de Texto<\/td>\n<td valign=\"top\" width=\"82\">60<\/td>\n<td colspan=\"2\" valign=\"top\" width=\"141\">&#8211;<\/td>\n<\/tr>\n<tr>\n<td colspan=\"5\" valign=\"top\" width=\"598\">&nbsp;<\/td>\n<\/tr>\n<tr>\n<td valign=\"top\" width=\"138\"><strong>FILOSOFIA<\/strong><\/td>\n<td valign=\"top\" width=\"236\">Filosofia<\/td>\n<td colspan=\"2\" valign=\"top\" width=\"85\">60<\/td>\n<td valign=\"top\" width=\"138\">&#8211;<\/td>\n<\/tr>\n<tr>\n<td colspan=\"5\" valign=\"top\" width=\"598\">&nbsp;<\/td>\n<\/tr>\n<tr>\n<td rowspan=\"3\" valign=\"top\" width=\"138\"><strong>DISCIPLINAS PR\u00c1TICAS<\/strong>&nbsp;<\/td>\n<td valign=\"top\" width=\"236\">Semin\u00e1rio de Trabalho de Conclus\u00e3o de Curso<\/td>\n<td colspan=\"2\" valign=\"top\" width=\"85\">60<\/td>\n<td valign=\"top\" width=\"138\">&#8211;<\/td>\n<\/tr>\n<tr>\n<td valign=\"top\" width=\"236\">Pr\u00e1tica de Ensino<\/td>\n<td colspan=\"2\" valign=\"top\" width=\"85\">420<\/td>\n<td valign=\"top\" width=\"138\">&#8211;<\/td>\n<\/tr>\n<tr>\n<td valign=\"top\" width=\"236\">Est\u00e1gio Supervisionando Em Doc\u00eancia<\/td>\n<td colspan=\"2\" valign=\"top\" width=\"85\">420<\/td>\n<td valign=\"top\" width=\"138\">&nbsp;<\/td>\n<\/tr>\n<tr>\n<td rowspan=\"2\" valign=\"top\" width=\"138\"><strong>CONT\u00c9UDOS LIVRES<\/strong><\/td>\n<td valign=\"top\" width=\"236\">Atividades Curriculares Complementares<\/td>\n<td colspan=\"2\" valign=\"top\" width=\"85\">210<\/td>\n<td valign=\"top\" width=\"138\">&#8211;<\/td>\n<\/tr>\n<tr>\n<td valign=\"top\" width=\"236\">Disciplinas Optativas<\/td>\n<td colspan=\"2\" valign=\"top\" width=\"85\">240<\/td>\n<td valign=\"top\" width=\"138\">&nbsp;<\/td>\n<\/tr>\n<tr>\n<td width=\"138\">&nbsp;<\/td>\n<td width=\"236\">&nbsp;<\/td>\n<td width=\"82\">&nbsp;<\/td>\n<td width=\"3\">&nbsp;<\/td>\n<td width=\"138\">&nbsp;<\/td>\n<\/tr>\n<\/tbody>\n<\/table>\n<\/div>\n<p>&nbsp;<\/p>\n<p><strong>OPTATIVAS<\/strong><\/p>\n<table border=\"1\" width=\"593\" cellspacing=\"0\" cellpadding=\"0\">\n<tbody>\n<tr>\n<td valign=\"top\" width=\"291\">\u00c9tica geral e Profissional<\/td>\n<td valign=\"top\" width=\"170\">60<\/td>\n<td valign=\"top\" width=\"132\">&#8211;<\/td>\n<\/tr>\n<tr>\n<td valign=\"top\" width=\"291\">T\u00f3picos Especiais em Antropologia<\/td>\n<td valign=\"top\" width=\"170\">60<\/td>\n<td valign=\"top\" width=\"132\">&#8211;<\/td>\n<\/tr>\n<tr>\n<td valign=\"top\" width=\"291\">T\u00f3picos Especiais em Sociologia<\/td>\n<td valign=\"top\" width=\"170\">60<\/td>\n<td valign=\"top\" width=\"132\">&#8211;<\/td>\n<\/tr>\n<tr>\n<td valign=\"top\" width=\"291\">T\u00f3picos Especiais em Pol\u00edtica<\/td>\n<td valign=\"top\" width=\"170\">60<\/td>\n<td valign=\"top\" width=\"132\">&#8211;<\/td>\n<\/tr>\n<tr>\n<td valign=\"top\" width=\"291\">Economia e Meio Ambiente<\/td>\n<td valign=\"top\" width=\"170\">60<\/td>\n<td valign=\"top\" width=\"132\">&#8211;<\/td>\n<\/tr>\n<tr>\n<td valign=\"top\" width=\"291\">Forma\u00e7\u00e3o Econ\u00f4mica da Amaz\u00f4nia<\/td>\n<td valign=\"top\" width=\"170\">60<\/td>\n<td valign=\"top\" width=\"132\">&#8211;<\/td>\n<\/tr>\n<tr>\n<td valign=\"top\" width=\"291\">Sociologia do Trabalho<\/td>\n<td valign=\"top\" width=\"170\">60<\/td>\n<td valign=\"top\" width=\"132\">&#8211;<\/td>\n<\/tr>\n<tr>\n<td valign=\"top\" width=\"291\">Pol\u00edtica brasileira<\/td>\n<td valign=\"top\" width=\"170\">60<\/td>\n<td valign=\"top\" width=\"132\">&#8211;<\/td>\n<\/tr>\n<tr>\n<td valign=\"top\" width=\"291\">Sociologia da Educa\u00e7\u00e3o II<\/td>\n<td valign=\"top\" width=\"170\">60<\/td>\n<td valign=\"top\" width=\"132\">&#8211;<\/td>\n<\/tr>\n<tr>\n<td valign=\"top\" width=\"291\">M\u00e9todos de Pesquisa em Antropologia<\/td>\n<td valign=\"top\" width=\"170\">60<\/td>\n<td valign=\"top\" width=\"132\">&#8211;<\/td>\n<\/tr>\n<\/tbody>\n<\/table>\n<p>&nbsp;<\/p>\n<p><strong>Eletivas<\/strong><\/p>\n<table border=\"1\" width=\"593\" cellspacing=\"0\" cellpadding=\"0\">\n<tbody>\n<tr>\n<td valign=\"top\" width=\"281\"><strong>Disciplinas<\/strong><\/td>\n<td valign=\"top\" width=\"132\"><strong>Carga hor\u00e1ria<\/strong><\/td>\n<td valign=\"top\" width=\"180\"><strong>Curso<\/strong><\/td>\n<\/tr>\n<tr>\n<td valign=\"top\" width=\"281\">Direito Ambiental<\/td>\n<td valign=\"top\" width=\"132\">60<\/td>\n<td valign=\"top\" width=\"180\">Direito<\/td>\n<\/tr>\n<tr>\n<td valign=\"top\" width=\"281\">Hist\u00f3ria da Amaz\u00f4nia<\/td>\n<td valign=\"top\" width=\"132\">60<\/td>\n<td valign=\"top\" width=\"180\">Hist\u00f3ria<\/td>\n<\/tr>\n<tr>\n<td valign=\"top\" width=\"281\">Geografia da Amaz\u00f4nia<\/td>\n<td valign=\"top\" width=\"132\">60<\/td>\n<td valign=\"top\" width=\"180\">Geografia<\/td>\n<\/tr>\n<tr>\n<td valign=\"top\" width=\"281\">Planejamento Ambiental<\/td>\n<td valign=\"top\" width=\"132\">60<\/td>\n<td valign=\"top\" width=\"180\">Ci\u00eancias Ambientais<\/td>\n<\/tr>\n<tr>\n<td valign=\"top\" width=\"281\">Bio\u00e9tica<\/td>\n<td valign=\"top\" width=\"132\">45<\/td>\n<td valign=\"top\" width=\"180\">Ci\u00eancias Farmac\u00eauticas<\/td>\n<\/tr>\n<\/tbody>\n<\/table>\n<p>&nbsp;<\/p>\n<h2><strong>NOTAS RELEVANTES<\/strong><\/h2>\n<p>&nbsp;<\/p>\n<div>\n<table border=\"1\" width=\"605\" cellspacing=\"0\" cellpadding=\"0\">\n<tbody>\n<tr>\n<td width=\"605\"><strong>** <\/strong>Para integraliza\u00e7\u00e3o deste curr\u00edculo exige-se o cumprimento m\u00ednimo de <strong>210 horas de Atividades Complementares, <\/strong>as quais devem ser efetivadas pelo acad\u00eamico no decorrer do curso como modulo livre.<strong>**<\/strong>Para integraliza\u00e7\u00e3o deste curr\u00edculo exige-se o cumprimento m\u00ednimo de <strong>240 horas de Disciplinas Optativas, <\/strong>as mesmas ser\u00e3o oferecidas aos acad\u00eamicos no decorrer do curso como modulo livre. <strong>*** <\/strong>Integra ainda este curr\u00edculo o <strong>Exame Nacional de Desempenho dos Estudantes (ENADE)<\/strong>, o qual, de acordo com o \u00a7 5\u00ba, do Art. 5\u00ba, da Lei 10.861, de 14\/04\/2004, \u00e9 componente curricular obrigat\u00f3rio dos cursos de Gradua\u00e7\u00e3o.&nbsp;<\/td>\n<\/tr>\n<\/tbody>\n<\/table>\n<\/div>\n<p>&nbsp;<\/p>\n<p>&nbsp;<\/p>\n<div>\n<table border=\"1\" cellspacing=\"0\" cellpadding=\"0\">\n<tbody>\n<tr>\n<td valign=\"top\" width=\"474\"><strong>CARGA HOR\u00c1RIA DAS DISCIPLINAS OBRIGATORIAS<\/strong><\/td>\n<td valign=\"top\" width=\"101\"><strong>2.040<\/strong><\/td>\n<\/tr>\n<tr>\n<td valign=\"top\" width=\"474\"><strong>CARGA HOR\u00c1RIA DAS DISCIPLINAS OPTATIVAS<\/strong><\/td>\n<td valign=\"top\" width=\"101\"><strong>240<\/strong><\/td>\n<\/tr>\n<tr>\n<td valign=\"top\" width=\"474\"><strong>ATIVIDADES CURRICULARES COMPLEMENTARES<\/strong><\/td>\n<td valign=\"top\" width=\"101\"><strong>210<\/strong><\/td>\n<\/tr>\n<tr>\n<td valign=\"top\" width=\"474\"><strong>PR\u00c1TICA DE ENSINO<\/strong><\/td>\n<td valign=\"top\" width=\"101\"><strong>420<\/strong><\/td>\n<\/tr>\n<tr>\n<td valign=\"top\" width=\"474\"><strong>EST\u00c1GIO SUPERVISIONANDO EM DOC\u00caNCIA<\/strong><\/td>\n<td valign=\"top\" width=\"101\"><strong>420<\/strong><\/td>\n<\/tr>\n<tr>\n<td valign=\"top\" width=\"474\"><strong>CARGA HOR\u00c1RIA TOTAL<\/strong><\/td>\n<td valign=\"top\" width=\"101\"><strong>3.330<\/strong><\/td>\n<\/tr>\n<\/tbody>\n<\/table>\n<\/div>\n","protected":false},"excerpt":{"rendered":"<p>Baixar arquivo em PDF &gt;&nbsp;Matriz Curricular &#8211; Licenciatura em Sociologia &nbsp; &nbsp; BLOCO DISCIPLINA CARGA HOR\u00c1RIA PR\u00c9-REQUISITO HIST\u00d3RIA Hist\u00f3ria Econ\u00f4mica e Social do Brasil 60 &#8211; &nbsp; GEOGRAFIA Geografia Humana e Econ\u00f4mica do Brasil 60 &#8211; &nbsp; &nbsp; &nbsp; &nbsp; PEDAGOGICAS Did\u00e1tica Geral 75 &#8211; Avalia\u00e7\u00e3o Educacional 75 &#8211; Planejamento Educacional 75 &#8211; Pol\u00edtica e&#8230;<\/p>\n","protected":false},"author":3912,"featured_media":0,"parent":451,"menu_order":2,"comment_status":"closed","ping_status":"closed","template":"","meta":{"inline_featured_image":false,"ngg_post_thumbnail":0,"footnotes":""},"class_list":["post-2115","page","type-page","status-publish","hentry","entry"],"_links":{"self":[{"href":"https:\/\/www2.unifap.br\/csociais\/wp-json\/wp\/v2\/pages\/2115","targetHints":{"allow":["GET"]}}],"collection":[{"href":"https:\/\/www2.unifap.br\/csociais\/wp-json\/wp\/v2\/pages"}],"about":[{"href":"https:\/\/www2.unifap.br\/csociais\/wp-json\/wp\/v2\/types\/page"}],"author":[{"embeddable":true,"href":"https:\/\/www2.unifap.br\/csociais\/wp-json\/wp\/v2\/users\/3912"}],"replies":[{"embeddable":true,"href":"https:\/\/www2.unifap.br\/csociais\/wp-json\/wp\/v2\/comments?post=2115"}],"version-history":[{"count":2,"href":"https:\/\/www2.unifap.br\/csociais\/wp-json\/wp\/v2\/pages\/2115\/revisions"}],"predecessor-version":[{"id":2292,"href":"https:\/\/www2.unifap.br\/csociais\/wp-json\/wp\/v2\/pages\/2115\/revisions\/2292"}],"up":[{"embeddable":true,"href":"https:\/\/www2.unifap.br\/csociais\/wp-json\/wp\/v2\/pages\/451"}],"wp:attachment":[{"href":"https:\/\/www2.unifap.br\/csociais\/wp-json\/wp\/v2\/media?parent=2115"}],"curies":[{"name":"wp","href":"https:\/\/api.w.org\/{rel}","templated":true}]}}