{"id":2117,"date":"2021-11-16T19:22:05","date_gmt":"2021-11-16T19:22:05","guid":{"rendered":"http:\/\/www2.unifap.br\/csociais\/?page_id=2117"},"modified":"2024-09-05T20:25:04","modified_gmt":"2024-09-05T20:25:04","slug":"objetivos-do-curso","status":"publish","type":"page","link":"https:\/\/www2.unifap.br\/csociais\/licenciatura-em-sociologia\/objetivos-do-curso\/","title":{"rendered":"Objetivos do Curso"},"content":{"rendered":"<h2>OBJETIVOS DO CURSO<\/h2>\n<h2>O Curso de Licenciatura em Sociologia da UNIFAP visa preparar profissionais<br \/>\nque tenham uma forma\u00e7\u00e3o te\u00f3rico-metodol\u00f3gica s\u00f3lida, tanto no que condiz \u00e0 sua<br \/>\nfundamenta\u00e7\u00e3o em torno do campo do conhecimento da sociologia, aliada as \u00e1reas<br \/>\nda Antropologia e da Ci\u00eancia Pol\u00edtica, quanto \u00e0 forma\u00e7\u00e3o pedag\u00f3gica. Tem, ainda,<br \/>\npor objetivo, propiciar o desenvolvimento da autonomia intelectual e da capacidade<br \/>\nanal\u00edtica necess\u00e1ria ao desempenho de sua pr\u00e1tica docente.<\/h2>\n","protected":false},"excerpt":{"rendered":"<p>OBJETIVOS DO CURSO O Curso de Licenciatura em Sociologia da UNIFAP visa preparar profissionais que tenham uma forma\u00e7\u00e3o te\u00f3rico-metodol\u00f3gica s\u00f3lida, tanto no que condiz \u00e0 sua fundamenta\u00e7\u00e3o em torno do campo do conhecimento da sociologia, aliada as \u00e1reas da Antropologia e da Ci\u00eancia Pol\u00edtica, quanto \u00e0 forma\u00e7\u00e3o pedag\u00f3gica. Tem, ainda, por objetivo, propiciar o desenvolvimento&#8230;<\/p>\n","protected":false},"author":3912,"featured_media":0,"parent":451,"menu_order":3,"comment_status":"closed","ping_status":"closed","template":"","meta":{"inline_featured_image":false,"ngg_post_thumbnail":0,"footnotes":""},"class_list":["post-2117","page","type-page","status-publish","hentry","entry"],"_links":{"self":[{"href":"https:\/\/www2.unifap.br\/csociais\/wp-json\/wp\/v2\/pages\/2117","targetHints":{"allow":["GET"]}}],"collection":[{"href":"https:\/\/www2.unifap.br\/csociais\/wp-json\/wp\/v2\/pages"}],"about":[{"href":"https:\/\/www2.unifap.br\/csociais\/wp-json\/wp\/v2\/types\/page"}],"author":[{"embeddable":true,"href":"https:\/\/www2.unifap.br\/csociais\/wp-json\/wp\/v2\/users\/3912"}],"replies":[{"embeddable":true,"href":"https:\/\/www2.unifap.br\/csociais\/wp-json\/wp\/v2\/comments?post=2117"}],"version-history":[{"count":2,"href":"https:\/\/www2.unifap.br\/csociais\/wp-json\/wp\/v2\/pages\/2117\/revisions"}],"predecessor-version":[{"id":2298,"href":"https:\/\/www2.unifap.br\/csociais\/wp-json\/wp\/v2\/pages\/2117\/revisions\/2298"}],"up":[{"embeddable":true,"href":"https:\/\/www2.unifap.br\/csociais\/wp-json\/wp\/v2\/pages\/451"}],"wp:attachment":[{"href":"https:\/\/www2.unifap.br\/csociais\/wp-json\/wp\/v2\/media?parent=2117"}],"curies":[{"name":"wp","href":"https:\/\/api.w.org\/{rel}","templated":true}]}}