{"id":2121,"date":"2021-11-16T19:23:15","date_gmt":"2021-11-16T19:23:15","guid":{"rendered":"http:\/\/www2.unifap.br\/csociais\/?page_id=2121"},"modified":"2024-09-05T20:28:30","modified_gmt":"2024-09-05T20:28:30","slug":"perfil-do-egresso","status":"publish","type":"page","link":"https:\/\/www2.unifap.br\/csociais\/licenciatura-em-sociologia\/perfil-do-egresso\/","title":{"rendered":"Perfil do Egresso"},"content":{"rendered":"<h3>PERFIL DO EGRESSO<\/h3>\n<h3>\n<strong>O profissional egresso do curso de Licenciatura em Sociologia da<\/strong><br \/>\n<strong>Universidade Federal do Amap\u00e1 \u2013 UNIFAP tem amplo conhecimento da \u00e1rea<\/strong><br \/>\n<strong>espec\u00edfica da sociologia com \u00eanfase no contexto s\u00f3cio-pol\u00edtico amaz\u00f4nico. Ao longo<\/strong><br \/>\n<strong>do curso, desenvolve habilidades e compet\u00eancias para ser educador na \u00e1rea e<\/strong><br \/>\n<strong>possui forma\u00e7\u00e3o geral vinculada aos saberes da Antropologia e da Ci\u00eancia Pol\u00edtica.<\/strong><br \/>\n<strong>Al\u00e9m disso, tem condi\u00e7\u00f5es te\u00f3rico-pr\u00e1ticas para atuar como profissional da<\/strong><br \/>\n<strong>educa\u00e7\u00e3o em consultorias, forma\u00e7\u00e3o e assessoria, junto a empresas p\u00fablicas ou<\/strong><br \/>\n<strong>privadas, organiza\u00e7\u00f5es n\u00e3o governamentais, governamentais, partidos pol\u00edticos,<\/strong><br \/>\n<strong>movimentos sociais e atividades similares.<\/strong><\/h3>\n<h3>\n<strong>Dentre as habilidades e compet\u00eancias que comp\u00f5em o perfil desse egresso<\/strong><br \/>\n<strong>vale ressaltar:<\/strong><\/h3>\n<h3>\n<strong>\uf0b7 Dom\u00ednio da bibliografia te\u00f3rica e metodol\u00f3gica b\u00e1sica.<\/strong><br \/>\n<strong>\uf0b7 Autonomia intelectual.<\/strong><br \/>\n<strong>\uf0b7 Capacidade anal\u00edtica.<\/strong><br \/>\n<strong>\uf0b7 Compet\u00eancia na articula\u00e7\u00e3o entre teoria, pesquisa e pr\u00e1tica educativa.<\/strong><br \/>\n<strong>\uf0b7 Compromisso social.<\/strong><br \/>\n<strong>\uf0b7 Compet\u00eancia na utiliza\u00e7\u00e3o da inform\u00e1tica.<\/strong><br \/>\n<strong>\uf0b7 Compet\u00eancia docente<\/strong><\/h3>\n","protected":false},"excerpt":{"rendered":"<p>PERFIL DO EGRESSO O profissional egresso do curso de Licenciatura em Sociologia da Universidade Federal do Amap\u00e1 \u2013 UNIFAP tem amplo conhecimento da \u00e1rea espec\u00edfica da sociologia com \u00eanfase no contexto s\u00f3cio-pol\u00edtico amaz\u00f4nico. Ao longo do curso, desenvolve habilidades e compet\u00eancias para ser educador na \u00e1rea e possui forma\u00e7\u00e3o geral vinculada aos saberes da Antropologia&#8230;<\/p>\n","protected":false},"author":3912,"featured_media":0,"parent":451,"menu_order":5,"comment_status":"closed","ping_status":"closed","template":"","meta":{"inline_featured_image":false,"ngg_post_thumbnail":0,"footnotes":""},"class_list":["post-2121","page","type-page","status-publish","hentry","entry"],"_links":{"self":[{"href":"https:\/\/www2.unifap.br\/csociais\/wp-json\/wp\/v2\/pages\/2121","targetHints":{"allow":["GET"]}}],"collection":[{"href":"https:\/\/www2.unifap.br\/csociais\/wp-json\/wp\/v2\/pages"}],"about":[{"href":"https:\/\/www2.unifap.br\/csociais\/wp-json\/wp\/v2\/types\/page"}],"author":[{"embeddable":true,"href":"https:\/\/www2.unifap.br\/csociais\/wp-json\/wp\/v2\/users\/3912"}],"replies":[{"embeddable":true,"href":"https:\/\/www2.unifap.br\/csociais\/wp-json\/wp\/v2\/comments?post=2121"}],"version-history":[{"count":2,"href":"https:\/\/www2.unifap.br\/csociais\/wp-json\/wp\/v2\/pages\/2121\/revisions"}],"predecessor-version":[{"id":2302,"href":"https:\/\/www2.unifap.br\/csociais\/wp-json\/wp\/v2\/pages\/2121\/revisions\/2302"}],"up":[{"embeddable":true,"href":"https:\/\/www2.unifap.br\/csociais\/wp-json\/wp\/v2\/pages\/451"}],"wp:attachment":[{"href":"https:\/\/www2.unifap.br\/csociais\/wp-json\/wp\/v2\/media?parent=2121"}],"curies":[{"name":"wp","href":"https:\/\/api.w.org\/{rel}","templated":true}]}}