{"id":2136,"date":"2021-11-16T19:42:42","date_gmt":"2021-11-16T19:42:42","guid":{"rendered":"http:\/\/www2.unifap.br\/csociais\/?page_id=2136"},"modified":"2021-11-16T19:42:42","modified_gmt":"2021-11-16T19:42:42","slug":"nde-do-bacharelado-em-ciencias-sociais","status":"publish","type":"page","link":"https:\/\/www2.unifap.br\/csociais\/bacharelado-em-ciencias-sociais\/nde-do-bacharelado-em-ciencias-sociais\/","title":{"rendered":"NDE do Bacharelado em Ci\u00eancias Sociais"},"content":{"rendered":"<p>Em constru\u00e7\u00e3o.<\/p>\n","protected":false},"excerpt":{"rendered":"<p>Em constru\u00e7\u00e3o.<\/p>\n","protected":false},"author":3912,"featured_media":0,"parent":441,"menu_order":8,"comment_status":"closed","ping_status":"closed","template":"","meta":{"inline_featured_image":false,"ngg_post_thumbnail":0,"footnotes":""},"class_list":["post-2136","page","type-page","status-publish","hentry","entry"],"_links":{"self":[{"href":"https:\/\/www2.unifap.br\/csociais\/wp-json\/wp\/v2\/pages\/2136","targetHints":{"allow":["GET"]}}],"collection":[{"href":"https:\/\/www2.unifap.br\/csociais\/wp-json\/wp\/v2\/pages"}],"about":[{"href":"https:\/\/www2.unifap.br\/csociais\/wp-json\/wp\/v2\/types\/page"}],"author":[{"embeddable":true,"href":"https:\/\/www2.unifap.br\/csociais\/wp-json\/wp\/v2\/users\/3912"}],"replies":[{"embeddable":true,"href":"https:\/\/www2.unifap.br\/csociais\/wp-json\/wp\/v2\/comments?post=2136"}],"version-history":[{"count":1,"href":"https:\/\/www2.unifap.br\/csociais\/wp-json\/wp\/v2\/pages\/2136\/revisions"}],"predecessor-version":[{"id":2137,"href":"https:\/\/www2.unifap.br\/csociais\/wp-json\/wp\/v2\/pages\/2136\/revisions\/2137"}],"up":[{"embeddable":true,"href":"https:\/\/www2.unifap.br\/csociais\/wp-json\/wp\/v2\/pages\/441"}],"wp:attachment":[{"href":"https:\/\/www2.unifap.br\/csociais\/wp-json\/wp\/v2\/media?parent=2136"}],"curies":[{"name":"wp","href":"https:\/\/api.w.org\/{rel}","templated":true}]}}