{"id":2138,"date":"2021-11-16T19:43:40","date_gmt":"2021-11-16T19:43:40","guid":{"rendered":"http:\/\/www2.unifap.br\/csociais\/?page_id=2138"},"modified":"2024-09-05T20:30:42","modified_gmt":"2024-09-05T20:30:42","slug":"nde-da-licenciara-em-sociologia","status":"publish","type":"page","link":"https:\/\/www2.unifap.br\/csociais\/licenciatura-em-sociologia\/nde-da-licenciara-em-sociologia\/","title":{"rendered":"NDE da Licenciara em Sociologia"},"content":{"rendered":"<h3><strong>COMPOSI\u00c7\u00c3O NDE&nbsp; DE SOCIOLOGIA: <\/strong><\/h3>\n<h3>Luciano Magnus de Ara\u00fajo (coordenador)<\/h3>\n<h3>David Junior de Souza Silva (vice coordenador)<\/h3>\n<h3>Jo\u00e3o Wilson, Savino Carvalho<\/h3>\n<h3>Iraci de Carvalho Barroso<\/h3>\n<h3>Emanuel Leal de Lima.<\/h3>\n","protected":false},"excerpt":{"rendered":"<p>COMPOSI\u00c7\u00c3O NDE&nbsp; DE SOCIOLOGIA: Luciano Magnus de Ara\u00fajo (coordenador) David Junior de Souza Silva (vice coordenador) Jo\u00e3o Wilson, Savino Carvalho Iraci de Carvalho Barroso Emanuel Leal de Lima.<\/p>\n","protected":false},"author":3912,"featured_media":0,"parent":451,"menu_order":8,"comment_status":"closed","ping_status":"closed","template":"","meta":{"inline_featured_image":false,"ngg_post_thumbnail":0,"footnotes":""},"class_list":["post-2138","page","type-page","status-publish","hentry","entry"],"_links":{"self":[{"href":"https:\/\/www2.unifap.br\/csociais\/wp-json\/wp\/v2\/pages\/2138","targetHints":{"allow":["GET"]}}],"collection":[{"href":"https:\/\/www2.unifap.br\/csociais\/wp-json\/wp\/v2\/pages"}],"about":[{"href":"https:\/\/www2.unifap.br\/csociais\/wp-json\/wp\/v2\/types\/page"}],"author":[{"embeddable":true,"href":"https:\/\/www2.unifap.br\/csociais\/wp-json\/wp\/v2\/users\/3912"}],"replies":[{"embeddable":true,"href":"https:\/\/www2.unifap.br\/csociais\/wp-json\/wp\/v2\/comments?post=2138"}],"version-history":[{"count":3,"href":"https:\/\/www2.unifap.br\/csociais\/wp-json\/wp\/v2\/pages\/2138\/revisions"}],"predecessor-version":[{"id":2304,"href":"https:\/\/www2.unifap.br\/csociais\/wp-json\/wp\/v2\/pages\/2138\/revisions\/2304"}],"up":[{"embeddable":true,"href":"https:\/\/www2.unifap.br\/csociais\/wp-json\/wp\/v2\/pages\/451"}],"wp:attachment":[{"href":"https:\/\/www2.unifap.br\/csociais\/wp-json\/wp\/v2\/media?parent=2138"}],"curies":[{"name":"wp","href":"https:\/\/api.w.org\/{rel}","templated":true}]}}