{"id":2153,"date":"2021-11-16T20:19:28","date_gmt":"2021-11-16T20:19:28","guid":{"rendered":"http:\/\/www2.unifap.br\/csociais\/?page_id=2153"},"modified":"2025-05-26T23:54:14","modified_gmt":"2025-05-26T23:54:14","slug":"ofertas-semestrais","status":"publish","type":"page","link":"https:\/\/www2.unifap.br\/csociais\/licenciatura-em-sociologia\/ofertas-semestrais\/","title":{"rendered":"Ofertas Semestrais"},"content":{"rendered":"<p><a href=\"http:\/\/www2.unifap.br\/csociais\/files\/2021\/11\/atualizado-em-15032021-OFERTAS-2021.1-202-.1.pdf\">atualizado em 15032021, OFERTAS 2021.1 (202-.1)<\/a><\/p>\n<p><a href=\"http:\/\/www2.unifap.br\/csociais\/files\/2021\/11\/OFERTAS-DE-2020.2-folha-\u00fanica.pdf\">OFERTAS DE 2020.2, folha \u00fanica<\/a><\/p>\n<p><a href=\"http:\/\/www2.unifap.br\/csociais\/files\/2021\/11\/OFERTAS-DE-2021.1-LICENCIATURA-SOCIOLOGIA-FECHADA.pdf\">OFERTAS DE 2021.1, LICENCIATURA SOCIOLOGIA, FECHADA<\/a><\/p>\n<p><a href=\"http:\/\/www2.unifap.br\/csociais\/files\/2022\/08\/OFERTAS-DE-2021.2-licenciatura-MAIS-RECENTE-ATUALIZACAO.pdf\">OFERTAS DE 2021.2, licenciatura, MAIS RECENTE ATUALIZACAO<\/a><\/p>\n<p>2022<\/p>\n<p><a href=\"http:\/\/www2.unifap.br\/csociais\/files\/2022\/08\/OFERTAS-DE-2022.1-folha-unica-VERSAO-04082022.pdf\">OFERTAS DE 2022.1, folha \u00fanica, VERS\u00c3O 04082022<\/a><\/p>\n<p><a href=\"http:\/\/www2.unifap.br\/csociais\/files\/2022\/08\/DISTRIBUICAO-DE-SALAS-E-TURMAS-2022.1-atualizado-em-04082022.pdf\">DISTRIBUI\u00c7\u00c3O DE SALAS E TURMAS, 2022.1, atualizado em 04082022<\/a><\/p>\n<p><a href=\"http:\/\/www2.unifap.br\/csociais\/files\/2022\/12\/OFERTAS-DE-2022.2-LICENCIATURA-EM-SOCIOLOGIA-folha-unica.pdf\">OFERTAS DE 2022.2, LICENCIATURA EM SOCIOLOGIA, folha \u00fanica<\/a><\/p>\n<p><a href=\"http:\/\/www2.unifap.br\/csociais\/files\/2022\/12\/DISTRIBUICAO-DE-TURMAS-NAS-SALAS-2022.2-LICENCIATURA.pdf\">DISTRIBUI\u00c7\u00c3O DE TURMAS NAS SALAS, 2022.2, LICENCIATURA<\/a><\/p>\n<p>2023<\/p>\n<p><a href=\"http:\/\/www2.unifap.br\/csociais\/files\/2023\/06\/OFERTAS-DE-2023.1-Licenciatura-em-Sociologia-folha-unica-VERSAO-FINAL-28042023.pdf\">OFERTAS DE 2023.1, Licenciatura em Sociologia, folha \u00fanica, VERS\u00c3O FINAL 28042023<\/a><\/p>\n<p><a href=\"http:\/\/www2.unifap.br\/csociais\/files\/2024\/09\/OFERTAS-DE-2023.2-ATUALIZADO-EM-06122023.pdf\">OFERTAS DE 2023.2, ATUALIZADO EM 06122023<\/a><\/p>\n<p>2024<\/p>\n<p>OFERTAS DA LICENCIATURA EM SOCIOLOGIA, 2024.1, 1603024<\/p>\n<p><a href=\"http:\/\/www2.unifap.br\/csociais\/files\/2025\/05\/OFERTAS-DA-LICENCIATURA-EM-SOCIOLOGIA-2024.2-21112024-atualizado.pdf\">OFERTAS DA LICENCIATURA EM SOCIOLOGIA, 2024.2, 21112024 (atualizado)<\/a><\/p>\n<p>2025<\/p>\n<p>OFERTAS <a href=\"http:\/\/www2.unifap.br\/csociais\/files\/2025\/05\/OFERTAS-DE-2025.1-LICENCIATURA-EM-SOCIOLOGIA-2025.1-ATUALIZADO-EM-26052025.pdf\">DE 2025.1 &#8211; LICENCIATURA EM SOCIOLOGIA &#8211; 2025.1 &#8211; ATUALIZADO EM 26052025<\/a><\/p>\n<p><a href=\"http:\/\/www2.unifap.br\/csociais\/files\/2025\/05\/LOCALIZACAO-DE-TURMAS-2025.1-LICENCIATURA-EM-SOCIOLOGIA-atualizado-em-23052025.pdf\">LOCALIZA\u00c7\u00c3O DE TURMAS, 2025.1, LICENCIATURA EM SOCIOLOGIA, atualizado em 23052025<\/a><\/p>\n","protected":false},"excerpt":{"rendered":"<p>atualizado em 15032021, OFERTAS 2021.1 (202-.1) OFERTAS DE 2020.2, folha \u00fanica OFERTAS DE 2021.1, LICENCIATURA SOCIOLOGIA, FECHADA OFERTAS DE 2021.2, licenciatura, MAIS RECENTE ATUALIZACAO 2022 OFERTAS DE 2022.1, folha \u00fanica, VERS\u00c3O 04082022 DISTRIBUI\u00c7\u00c3O DE SALAS E TURMAS, 2022.1, atualizado em 04082022 OFERTAS DE 2022.2, LICENCIATURA EM SOCIOLOGIA, folha \u00fanica DISTRIBUI\u00c7\u00c3O DE TURMAS NAS SALAS, 2022.2,&#8230;<\/p>\n","protected":false},"author":3912,"featured_media":0,"parent":451,"menu_order":8,"comment_status":"closed","ping_status":"closed","template":"","meta":{"inline_featured_image":false,"ngg_post_thumbnail":0,"footnotes":""},"class_list":["post-2153","page","type-page","status-publish","hentry","entry"],"_links":{"self":[{"href":"https:\/\/www2.unifap.br\/csociais\/wp-json\/wp\/v2\/pages\/2153","targetHints":{"allow":["GET"]}}],"collection":[{"href":"https:\/\/www2.unifap.br\/csociais\/wp-json\/wp\/v2\/pages"}],"about":[{"href":"https:\/\/www2.unifap.br\/csociais\/wp-json\/wp\/v2\/types\/page"}],"author":[{"embeddable":true,"href":"https:\/\/www2.unifap.br\/csociais\/wp-json\/wp\/v2\/users\/3912"}],"replies":[{"embeddable":true,"href":"https:\/\/www2.unifap.br\/csociais\/wp-json\/wp\/v2\/comments?post=2153"}],"version-history":[{"count":12,"href":"https:\/\/www2.unifap.br\/csociais\/wp-json\/wp\/v2\/pages\/2153\/revisions"}],"predecessor-version":[{"id":2490,"href":"https:\/\/www2.unifap.br\/csociais\/wp-json\/wp\/v2\/pages\/2153\/revisions\/2490"}],"up":[{"embeddable":true,"href":"https:\/\/www2.unifap.br\/csociais\/wp-json\/wp\/v2\/pages\/451"}],"wp:attachment":[{"href":"https:\/\/www2.unifap.br\/csociais\/wp-json\/wp\/v2\/media?parent=2153"}],"curies":[{"name":"wp","href":"https:\/\/api.w.org\/{rel}","templated":true}]}}