{"id":2262,"date":"2023-02-28T00:23:53","date_gmt":"2023-02-28T00:23:53","guid":{"rendered":"https:\/\/www2.unifap.br\/csociais\/?page_id=2262"},"modified":"2025-05-27T00:02:43","modified_gmt":"2025-05-27T00:02:43","slug":"pibid-sociologia","status":"publish","type":"page","link":"https:\/\/www2.unifap.br\/csociais\/licenciatura-em-sociologia\/pibid-sociologia\/","title":{"rendered":"PIBID Sociologia"},"content":{"rendered":"<h3>PIBID Sociologia<\/h3>\n<h3>Participa\u00e7\u00e3o do curso de Sociologia no edi\u00e7\u00e3o 2022-2024.<\/h3>\n<h3><a href=\"http:\/\/www2.unifap.br\/csociais\/files\/2024\/09\/FOLDER-PIBID-SOCIOLOGIA-2022-2024.pdf\">FOLDER PIBID-SOCIOLOGIA, 2022-2024<\/a><a href=\"http:\/\/www2.unifap.br\/csociais\/files\/2024\/09\/Cartilha-Sociologia-licenciatura-PIBID-UNINFAP_27022024.pdf\">Cartilha Sociologia licenciatura PIBID UNINFAP_27022024<\/a><\/h3>\n<h3><a href=\"http:\/\/www2.unifap.br\/csociais\/files\/2024\/09\/CRONOGRAMA-_MENSAL_DAS_ATIVIDADES-_PIBID_SOCIOLOGIA_UNIFAP_2022_2024-PARTE-1.pdf\">CRONOGRAMA _MENSAL_DAS_ATIVIDADES _PIBID_SOCIOLOGIA_UNIFAP_2022_2024, PARTE 1<\/a><\/h3>\n<h3><a href=\"http:\/\/www2.unifap.br\/csociais\/files\/2024\/09\/CRONOGRAMA-_MENSAL_DAS_ATIVIDADES-_PIBID_SOCIOLOGIA_UNIFAP_2022_2024-PARTE-2.pdf\">CRONOGRAMA _MENSAL_DAS_ATIVIDADES _PIBID_SOCIOLOGIA_UNIFAP_2022_2024, PARTE 2<\/a><\/h3>\n<h3><a href=\"http:\/\/www2.unifap.br\/csociais\/files\/2024\/09\/CRONOGRAMA-_MENSAL_DAS_ATIVIDADES-_PIBID_SOCIOLOGIA_UNIFAP_2022_2024-PARTE-3.pdf\">CRONOGRAMA _MENSAL_DAS_ATIVIDADES _PIBID_SOCIOLOGIA_UNIFAP_2022_2024, PARTE 3<\/a><\/h3>\n<h3><a href=\"http:\/\/www2.unifap.br\/csociais\/files\/2024\/09\/CRONOGRAMA-_MENSAL_DAS_ATIVIDADES-_PIBID_SOCIOLOGIA_UNIFAP_2022_2024-PARTE-4.pdf\">CRONOGRAMA _MENSAL_DAS_ATIVIDADES _PIBID_SOCIOLOGIA_UNIFAP_2022_2024, PARTE 4<\/a><\/h3>\n<h3>&nbsp;<\/h3>\n<h3>PIBID Sociologia<\/h3>\n<h3>Participa\u00e7\u00e3o do curso de Sociologia no edi\u00e7\u00e3o 2024-2026:<\/h3>\n<p>Instagram: <a href=\"https:\/\/www.instagram.com\/pibid.csunifap?utm_source=ig_web_button_share_sheet&amp;igsh=ZDNlZDc0MzIxNw==\">pibid.csunifap<\/a><\/p>\n<p>&nbsp;<\/p>\n","protected":false},"excerpt":{"rendered":"<p>PIBID Sociologia Participa\u00e7\u00e3o do curso de Sociologia no edi\u00e7\u00e3o 2022-2024. FOLDER PIBID-SOCIOLOGIA, 2022-2024Cartilha Sociologia licenciatura PIBID UNINFAP_27022024 CRONOGRAMA _MENSAL_DAS_ATIVIDADES _PIBID_SOCIOLOGIA_UNIFAP_2022_2024, PARTE 1 CRONOGRAMA _MENSAL_DAS_ATIVIDADES _PIBID_SOCIOLOGIA_UNIFAP_2022_2024, PARTE 2 CRONOGRAMA _MENSAL_DAS_ATIVIDADES _PIBID_SOCIOLOGIA_UNIFAP_2022_2024, PARTE 3 CRONOGRAMA _MENSAL_DAS_ATIVIDADES _PIBID_SOCIOLOGIA_UNIFAP_2022_2024, PARTE 4 &nbsp; PIBID Sociologia Participa\u00e7\u00e3o do curso de Sociologia no edi\u00e7\u00e3o 2024-2026: Instagram: pibid.csunifap &nbsp;<\/p>\n","protected":false},"author":3912,"featured_media":0,"parent":451,"menu_order":9,"comment_status":"closed","ping_status":"closed","template":"","meta":{"inline_featured_image":false,"ngg_post_thumbnail":0,"footnotes":""},"class_list":["post-2262","page","type-page","status-publish","hentry","entry"],"_links":{"self":[{"href":"https:\/\/www2.unifap.br\/csociais\/wp-json\/wp\/v2\/pages\/2262","targetHints":{"allow":["GET"]}}],"collection":[{"href":"https:\/\/www2.unifap.br\/csociais\/wp-json\/wp\/v2\/pages"}],"about":[{"href":"https:\/\/www2.unifap.br\/csociais\/wp-json\/wp\/v2\/types\/page"}],"author":[{"embeddable":true,"href":"https:\/\/www2.unifap.br\/csociais\/wp-json\/wp\/v2\/users\/3912"}],"replies":[{"embeddable":true,"href":"https:\/\/www2.unifap.br\/csociais\/wp-json\/wp\/v2\/comments?post=2262"}],"version-history":[{"count":8,"href":"https:\/\/www2.unifap.br\/csociais\/wp-json\/wp\/v2\/pages\/2262\/revisions"}],"predecessor-version":[{"id":2492,"href":"https:\/\/www2.unifap.br\/csociais\/wp-json\/wp\/v2\/pages\/2262\/revisions\/2492"}],"up":[{"embeddable":true,"href":"https:\/\/www2.unifap.br\/csociais\/wp-json\/wp\/v2\/pages\/451"}],"wp:attachment":[{"href":"https:\/\/www2.unifap.br\/csociais\/wp-json\/wp\/v2\/media?parent=2262"}],"curies":[{"name":"wp","href":"https:\/\/api.w.org\/{rel}","templated":true}]}}