{"id":451,"date":"2014-01-31T13:47:51","date_gmt":"2014-01-31T13:47:51","guid":{"rendered":"http:\/\/www2.unifap.br\/csociais\/?page_id=451"},"modified":"2024-10-21T19:45:03","modified_gmt":"2024-10-21T19:45:03","slug":"licenciatura-em-sociologia","status":"publish","type":"page","link":"https:\/\/www2.unifap.br\/csociais\/licenciatura-em-sociologia\/","title":{"rendered":"LICENCIATURA EM SOCIOLOGIA"},"content":{"rendered":"<blockquote>\n<h1 style=\"text-align: center\"><a href=\"http:\/\/www2.unifap.br\/csociais\/files\/2024\/09\/logo-licenciatura-sociologia.jpg\">Esse \u00e9 o link principal do curso de Licenciatura em sociologia da UNIFAP<br \/>\n<\/a><a href=\"http:\/\/www2.unifap.br\/csociais\/files\/2024\/10\/Conceito-5-Sociologia-1.jpeg\"><img fetchpriority=\"high\" decoding=\"async\" class=\"wp-image-2474 aligncenter\" src=\"http:\/\/www2.unifap.br\/csociais\/files\/2024\/10\/Conceito-5-Sociologia-1-300x201.jpeg\" alt=\"\" width=\"544\" height=\"364\" srcset=\"https:\/\/www2.unifap.br\/csociais\/files\/2024\/10\/Conceito-5-Sociologia-1-300x201.jpeg 300w, https:\/\/www2.unifap.br\/csociais\/files\/2024\/10\/Conceito-5-Sociologia-1-1024x685.jpeg 1024w, https:\/\/www2.unifap.br\/csociais\/files\/2024\/10\/Conceito-5-Sociologia-1-768x514.jpeg 768w, https:\/\/www2.unifap.br\/csociais\/files\/2024\/10\/Conceito-5-Sociologia-1-1536x1028.jpeg 1536w, https:\/\/www2.unifap.br\/csociais\/files\/2024\/10\/Conceito-5-Sociologia-1.jpeg 1600w\" sizes=\"(max-width: 544px) 100vw, 544px\" \/><\/a><\/h1>\n<ul>\n<li style=\"text-align: center\">\n<h3>&#8211; IDENTIFICA\u00c7\u00c3O<\/h3>\n<h3>\uf0b7 Denomina\u00e7\u00e3o: Curso de Gradua\u00e7\u00e3o em Sociologia<\/h3>\n<h3>\uf0b7 Modalidade: Licenciatura<\/h3>\n<h3>\uf0b7 Titula\u00e7\u00e3o: Licenciado em Sociologia<\/h3>\n<h3>\uf0b7 Cria\u00e7\u00e3o do Curso: Resolu\u00e7\u00e3o CONSU n\u00ba 025 de 21 de outubro de 2014.<\/h3>\n<h3>\uf0b7 Turno de funcionamento: Vespertino e Noturno<\/h3>\n<h3>\uf0b7 Vagas oferecidas anualmente: 30 vagas<\/h3>\n<h3>\uf0b7 Integraliza\u00e7\u00e3o curricular: Tempo m\u00ednimo: 08 semestres letivos \/ Tempo m\u00e1ximo: 10<\/h3>\n<h3>semestres letivos<\/h3>\n<h3>\uf0b7 Carga Hor\u00e1ria Total: 3.420h\/a \u2013 2.850h<\/h3>\n<\/li>\n<\/ul>\n<\/blockquote>\n","protected":false},"excerpt":{"rendered":"<p>Esse \u00e9 o link principal do curso de Licenciatura em sociologia da UNIFAP &#8211; IDENTIFICA\u00c7\u00c3O \uf0b7 Denomina\u00e7\u00e3o: Curso de Gradua\u00e7\u00e3o em Sociologia \uf0b7 Modalidade: Licenciatura \uf0b7 Titula\u00e7\u00e3o: Licenciado em Sociologia \uf0b7 Cria\u00e7\u00e3o do Curso: Resolu\u00e7\u00e3o CONSU n\u00ba 025 de 21 de outubro de 2014. \uf0b7 Turno de funcionamento: Vespertino e Noturno \uf0b7 Vagas oferecidas anualmente:&#8230;<\/p>\n","protected":false},"author":399,"featured_media":0,"parent":0,"menu_order":0,"comment_status":"open","ping_status":"closed","template":"","meta":{"inline_featured_image":false,"ngg_post_thumbnail":0,"footnotes":""},"class_list":["post-451","page","type-page","status-publish","hentry","entry"],"_links":{"self":[{"href":"https:\/\/www2.unifap.br\/csociais\/wp-json\/wp\/v2\/pages\/451","targetHints":{"allow":["GET"]}}],"collection":[{"href":"https:\/\/www2.unifap.br\/csociais\/wp-json\/wp\/v2\/pages"}],"about":[{"href":"https:\/\/www2.unifap.br\/csociais\/wp-json\/wp\/v2\/types\/page"}],"author":[{"embeddable":true,"href":"https:\/\/www2.unifap.br\/csociais\/wp-json\/wp\/v2\/users\/399"}],"replies":[{"embeddable":true,"href":"https:\/\/www2.unifap.br\/csociais\/wp-json\/wp\/v2\/comments?post=451"}],"version-history":[{"count":13,"href":"https:\/\/www2.unifap.br\/csociais\/wp-json\/wp\/v2\/pages\/451\/revisions"}],"predecessor-version":[{"id":2477,"href":"https:\/\/www2.unifap.br\/csociais\/wp-json\/wp\/v2\/pages\/451\/revisions\/2477"}],"wp:attachment":[{"href":"https:\/\/www2.unifap.br\/csociais\/wp-json\/wp\/v2\/media?parent=451"}],"curies":[{"name":"wp","href":"https:\/\/api.w.org\/{rel}","templated":true}]}}