{"id":479,"date":"2014-05-07T13:06:36","date_gmt":"2014-05-07T13:06:36","guid":{"rendered":"http:\/\/www2.unifap.br\/csociais\/?page_id=479"},"modified":"2014-05-07T13:49:07","modified_gmt":"2014-05-07T13:49:07","slug":"perfil-teste","status":"publish","type":"page","link":"https:\/\/www2.unifap.br\/csociais\/bacharelado-em-ciencias-sociais\/perfil-teste\/","title":{"rendered":"Perfil do Curso"},"content":{"rendered":"<p>O curso de Ci\u00eancias Sociais, em sua organiza\u00e7\u00e3o pedag\u00f3gica, parte da ideia que o percurso informativo deve abrir um campo de possibilidade e alternativas de trajet\u00f3rias acad\u00eamicas aos alunos, ele n\u00e3o representa, portanto, uma grade curricular. Com base nessa proposi\u00e7\u00e3o, o curso possui car\u00e1ter generalista e pluridimensional do ensino superior universit\u00e1rio integrando ensino, pesquisa e extens\u00e3o que, no caso espec\u00edfico das Ci\u00eancias Sociais, envolve a forma\u00e7\u00e3o te\u00f3rico-metodol\u00f3gico em torno dos tr\u00eas eixos de identidade do curso-Antropologia,Ci\u00eancia Pol\u00edtica e Sociologia.<\/p>\n<p>O foco generalista do curso, em torno dos eixos de forma\u00e7\u00e3o, tem por inten\u00e7\u00e3o evitar a especializa\u00e7\u00e3o precoce, permitindo a constru\u00e7\u00e3o de s\u00f3lido conhecimento da \u00e1rea, assim como ampla forma\u00e7\u00e3o human\u00edstica. Sem perder de foco, situado a regi\u00e3o amaz\u00f4nica, ele tem que responder as especificidades de seu entorno. Desse modo, a forma\u00e7\u00e3o se dar\u00e1,tamb\u00e9m, tendo por \u00eanfase o contexto s\u00f3cio-pol\u00edtico amaz\u00f4nico em sua expressiva diversidade, sem abandonar o contexto nacional e internacional. A identidade do curso, vinculada \u00e0 realidade amaz\u00f4nica, promove um maior conhecimento das necessidades locais e regionais, al\u00e9m de uma forma\u00e7\u00e3o cultural e cr\u00edtico-valorativo com a finalidade de permitir ao egresso contribuir para a pr\u00e1tica social contextualizada sob a \u00f3tica da sustentabilidade da rela\u00e7\u00e3o do homem-natureza.<\/p>\n","protected":false},"excerpt":{"rendered":"<p>O curso de Ci\u00eancias Sociais, em sua organiza\u00e7\u00e3o pedag\u00f3gica, parte da ideia que o percurso informativo deve abrir um campo de possibilidade e alternativas de trajet\u00f3rias acad\u00eamicas aos alunos, ele n\u00e3o representa, portanto, uma grade curricular. Com base nessa proposi\u00e7\u00e3o, o curso possui car\u00e1ter generalista e pluridimensional do ensino superior universit\u00e1rio integrando ensino, pesquisa e&#8230;<\/p>\n","protected":false},"author":399,"featured_media":0,"parent":441,"menu_order":0,"comment_status":"open","ping_status":"open","template":"","meta":{"inline_featured_image":false,"ngg_post_thumbnail":0,"footnotes":""},"class_list":["post-479","page","type-page","status-publish","hentry","entry"],"_links":{"self":[{"href":"https:\/\/www2.unifap.br\/csociais\/wp-json\/wp\/v2\/pages\/479","targetHints":{"allow":["GET"]}}],"collection":[{"href":"https:\/\/www2.unifap.br\/csociais\/wp-json\/wp\/v2\/pages"}],"about":[{"href":"https:\/\/www2.unifap.br\/csociais\/wp-json\/wp\/v2\/types\/page"}],"author":[{"embeddable":true,"href":"https:\/\/www2.unifap.br\/csociais\/wp-json\/wp\/v2\/users\/399"}],"replies":[{"embeddable":true,"href":"https:\/\/www2.unifap.br\/csociais\/wp-json\/wp\/v2\/comments?post=479"}],"version-history":[{"count":6,"href":"https:\/\/www2.unifap.br\/csociais\/wp-json\/wp\/v2\/pages\/479\/revisions"}],"predecessor-version":[{"id":494,"href":"https:\/\/www2.unifap.br\/csociais\/wp-json\/wp\/v2\/pages\/479\/revisions\/494"}],"up":[{"embeddable":true,"href":"https:\/\/www2.unifap.br\/csociais\/wp-json\/wp\/v2\/pages\/441"}],"wp:attachment":[{"href":"https:\/\/www2.unifap.br\/csociais\/wp-json\/wp\/v2\/media?parent=479"}],"curies":[{"name":"wp","href":"https:\/\/api.w.org\/{rel}","templated":true}]}}