{"id":495,"date":"2014-05-07T13:51:16","date_gmt":"2014-05-07T13:51:16","guid":{"rendered":"http:\/\/www2.unifap.br\/csociais\/?page_id=495"},"modified":"2014-05-07T14:20:30","modified_gmt":"2014-05-07T14:20:30","slug":"objetivo-do-curso","status":"publish","type":"page","link":"https:\/\/www2.unifap.br\/csociais\/bacharelado-em-ciencias-sociais\/objetivo-do-curso\/","title":{"rendered":"Objetivo do Curso"},"content":{"rendered":"<p>O curso de gradua\u00e7\u00e3o de Ci\u00eancias Sociais da UNIFAP visa formar profissionais que tenham uma forma\u00e7\u00e3o te\u00f3rico-metodol\u00f3gico s\u00f3lida, tanto no que condiz \u00e0 sua fundamenta\u00e7\u00e3o em torno dos tr\u00eas campos do conhecimento que comp\u00f5e o curso (Antropologia, Ci\u00eancias Pol\u00edticas e Sociologia), quanto a uma forma\u00e7\u00e3o human\u00edstica mais ampla, que lhes propicie o desenvolvimento da economia intelectual e da capacidade anal\u00edtica necess\u00e1ria ao desempenho das suas atividades profissionais. O projeto acad\u00eamico visa, assim, a forma\u00e7\u00e3o de cientista sociais que sejam intelectualmente capazes de articular a reflex\u00e3o te\u00f3rica e conceitual sobre os fundamentos s\u00f3cioculturais, pol\u00edticos, hist\u00f3ricos e econ\u00f4micos da realidade social amaz\u00f4nica, brasileira e mundial com a an\u00e1lise emp\u00edrica de seus desdobramentos contempor\u00e2neos em diferentes conjunturas.<\/p>\n","protected":false},"excerpt":{"rendered":"<p>O curso de gradua\u00e7\u00e3o de Ci\u00eancias Sociais da UNIFAP visa formar profissionais que tenham uma forma\u00e7\u00e3o te\u00f3rico-metodol\u00f3gico s\u00f3lida, tanto no que condiz \u00e0 sua fundamenta\u00e7\u00e3o em torno dos tr\u00eas campos do conhecimento que comp\u00f5e o curso (Antropologia, Ci\u00eancias Pol\u00edticas e Sociologia), quanto a uma forma\u00e7\u00e3o human\u00edstica mais ampla, que lhes propicie o desenvolvimento da economia&#8230;<\/p>\n","protected":false},"author":399,"featured_media":0,"parent":441,"menu_order":0,"comment_status":"open","ping_status":"open","template":"","meta":{"inline_featured_image":false,"ngg_post_thumbnail":0,"footnotes":""},"class_list":["post-495","page","type-page","status-publish","hentry","entry"],"_links":{"self":[{"href":"https:\/\/www2.unifap.br\/csociais\/wp-json\/wp\/v2\/pages\/495","targetHints":{"allow":["GET"]}}],"collection":[{"href":"https:\/\/www2.unifap.br\/csociais\/wp-json\/wp\/v2\/pages"}],"about":[{"href":"https:\/\/www2.unifap.br\/csociais\/wp-json\/wp\/v2\/types\/page"}],"author":[{"embeddable":true,"href":"https:\/\/www2.unifap.br\/csociais\/wp-json\/wp\/v2\/users\/399"}],"replies":[{"embeddable":true,"href":"https:\/\/www2.unifap.br\/csociais\/wp-json\/wp\/v2\/comments?post=495"}],"version-history":[{"count":2,"href":"https:\/\/www2.unifap.br\/csociais\/wp-json\/wp\/v2\/pages\/495\/revisions"}],"predecessor-version":[{"id":510,"href":"https:\/\/www2.unifap.br\/csociais\/wp-json\/wp\/v2\/pages\/495\/revisions\/510"}],"up":[{"embeddable":true,"href":"https:\/\/www2.unifap.br\/csociais\/wp-json\/wp\/v2\/pages\/441"}],"wp:attachment":[{"href":"https:\/\/www2.unifap.br\/csociais\/wp-json\/wp\/v2\/media?parent=495"}],"curies":[{"name":"wp","href":"https:\/\/api.w.org\/{rel}","templated":true}]}}