{"id":503,"date":"2014-05-07T13:55:42","date_gmt":"2014-05-07T13:55:42","guid":{"rendered":"http:\/\/www2.unifap.br\/csociais\/?page_id=503"},"modified":"2014-05-07T14:09:48","modified_gmt":"2014-05-07T14:09:48","slug":"perfil-do-egresso","status":"publish","type":"page","link":"https:\/\/www2.unifap.br\/csociais\/bacharelado-em-ciencias-sociais\/perfil-do-egresso\/","title":{"rendered":"Perfil do Egresso"},"content":{"rendered":"<p>O profissional egresso do curso de Ci\u00eancias Sociais da Universidade Federal do Amap\u00e1 \u2013 UNIFAP \u00e9 generalista com \u00eanfase no contexto s\u00f3cio-pol\u00edtico amaz\u00f4nico. Ao longo do curso, desenvolveu habilidades e compet\u00eancias para ser pesquisador na \u00e1rea e docente nos n\u00edveis t\u00e9cnico e superior, uma vez que possui forma\u00e7\u00e3o integral nas \u00e1reas que comp\u00f5em as Ci\u00eancias Sociais \u2013 Antropologia, Sociologia e Ci\u00eancia Pol\u00edtica. Al\u00e9m disso, tem condi\u00e7\u00f5es te\u00f3rico-pr\u00e1ticas \u00a0para atuar como profissional em planejamento, consultoria, forma\u00e7\u00e3o e assessoria, junto a empresas p\u00fablicas ou privadas, organiza\u00e7\u00f5es n\u00e3o governamentais, governamentais, partidos pol\u00edticos, movimentos sociais e atividades similares.<\/p>\n","protected":false},"excerpt":{"rendered":"<p>O profissional egresso do curso de Ci\u00eancias Sociais da Universidade Federal do Amap\u00e1 \u2013 UNIFAP \u00e9 generalista com \u00eanfase no contexto s\u00f3cio-pol\u00edtico amaz\u00f4nico. Ao longo do curso, desenvolveu habilidades e compet\u00eancias para ser pesquisador na \u00e1rea e docente nos n\u00edveis t\u00e9cnico e superior, uma vez que possui forma\u00e7\u00e3o integral nas \u00e1reas que comp\u00f5em as Ci\u00eancias&#8230;<\/p>\n","protected":false},"author":399,"featured_media":0,"parent":441,"menu_order":0,"comment_status":"open","ping_status":"open","template":"","meta":{"inline_featured_image":false,"ngg_post_thumbnail":0,"footnotes":""},"class_list":["post-503","page","type-page","status-publish","hentry","entry"],"_links":{"self":[{"href":"https:\/\/www2.unifap.br\/csociais\/wp-json\/wp\/v2\/pages\/503","targetHints":{"allow":["GET"]}}],"collection":[{"href":"https:\/\/www2.unifap.br\/csociais\/wp-json\/wp\/v2\/pages"}],"about":[{"href":"https:\/\/www2.unifap.br\/csociais\/wp-json\/wp\/v2\/types\/page"}],"author":[{"embeddable":true,"href":"https:\/\/www2.unifap.br\/csociais\/wp-json\/wp\/v2\/users\/399"}],"replies":[{"embeddable":true,"href":"https:\/\/www2.unifap.br\/csociais\/wp-json\/wp\/v2\/comments?post=503"}],"version-history":[{"count":2,"href":"https:\/\/www2.unifap.br\/csociais\/wp-json\/wp\/v2\/pages\/503\/revisions"}],"predecessor-version":[{"id":508,"href":"https:\/\/www2.unifap.br\/csociais\/wp-json\/wp\/v2\/pages\/503\/revisions\/508"}],"up":[{"embeddable":true,"href":"https:\/\/www2.unifap.br\/csociais\/wp-json\/wp\/v2\/pages\/441"}],"wp:attachment":[{"href":"https:\/\/www2.unifap.br\/csociais\/wp-json\/wp\/v2\/media?parent=503"}],"curies":[{"name":"wp","href":"https:\/\/api.w.org\/{rel}","templated":true}]}}