{"id":543,"date":"2014-05-08T12:38:47","date_gmt":"2014-05-08T12:38:47","guid":{"rendered":"http:\/\/www2.unifap.br\/csociais\/?page_id=543"},"modified":"2018-01-29T19:33:32","modified_gmt":"2018-01-29T19:33:32","slug":"matriz-curricular","status":"publish","type":"page","link":"https:\/\/www2.unifap.br\/csociais\/licenciatura-em-ciencias-sociais\/matriz-curricular\/","title":{"rendered":"Matriz Curricular (em Extin\u00e7\u00e3o)"},"content":{"rendered":"<div align=\"center\">Baixar arquivo em PDF\u00a0&gt;\u00a0<a href=\"http:\/\/www2.unifap.br\/csociais\/files\/2016\/05\/Matriz-Curso-Antigo.pdf\">Matriz Curricular (Curso Antigo)<\/a><\/div>\n<div align=\"center\"><a href=\"http:\/\/www2.unifap.br\/csociais\/files\/2016\/05\/Matriz-Curso-Antigo.pdf\"><br \/>\n<\/a><\/p>\n<table width=\"500\" border=\"0\" cellspacing=\"0\" cellpadding=\"0\">\n<tbody>\n<tr>\n<td width=\"132\">\n<p align=\"center\"><b>Bloco<\/b><\/p>\n<\/td>\n<td width=\"131\">\n<p align=\"center\"><b>Disciplina<\/b><\/p>\n<\/td>\n<td width=\"70\">\n<p align=\"center\"><b>Carga Hor\u00e1ria<\/b><\/p>\n<\/td>\n<td width=\"166\">\n<p align=\"center\"><b>Pr\u00e9-Requisito<\/b><\/p>\n<\/td>\n<\/tr>\n<tr>\n<td width=\"132\">\n<p align=\"center\"><b>Hist\u00f3ria<\/b><\/p>\n<\/td>\n<td width=\"131\">\n<p align=\"center\">Hist\u00f3ria Econ\u00f4mica e Pol\u00edtica do Brasil<\/p>\n<\/td>\n<td width=\"70\">\n<p align=\"center\">60<\/p>\n<\/td>\n<td width=\"166\"><\/td>\n<\/tr>\n<tr>\n<td width=\"132\"><\/td>\n<td width=\"131\">\n<p align=\"center\">Hist\u00f3ria Econ\u00f4mica e Social da Amaz\u00f4nia<\/p>\n<\/td>\n<td width=\"70\">\n<p align=\"center\">60<\/p>\n<\/td>\n<td width=\"166\">\n<p align=\"center\">Hist\u00f3ria Econ\u00f4mica e Pol\u00edtica do Brasil<\/p>\n<\/td>\n<\/tr>\n<tr>\n<td colspan=\"4\"><\/td>\n<\/tr>\n<tr>\n<td width=\"132\">\n<p align=\"center\"><b>Geografia Humana e Econ\u00f4mica<\/b><\/p>\n<\/td>\n<td width=\"131\">\n<p align=\"center\">Geografia Humana e Econ\u00f4mica do Brasil<\/p>\n<\/td>\n<td width=\"70\">\n<p align=\"center\">60<\/p>\n<\/td>\n<td width=\"166\"><\/td>\n<\/tr>\n<tr>\n<td colspan=\"4\"><\/td>\n<\/tr>\n<tr>\n<td width=\"132\">\n<p align=\"center\"><b>Sociologia<\/b><\/p>\n<\/td>\n<td width=\"131\">\n<p align=\"center\">Introdu\u00e7\u00e3o \u00e0 Sociologia<\/p>\n<\/td>\n<td width=\"70\">\n<p align=\"center\">60<\/p>\n<\/td>\n<td width=\"166\"><\/td>\n<\/tr>\n<tr>\n<td width=\"132\"><\/td>\n<td width=\"131\">\n<p align=\"center\">Sociologia Durkheiminiana<\/p>\n<\/td>\n<td width=\"70\">\n<p align=\"center\">60<\/p>\n<\/td>\n<td width=\"166\">\n<p align=\"center\">Introdu\u00e7\u00e3o \u00e0 Sociologia<\/p>\n<\/td>\n<\/tr>\n<tr>\n<td width=\"132\"><\/td>\n<td width=\"131\">\n<p align=\"center\">Sociologia Weberiana<\/p>\n<\/td>\n<td width=\"70\">\n<p align=\"center\">60<\/p>\n<\/td>\n<td width=\"166\">\n<p align=\"center\">Introdu\u00e7\u00e3o \u00e0 Sociologia<\/p>\n<\/td>\n<\/tr>\n<tr>\n<td width=\"132\"><\/td>\n<td width=\"131\">\n<p align=\"center\">Sociologia Marxista<\/p>\n<\/td>\n<td width=\"70\">\n<p align=\"center\">60<\/p>\n<\/td>\n<td width=\"166\">\n<p align=\"center\">Introdu\u00e7\u00e3o \u00e0 Sociologia<\/p>\n<\/td>\n<\/tr>\n<tr>\n<td width=\"132\"><\/td>\n<td width=\"131\">\n<p align=\"center\">Sociologia Contempor\u00e2nea<\/p>\n<\/td>\n<td width=\"70\">\n<p align=\"center\">60<\/p>\n<\/td>\n<td width=\"166\">\n<p align=\"center\">Introdu\u00e7\u00e3o \u00e0 Sociologia<\/p>\n<\/td>\n<\/tr>\n<tr>\n<td width=\"132\"><\/td>\n<td width=\"131\">\n<p align=\"center\">Sociologia da Cultura<\/p>\n<\/td>\n<td width=\"70\">\n<p align=\"center\">60<\/p>\n<\/td>\n<td width=\"166\">\n<p align=\"center\">Introdu\u00e7\u00e3o \u00e0 Sociologia<\/p>\n<\/td>\n<\/tr>\n<tr>\n<td width=\"132\"><\/td>\n<td width=\"131\">\n<p align=\"center\">Sociologia da Educa\u00e7\u00e3o<\/p>\n<\/td>\n<td width=\"70\">\n<p align=\"center\">60<\/p>\n<\/td>\n<td width=\"166\">\n<p align=\"center\">Introdu\u00e7\u00e3o \u00e0 Sociologia<\/p>\n<\/td>\n<\/tr>\n<tr>\n<td width=\"132\"><\/td>\n<td width=\"131\">\n<p align=\"center\">Sociologia Urbana<\/p>\n<\/td>\n<td width=\"70\">\n<p align=\"center\">60<\/p>\n<\/td>\n<td width=\"166\">\n<p align=\"center\">Introdu\u00e7\u00e3o \u00e0 Sociologia<\/p>\n<\/td>\n<\/tr>\n<tr>\n<td width=\"132\"><\/td>\n<td width=\"131\">\n<p align=\"center\">Sociologia Rural<\/p>\n<\/td>\n<td width=\"70\">\n<p align=\"center\">60<\/p>\n<\/td>\n<td width=\"166\">\n<p align=\"center\">Introdu\u00e7\u00e3o \u00e0 Sociologia<\/p>\n<\/td>\n<\/tr>\n<tr>\n<td width=\"132\"><\/td>\n<td width=\"131\">\n<p align=\"center\">Sociologia do Trabalho<\/p>\n<\/td>\n<td width=\"70\">\n<p align=\"center\">60<\/p>\n<\/td>\n<td width=\"166\">\n<p align=\"center\">Introdu\u00e7\u00e3o \u00e0 Sociologia<\/p>\n<\/td>\n<\/tr>\n<tr>\n<td width=\"132\"><\/td>\n<td width=\"131\">\n<p align=\"center\">Sociologia dos Movimentos Sociais<\/p>\n<\/td>\n<td width=\"70\">\n<p align=\"center\">60<\/p>\n<\/td>\n<td width=\"166\">\n<p align=\"center\">Introdu\u00e7\u00e3o \u00e0 Sociologia<\/p>\n<\/td>\n<\/tr>\n<tr>\n<td colspan=\"4\"><\/td>\n<\/tr>\n<tr>\n<td width=\"132\">\n<p align=\"center\"><b>Antropologia<\/b><\/p>\n<\/td>\n<td width=\"131\">\n<p align=\"center\">Antropologia Social<\/p>\n<\/td>\n<td width=\"70\">\n<p align=\"center\">60<\/p>\n<\/td>\n<td width=\"166\"><\/td>\n<\/tr>\n<tr>\n<td width=\"132\"><\/td>\n<td width=\"131\">\n<p align=\"center\">Antropologia Brasileira<\/p>\n<\/td>\n<td width=\"70\">\n<p align=\"center\">60<\/p>\n<\/td>\n<td width=\"166\">\n<p align=\"center\">Antropologia Social<\/p>\n<\/td>\n<\/tr>\n<tr>\n<td width=\"132\"><\/td>\n<td width=\"131\">\n<p align=\"center\">Etnologia da Amaz\u00f4nia<\/p>\n<\/td>\n<td width=\"70\">\n<p align=\"center\">60<\/p>\n<\/td>\n<td width=\"166\">\n<p align=\"center\">Antropologia Brasileira<\/p>\n<\/td>\n<\/tr>\n<tr>\n<td width=\"132\"><\/td>\n<td width=\"131\">\n<p align=\"center\">Cultura Brasileira<\/p>\n<\/td>\n<td width=\"70\">\n<p align=\"center\">60<\/p>\n<\/td>\n<td width=\"166\"><\/td>\n<\/tr>\n<tr>\n<td colspan=\"4\"><\/td>\n<\/tr>\n<tr>\n<td width=\"132\">\n<p align=\"center\"><b>Pol\u00edtica<\/b><\/p>\n<\/td>\n<td width=\"131\">\n<p align=\"center\">Ci\u00eancia Pol\u00edtica I<\/p>\n<\/td>\n<td width=\"70\">\n<p align=\"center\">60<\/p>\n<\/td>\n<td width=\"166\"><\/td>\n<\/tr>\n<tr>\n<td width=\"132\"><\/td>\n<td width=\"131\">\n<p align=\"center\">Ci\u00eancia Pol\u00edtica II<\/p>\n<\/td>\n<td width=\"70\">\n<p align=\"center\">60<\/p>\n<\/td>\n<td width=\"166\">\n<p align=\"center\">Ci\u00eancia Pol\u00edtica I<\/p>\n<\/td>\n<\/tr>\n<tr>\n<td width=\"132\"><\/td>\n<td width=\"131\">\n<p align=\"center\">Pensamento Pol\u00edtico Brasileiro<\/p>\n<\/td>\n<td width=\"70\">\n<p align=\"center\">60<\/p>\n<\/td>\n<td width=\"166\">\n<p align=\"center\">Ci\u00eancia Pol\u00edtica II<\/p>\n<\/td>\n<\/tr>\n<tr>\n<td colspan=\"4\"><\/td>\n<\/tr>\n<tr>\n<td width=\"132\">\n<p align=\"center\"><b>Economia<\/b><\/p>\n<\/td>\n<td width=\"131\">\n<p align=\"center\">Economia Pol\u00edtica<\/p>\n<\/td>\n<td width=\"70\">\n<p align=\"center\">60<\/p>\n<\/td>\n<td width=\"166\"><\/td>\n<\/tr>\n<tr>\n<td width=\"132\"><\/td>\n<td width=\"131\">\n<p align=\"center\">Economia e Meio Ambiente<\/p>\n<\/td>\n<td width=\"70\">\n<p align=\"center\">60<\/p>\n<\/td>\n<td width=\"166\"><\/td>\n<\/tr>\n<tr>\n<td colspan=\"4\"><\/td>\n<\/tr>\n<tr>\n<td width=\"132\">\n<p align=\"center\"><b>Estat\u00edstica<\/b><\/p>\n<\/td>\n<td width=\"131\">\n<p align=\"center\">Estat\u00edstica geral<\/p>\n<\/td>\n<td width=\"70\">\n<p align=\"center\">60<\/p>\n<\/td>\n<td width=\"166\"><\/td>\n<\/tr>\n<tr>\n<td width=\"132\"><\/td>\n<td width=\"131\">\n<p align=\"center\">Estat\u00edstica Aplicada \u00e0s Ci\u00eancias Sociais<\/p>\n<\/td>\n<td width=\"70\">\n<p align=\"center\">60<\/p>\n<\/td>\n<td width=\"166\">\n<p align=\"center\">Estat\u00edstica Geral<\/p>\n<\/td>\n<\/tr>\n<tr>\n<td colspan=\"4\"><\/td>\n<\/tr>\n<tr>\n<td width=\"132\">\n<p align=\"center\"><b>Metodologia e T\u00e9cnicas de Pesquisa<\/b><\/p>\n<\/td>\n<td width=\"131\">\n<p align=\"center\">Met. T\u00e9c. de Pesq. das Ci\u00eanc. Sociais I<\/p>\n<\/td>\n<td width=\"70\">\n<p align=\"center\">60<\/p>\n<\/td>\n<td width=\"166\"><\/td>\n<\/tr>\n<tr>\n<td width=\"132\"><\/td>\n<td width=\"131\">\n<p align=\"center\">Met. T\u00e9c. de Pesq. das Ci\u00eanc. Sociais II<\/p>\n<\/td>\n<td width=\"70\">\n<p align=\"center\">60<\/p>\n<\/td>\n<td width=\"166\">\n<p align=\"center\">Met. T\u00e9c. de Pesq. Ci\u00eanc. Sociais I<\/p>\n<\/td>\n<\/tr>\n<tr>\n<td width=\"132\"><\/td>\n<td width=\"131\">\n<p align=\"center\">Pesquisa de Opini\u00e3o<\/p>\n<\/td>\n<td width=\"70\">\n<p align=\"center\">60<\/p>\n<\/td>\n<td width=\"166\">\n<p align=\"center\">Met. T\u00e9c. de Pesq. das Ci\u00eanc. Sociais I<\/p>\n<\/td>\n<\/tr>\n<tr>\n<td colspan=\"4\"><\/td>\n<\/tr>\n<tr>\n<td width=\"132\">\n<p align=\"center\"><b>L\u00edngua Portuguesa<\/b><\/p>\n<\/td>\n<td width=\"131\">\n<p align=\"center\">L\u00edngua Portuguesa e Comunica\u00e7\u00e3o<\/p>\n<\/td>\n<td width=\"70\">\n<p align=\"center\">60<\/p>\n<\/td>\n<td width=\"166\"><\/td>\n<\/tr>\n<tr>\n<td width=\"132\">\n<p align=\"center\"><b>Filosofia<\/b><\/p>\n<\/td>\n<td width=\"131\">\n<p align=\"center\">Introdu\u00e7\u00e3o \u00e0 Filosofia<\/p>\n<\/td>\n<td width=\"70\">\n<p align=\"center\">60<\/p>\n<\/td>\n<td width=\"166\"><\/td>\n<\/tr>\n<tr>\n<td width=\"132\">\n<p align=\"center\"><b>Meio Ambiente<\/b><\/p>\n<\/td>\n<td width=\"131\">\n<p align=\"center\">Pensamento Cient\u00edfico e Meio Ambiente<\/p>\n<\/td>\n<td width=\"70\">\n<p align=\"center\">60<\/p>\n<\/td>\n<td width=\"166\"><\/td>\n<\/tr>\n<tr>\n<td width=\"132\"><\/td>\n<td width=\"131\">\n<p align=\"center\">Popula\u00e7\u00f5es Tradicionais e Meio Ambiente<\/p>\n<\/td>\n<td width=\"70\">\n<p align=\"center\">60<\/p>\n<\/td>\n<td width=\"166\"><\/td>\n<\/tr>\n<tr>\n<td width=\"132\"><\/td>\n<td width=\"131\">\n<p align=\"center\">Planejamento Ambiental<\/p>\n<\/td>\n<td width=\"70\">\n<p align=\"center\">60<\/p>\n<\/td>\n<td width=\"166\"><\/td>\n<\/tr>\n<tr>\n<td width=\"132\">\n<p align=\"center\"><b>Educa\u00e7\u00e3o<\/b><b><\/b><\/p>\n<\/td>\n<td width=\"131\">\n<p align=\"center\">Did\u00e1tica geral<\/p>\n<\/td>\n<td width=\"70\">\n<p align=\"center\">60<\/p>\n<\/td>\n<td width=\"166\"><\/td>\n<\/tr>\n<tr>\n<td width=\"132\"><\/td>\n<td width=\"131\">\n<p align=\"center\">Psicologia da Educa\u00e7\u00e3o<\/p>\n<\/td>\n<td width=\"70\">\n<p align=\"center\">60<\/p>\n<\/td>\n<td width=\"166\"><\/td>\n<\/tr>\n<tr>\n<td width=\"132\"><\/td>\n<td width=\"131\">\n<p align=\"center\">Est. Func. Ens. de 1\u00ba e 2\u00ba Graus<\/p>\n<\/td>\n<td width=\"70\">\n<p align=\"center\">60<\/p>\n<\/td>\n<td width=\"166\"><\/td>\n<\/tr>\n<tr>\n<td width=\"132\">\n<p align=\"center\"><b>Direito<\/b><b><\/b><\/p>\n<\/td>\n<td width=\"131\">\n<p align=\"center\">Direito Ambiental<\/p>\n<\/td>\n<td width=\"70\">\n<p align=\"center\">60<\/p>\n<\/td>\n<td width=\"166\"><\/td>\n<\/tr>\n<tr>\n<td width=\"132\">\n<p align=\"center\"><b>Disciplinas Pr\u00e1ticas<\/b><\/p>\n<\/td>\n<td width=\"131\">\n<p align=\"center\">Trabalho de Conclus\u00e3o de Curso<\/p>\n<\/td>\n<td width=\"70\">\n<p align=\"center\">60<\/p>\n<\/td>\n<td width=\"166\"><\/td>\n<\/tr>\n<tr>\n<td width=\"132\"><\/td>\n<td width=\"131\">\n<p align=\"center\">Est\u00e1gio Sup. Em Cultura e Meio Ambiente<\/p>\n<\/td>\n<td width=\"70\">\n<p align=\"center\">420<\/p>\n<\/td>\n<td width=\"166\"><\/td>\n<\/tr>\n<tr>\n<td width=\"132\"><\/td>\n<td width=\"131\">\n<p align=\"center\">Pratica de Ensino<\/p>\n<\/td>\n<td width=\"70\">\n<p align=\"center\">420<\/p>\n<\/td>\n<td><\/td>\n<\/tr>\n<tr>\n<td width=\"132\">\n<p align=\"center\"><b>Conte\u00fados Livres<\/b><b><\/b><\/p>\n<\/td>\n<td width=\"131\">\n<p align=\"center\">Atividades\u00a0 Curriculares Complementares<\/p>\n<\/td>\n<td width=\"70\">\n<p align=\"center\">210<\/p>\n<\/td>\n<td width=\"166\"><\/td>\n<\/tr>\n<tr>\n<td width=\"132\"><\/td>\n<td width=\"131\"><\/td>\n<td width=\"70\"><\/td>\n<td><\/td>\n<\/tr>\n<\/tbody>\n<\/table>\n<p><strong>Baixar Arquivo<\/strong><\/p>\n<p>&nbsp;<\/p>\n<\/div>\n","protected":false},"excerpt":{"rendered":"<p>Baixar arquivo em PDF\u00a0&gt;\u00a0Matriz Curricular (Curso Antigo) Bloco Disciplina Carga Hor\u00e1ria Pr\u00e9-Requisito Hist\u00f3ria Hist\u00f3ria Econ\u00f4mica e Pol\u00edtica do Brasil 60 Hist\u00f3ria Econ\u00f4mica e Social da Amaz\u00f4nia 60 Hist\u00f3ria Econ\u00f4mica e Pol\u00edtica do Brasil Geografia Humana e Econ\u00f4mica Geografia Humana e Econ\u00f4mica do Brasil 60 Sociologia Introdu\u00e7\u00e3o \u00e0 Sociologia 60 Sociologia Durkheiminiana 60 Introdu\u00e7\u00e3o \u00e0 Sociologia&#8230;<\/p>\n","protected":false},"author":399,"featured_media":0,"parent":439,"menu_order":0,"comment_status":"open","ping_status":"open","template":"","meta":{"inline_featured_image":false,"ngg_post_thumbnail":0,"footnotes":""},"class_list":["post-543","page","type-page","status-publish","hentry","entry"],"_links":{"self":[{"href":"https:\/\/www2.unifap.br\/csociais\/wp-json\/wp\/v2\/pages\/543","targetHints":{"allow":["GET"]}}],"collection":[{"href":"https:\/\/www2.unifap.br\/csociais\/wp-json\/wp\/v2\/pages"}],"about":[{"href":"https:\/\/www2.unifap.br\/csociais\/wp-json\/wp\/v2\/types\/page"}],"author":[{"embeddable":true,"href":"https:\/\/www2.unifap.br\/csociais\/wp-json\/wp\/v2\/users\/399"}],"replies":[{"embeddable":true,"href":"https:\/\/www2.unifap.br\/csociais\/wp-json\/wp\/v2\/comments?post=543"}],"version-history":[{"count":10,"href":"https:\/\/www2.unifap.br\/csociais\/wp-json\/wp\/v2\/pages\/543\/revisions"}],"predecessor-version":[{"id":1875,"href":"https:\/\/www2.unifap.br\/csociais\/wp-json\/wp\/v2\/pages\/543\/revisions\/1875"}],"up":[{"embeddable":true,"href":"https:\/\/www2.unifap.br\/csociais\/wp-json\/wp\/v2\/pages\/439"}],"wp:attachment":[{"href":"https:\/\/www2.unifap.br\/csociais\/wp-json\/wp\/v2\/media?parent=543"}],"curies":[{"name":"wp","href":"https:\/\/api.w.org\/{rel}","templated":true}]}}