{"id":547,"date":"2014-05-08T12:41:40","date_gmt":"2014-05-08T12:41:40","guid":{"rendered":"http:\/\/www2.unifap.br\/csociais\/?page_id=547"},"modified":"2014-05-08T12:41:40","modified_gmt":"2014-05-08T12:41:40","slug":"perfil-do-egresso","status":"publish","type":"page","link":"https:\/\/www2.unifap.br\/csociais\/licenciatura-em-ciencias-sociais\/perfil-do-egresso\/","title":{"rendered":"Perfil do Egresso"},"content":{"rendered":"<p>O profissional egresso do curso de Ci\u00eancias Sociais da Universidade Federal do Amap\u00e1 \u2013 UNIFAP \u00e9 generalista com \u00eanfase nas quest\u00f5es de meio ambiente. Ao longo do curso, desenvolveu habilidades e compet\u00eancias para ser pesquisador e docente na \u00e1rea, uma vez que possui forma\u00e7\u00e3o integral nas \u00e1reas que comp\u00f5em as Ci\u00eancias Sociais \u2013 Antropologia, Sociologia e Ci\u00eancia Pol\u00edtica \u2013, forma\u00e7\u00e3o did\u00e1tico-pedag\u00f3gica para a pr\u00e1tica docente. Al\u00e9m disso, tem condi\u00e7\u00f5es te\u00f3ricas-pr\u00e1ticas de atuar como profissional em planejamento, consultoria, forma\u00e7\u00e3o e assessoria, junto a empresas p\u00fablicas ou privadas, organiza\u00e7\u00f5es n\u00e3o governamentais, governamentais, partidos pol\u00edticos, movimentos sociais e atividades similares.<\/p>\n","protected":false},"excerpt":{"rendered":"<p>O profissional egresso do curso de Ci\u00eancias Sociais da Universidade Federal do Amap\u00e1 \u2013 UNIFAP \u00e9 generalista com \u00eanfase nas quest\u00f5es de meio ambiente. Ao longo do curso, desenvolveu habilidades e compet\u00eancias para ser pesquisador e docente na \u00e1rea, uma vez que possui forma\u00e7\u00e3o integral nas \u00e1reas que comp\u00f5em as Ci\u00eancias Sociais \u2013 Antropologia, Sociologia&#8230;<\/p>\n","protected":false},"author":399,"featured_media":0,"parent":439,"menu_order":0,"comment_status":"open","ping_status":"open","template":"","meta":{"inline_featured_image":false,"ngg_post_thumbnail":0,"footnotes":""},"class_list":["post-547","page","type-page","status-publish","hentry","entry"],"_links":{"self":[{"href":"https:\/\/www2.unifap.br\/csociais\/wp-json\/wp\/v2\/pages\/547","targetHints":{"allow":["GET"]}}],"collection":[{"href":"https:\/\/www2.unifap.br\/csociais\/wp-json\/wp\/v2\/pages"}],"about":[{"href":"https:\/\/www2.unifap.br\/csociais\/wp-json\/wp\/v2\/types\/page"}],"author":[{"embeddable":true,"href":"https:\/\/www2.unifap.br\/csociais\/wp-json\/wp\/v2\/users\/399"}],"replies":[{"embeddable":true,"href":"https:\/\/www2.unifap.br\/csociais\/wp-json\/wp\/v2\/comments?post=547"}],"version-history":[{"count":1,"href":"https:\/\/www2.unifap.br\/csociais\/wp-json\/wp\/v2\/pages\/547\/revisions"}],"predecessor-version":[{"id":548,"href":"https:\/\/www2.unifap.br\/csociais\/wp-json\/wp\/v2\/pages\/547\/revisions\/548"}],"up":[{"embeddable":true,"href":"https:\/\/www2.unifap.br\/csociais\/wp-json\/wp\/v2\/pages\/439"}],"wp:attachment":[{"href":"https:\/\/www2.unifap.br\/csociais\/wp-json\/wp\/v2\/media?parent=547"}],"curies":[{"name":"wp","href":"https:\/\/api.w.org\/{rel}","templated":true}]}}