{"id":549,"date":"2014-05-08T12:46:32","date_gmt":"2014-05-08T12:46:32","guid":{"rendered":"http:\/\/www2.unifap.br\/csociais\/?page_id=549"},"modified":"2014-05-08T12:51:21","modified_gmt":"2014-05-08T12:51:21","slug":"objetivos-do-curso","status":"publish","type":"page","link":"https:\/\/www2.unifap.br\/csociais\/licenciatura-em-ciencias-sociais\/objetivos-do-curso\/","title":{"rendered":"Objetivos do Curso"},"content":{"rendered":"<p>O curso de Ci\u00eancias Sociais tem como finalidade a forma\u00e7\u00e3o integral de profissionais licenciados e bachar\u00e9is em Ci\u00eancias Sociais habilitados a atuar nas \u00e1reas de Sociologia, Ci\u00eancia Pol\u00edtica e Antropologia.<\/p>\n<p>Considerando o contexto regional e a especificidades do estado do Amap\u00e1 em que se insere a institui\u00e7\u00e3o, a forma\u00e7\u00e3o do acad\u00eamico ter\u00e1 \u00eanfase nas tr\u00eas \u00e1rea b\u00e1sicas de forma\u00e7\u00e3o e\u00a0 por meio de disciplina espec\u00edficas na quest\u00e3o do meio ambiente.<\/p>\n","protected":false},"excerpt":{"rendered":"<p>O curso de Ci\u00eancias Sociais tem como finalidade a forma\u00e7\u00e3o integral de profissionais licenciados e bachar\u00e9is em Ci\u00eancias Sociais habilitados a atuar nas \u00e1reas de Sociologia, Ci\u00eancia Pol\u00edtica e Antropologia. Considerando o contexto regional e a especificidades do estado do Amap\u00e1 em que se insere a institui\u00e7\u00e3o, a forma\u00e7\u00e3o do acad\u00eamico ter\u00e1 \u00eanfase nas tr\u00eas&#8230;<\/p>\n","protected":false},"author":399,"featured_media":0,"parent":439,"menu_order":0,"comment_status":"open","ping_status":"open","template":"","meta":{"inline_featured_image":false,"ngg_post_thumbnail":0,"footnotes":""},"class_list":["post-549","page","type-page","status-publish","hentry","entry"],"_links":{"self":[{"href":"https:\/\/www2.unifap.br\/csociais\/wp-json\/wp\/v2\/pages\/549","targetHints":{"allow":["GET"]}}],"collection":[{"href":"https:\/\/www2.unifap.br\/csociais\/wp-json\/wp\/v2\/pages"}],"about":[{"href":"https:\/\/www2.unifap.br\/csociais\/wp-json\/wp\/v2\/types\/page"}],"author":[{"embeddable":true,"href":"https:\/\/www2.unifap.br\/csociais\/wp-json\/wp\/v2\/users\/399"}],"replies":[{"embeddable":true,"href":"https:\/\/www2.unifap.br\/csociais\/wp-json\/wp\/v2\/comments?post=549"}],"version-history":[{"count":1,"href":"https:\/\/www2.unifap.br\/csociais\/wp-json\/wp\/v2\/pages\/549\/revisions"}],"predecessor-version":[{"id":550,"href":"https:\/\/www2.unifap.br\/csociais\/wp-json\/wp\/v2\/pages\/549\/revisions\/550"}],"up":[{"embeddable":true,"href":"https:\/\/www2.unifap.br\/csociais\/wp-json\/wp\/v2\/pages\/439"}],"wp:attachment":[{"href":"https:\/\/www2.unifap.br\/csociais\/wp-json\/wp\/v2\/media?parent=549"}],"curies":[{"name":"wp","href":"https:\/\/api.w.org\/{rel}","templated":true}]}}