{"id":1584,"date":"2015-05-07T18:46:16","date_gmt":"2015-05-07T18:46:16","guid":{"rendered":"http:\/\/www2.unifap.br\/dace\/?page_id=1584"},"modified":"2015-12-23T14:47:27","modified_gmt":"2015-12-23T14:47:27","slug":"outros-auxilios-campus-marco-zero2015","status":"publish","type":"page","link":"https:\/\/www2.unifap.br\/dace\/assistencia-estudantil\/transparencia\/campus-marco-zero-2015\/outros-auxilios-campus-marco-zero2015","title":{"rendered":"OUTROS AUX\u00cdLIOS &#8211; JANEIRO A DEZEMBRO\/2015"},"content":{"rendered":"<div align=\"center\">\n<table width=\"578\" border=\"1\" cellspacing=\"0\" cellpadding=\"0\">\n<tbody>\n<tr>\n<td colspan=\"4\" width=\"578\"><b>PAGAMENTO AUX\u00cdLIOS DACE\/PROEAC\/UNIFAP &#8211; 1\u00ba SEMESTRE 2015(CAMPUS MARCO ZERO)<\/b><\/td>\n<\/tr>\n<tr>\n<td colspan=\"4\" width=\"578\">\n<p align=\"center\"><b>AUX\u00cdLIOS<\/b><\/p>\n<\/td>\n<\/tr>\n<tr>\n<td width=\"106\">\n<p align=\"center\"><b>M\u00caS<\/b><\/p>\n<\/td>\n<td width=\"151\">\n<p align=\"center\"><b>FOTOC\u00d3PIA<\/b><\/p>\n<p align=\"center\"><b>VALOR R$ 0,069<\/b><\/p>\n<\/td>\n<td width=\"170\">\n<p align=\"center\"><b>ALIMENTA\u00c7\u00c3O<\/b><\/p>\n<p align=\"center\"><b>VALOR M\u00c9DIOR$ 5,85 <\/b><\/p>\n<\/td>\n<td width=\"151\">\n<p align=\"center\"><b>TRANSPORTE<\/b><\/p>\n<p align=\"center\"><b>VALOR M\u00c9DIO R$ 3,15<\/b><\/p>\n<\/td>\n<\/tr>\n<tr>\n<td width=\"106\">\n<p align=\"center\"><b>JANEIRO<\/b><\/p>\n<p align=\"center\"><b>\u00a0<\/b><\/p>\n<\/td>\n<td style=\"text-align: center\" width=\"151\">\u00a0<span style=\"color: #800000\"><strong>3667<\/strong><\/span><\/td>\n<td width=\"170\"><\/td>\n<td style=\"text-align: center\" width=\"151\">\u00a0<span style=\"color: #800000\"><strong>1007<\/strong><\/span><\/td>\n<\/tr>\n<tr>\n<td width=\"106\">\n<p align=\"center\"><b>JANEIRO RETROATIVO<\/b><\/p>\n<\/td>\n<td width=\"151\"><\/td>\n<td width=\"170\"><\/td>\n<td width=\"151\"><\/td>\n<\/tr>\n<tr>\n<td width=\"106\">\n<p align=\"center\"><b>FEVEREIRO<\/b><\/p>\n<\/td>\n<td style=\"text-align: center\" width=\"151\"><span style=\"color: #800000\"><strong>5510<\/strong><\/span><\/td>\n<td width=\"170\"><\/td>\n<td width=\"151\"><\/td>\n<\/tr>\n<tr>\n<td width=\"106\">\n<p align=\"center\"><b>FEVEREIRO RETROATIVO<\/b><\/p>\n<\/td>\n<td width=\"151\"><\/td>\n<td width=\"170\"><\/td>\n<td width=\"151\"><\/td>\n<\/tr>\n<tr>\n<td width=\"106\">\n<p align=\"center\"><b>MAR\u00c7O<\/b><\/p>\n<\/td>\n<td style=\"text-align: center\" width=\"151\">\u00a0<span style=\"color: #800000\"><strong>66388<\/strong><\/span><\/td>\n<td width=\"170\"><\/td>\n<td style=\"text-align: center\" width=\"151\">\u00a0<span style=\"color: #800000\"><strong><a title=\"CLIQUE AQUI\" href=\"http:\/\/www2.unifap.br\/dace\/files\/2015\/05\/PG-TRANSPORTE-MAR\u00c7O.pdf\" target=\"_blank\"><span style=\"color: #800000\">1001<\/span><\/a><\/strong><\/span><\/td>\n<\/tr>\n<tr>\n<td width=\"106\">\n<p align=\"center\"><b>MAR\u00c7O RETROATIVO<\/b><\/p>\n<\/td>\n<td width=\"151\"><\/td>\n<td width=\"170\"><\/td>\n<td width=\"151\"><\/td>\n<\/tr>\n<tr>\n<td width=\"106\">\n<p align=\"center\"><b>ABRIL<\/b><\/p>\n<\/td>\n<td style=\"text-align: center\" width=\"151\"><span style=\"color: #800000\"><strong><a title=\"CLIQUE AQUI\" href=\"http:\/\/www2.unifap.br\/dace\/files\/2015\/05\/1-FOTOCOPIA-PG-abril.pdf\" target=\"_blank\"><span style=\"color: #800000\">179<\/span><\/a><\/strong><\/span><span style=\"color: #800000\"><strong><a href=\"http:\/\/www2.unifap.br\/dace\/files\/2015\/05\/1-FOTOCOPIA-PG.pdf\"><span style=\"color: #800000\"><br \/>\n<\/span><\/a><\/strong><\/span><\/td>\n<td style=\"text-align: center\" width=\"170\">\u00a0<span style=\"color: #800000\"><strong>20364<\/strong><\/span><\/td>\n<td style=\"text-align: center\" width=\"151\">\u00a0<span style=\"color: #800000\"><strong><a title=\"CLIQUE AQUI\" href=\"http:\/\/www2.unifap.br\/dace\/files\/2015\/05\/1-TRANSPORTE-PG-ABRIL.pdf\" target=\"_blank\"><span style=\"color: #800000\">695<\/span><\/a><\/strong><\/span><\/td>\n<\/tr>\n<tr>\n<td width=\"106\">\n<p align=\"center\"><b>ABRIL<\/b><\/p>\n<p align=\"center\"><b>RETROATIVO<\/b><\/p>\n<\/td>\n<td width=\"151\"><\/td>\n<td width=\"170\"><\/td>\n<td width=\"151\"><\/td>\n<\/tr>\n<tr>\n<td width=\"106\">\n<p align=\"center\"><b>MAIO<\/b><\/p>\n<\/td>\n<td style=\"text-align: center\" width=\"151\"><span style=\"color: #800000\"><strong>\u00a0<a title=\"CLIQUE AQUI\" href=\"http:\/\/www2.unifap.br\/dace\/files\/2015\/05\/1-FOTOCOPIA-MAIO.pdf\" target=\"_blank\"><span style=\"color: #800000\">50<\/span><\/a><\/strong><\/span><\/td>\n<td width=\"170\"><\/td>\n<td style=\"text-align: center\" width=\"151\">\u00a0<span style=\"color: #800000\"><strong><a title=\"CLIQUE AQUI\" href=\"http:\/\/www2.unifap.br\/dace\/files\/2015\/05\/1-TRANSPORTE-JUNHO.pdf\" target=\"_blank\"><span style=\"color: #800000\">672<\/span><\/a><\/strong><\/span><\/td>\n<\/tr>\n<tr>\n<td width=\"106\">\n<p align=\"center\"><b>MAIO<\/b><\/p>\n<p align=\"center\"><b>RETROATIVO<\/b><\/p>\n<\/td>\n<td width=\"151\"><\/td>\n<td width=\"170\"><\/td>\n<td width=\"151\"><\/td>\n<\/tr>\n<tr>\n<td width=\"106\">\n<p align=\"center\"><b>JUNHO<\/b><\/p>\n<\/td>\n<td style=\"text-align: center\" width=\"151\">\u00a0<span style=\"color: #800000\"><strong><a title=\"CLIQUE AQUI\" href=\"http:\/\/www2.unifap.br\/dace\/files\/2015\/05\/1-FOTOCOPIA-JUNHO.pdf\" target=\"_blank\"><span style=\"color: #800000\">7<\/span><\/a><\/strong><\/span><\/td>\n<td width=\"170\"><\/td>\n<td width=\"151\"><\/td>\n<\/tr>\n<tr>\n<td width=\"106\">\n<p align=\"center\"><b>JUNHO RETROATIVO<\/b><\/p>\n<\/td>\n<td width=\"151\"><\/td>\n<td width=\"170\"><\/td>\n<td width=\"151\"><\/td>\n<\/tr>\n<tr>\n<td width=\"106\">\n<p align=\"center\"><b>OUTUBRO E NOVEMBRO<\/b><\/p>\n<\/td>\n<td width=\"151\"><\/td>\n<td width=\"170\"><\/td>\n<td style=\"text-align: center\" width=\"151\"><span style=\"color: #800000\"><strong>\u00a0<a title=\"CLIQUE AQUI\" href=\"http:\/\/www2.unifap.br\/dace\/files\/2015\/05\/1-TRANSPORTE-PG-OUT-E-NOV-655.pdf\" target=\"_blank\"><span style=\"color: #800000\">655<\/span><\/a><\/strong><\/span><\/td>\n<\/tr>\n<tr>\n<td width=\"106\">\n<p align=\"center\"><b>\u00a0<\/b><\/p>\n<\/td>\n<td width=\"151\"><\/td>\n<td width=\"170\"><\/td>\n<td width=\"151\"><\/td>\n<\/tr>\n<\/tbody>\n<\/table>\n<\/div>\n<p>&nbsp;<\/p>\n","protected":false},"excerpt":{"rendered":"<p>PAGAMENTO AUX\u00cdLIOS DACE\/PROEAC\/UNIFAP &#8211; 1\u00ba SEMESTRE 2015(CAMPUS MARCO ZERO) AUX\u00cdLIOS M\u00caS FOTOC\u00d3PIA VALOR R$ 0,069 ALIMENTA\u00c7\u00c3O VALOR M\u00c9DIOR$ 5,85 TRANSPORTE&#8230;<\/p>\n","protected":false},"author":405,"featured_media":0,"parent":1581,"menu_order":2,"comment_status":"closed","ping_status":"open","template":"","meta":{"inline_featured_image":false,"site-sidebar-layout":"default","site-content-layout":"","ast-site-content-layout":"default","site-content-style":"default","site-sidebar-style":"default","ast-global-header-display":"","ast-banner-title-visibility":"","ast-main-header-display":"","ast-hfb-above-header-display":"","ast-hfb-below-header-display":"","ast-hfb-mobile-header-display":"","site-post-title":"","ast-breadcrumbs-content":"","ast-featured-img":"","footer-sml-layout":"","theme-transparent-header-meta":"","adv-header-id-meta":"","stick-header-meta":"","header-above-stick-meta":"","header-main-stick-meta":"","header-below-stick-meta":"","astra-migrate-meta-layouts":"default","ast-page-background-enabled":"default","ast-page-background-meta":{"desktop":{"background-color":"var(--ast-global-color-4)","background-image":"","background-repeat":"repeat","background-position":"center center","background-size":"auto","background-attachment":"scroll","background-type":"","background-media":"","overlay-type":"","overlay-color":"","overlay-opacity":"","overlay-gradient":""},"tablet":{"background-color":"","background-image":"","background-repeat":"repeat","background-position":"center center","background-size":"auto","background-attachment":"scroll","background-type":"","background-media":"","overlay-type":"","overlay-color":"","overlay-opacity":"","overlay-gradient":""},"mobile":{"background-color":"","background-image":"","background-repeat":"repeat","background-position":"center center","background-size":"auto","background-attachment":"scroll","background-type":"","background-media":"","overlay-type":"","overlay-color":"","overlay-opacity":"","overlay-gradient":""}},"ast-content-background-meta":{"desktop":{"background-color":"var(--ast-global-color-5)","background-image":"","background-repeat":"repeat","background-position":"center center","background-size":"auto","background-attachment":"scroll","background-type":"","background-media":"","overlay-type":"","overlay-color":"","overlay-opacity":"","overlay-gradient":""},"tablet":{"background-color":"var(--ast-global-color-5)","background-image":"","background-repeat":"repeat","background-position":"center center","background-size":"auto","background-attachment":"scroll","background-type":"","background-media":"","overlay-type":"","overlay-color":"","overlay-opacity":"","overlay-gradient":""},"mobile":{"background-color":"var(--ast-global-color-5)","background-image":"","background-repeat":"repeat","background-position":"center center","background-size":"auto","background-attachment":"scroll","background-type":"","background-media":"","overlay-type":"","overlay-color":"","overlay-opacity":"","overlay-gradient":""}},"ngg_post_thumbnail":0,"footnotes":""},"class_list":["post-1584","page","type-page","status-publish","hentry"],"_links":{"self":[{"href":"https:\/\/www2.unifap.br\/dace\/wp-json\/wp\/v2\/pages\/1584","targetHints":{"allow":["GET"]}}],"collection":[{"href":"https:\/\/www2.unifap.br\/dace\/wp-json\/wp\/v2\/pages"}],"about":[{"href":"https:\/\/www2.unifap.br\/dace\/wp-json\/wp\/v2\/types\/page"}],"author":[{"embeddable":true,"href":"https:\/\/www2.unifap.br\/dace\/wp-json\/wp\/v2\/users\/405"}],"replies":[{"embeddable":true,"href":"https:\/\/www2.unifap.br\/dace\/wp-json\/wp\/v2\/comments?post=1584"}],"version-history":[{"count":19,"href":"https:\/\/www2.unifap.br\/dace\/wp-json\/wp\/v2\/pages\/1584\/revisions"}],"predecessor-version":[{"id":2055,"href":"https:\/\/www2.unifap.br\/dace\/wp-json\/wp\/v2\/pages\/1584\/revisions\/2055"}],"up":[{"embeddable":true,"href":"https:\/\/www2.unifap.br\/dace\/wp-json\/wp\/v2\/pages\/1581"}],"wp:attachment":[{"href":"https:\/\/www2.unifap.br\/dace\/wp-json\/wp\/v2\/media?parent=1584"}],"curies":[{"name":"wp","href":"https:\/\/api.w.org\/{rel}","templated":true}]}}