{"id":1868,"date":"2015-08-19T11:18:53","date_gmt":"2015-08-19T11:18:53","guid":{"rendered":"http:\/\/www2.unifap.br\/dace\/?page_id=1868"},"modified":"2015-12-30T14:03:50","modified_gmt":"2015-12-30T14:03:50","slug":"pagamento-de-agosto-a-dezembro-2015","status":"publish","type":"page","link":"https:\/\/www2.unifap.br\/dace\/assistencia-estudantil\/transparencia\/campus-mazagao-2015\/pagamento-de-agosto-a-dezembro-2015","title":{"rendered":"PAGAMENTO DE AGOSTO A DEZEMBRO &#8211; 2015"},"content":{"rendered":"<table border=\"1\" cellspacing=\"0\" cellpadding=\"0\">\n<tbody>\n<tr>\n<td colspan=\"4\" width=\"576\">\n<p align=\"center\"><b>PAGAMENTO AUX\u00cdLIOS DACE\/PROEAC\/UNIFAP \u2013 2015 (CAMPUS MAZAG\u00c3O)<\/b><\/p>\n<\/td>\n<\/tr>\n<tr>\n<td colspan=\"4\" width=\"576\">\n<p align=\"center\"><b>AUX\u00cdLIOS<\/b><b><\/b><\/p>\n<\/td>\n<\/tr>\n<tr>\n<td width=\"144\">\n<p align=\"center\"><b>MES<\/b><\/p>\n<\/td>\n<td width=\"144\">\n<p align=\"center\"><b>PERMAN\u00caNCIA I<\/b><\/p>\n<p align=\"center\"><b>VALOR R$ 300,00<\/b><\/p>\n<p align=\"center\">\n<\/td>\n<td width=\"144\">\n<p align=\"center\"><b>PERMAN\u00caNCIA II<\/b><\/p>\n<p align=\"center\"><b>VALOR R$ 150,00<\/b><\/p>\n<p align=\"center\">\n<\/td>\n<td width=\"144\">\n<p align=\"center\"><b>TRANSPORTE INTERMUNICIPAL (VAN)<\/b><\/p>\n<p align=\"center\"><b>VALOR R$ 5,00 (DI\u00c1RIOS)<\/b><\/p>\n<\/td>\n<\/tr>\n<tr>\n<td width=\"144\">\n<p align=\"center\">AGOSTO<\/p>\n<\/td>\n<td style=\"text-align: center\" width=\"144\">\u00a0<span style=\"color: #800000\"><strong><a title=\"CLIQUE AQUI\" href=\"http:\/\/www2.unifap.br\/dace\/files\/2015\/08\/1-Permanencia-1-MAZAGAO-AGOSTO.pdf\" target=\"_blank\"><span style=\"color: #800000\">30<\/span><\/a><\/strong><\/span><\/td>\n<td style=\"text-align: center\" width=\"144\">\u00a0<span style=\"color: #800000\"><strong><a title=\"CLIQUE AQUI\" href=\"http:\/\/www2.unifap.br\/dace\/files\/2015\/08\/1-Permanencia-2-MAZAGAO-AGOSTO.pdf\" target=\"_blank\"><span style=\"color: #800000\">42<\/span><\/a><\/strong><\/span><\/td>\n<td width=\"144\"><\/td>\n<\/tr>\n<tr>\n<td width=\"144\">\n<p align=\"center\">SETEMBRO<\/p>\n<\/td>\n<td style=\"text-align: center\" width=\"144\">\u00a0<span style=\"color: #800000\"><strong><a title=\"CLIQUE AQUI\" href=\"http:\/\/www2.unifap.br\/dace\/files\/2015\/08\/1-Permanencia-1-MAZAGAO-SETEMBRO-30.pdf\" target=\"_blank\"><span style=\"color: #800000\">30<\/span><\/a><\/strong><\/span><\/td>\n<td style=\"text-align: center\" width=\"144\">\u00a0<span style=\"color: #800000\"><strong><a title=\"CLIQUE AQUI\" href=\"http:\/\/www2.unifap.br\/dace\/files\/2015\/08\/1-Permanencia-2-MAZAGAO-SETEMBRO-42.pdf\" target=\"_blank\"><span style=\"color: #800000\">42<\/span><\/a><\/strong><\/span><\/td>\n<td width=\"144\"><\/td>\n<\/tr>\n<tr>\n<td width=\"144\">\n<p align=\"center\">OUTUBRO<\/p>\n<\/td>\n<td style=\"text-align: center\" width=\"144\"><span style=\"color: #800000\"><strong>\u00a0<a title=\"CLIQUE AQUI\" href=\"http:\/\/www2.unifap.br\/dace\/files\/2015\/08\/1-Permanencia-1-MAZAGAO-OUTUBRO-30.pdf\" target=\"_blank\"><span style=\"color: #800000\">30<\/span><\/a><\/strong><\/span><\/td>\n<td style=\"text-align: center\" width=\"144\">\u00a0<span style=\"color: #800000\"><strong><a title=\"CLIQUE AQUI\" href=\"http:\/\/www2.unifap.br\/dace\/files\/2015\/08\/1-Permanencia-2-MAZAGAO-OUTBRO-42.pdf\" target=\"_blank\"><span style=\"color: #800000\">42<\/span><\/a><\/strong><\/span><\/td>\n<td style=\"text-align: center\" width=\"144\">\u00a0<span style=\"color: #800000\"><strong><a title=\"CLIQUE AQUI\" href=\"http:\/\/www2.unifap.br\/dace\/files\/2015\/08\/1-TRANSPORTE-MAZAGAO-OUTUBRO-1.pdf\" target=\"_blank\"><span style=\"color: #800000\">1<\/span><\/a><\/strong><\/span><\/td>\n<\/tr>\n<tr>\n<td width=\"144\">\n<p align=\"center\">NOVEMBRO<\/p>\n<\/td>\n<td style=\"text-align: center\" width=\"144\"><span style=\"color: #800000\"><strong>\u00a0<a title=\"CLIQUE AQUI\" href=\"http:\/\/www2.unifap.br\/dace\/files\/2015\/08\/1-Permanencia-1-MAZAGAO-NOVEMBRO-281.pdf\" target=\"_blank\"><span style=\"color: #800000\">28<\/span><\/a><\/strong><\/span><\/td>\n<td style=\"text-align: center\" width=\"144\">\u00a0<span style=\"color: #800000\"><strong><a title=\"CLIQUE AQUI\" href=\"http:\/\/www2.unifap.br\/dace\/files\/2015\/08\/1-Permanencia-2-MAZAGAO-NOVEMBRO-41.pdf\" target=\"_blank\"><span style=\"color: #800000\">41<\/span><\/a><\/strong><\/span><\/td>\n<td style=\"text-align: center\" width=\"144\">\u00a0<span style=\"color: #800000\"><strong><a title=\"CLIQUE AQUI\" href=\"http:\/\/www2.unifap.br\/dace\/files\/2015\/08\/1-TRANSPORTE-MAZAGAO-NOVEMBRO-1.pdf\" target=\"_blank\"><span style=\"color: #800000\">1<\/span><\/a><\/strong><\/span><\/td>\n<\/tr>\n<tr>\n<td width=\"144\">\n<p align=\"center\">DEZEMBRO<\/p>\n<\/td>\n<td style=\"text-align: center\" width=\"144\">\u00a0<span style=\"color: #800000\"><strong><a title=\"CLIQUE AQUI\" href=\"http:\/\/www2.unifap.br\/dace\/files\/2015\/08\/1-Permanencia-1-MAZAGAO-DEZEMBRO-28.pdf\" target=\"_blank\"><span style=\"color: #800000\">28<\/span><\/a><\/strong><\/span><\/td>\n<td style=\"text-align: center\" width=\"144\">\u00a0<span style=\"color: #800000\"><strong><a title=\"CLIQUE AQUI\" href=\"http:\/\/www2.unifap.br\/dace\/files\/2015\/08\/1-Permanencia-2-MAZAGAO-DEZEMBRO-41.pdf\" target=\"_blank\"><span style=\"color: #800000\">41<\/span><\/a><\/strong><\/span><\/td>\n<td style=\"text-align: center\" width=\"144\"><span style=\"color: #800000\"><strong>\u00a0<a title=\"CLIQUE AQUI\" href=\"http:\/\/www2.unifap.br\/dace\/files\/2015\/08\/1-TRANSPORTE-MAZAGAO-DEZEMBRO-1.pdf\" target=\"_blank\"><span style=\"color: #800000\">1<\/span><\/a><\/strong><\/span><\/td>\n<\/tr>\n<\/tbody>\n<\/table>\n","protected":false},"excerpt":{"rendered":"<p>PAGAMENTO AUX\u00cdLIOS DACE\/PROEAC\/UNIFAP \u2013 2015 (CAMPUS MAZAG\u00c3O) AUX\u00cdLIOS MES PERMAN\u00caNCIA I VALOR R$ 300,00 PERMAN\u00caNCIA II VALOR R$ 150,00 TRANSPORTE&#8230;<\/p>\n","protected":false},"author":405,"featured_media":0,"parent":1865,"menu_order":0,"comment_status":"closed","ping_status":"open","template":"","meta":{"inline_featured_image":false,"site-sidebar-layout":"default","site-content-layout":"","ast-site-content-layout":"default","site-content-style":"default","site-sidebar-style":"default","ast-global-header-display":"","ast-banner-title-visibility":"","ast-main-header-display":"","ast-hfb-above-header-display":"","ast-hfb-below-header-display":"","ast-hfb-mobile-header-display":"","site-post-title":"","ast-breadcrumbs-content":"","ast-featured-img":"","footer-sml-layout":"","theme-transparent-header-meta":"","adv-header-id-meta":"","stick-header-meta":"","header-above-stick-meta":"","header-main-stick-meta":"","header-below-stick-meta":"","astra-migrate-meta-layouts":"default","ast-page-background-enabled":"default","ast-page-background-meta":{"desktop":{"background-color":"var(--ast-global-color-4)","background-image":"","background-repeat":"repeat","background-position":"center center","background-size":"auto","background-attachment":"scroll","background-type":"","background-media":"","overlay-type":"","overlay-color":"","overlay-opacity":"","overlay-gradient":""},"tablet":{"background-color":"","background-image":"","background-repeat":"repeat","background-position":"center center","background-size":"auto","background-attachment":"scroll","background-type":"","background-media":"","overlay-type":"","overlay-color":"","overlay-opacity":"","overlay-gradient":""},"mobile":{"background-color":"","background-image":"","background-repeat":"repeat","background-position":"center center","background-size":"auto","background-attachment":"scroll","background-type":"","background-media":"","overlay-type":"","overlay-color":"","overlay-opacity":"","overlay-gradient":""}},"ast-content-background-meta":{"desktop":{"background-color":"var(--ast-global-color-5)","background-image":"","background-repeat":"repeat","background-position":"center center","background-size":"auto","background-attachment":"scroll","background-type":"","background-media":"","overlay-type":"","overlay-color":"","overlay-opacity":"","overlay-gradient":""},"tablet":{"background-color":"var(--ast-global-color-5)","background-image":"","background-repeat":"repeat","background-position":"center center","background-size":"auto","background-attachment":"scroll","background-type":"","background-media":"","overlay-type":"","overlay-color":"","overlay-opacity":"","overlay-gradient":""},"mobile":{"background-color":"var(--ast-global-color-5)","background-image":"","background-repeat":"repeat","background-position":"center center","background-size":"auto","background-attachment":"scroll","background-type":"","background-media":"","overlay-type":"","overlay-color":"","overlay-opacity":"","overlay-gradient":""}},"ngg_post_thumbnail":0,"footnotes":""},"class_list":["post-1868","page","type-page","status-publish","hentry"],"_links":{"self":[{"href":"https:\/\/www2.unifap.br\/dace\/wp-json\/wp\/v2\/pages\/1868","targetHints":{"allow":["GET"]}}],"collection":[{"href":"https:\/\/www2.unifap.br\/dace\/wp-json\/wp\/v2\/pages"}],"about":[{"href":"https:\/\/www2.unifap.br\/dace\/wp-json\/wp\/v2\/types\/page"}],"author":[{"embeddable":true,"href":"https:\/\/www2.unifap.br\/dace\/wp-json\/wp\/v2\/users\/405"}],"replies":[{"embeddable":true,"href":"https:\/\/www2.unifap.br\/dace\/wp-json\/wp\/v2\/comments?post=1868"}],"version-history":[{"count":17,"href":"https:\/\/www2.unifap.br\/dace\/wp-json\/wp\/v2\/pages\/1868\/revisions"}],"predecessor-version":[{"id":2088,"href":"https:\/\/www2.unifap.br\/dace\/wp-json\/wp\/v2\/pages\/1868\/revisions\/2088"}],"up":[{"embeddable":true,"href":"https:\/\/www2.unifap.br\/dace\/wp-json\/wp\/v2\/pages\/1865"}],"wp:attachment":[{"href":"https:\/\/www2.unifap.br\/dace\/wp-json\/wp\/v2\/media?parent=1868"}],"curies":[{"name":"wp","href":"https:\/\/api.w.org\/{rel}","templated":true}]}}