{"id":2125,"date":"2016-01-19T12:40:19","date_gmt":"2016-01-19T12:40:19","guid":{"rendered":"http:\/\/www2.unifap.br\/dace\/?page_id=2125"},"modified":"2017-03-30T20:21:56","modified_gmt":"2017-03-30T20:21:56","slug":"auxilios-pagos-em-conta-janeiro-a-dezembro2016","status":"publish","type":"page","link":"https:\/\/www2.unifap.br\/dace\/assistencia-estudantil\/transparencia\/campus-marco-zero-2016\/auxilios-pagos-em-conta-janeiro-a-dezembro2016","title":{"rendered":"AUX\u00cdLIOS PAGOS EM CONTA \u2013 JANEIRO A DEZEMBRO\/2016"},"content":{"rendered":"<div style=\"text-align: left\" align=\"center\">\n<div align=\"center\">\n<div style=\"text-align: center\" align=\"center\">\n<table width=\"564\" border=\"1\" cellspacing=\"0\" cellpadding=\"0\">\n<tbody>\n<tr>\n<td colspan=\"10\" width=\"564\">\n<p align=\"center\"><b>PAGAMENTO AUX\u00cdLIOS DACE\/PROEAC\/UNIFAP &#8211; 2016 (CAMPUS MARCO ZERO)<\/b><\/p>\n<\/td>\n<\/tr>\n<tr>\n<td width=\"38\"><\/td>\n<td colspan=\"9\" width=\"526\">\n<p align=\"center\"><b>AUX\u00cdLIOS<\/b><\/p>\n<\/td>\n<\/tr>\n<tr>\n<td width=\"38\">\n<p align=\"center\"><b>M\u00caS<\/b><\/p>\n<\/td>\n<td width=\"58\">\n<p align=\"center\"><b>PERMA<\/b><\/p>\n<p align=\"center\"><b>N\u00caNCIA<\/b><\/p>\n<\/td>\n<td width=\"66\">\n<p align=\"center\"><b>MORADIA<\/b><\/p>\n<\/td>\n<td width=\"60\">\n<p align=\"center\"><b>ODONTO<\/b><\/p>\n<p align=\"center\"><b>L\u00d3GICO<\/b><\/p>\n<\/td>\n<td width=\"49\">\n<p align=\"center\"><b>SA\u00daDE<\/b><\/p>\n<\/td>\n<td width=\"52\">\n<p align=\"center\"><b>ATLETA<\/b><\/p>\n<\/td>\n<td width=\"73\">\n<p align=\"center\"><b>FOTOC\u00d3PIA<\/b><\/p>\n<\/td>\n<td width=\"44\">\n<p align=\"center\"><b>NOTE<\/b><\/p>\n<p align=\"center\"><b>BOOK<\/b><\/p>\n<\/td>\n<td width=\"76\">\n<p align=\"center\"><b>AUX\u00cdLIO FINANCEIRO<\/b><\/p>\n<\/td>\n<td width=\"47\">\n<p align=\"center\"><b>EMER<\/b><\/p>\n<p align=\"center\"><b>GENCIAL<\/b><\/p>\n<\/td>\n<\/tr>\n<tr>\n<td width=\"38\">\n<p align=\"center\">JAN<\/p>\n<\/td>\n<td width=\"58\">\u00a0<span style=\"color: #800000\"><strong><a href=\"http:\/\/www2.unifap.br\/dace\/files\/2016\/01\/1-Permanencia-JANEIRO-1022.pdf\"><span style=\"color: #800000\">102<\/span><\/a><\/strong><\/span><\/td>\n<td width=\"66\">\u00a0<span style=\"color: #800000\"><strong><a title=\"CLIQUE AQUI\" href=\"http:\/\/www2.unifap.br\/dace\/files\/2016\/01\/1-MORADIA-JAN-592.pdf\" target=\"_blank\"><span style=\"color: #800000\">59<\/span><\/a><\/strong><\/span><\/td>\n<td width=\"60\">\u00a0<span style=\"color: #800000\"><strong><a href=\"http:\/\/www2.unifap.br\/dace\/files\/2016\/01\/1-ODONTOLOGICO-JAN-62.pdf\"><span style=\"color: #800000\">6<\/span><\/a><\/strong><\/span><\/td>\n<td width=\"49\">\u00a0<span style=\"color: #800000\"><strong><a href=\"http:\/\/www2.unifap.br\/dace\/files\/2016\/01\/1-SAUDE-JAN-62.pdf\"><span style=\"color: #800000\">6<\/span><\/a><\/strong><\/span><\/td>\n<td width=\"52\"><\/td>\n<td width=\"73\"><\/td>\n<td width=\"44\"><\/td>\n<td width=\"76\"><\/td>\n<td width=\"47\"><\/td>\n<\/tr>\n<tr>\n<td width=\"38\">\n<p align=\"center\">FEV<\/p>\n<\/td>\n<td width=\"58\">\u00a0<span style=\"color: #800000\"><strong><a href=\"http:\/\/www2.unifap.br\/dace\/files\/2016\/01\/1-Permanencia-FEV-2016-1002.pdf\"><span style=\"color: #800000\">100<\/span><\/a><\/strong><\/span><\/td>\n<td width=\"66\"><span style=\"color: #800000\"><strong>\u00a0<a href=\"http:\/\/www2.unifap.br\/dace\/files\/2016\/01\/1-MORADIA-FEV-701.pdf\"><span style=\"color: #800000\">70<\/span><\/a><\/strong><\/span><\/td>\n<td width=\"60\">\u00a0<span style=\"color: #800000\"><strong><a href=\"http:\/\/www2.unifap.br\/dace\/files\/2016\/01\/1-ODONTOLOGICO-FEVEREIRO-61.pdf\"><span style=\"color: #800000\">6<\/span><\/a><\/strong><\/span><\/td>\n<td width=\"49\">\u00a0<span style=\"color: #800000\"><strong><a href=\"http:\/\/www2.unifap.br\/dace\/files\/2016\/01\/1-SAUDE-FEV-61.pdf\"><span style=\"color: #800000\">6<\/span><\/a><\/strong><\/span><\/td>\n<td width=\"52\"><\/td>\n<td width=\"73\"><\/td>\n<td width=\"44\"><\/td>\n<td width=\"76\"><\/td>\n<td width=\"47\"><\/td>\n<\/tr>\n<tr>\n<td width=\"38\">\n<p align=\"center\">MAR<\/p>\n<\/td>\n<td width=\"58\">\u00a0<span style=\"color: #800000\"><strong><a href=\"http:\/\/www2.unifap.br\/dace\/files\/2016\/01\/1-Permanencia-MAR-2016-1111.pdf\"><span style=\"color: #800000\">111<\/span><\/a><\/strong><\/span><\/td>\n<td width=\"66\"><span style=\"color: #800000\"><strong>\u00a0<a href=\"http:\/\/www2.unifap.br\/dace\/files\/2016\/01\/1-MORADIA-Mar\u00e7o-2016-571.pdf\"><span style=\"color: #800000\">57<\/span><\/a><\/strong><\/span><\/td>\n<td width=\"60\">\u00a0<span style=\"color: #800000\"><strong><a href=\"http:\/\/www2.unifap.br\/dace\/files\/2016\/01\/1-ODONTOLOGICO-MAR\u00c7O-2016-61.pdf\"><span style=\"color: #800000\">6<\/span><\/a><\/strong><\/span><\/td>\n<td width=\"49\">\u00a0<span style=\"color: #800000\"><strong><a href=\"http:\/\/www2.unifap.br\/dace\/files\/2016\/01\/1-SAUDE-MAR\u00c7O-2016-61.pdf\"><span style=\"color: #800000\">6<\/span><\/a><\/strong><\/span><\/td>\n<td width=\"52\">\u00a0<span style=\"color: #800000\"><strong><a href=\"http:\/\/www2.unifap.br\/dace\/files\/2016\/01\/1-Atleta-MAR\u00c7O-17-2016.pdf\"><span style=\"color: #800000\">17<\/span><\/a><\/strong><\/span><\/td>\n<td width=\"73\"><\/td>\n<td width=\"44\"><\/td>\n<td width=\"76\"><\/td>\n<td width=\"47\"><\/td>\n<\/tr>\n<tr>\n<td width=\"38\">\n<p align=\"center\">ABR<\/p>\n<\/td>\n<td width=\"58\">\u00a0<span style=\"color: #800000\"><strong><a href=\"http:\/\/www2.unifap.br\/dace\/files\/2016\/01\/1-Permanencia-ABRIL-2016-1102.pdf\"><span style=\"color: #800000\">110<\/span><\/a><\/strong><\/span><span style=\"color: #800000\"><strong><a href=\"http:\/\/www2.unifap.br\/dace\/files\/2016\/01\/1-Permanencia-ABRIL-2016-1101.pdf\"><span style=\"color: #800000\"><br \/>\n<\/span><\/a><\/strong><\/span><\/td>\n<td width=\"66\">\u00a0<span style=\"color: #800000\"><strong><a href=\"http:\/\/www2.unifap.br\/dace\/files\/2016\/01\/1-MORADIA-ABRIL-52-20161.pdf\"><span style=\"color: #800000\">52<\/span><\/a><\/strong><\/span><\/td>\n<td width=\"60\">\u00a0<span style=\"color: #800000\"><strong><a href=\"http:\/\/www2.unifap.br\/dace\/files\/2016\/01\/1-ODONTOLOGICO-ABRIL-3-20161.pdf\"><span style=\"color: #800000\">3<\/span><\/a><\/strong><\/span><\/td>\n<td width=\"49\"><span style=\"color: #800000\"><strong>\u00a0<a href=\"http:\/\/www2.unifap.br\/dace\/files\/2016\/01\/1-SAUDE-ABRIL-5-20161.pdf\"><span style=\"color: #800000\">5<\/span><\/a><\/strong><\/span><\/td>\n<td width=\"52\">\u00a0<span style=\"color: #800000\"><strong><a href=\"http:\/\/www2.unifap.br\/dace\/files\/2016\/01\/1-Atleta-ABRIL-17-2016.pdf\"><span style=\"color: #800000\">17<\/span><\/a><\/strong><\/span><\/td>\n<td width=\"73\"><\/td>\n<td width=\"44\"><\/td>\n<td width=\"76\"><\/td>\n<td width=\"47\"><\/td>\n<\/tr>\n<tr>\n<td width=\"38\">\n<p align=\"center\">MAI<\/p>\n<\/td>\n<td width=\"58\">\u00a0<span style=\"color: #800000\"><strong><a href=\"http:\/\/www2.unifap.br\/dace\/files\/2016\/01\/1-Permanencia-MAIO-20161.pdf\"><span style=\"color: #800000\">109<\/span><\/a><\/strong><\/span><\/td>\n<td width=\"66\">\u00a0<span style=\"color: #800000\"><strong><a href=\"http:\/\/www2.unifap.br\/dace\/files\/2016\/01\/1-MORADIA-51-MAIO-2016.pdf\"><span style=\"color: #800000\">51<\/span><\/a><\/strong><\/span><\/td>\n<td width=\"60\">\u00a0<span style=\"color: #800000\"><strong><a href=\"http:\/\/www2.unifap.br\/dace\/files\/2016\/01\/1-ODONTOLOGICO-MAIO-3-20161.pdf\"><span style=\"color: #800000\">3<\/span><\/a><\/strong><\/span><\/td>\n<td width=\"49\">\u00a0<span style=\"color: #800000\"><strong><a href=\"http:\/\/www2.unifap.br\/dace\/files\/2016\/01\/1-SAUDE-MAIO-6-2016.pdf\"><span style=\"color: #800000\">6<\/span><\/a><\/strong><\/span><\/td>\n<td width=\"52\">\u00a0<span style=\"color: #800000\"><strong><a href=\"http:\/\/www2.unifap.br\/dace\/files\/2016\/01\/1-Atleta-MAIO-16-2016.pdf\"><span style=\"color: #800000\">16<\/span><\/a><\/strong><\/span><\/td>\n<td width=\"73\"><\/td>\n<td width=\"44\"><\/td>\n<td width=\"76\"><\/td>\n<td width=\"47\"><\/td>\n<\/tr>\n<tr>\n<td width=\"38\">\n<p align=\"center\">JUN<\/p>\n<\/td>\n<td width=\"58\">\u00a0<span style=\"color: #800000\"><strong><a href=\"http:\/\/www2.unifap.br\/dace\/files\/2016\/01\/1-Permanencia-JUNHO-108-2016.pdf\"><span style=\"color: #800000\">108<\/span><\/a><\/strong><\/span><\/td>\n<td width=\"66\">\u00a0<span style=\"color: #800000\"><strong><a title=\"CLIQUE AQUI\" href=\"http:\/\/www2.unifap.br\/dace\/files\/2016\/01\/1-MORADIA-JUNHO-56-2016.pdf\" target=\"_blank\"><span style=\"color: #800000\">56<\/span><\/a><\/strong><\/span><\/td>\n<td width=\"60\">\u00a0<span style=\"color: #800000\"><strong><a title=\"CLIQUE AQUI\" href=\"http:\/\/www2.unifap.br\/dace\/files\/2016\/01\/1-ODONTOLOGICO-JUNHO-2-2016.pdf\" target=\"_blank\"><span style=\"color: #800000\">2<\/span><\/a><\/strong><\/span><\/td>\n<td width=\"49\">\u00a0<span style=\"color: #800000\"><strong><a title=\"CLIQUE AQUI\" href=\"http:\/\/www2.unifap.br\/dace\/files\/2016\/01\/1-SAUDE-JUNHO-3-2016.pdf\" target=\"_blank\"><span style=\"color: #800000\">3<\/span><\/a><\/strong><\/span><\/td>\n<td width=\"52\">\u00a0<span style=\"color: #800000\"><strong><a href=\"http:\/\/www2.unifap.br\/dace\/files\/2016\/01\/1-Atleta-JUNHO-16-2016.pdf\"><span style=\"color: #800000\">16<\/span><\/a><\/strong><\/span><\/td>\n<td width=\"73\"><\/td>\n<td width=\"44\"><\/td>\n<td width=\"76\"><\/td>\n<td width=\"47\"><\/td>\n<\/tr>\n<tr>\n<td width=\"38\">\n<p align=\"center\">JUL<\/p>\n<\/td>\n<td width=\"58\">\u00a0<span style=\"color: #800000\"><strong>81<\/strong><\/span><\/td>\n<td width=\"66\">\u00a0<span style=\"color: #800000\"><strong><a title=\"CLIQUE AQUI\" href=\"http:\/\/www2.unifap.br\/dace\/files\/2016\/01\/1-MORADIA-JULHO-43-2016.pdf\" target=\"_blank\"><span style=\"color: #800000\">43<\/span><\/a><\/strong><\/span><\/td>\n<td width=\"60\">\u00a0<span style=\"color: #800000\"><strong><a title=\"CLIQUE AQUI\" href=\"http:\/\/www2.unifap.br\/dace\/files\/2016\/01\/1-ODONTOLOGICO-JULHO-1-2016.pdf\" target=\"_blank\"><span style=\"color: #800000\">1<\/span><\/a><\/strong><\/span><\/td>\n<td width=\"49\">\u00a0<span style=\"color: #800000\"><strong><a title=\"CLIQUE AQUI\" href=\"http:\/\/www2.unifap.br\/dace\/files\/2016\/01\/1-SAUDE-JULHO-4-2016.pdf\" target=\"_blank\"><span style=\"color: #800000\">4<\/span><\/a><\/strong><\/span><\/td>\n<td width=\"52\">\u00a0<span style=\"color: #800000\"><strong><a title=\"CLIQUE AQUI\" href=\"http:\/\/www2.unifap.br\/dace\/files\/2016\/01\/1-Atleta-JULHO-11-2016.pdf\" target=\"_blank\"><span style=\"color: #800000\">11<\/span><\/a><\/strong><\/span><\/td>\n<td width=\"73\"><\/td>\n<td width=\"44\"><\/td>\n<td width=\"76\"><\/td>\n<td width=\"47\">\u00a0<span style=\"color: #800000\"><strong><a href=\"http:\/\/www2.unifap.br\/dace\/files\/2016\/01\/1-Emergencial-EMERG-Julho-1-2016.pdf\"><span style=\"color: #800000\">1<\/span><\/a><\/strong><\/span><\/td>\n<\/tr>\n<tr>\n<td width=\"38\">\n<p align=\"center\">AGO<\/p>\n<\/td>\n<td width=\"58\">\u00a0<span style=\"color: #800000\"><strong><a title=\"CLIQUE AQUI\" href=\"http:\/\/www2.unifap.br\/dace\/files\/2016\/01\/1-Permanencia-AGOSTO-81-2016.pdf\" target=\"_blank\"><span style=\"color: #800000\">81<\/span><\/a><\/strong><\/span><\/td>\n<td width=\"66\">\u00a0<span style=\"color: #800000\"><strong><a href=\"http:\/\/www2.unifap.br\/dace\/files\/2016\/01\/1-MORADIA-AGOSTO-43-2016.pdf\"><span style=\"color: #800000\">43<\/span><\/a><\/strong><\/span><\/td>\n<td width=\"60\">\u00a0<span style=\"color: #800000\"><strong><a href=\"http:\/\/www2.unifap.br\/dace\/files\/2016\/01\/1-ODONTOLOGICO-AGOSTO-3-2016.pdf\"><span style=\"color: #800000\">3<\/span><\/a><\/strong><\/span><\/td>\n<td width=\"49\">\u00a0<span style=\"color: #800000\"><strong><a href=\"http:\/\/www2.unifap.br\/dace\/files\/2016\/01\/1-SAUDE-AGOSTO-3-2016.pdf\"><span style=\"color: #800000\">3<\/span><\/a><\/strong><\/span><\/td>\n<td width=\"52\">\u00a0<span style=\"color: #800000\"><strong><a title=\"CLIQUE AQUI\" href=\"http:\/\/www2.unifap.br\/dace\/files\/2016\/01\/1-Atleta-AGOSTO-11-2016.pdf\" target=\"_blank\"><span style=\"color: #800000\">11<\/span><\/a><\/strong><\/span><\/td>\n<td width=\"73\"><\/td>\n<td width=\"44\"><\/td>\n<td width=\"76\"><\/td>\n<td width=\"47\"><\/td>\n<\/tr>\n<tr>\n<td width=\"38\">\n<p align=\"center\">SET<\/p>\n<\/td>\n<td width=\"58\">\u00a0<span style=\"color: #800000\"><strong><a href=\"http:\/\/www2.unifap.br\/dace\/files\/2016\/01\/1-Permanencia-SETEMBRO-81-2016.pdf\"><span style=\"color: #800000\">81<\/span><\/a><\/strong><\/span><\/td>\n<td width=\"66\">\u00a0<span style=\"color: #800000\"><strong><a title=\"CLIQUE AQUI\" href=\"http:\/\/www2.unifap.br\/dace\/files\/2016\/01\/1-MORADIA-SETE-2016-42.pdf\" target=\"_blank\"><span style=\"color: #800000\">42<\/span><\/a><\/strong><\/span><\/td>\n<td width=\"60\">\u00a0<span style=\"color: #800000\"><strong><a title=\"CLIQUE AQUI\" href=\"http:\/\/www2.unifap.br\/dace\/files\/2016\/01\/1-ODONTOLOGICO-SET-2016-2.pdf\" target=\"_blank\"><span style=\"color: #800000\">2<\/span><\/a><\/strong><\/span><\/td>\n<td width=\"49\"><span style=\"color: #800000\"><strong>\u00a0<a title=\"CLIQUE AQUI\" href=\"http:\/\/www2.unifap.br\/dace\/files\/2016\/01\/1-SAUDE-SETE-2016-41.pdf\" target=\"_blank\"><span style=\"color: #800000\">4<\/span><\/a><\/strong><\/span><\/td>\n<td width=\"52\"><span style=\"color: #800000\"><strong>\u00a0<a href=\"http:\/\/www2.unifap.br\/dace\/files\/2016\/01\/1-Atleta-SETEMBRO-25-2016.pdf\"><span style=\"color: #800000\">25<\/span><\/a><\/strong><\/span><\/td>\n<td width=\"73\"><\/td>\n<td width=\"44\"><\/td>\n<td width=\"76\"><\/td>\n<td width=\"47\"><\/td>\n<\/tr>\n<tr>\n<td width=\"38\">\n<p align=\"center\">OUT<\/p>\n<\/td>\n<td width=\"58\">\u00a0<span style=\"color: #800000\"><strong><a title=\"CLIQUE AQUI\" href=\"http:\/\/www2.unifap.br\/dace\/files\/2016\/01\/1-Permanencia-OUT-2016-76.pdf\" target=\"_blank\"><span style=\"color: #800000\">72<\/span><\/a><\/strong><\/span><\/td>\n<td width=\"66\">\u00a0<span style=\"color: #800000\"><strong><a title=\"CLIQUE AQUI\" href=\"http:\/\/www2.unifap.br\/dace\/files\/2016\/01\/1-MORADIA-OUT-2016-46.pdf\" target=\"_blank\"><span style=\"color: #800000\">46<\/span><\/a><\/strong><\/span><\/td>\n<td width=\"60\">\u00a0&#8211;<\/td>\n<td width=\"49\">\u00a0<span style=\"color: #800000\"><strong><a title=\"CLIQUE AQUI\" href=\"http:\/\/www2.unifap.br\/dace\/files\/2016\/01\/1-SAUDE-OUT-2016-1.pdf\" target=\"_blank\"><span style=\"color: #800000\">1<\/span><\/a><\/strong><\/span><\/td>\n<td width=\"52\">\u00a0<span style=\"color: #800000\"><strong><a title=\"CLIQUE AQUI\" href=\"http:\/\/www2.unifap.br\/dace\/files\/2016\/01\/1-Atleta-OUT-2016-14.pdf\" target=\"_blank\"><span style=\"color: #800000\">14<\/span><\/a><\/strong><\/span><\/td>\n<td width=\"73\"><\/td>\n<td width=\"44\"><\/td>\n<td width=\"76\"><\/td>\n<td width=\"47\"><\/td>\n<\/tr>\n<tr>\n<td width=\"38\">\n<p align=\"center\">NOV<\/p>\n<\/td>\n<td width=\"58\"><span style=\"color: #800000\"><strong>\u00a0<a title=\"CLIQUE AQUI\" href=\"http:\/\/www2.unifap.br\/dace\/files\/2016\/01\/1-Permanencia-NOVE-2016-69.pdf\" target=\"_blank\"><span style=\"color: #800000\">69<\/span><\/a><\/strong><\/span><\/td>\n<td width=\"66\">\u00a0<span style=\"color: #800000\"><strong><a title=\"Clique aqui\" href=\"http:\/\/www2.unifap.br\/dace\/files\/2016\/01\/1-MORADIA-48NOVEMBRO16.pdf\" target=\"_blank\"><span style=\"color: #800000\">48<\/span><\/a><\/strong><\/span><\/td>\n<td width=\"60\">\u00a0&#8211;<\/td>\n<td width=\"49\">\u00a0<span style=\"color: #800000\"><strong><a title=\"Clique aqui\" href=\"http:\/\/www2.unifap.br\/dace\/files\/2016\/01\/1-SAUDE-NOV12016.pdf\" target=\"_blank\"><span style=\"color: #800000\">1<\/span><\/a><\/strong><\/span><\/td>\n<td width=\"52\"><\/td>\n<td width=\"73\"><\/td>\n<td width=\"44\"><\/td>\n<td width=\"76\"><\/td>\n<td width=\"47\">\u00a0<span style=\"color: #800000\"><strong><a title=\"CLIQUE AQUI\" href=\"http:\/\/www2.unifap.br\/dace\/files\/2016\/01\/1-Emergencial-NOVEMB-2016-1.pdf\" target=\"_blank\"><span style=\"color: #800000\">1<\/span><\/a><\/strong><\/span><\/td>\n<\/tr>\n<tr>\n<td width=\"38\">\n<p align=\"center\">DEZ<\/p>\n<\/td>\n<td width=\"58\">\u00a0<span style=\"color: #800000\"><strong><a href=\"http:\/\/www2.unifap.br\/dace\/files\/2016\/01\/1-Permanencia-82-DEZ-2016.pdf\"><span style=\"color: #800000\">82<\/span><\/a><\/strong><\/span><\/td>\n<td width=\"66\">\u00a0<span style=\"color: #800000\"><strong><a title=\"Clique aqui\" href=\"http:\/\/www2.unifap.br\/dace\/files\/2016\/01\/1-MORADIA-38DEZ16.pdf\" target=\"_blank\"><span style=\"color: #800000\">38<\/span><\/a><\/strong><\/span><\/td>\n<td width=\"60\"><\/td>\n<td width=\"49\">\u00a0<span style=\"color: #800000\"><strong><a title=\"Clique aqui\" href=\"http:\/\/www2.unifap.br\/dace\/files\/2016\/01\/1-SAUDE-1DEZ2016.pdf\" target=\"_blank\"><span style=\"color: #800000\">1<\/span><\/a><\/strong><\/span><\/td>\n<td width=\"52\"><\/td>\n<td width=\"73\">\u00a0<span style=\"color: #800000\"><strong><a title=\"Clique aqui\" href=\"http:\/\/www2.unifap.br\/dace\/files\/2016\/01\/1-FOTOCOPIA-277DEZ2016.pdf\" target=\"_blank\"><span style=\"color: #800000\">277<\/span><\/a><\/strong><\/span><\/td>\n<td width=\"44\"><\/td>\n<td width=\"76\"><\/td>\n<td width=\"47\"><\/td>\n<\/tr>\n<\/tbody>\n<\/table>\n<\/div>\n<\/div>\n<\/div>\n","protected":false},"excerpt":{"rendered":"<p>PAGAMENTO AUX\u00cdLIOS DACE\/PROEAC\/UNIFAP &#8211; 2016 (CAMPUS MARCO ZERO) AUX\u00cdLIOS M\u00caS PERMA N\u00caNCIA MORADIA ODONTO L\u00d3GICO SA\u00daDE ATLETA FOTOC\u00d3PIA NOTE BOOK&#8230;<\/p>\n","protected":false},"author":405,"featured_media":0,"parent":2123,"menu_order":0,"comment_status":"closed","ping_status":"open","template":"","meta":{"inline_featured_image":false,"site-sidebar-layout":"default","site-content-layout":"","ast-site-content-layout":"default","site-content-style":"default","site-sidebar-style":"default","ast-global-header-display":"","ast-banner-title-visibility":"","ast-main-header-display":"","ast-hfb-above-header-display":"","ast-hfb-below-header-display":"","ast-hfb-mobile-header-display":"","site-post-title":"","ast-breadcrumbs-content":"","ast-featured-img":"","footer-sml-layout":"","theme-transparent-header-meta":"","adv-header-id-meta":"","stick-header-meta":"","header-above-stick-meta":"","header-main-stick-meta":"","header-below-stick-meta":"","astra-migrate-meta-layouts":"default","ast-page-background-enabled":"default","ast-page-background-meta":{"desktop":{"background-color":"var(--ast-global-color-4)","background-image":"","background-repeat":"repeat","background-position":"center center","background-size":"auto","background-attachment":"scroll","background-type":"","background-media":"","overlay-type":"","overlay-color":"","overlay-opacity":"","overlay-gradient":""},"tablet":{"background-color":"","background-image":"","background-repeat":"repeat","background-position":"center center","background-size":"auto","background-attachment":"scroll","background-type":"","background-media":"","overlay-type":"","overlay-color":"","overlay-opacity":"","overlay-gradient":""},"mobile":{"background-color":"","background-image":"","background-repeat":"repeat","background-position":"center center","background-size":"auto","background-attachment":"scroll","background-type":"","background-media":"","overlay-type":"","overlay-color":"","overlay-opacity":"","overlay-gradient":""}},"ast-content-background-meta":{"desktop":{"background-color":"var(--ast-global-color-5)","background-image":"","background-repeat":"repeat","background-position":"center center","background-size":"auto","background-attachment":"scroll","background-type":"","background-media":"","overlay-type":"","overlay-color":"","overlay-opacity":"","overlay-gradient":""},"tablet":{"background-color":"var(--ast-global-color-5)","background-image":"","background-repeat":"repeat","background-position":"center center","background-size":"auto","background-attachment":"scroll","background-type":"","background-media":"","overlay-type":"","overlay-color":"","overlay-opacity":"","overlay-gradient":""},"mobile":{"background-color":"var(--ast-global-color-5)","background-image":"","background-repeat":"repeat","background-position":"center center","background-size":"auto","background-attachment":"scroll","background-type":"","background-media":"","overlay-type":"","overlay-color":"","overlay-opacity":"","overlay-gradient":""}},"ngg_post_thumbnail":0,"footnotes":""},"class_list":["post-2125","page","type-page","status-publish","hentry"],"_links":{"self":[{"href":"https:\/\/www2.unifap.br\/dace\/wp-json\/wp\/v2\/pages\/2125","targetHints":{"allow":["GET"]}}],"collection":[{"href":"https:\/\/www2.unifap.br\/dace\/wp-json\/wp\/v2\/pages"}],"about":[{"href":"https:\/\/www2.unifap.br\/dace\/wp-json\/wp\/v2\/types\/page"}],"author":[{"embeddable":true,"href":"https:\/\/www2.unifap.br\/dace\/wp-json\/wp\/v2\/users\/405"}],"replies":[{"embeddable":true,"href":"https:\/\/www2.unifap.br\/dace\/wp-json\/wp\/v2\/comments?post=2125"}],"version-history":[{"count":94,"href":"https:\/\/www2.unifap.br\/dace\/wp-json\/wp\/v2\/pages\/2125\/revisions"}],"predecessor-version":[{"id":3534,"href":"https:\/\/www2.unifap.br\/dace\/wp-json\/wp\/v2\/pages\/2125\/revisions\/3534"}],"up":[{"embeddable":true,"href":"https:\/\/www2.unifap.br\/dace\/wp-json\/wp\/v2\/pages\/2123"}],"wp:attachment":[{"href":"https:\/\/www2.unifap.br\/dace\/wp-json\/wp\/v2\/media?parent=2125"}],"curies":[{"name":"wp","href":"https:\/\/api.w.org\/{rel}","templated":true}]}}