{"id":2131,"date":"2016-01-19T12:49:52","date_gmt":"2016-01-19T12:49:52","guid":{"rendered":"http:\/\/www2.unifap.br\/dace\/?page_id=2131"},"modified":"2016-05-30T18:02:31","modified_gmt":"2016-05-30T18:02:31","slug":"outros-auxilios-janeiro-a-dezembro-2016","status":"publish","type":"page","link":"https:\/\/www2.unifap.br\/dace\/assistencia-estudantil\/transparencia\/campus-marco-zero-2016\/outros-auxilios-janeiro-a-dezembro-2016","title":{"rendered":"OUTROS AUX\u00cdLIOS &#8211; JANEIRO A DEZEMBRO\/ 2016"},"content":{"rendered":"<table border=\"1\" cellspacing=\"0\" cellpadding=\"0\">\n<tbody>\n<tr>\n<td colspan=\"4\" width=\"576\">\n<p align=\"center\"><b>PAGAMENTO AUX\u00cdLIOS DACE\/PROEAC\/UNIFAP \u2013 2016 (CAMPUS MARCO ZERO)<\/b><\/p>\n<\/td>\n<\/tr>\n<tr>\n<td colspan=\"4\" width=\"576\">\n<p align=\"center\"><b>AUX\u00cdLIOS<\/b><b><\/b><\/p>\n<\/td>\n<\/tr>\n<tr>\n<td width=\"144\">\n<p align=\"center\"><b>M\u00caS<\/b><\/p>\n<\/td>\n<td width=\"144\">\n<p align=\"center\"><b>FOTOC\u00d3PIA<\/b><\/p>\n<p align=\"center\"><b>\u00a0<\/b><\/p>\n<\/td>\n<td width=\"144\">\n<p align=\"center\"><b>ALIMENTA\u00c7\u00c3O<\/b><\/p>\n<p align=\"center\"><b>\u00a0<\/b><\/p>\n<\/td>\n<td width=\"144\">\n<p align=\"center\"><b>TRANSPORTE<\/b><\/p>\n<p align=\"center\"><b>\u00a0<\/b><\/p>\n<\/td>\n<\/tr>\n<tr>\n<td width=\"144\">\n<p align=\"center\">JANEIRO<\/p>\n<\/td>\n<td width=\"144\"><\/td>\n<td width=\"144\"><\/td>\n<td style=\"text-align: center\" width=\"144\">\u00a0<span style=\"color: #800000\"><strong><a title=\"CLIQUE AQUI\" href=\"http:\/\/www2.unifap.br\/dace\/files\/2016\/01\/1-TRANSPORTE-Dezembro-2015-e-Janeiro-2016.pdf\" target=\"_blank\"><span style=\"color: #800000\">695<\/span><\/a><\/strong><\/span><\/td>\n<\/tr>\n<tr>\n<td width=\"144\">\n<p align=\"center\">FEVEREIRO<\/p>\n<\/td>\n<td width=\"144\"><\/td>\n<td width=\"144\"><\/td>\n<td style=\"text-align: center\" width=\"144\">\n<strong><\/strong><\/td>\n<\/tr>\n<tr>\n<td width=\"144\">\n<p align=\"center\">MAR\u00c7O<\/p>\n<\/td>\n<td width=\"144\"><\/td>\n<td width=\"144\"><\/td>\n<td style=\"text-align: center\" width=\"144\"><span style=\"color: #800000\"><strong>\u00a0\u00a0<a title=\"CLIQUE AQUI\" href=\"http:\/\/www2.unifap.br\/dace\/files\/2016\/01\/1-TRANSPORTE-fev-e-mar-702-2016.pdf\" target=\"_blank\"><span style=\"color: #800000\">702<\/span><\/a><\/strong><\/span><\/td>\n<\/tr>\n<tr>\n<td width=\"144\">\n<p align=\"center\">ABRIL<\/p>\n<\/td>\n<td width=\"144\"><\/td>\n<td width=\"144\"><\/td>\n<td width=\"144\"><\/td>\n<\/tr>\n<tr>\n<td width=\"144\">\n<p align=\"center\">MAIO<\/p>\n<\/td>\n<td width=\"144\"><\/td>\n<td width=\"144\"><\/td>\n<td width=\"144\"><\/td>\n<\/tr>\n<tr>\n<td width=\"144\">\n<p align=\"center\">JUNHO<\/p>\n<\/td>\n<td width=\"144\"><\/td>\n<td width=\"144\"><\/td>\n<td width=\"144\"><\/td>\n<\/tr>\n<tr>\n<td width=\"144\">\n<p align=\"center\">JULHO<\/p>\n<\/td>\n<td width=\"144\"><\/td>\n<td width=\"144\"><\/td>\n<td width=\"144\"><\/td>\n<\/tr>\n<tr>\n<td width=\"144\">\n<p align=\"center\">AGOSTO<\/p>\n<\/td>\n<td width=\"144\"><\/td>\n<td width=\"144\"><\/td>\n<td width=\"144\"><\/td>\n<\/tr>\n<tr>\n<td width=\"144\">\n<p align=\"center\">SETEMBRO<\/p>\n<\/td>\n<td width=\"144\"><\/td>\n<td width=\"144\"><\/td>\n<td width=\"144\"><\/td>\n<\/tr>\n<tr>\n<td width=\"144\">\n<p align=\"center\">OUTUBRO<\/p>\n<\/td>\n<td width=\"144\"><\/td>\n<td width=\"144\"><\/td>\n<td width=\"144\"><\/td>\n<\/tr>\n<tr>\n<td width=\"144\">\n<p align=\"center\">NOVEMBRO<\/p>\n<\/td>\n<td width=\"144\"><\/td>\n<td width=\"144\"><\/td>\n<td width=\"144\"><\/td>\n<\/tr>\n<tr>\n<td width=\"144\">\n<p align=\"center\">DEZEMBRO<\/p>\n<\/td>\n<td width=\"144\"><\/td>\n<td width=\"144\"><\/td>\n<td width=\"144\"><\/td>\n<\/tr>\n<\/tbody>\n<\/table>\n","protected":false},"excerpt":{"rendered":"<p>PAGAMENTO AUX\u00cdLIOS DACE\/PROEAC\/UNIFAP \u2013 2016 (CAMPUS MARCO ZERO) AUX\u00cdLIOS M\u00caS FOTOC\u00d3PIA \u00a0 ALIMENTA\u00c7\u00c3O \u00a0 TRANSPORTE \u00a0 JANEIRO \u00a0695 FEVEREIRO MAR\u00c7O&#8230;<\/p>\n","protected":false},"author":405,"featured_media":0,"parent":2123,"menu_order":0,"comment_status":"closed","ping_status":"open","template":"","meta":{"inline_featured_image":false,"site-sidebar-layout":"default","site-content-layout":"","ast-site-content-layout":"default","site-content-style":"default","site-sidebar-style":"default","ast-global-header-display":"","ast-banner-title-visibility":"","ast-main-header-display":"","ast-hfb-above-header-display":"","ast-hfb-below-header-display":"","ast-hfb-mobile-header-display":"","site-post-title":"","ast-breadcrumbs-content":"","ast-featured-img":"","footer-sml-layout":"","theme-transparent-header-meta":"","adv-header-id-meta":"","stick-header-meta":"","header-above-stick-meta":"","header-main-stick-meta":"","header-below-stick-meta":"","astra-migrate-meta-layouts":"default","ast-page-background-enabled":"default","ast-page-background-meta":{"desktop":{"background-color":"var(--ast-global-color-4)","background-image":"","background-repeat":"repeat","background-position":"center center","background-size":"auto","background-attachment":"scroll","background-type":"","background-media":"","overlay-type":"","overlay-color":"","overlay-opacity":"","overlay-gradient":""},"tablet":{"background-color":"","background-image":"","background-repeat":"repeat","background-position":"center center","background-size":"auto","background-attachment":"scroll","background-type":"","background-media":"","overlay-type":"","overlay-color":"","overlay-opacity":"","overlay-gradient":""},"mobile":{"background-color":"","background-image":"","background-repeat":"repeat","background-position":"center center","background-size":"auto","background-attachment":"scroll","background-type":"","background-media":"","overlay-type":"","overlay-color":"","overlay-opacity":"","overlay-gradient":""}},"ast-content-background-meta":{"desktop":{"background-color":"var(--ast-global-color-5)","background-image":"","background-repeat":"repeat","background-position":"center center","background-size":"auto","background-attachment":"scroll","background-type":"","background-media":"","overlay-type":"","overlay-color":"","overlay-opacity":"","overlay-gradient":""},"tablet":{"background-color":"var(--ast-global-color-5)","background-image":"","background-repeat":"repeat","background-position":"center center","background-size":"auto","background-attachment":"scroll","background-type":"","background-media":"","overlay-type":"","overlay-color":"","overlay-opacity":"","overlay-gradient":""},"mobile":{"background-color":"var(--ast-global-color-5)","background-image":"","background-repeat":"repeat","background-position":"center center","background-size":"auto","background-attachment":"scroll","background-type":"","background-media":"","overlay-type":"","overlay-color":"","overlay-opacity":"","overlay-gradient":""}},"ngg_post_thumbnail":0,"footnotes":""},"class_list":["post-2131","page","type-page","status-publish","hentry"],"_links":{"self":[{"href":"https:\/\/www2.unifap.br\/dace\/wp-json\/wp\/v2\/pages\/2131","targetHints":{"allow":["GET"]}}],"collection":[{"href":"https:\/\/www2.unifap.br\/dace\/wp-json\/wp\/v2\/pages"}],"about":[{"href":"https:\/\/www2.unifap.br\/dace\/wp-json\/wp\/v2\/types\/page"}],"author":[{"embeddable":true,"href":"https:\/\/www2.unifap.br\/dace\/wp-json\/wp\/v2\/users\/405"}],"replies":[{"embeddable":true,"href":"https:\/\/www2.unifap.br\/dace\/wp-json\/wp\/v2\/comments?post=2131"}],"version-history":[{"count":8,"href":"https:\/\/www2.unifap.br\/dace\/wp-json\/wp\/v2\/pages\/2131\/revisions"}],"predecessor-version":[{"id":2136,"href":"https:\/\/www2.unifap.br\/dace\/wp-json\/wp\/v2\/pages\/2131\/revisions\/2136"}],"up":[{"embeddable":true,"href":"https:\/\/www2.unifap.br\/dace\/wp-json\/wp\/v2\/pages\/2123"}],"wp:attachment":[{"href":"https:\/\/www2.unifap.br\/dace\/wp-json\/wp\/v2\/media?parent=2131"}],"curies":[{"name":"wp","href":"https:\/\/api.w.org\/{rel}","templated":true}]}}