{"id":2141,"date":"2016-01-19T13:01:12","date_gmt":"2016-01-19T13:01:12","guid":{"rendered":"http:\/\/www2.unifap.br\/dace\/?page_id=2141"},"modified":"2016-11-21T13:17:52","modified_gmt":"2016-11-21T13:17:52","slug":"pagamentos-de-janeiro-a-dezembro","status":"publish","type":"page","link":"https:\/\/www2.unifap.br\/dace\/assistencia-estudantil\/transparencia\/campus-mazagao-2016\/pagamentos-de-janeiro-a-dezembro","title":{"rendered":"PAGAMENTOS DE JANEIRO A DEZEMBRO"},"content":{"rendered":"<div style=\"text-align: center\" align=\"center\">\n<div style=\"text-align: left\" align=\"center\">\n<table width=\"555\" border=\"1\" cellspacing=\"0\" cellpadding=\"0\">\n<tbody>\n<tr>\n<td colspan=\"11\" width=\"555\">\n<p align=\"center\"><b>PAGAMENTO AUX\u00cdLIOS DACE\/PROEAC\/UNIFAP &#8211; 2016 (CAMPUS MAZAG\u00c3O)<\/b><\/p>\n<\/td>\n<\/tr>\n<tr>\n<td width=\"38\"><\/td>\n<td colspan=\"10\" width=\"516\">\n<p align=\"center\"><b>AUX\u00cdLIOS<\/b><\/p>\n<\/td>\n<\/tr>\n<tr>\n<td width=\"38\">\n<p align=\"center\"><b>M\u00caS<\/b><\/p>\n<\/td>\n<td width=\"53\">\n<p align=\"center\"><b>PERMA<\/b><\/p>\n<p align=\"center\"><b>N\u00caNCIA<\/b><\/p>\n<p align=\"center\"><strong>\u00a0<\/strong><\/p>\n<\/td>\n<td width=\"47\">\n<p align=\"center\"><b>MORA<\/b><\/p>\n<p align=\"center\"><b>DIA<\/b><\/p>\n<\/td>\n<td width=\"56\">\n<p align=\"center\"><b>ALIMEN<\/b><\/p>\n<p align=\"center\"><b>TA\u00c7\u00c3O<\/b><\/p>\n<\/td>\n<td width=\"47\">\n<p align=\"center\"><b>FOTO<\/b><\/p>\n<p align=\"center\"><b>C\u00d3PIA<\/b><\/p>\n<\/td>\n<td width=\"52\">\n<p align=\"center\"><b>ATLETA<\/b><\/p>\n<\/td>\n<td width=\"46\">\n<p align=\"center\"><b>FOTO<\/b><\/p>\n<p align=\"center\"><b>C\u00d3PIA<\/b><\/p>\n<\/td>\n<td width=\"45\">\n<p align=\"center\"><b>NOTE<\/b><\/p>\n<p align=\"center\"><b>BOOK<\/b><\/p>\n<\/td>\n<td width=\"76\">\n<p align=\"center\"><b>AUX\u00cdLIO FINANCEIRO<\/b><\/p>\n<\/td>\n<td width=\"58\">\n<p align=\"center\"><b>EMER<\/b><\/p>\n<p align=\"center\"><b>GENCIAL<\/b><\/p>\n<\/td>\n<td width=\"37\">\n<p align=\"center\"><b>TRANS<\/b><\/p>\n<p align=\"center\"><b>PORTE<\/b><\/p>\n<\/td>\n<\/tr>\n<tr>\n<td width=\"38\">\n<p align=\"center\">JAN<\/p>\n<\/td>\n<td width=\"53\">\u00a0<strong><span style=\"color: #800000\"><a href=\"http:\/\/www2.unifap.br\/dace\/files\/2016\/01\/1-Permanencia-1-MAZAGAO-JANEIRO1.pdf\"><span style=\"color: #800000\">28<\/span><\/a>\u00a0,\u00a0<a href=\"http:\/\/www2.unifap.br\/dace\/files\/2016\/01\/1-Permanencia-2-MAZAGAO-JANEIRO-411.pdf\"><span style=\"color: #800000\">41<\/span><\/a><\/span><\/strong><\/td>\n<td width=\"47\"><\/td>\n<td width=\"56\"><\/td>\n<td width=\"47\"><\/td>\n<td width=\"52\"><\/td>\n<td width=\"46\"><\/td>\n<td width=\"45\"><\/td>\n<td width=\"76\"><\/td>\n<td width=\"58\"><\/td>\n<td valign=\"top\" width=\"37\">\u00a0<strong><span style=\"color: #800000\"><a href=\"http:\/\/www2.unifap.br\/dace\/files\/2016\/01\/1-TRANSPORTE-MAZAGAO-JANEIRO-11.pdf\"><span style=\"color: #800000\">1<\/span><\/a><\/span><\/strong><\/td>\n<\/tr>\n<tr>\n<td width=\"38\">\n<p align=\"center\">FEV<\/p>\n<\/td>\n<td width=\"53\">\u00a0<strong><span style=\"color: #800000\"><a href=\"http:\/\/www2.unifap.br\/dace\/files\/2016\/01\/1-Permanencia-1-MAZAGAO-FEVE2016-281.pdf\"><span style=\"color: #800000\">28<\/span><\/a><\/span><span style=\"color: #800000\"><span style=\"color: #800000\">\u00a0,<\/span><\/span>\u00a0<\/strong><span style=\"color: #800000\"><strong><a href=\"http:\/\/www2.unifap.br\/dace\/files\/2016\/01\/1-Permanencia-2-MAZAGAO-FEV2016-411.pdf\"><span style=\"color: #800000\">41<\/span><\/a><br \/>\n<\/strong><\/span><\/td>\n<td width=\"47\"><\/td>\n<td width=\"56\"><\/td>\n<td width=\"47\"><\/td>\n<td width=\"52\"><\/td>\n<td width=\"46\"><\/td>\n<td width=\"45\"><\/td>\n<td width=\"76\"><\/td>\n<td width=\"58\"><\/td>\n<td valign=\"top\" width=\"37\"><strong>\u00a0<span style=\"color: #800000\"><a href=\"http:\/\/www2.unifap.br\/dace\/files\/2016\/01\/1-TRANSPORTE-MAZAGAO-feve-2016-51.pdf\"><span style=\"color: #800000\">5<\/span><\/a><\/span><\/strong><\/td>\n<\/tr>\n<tr>\n<td width=\"38\">\n<p align=\"center\">MAR<\/p>\n<\/td>\n<td width=\"53\">\u00a0<span style=\"color: #800000\"><strong><a href=\"http:\/\/www2.unifap.br\/dace\/files\/2016\/01\/1-Permanencia-1-MAZAGAO-MAR-281.pdf\"><span style=\"color: #800000\">28<\/span><\/a><\/strong><\/span><span style=\"color: #800000\"><strong><span style=\"color: #800000\">\u00a0,\u00a0<\/span><\/strong><\/span><span style=\"color: #800000\"><strong><a href=\"http:\/\/www2.unifap.br\/dace\/files\/2016\/01\/1-Permanencia-2-MAZAGAO-MAR-411.pdf\"><span style=\"color: #800000\">41<\/span><\/a><\/strong><\/span><\/td>\n<td width=\"47\"><\/td>\n<td width=\"56\"><\/td>\n<td width=\"47\"><\/td>\n<td width=\"52\"><\/td>\n<td width=\"46\"><\/td>\n<td width=\"45\"><\/td>\n<td width=\"76\"><\/td>\n<td width=\"58\"><\/td>\n<td valign=\"top\" width=\"37\">\u00a0<strong><span style=\"color: #800000\"><a href=\"http:\/\/www2.unifap.br\/dace\/files\/2016\/01\/1-TRANSPORTE-MAZAGAO-MAR-51.pdf\"><span style=\"color: #800000\">5<\/span><\/a><\/span><\/strong><\/td>\n<\/tr>\n<tr>\n<td width=\"38\">\n<p align=\"center\">ABR<\/p>\n<\/td>\n<td width=\"53\"><span style=\"color: #800000\">\u00a0<strong><a href=\"http:\/\/www2.unifap.br\/dace\/files\/2016\/01\/1-Permanencia-1-MAZAGAO-ABRIL-2016-281.pdf\"><span style=\"color: #800000\">28<\/span><\/a><\/strong><\/span><span style=\"color: #800000\"><strong><span style=\"color: #800000\">\u00a0,\u00a0<\/span><\/strong><\/span><span style=\"color: #800000\"><strong><a href=\"http:\/\/www2.unifap.br\/dace\/files\/2016\/01\/1-Permanencia-2-MAZAGAO-ABRIL-2016-411.pdf\"><span style=\"color: #800000\">41<\/span><\/a><\/strong><\/span><\/td>\n<td width=\"47\"><\/td>\n<td width=\"56\"><\/td>\n<td width=\"47\"><\/td>\n<td width=\"52\"><\/td>\n<td width=\"46\"><\/td>\n<td width=\"45\"><\/td>\n<td width=\"76\"><\/td>\n<td width=\"58\"><\/td>\n<td valign=\"top\" width=\"37\">\u00a0<strong><span style=\"color: #800000\"><a href=\"http:\/\/www2.unifap.br\/dace\/files\/2016\/01\/1-TRANSPORTE-MAZAGAO-ABRIL-2016-51.pdf\"><span style=\"color: #800000\">5<\/span><\/a><\/span><\/strong><\/td>\n<\/tr>\n<tr>\n<td width=\"38\">\n<p align=\"center\">MAI<\/p>\n<\/td>\n<td width=\"53\">\u00a0<span style=\"color: #800000\"><strong><a href=\"http:\/\/www2.unifap.br\/dace\/files\/2016\/01\/1-Permanencia-1-MAZAGAO-MAIO-51.pdf\"><span style=\"color: #800000\">5<\/span><\/a><\/strong><\/span><span style=\"color: #800000\"><strong><span style=\"color: #800000\">\u00a0,\u00a0<\/span><\/strong><\/span><span style=\"color: #800000\"><strong><a href=\"http:\/\/www2.unifap.br\/dace\/files\/2016\/01\/1-Permanencia-2-MAZAGAO-MAIO-7-20161.pdf\"><span style=\"color: #800000\">7<\/span><\/a><\/strong><\/span><\/td>\n<td width=\"47\"><\/td>\n<td width=\"56\"><\/td>\n<td width=\"47\"><\/td>\n<td width=\"52\"><\/td>\n<td width=\"46\"><\/td>\n<td width=\"45\"><\/td>\n<td width=\"76\"><\/td>\n<td width=\"58\"><\/td>\n<td valign=\"top\" width=\"37\">\u00a0<strong><span style=\"color: #800000\"><a href=\"http:\/\/www2.unifap.br\/dace\/files\/2016\/01\/1-TRANSPORTE-MAZAGAO-5-MAIO1.pdf\"><span style=\"color: #800000\">5<\/span><\/a><\/span><\/strong><\/td>\n<\/tr>\n<tr>\n<td width=\"38\">\n<p align=\"center\">JUN<\/p>\n<\/td>\n<td width=\"53\">\u00a0<span style=\"color: #800000\"><strong><a href=\"http:\/\/www2.unifap.br\/dace\/files\/2016\/01\/1-Permanencia-1-MAZAGAO-JUNHO-5-2016.pdf\"><span style=\"color: #800000\">5<\/span><\/a><\/strong><\/span><span style=\"color: #800000\"><strong><span style=\"color: #800000\">\u00a0,\u00a0<\/span><\/strong><\/span><span style=\"color: #800000\"><strong><a href=\"http:\/\/www2.unifap.br\/dace\/files\/2016\/01\/1-Permanencia-2-MAZAGAO-JUNHO-7-2016.pdf\"><span style=\"color: #800000\">7<\/span><\/a><\/strong><\/span><\/td>\n<td width=\"47\"><\/td>\n<td width=\"56\"><\/td>\n<td width=\"47\"><\/td>\n<td width=\"52\"><\/td>\n<td width=\"46\"><\/td>\n<td width=\"45\"><\/td>\n<td width=\"76\"><\/td>\n<td width=\"58\"><\/td>\n<td valign=\"top\" width=\"37\">\u00a0<strong><span style=\"color: #800000\"><a href=\"http:\/\/www2.unifap.br\/dace\/files\/2016\/01\/1-TRANSPORTE-MAZAGAO-5-JUNHO-20161.pdf\"><span style=\"color: #800000\">5<\/span><\/a><\/span><\/strong><\/td>\n<\/tr>\n<tr>\n<td width=\"38\">\n<p align=\"center\">JUL<\/p>\n<\/td>\n<td width=\"53\"><span style=\"color: #800000\">\u00a0<\/span><span style=\"color: #800000\"><strong><span style=\"color: #800000\"><a title=\"CLIQUE AQUI\" href=\"http:\/\/www2.unifap.br\/dace\/files\/2016\/01\/1-Permanencia-1-MAZAGAO-JULHO-5-2016.pdf\" target=\"_blank\"><span style=\"color: #800000\">5<\/span><\/a>\u00a0,\u00a0<\/span><\/strong><\/span><span style=\"color: #800000\"><strong><a title=\"CLIQUE AQUI\" href=\"http:\/\/www2.unifap.br\/dace\/files\/2016\/01\/1-Permanencia-2-MAZAGAO-JULHO-7-2016.pdf\" target=\"_blank\"><span style=\"color: #800000\">7<\/span><\/a><\/strong><\/span><\/td>\n<td width=\"47\"><\/td>\n<td width=\"56\"><\/td>\n<td width=\"47\"><\/td>\n<td width=\"52\"><\/td>\n<td width=\"46\"><\/td>\n<td width=\"45\"><\/td>\n<td width=\"76\"><\/td>\n<td width=\"58\"><\/td>\n<td valign=\"top\" width=\"37\">\u00a0<span style=\"color: #800000\"><strong><a title=\"CLIQUE AQUI\" href=\"http:\/\/www2.unifap.br\/dace\/files\/2016\/01\/1-TRANSPORTE-MAZAGAO-JULHO-2016-4.pdf\" target=\"_blank\"><span style=\"color: #800000\">4<\/span><\/a><\/strong><\/span><\/td>\n<\/tr>\n<tr>\n<td width=\"38\">\n<p align=\"center\">AGO<\/p>\n<\/td>\n<td width=\"53\"><span style=\"color: #800000\">\u00a0<strong><a href=\"http:\/\/www2.unifap.br\/dace\/files\/2016\/01\/1-Permanencia-1-MAZAGAO-AGOSTO-4.pdf\"><span style=\"color: #800000\">4<\/span><\/a><\/strong><\/span><span style=\"color: #800000\"><strong><span style=\"color: #800000\">\u00a0,\u00a0<\/span><\/strong><strong><a href=\"http:\/\/www2.unifap.br\/dace\/files\/2016\/01\/1-Permanencia-2-MAZAGAO-AGOSTO-3-2016.pdf\"><span style=\"color: #800000\">3<\/span><\/a><\/strong><\/span><\/td>\n<td width=\"47\"><\/td>\n<td width=\"56\"><\/td>\n<td width=\"47\"><\/td>\n<td width=\"52\"><\/td>\n<td width=\"46\"><\/td>\n<td width=\"45\"><\/td>\n<td width=\"76\"><\/td>\n<td width=\"58\"><\/td>\n<td valign=\"top\" width=\"37\">\u00a0<span style=\"color: #800000\"><strong><a title=\"CLIQUE AQUI\" href=\"http:\/\/www2.unifap.br\/dace\/files\/2016\/01\/1-TRANSPORTE-MAZAGAO-AGOST-2016-4.pdf\" target=\"_blank\"><span style=\"color: #800000\">4<\/span><\/a><\/strong><\/span><\/td>\n<\/tr>\n<tr>\n<td width=\"38\">\n<p align=\"center\">SET<\/p>\n<\/td>\n<td width=\"53\">\u00a0<span style=\"color: #800000\"><strong><a title=\"CLIQUE AQUI\" href=\"http:\/\/www2.unifap.br\/dace\/files\/2016\/01\/1-Permanencia-1-MAZAGAO-SET-2016-4.pdf\" target=\"_blank\"><span style=\"color: #800000\">4<\/span><\/a>\u00a0,\u00a0<a title=\"CLIQUE AQUI\" href=\"http:\/\/www2.unifap.br\/dace\/files\/2016\/01\/1-Permanencia-2-MAZAGAO-SET-2016-3.pdf\" target=\"_blank\"><span style=\"color: #800000\">3<\/span><\/a><\/strong><\/span><\/td>\n<td width=\"47\"><\/td>\n<td width=\"56\"><\/td>\n<td width=\"47\"><\/td>\n<td width=\"52\"><\/td>\n<td width=\"46\"><\/td>\n<td width=\"45\"><\/td>\n<td width=\"76\"><\/td>\n<td width=\"58\"><\/td>\n<td valign=\"top\" width=\"37\">\u00a0<span style=\"color: #800000\"><strong><a title=\"CLIQUE AQUI\" href=\"http:\/\/www2.unifap.br\/dace\/files\/2016\/01\/1-TRANSPORTE-MAZAGAO-SETEMB-2016-3.pdf\" target=\"_blank\"><span style=\"color: #800000\">4<\/span><\/a><\/strong><\/span><\/td>\n<\/tr>\n<tr>\n<td width=\"38\">\n<p align=\"center\">OUT<\/p>\n<\/td>\n<td width=\"53\"><span style=\"color: #800000\"><strong>\u00a0<a title=\"CLIQUE AQUI\" href=\"http:\/\/www2.unifap.br\/dace\/files\/2016\/01\/1-Permanencia-1-MAZAGAO-OUT-2016-4.pdf\" target=\"_blank\"><span style=\"color: #800000\">4<\/span><\/a>\u00a0,\u00a0<a title=\"CLIQUE AQUI\" href=\"http:\/\/www2.unifap.br\/dace\/files\/2016\/01\/1-Permanencia-2-MAZAGAO-OUT-2016-3.pdf\" target=\"_blank\"><span style=\"color: #800000\">3<\/span><\/a><\/strong><\/span><\/td>\n<td width=\"47\"><\/td>\n<td width=\"56\"><\/td>\n<td width=\"47\"><\/td>\n<td width=\"52\"><\/td>\n<td width=\"46\"><\/td>\n<td width=\"45\"><\/td>\n<td width=\"76\"><\/td>\n<td width=\"58\"><\/td>\n<td valign=\"top\" width=\"37\">\u00a0<span style=\"color: #800000\"><strong><a title=\"CLIQUE AQUI\" href=\"http:\/\/www2.unifap.br\/dace\/files\/2016\/01\/1-TRANSPORTE-MAZAGAO-OUT-2016-3.pdf\" target=\"_blank\"><span style=\"color: #800000\">3<\/span><\/a><\/strong><\/span><\/td>\n<\/tr>\n<tr>\n<td width=\"38\">\n<p align=\"center\">NOV<\/p>\n<\/td>\n<td width=\"53\">\u00a0<span style=\"color: #800000\"><strong><a title=\"CLIQUE AQUI\" href=\"http:\/\/www2.unifap.br\/dace\/files\/2016\/01\/1-Permanencia-1-MAZAGAO-NOV-2016-4.pdf\" target=\"_blank\"><span style=\"color: #800000\">4<\/span><\/a>\u00a0,\u00a0<a title=\"CLIQUE AQUI\" href=\"http:\/\/www2.unifap.br\/dace\/files\/2016\/01\/1-Permanencia-2-MAZAGAO-NOV-2016-3.pdf\" target=\"_blank\"><span style=\"color: #800000\">3<\/span><\/a><\/strong><\/span><\/td>\n<td width=\"47\"><\/td>\n<td width=\"56\"><\/td>\n<td width=\"47\"><\/td>\n<td width=\"52\"><\/td>\n<td width=\"46\"><\/td>\n<td width=\"45\"><\/td>\n<td width=\"76\"><\/td>\n<td width=\"58\"><\/td>\n<td valign=\"top\" width=\"37\">\u00a0<span style=\"color: #800000\"><strong><a title=\"CLIQUE AQUI\" href=\"http:\/\/www2.unifap.br\/dace\/files\/2016\/01\/1-TRANSPORTE-MAZAGAO-NOV-2016-3.pdf\" target=\"_blank\"><span style=\"color: #800000\">3<\/span><\/a><\/strong><\/span><\/td>\n<\/tr>\n<tr>\n<td width=\"38\">\n<p align=\"center\">DEZ<\/p>\n<\/td>\n<td width=\"53\"><\/td>\n<td width=\"47\"><\/td>\n<td width=\"56\"><\/td>\n<td width=\"47\"><\/td>\n<td width=\"52\"><\/td>\n<td width=\"46\"><\/td>\n<td width=\"45\"><\/td>\n<td width=\"76\"><\/td>\n<td width=\"58\"><\/td>\n<td valign=\"top\" width=\"37\"><\/td>\n<\/tr>\n<\/tbody>\n<\/table>\n<\/div>\n<\/div>\n","protected":false},"excerpt":{"rendered":"<p>PAGAMENTO AUX\u00cdLIOS DACE\/PROEAC\/UNIFAP &#8211; 2016 (CAMPUS MAZAG\u00c3O) AUX\u00cdLIOS M\u00caS PERMA N\u00caNCIA \u00a0 MORA DIA ALIMEN TA\u00c7\u00c3O FOTO C\u00d3PIA ATLETA FOTO&#8230;<\/p>\n","protected":false},"author":405,"featured_media":0,"parent":2138,"menu_order":0,"comment_status":"closed","ping_status":"open","template":"","meta":{"inline_featured_image":false,"site-sidebar-layout":"default","site-content-layout":"","ast-site-content-layout":"default","site-content-style":"default","site-sidebar-style":"default","ast-global-header-display":"","ast-banner-title-visibility":"","ast-main-header-display":"","ast-hfb-above-header-display":"","ast-hfb-below-header-display":"","ast-hfb-mobile-header-display":"","site-post-title":"","ast-breadcrumbs-content":"","ast-featured-img":"","footer-sml-layout":"","theme-transparent-header-meta":"","adv-header-id-meta":"","stick-header-meta":"","header-above-stick-meta":"","header-main-stick-meta":"","header-below-stick-meta":"","astra-migrate-meta-layouts":"default","ast-page-background-enabled":"default","ast-page-background-meta":{"desktop":{"background-color":"var(--ast-global-color-4)","background-image":"","background-repeat":"repeat","background-position":"center center","background-size":"auto","background-attachment":"scroll","background-type":"","background-media":"","overlay-type":"","overlay-color":"","overlay-opacity":"","overlay-gradient":""},"tablet":{"background-color":"","background-image":"","background-repeat":"repeat","background-position":"center center","background-size":"auto","background-attachment":"scroll","background-type":"","background-media":"","overlay-type":"","overlay-color":"","overlay-opacity":"","overlay-gradient":""},"mobile":{"background-color":"","background-image":"","background-repeat":"repeat","background-position":"center center","background-size":"auto","background-attachment":"scroll","background-type":"","background-media":"","overlay-type":"","overlay-color":"","overlay-opacity":"","overlay-gradient":""}},"ast-content-background-meta":{"desktop":{"background-color":"var(--ast-global-color-5)","background-image":"","background-repeat":"repeat","background-position":"center center","background-size":"auto","background-attachment":"scroll","background-type":"","background-media":"","overlay-type":"","overlay-color":"","overlay-opacity":"","overlay-gradient":""},"tablet":{"background-color":"var(--ast-global-color-5)","background-image":"","background-repeat":"repeat","background-position":"center center","background-size":"auto","background-attachment":"scroll","background-type":"","background-media":"","overlay-type":"","overlay-color":"","overlay-opacity":"","overlay-gradient":""},"mobile":{"background-color":"var(--ast-global-color-5)","background-image":"","background-repeat":"repeat","background-position":"center center","background-size":"auto","background-attachment":"scroll","background-type":"","background-media":"","overlay-type":"","overlay-color":"","overlay-opacity":"","overlay-gradient":""}},"ngg_post_thumbnail":0,"footnotes":""},"class_list":["post-2141","page","type-page","status-publish","hentry"],"_links":{"self":[{"href":"https:\/\/www2.unifap.br\/dace\/wp-json\/wp\/v2\/pages\/2141","targetHints":{"allow":["GET"]}}],"collection":[{"href":"https:\/\/www2.unifap.br\/dace\/wp-json\/wp\/v2\/pages"}],"about":[{"href":"https:\/\/www2.unifap.br\/dace\/wp-json\/wp\/v2\/types\/page"}],"author":[{"embeddable":true,"href":"https:\/\/www2.unifap.br\/dace\/wp-json\/wp\/v2\/users\/405"}],"replies":[{"embeddable":true,"href":"https:\/\/www2.unifap.br\/dace\/wp-json\/wp\/v2\/comments?post=2141"}],"version-history":[{"count":48,"href":"https:\/\/www2.unifap.br\/dace\/wp-json\/wp\/v2\/pages\/2141\/revisions"}],"predecessor-version":[{"id":3160,"href":"https:\/\/www2.unifap.br\/dace\/wp-json\/wp\/v2\/pages\/2141\/revisions\/3160"}],"up":[{"embeddable":true,"href":"https:\/\/www2.unifap.br\/dace\/wp-json\/wp\/v2\/pages\/2138"}],"wp:attachment":[{"href":"https:\/\/www2.unifap.br\/dace\/wp-json\/wp\/v2\/media?parent=2141"}],"curies":[{"name":"wp","href":"https:\/\/api.w.org\/{rel}","templated":true}]}}