{"id":2147,"date":"2016-01-19T13:06:10","date_gmt":"2016-01-19T13:06:10","guid":{"rendered":"http:\/\/www2.unifap.br\/dace\/?page_id=2147"},"modified":"2016-11-21T12:47:01","modified_gmt":"2016-11-21T12:47:01","slug":"pagamentos-de-janeiro-a-dezembro","status":"publish","type":"page","link":"https:\/\/www2.unifap.br\/dace\/assistencia-estudantil\/transparencia\/campus-oiapoque-2016\/pagamentos-de-janeiro-a-dezembro","title":{"rendered":"PAGAMENTOS DE JANEIRO A DEZEMBRO"},"content":{"rendered":"<div style=\"text-align: left\" align=\"center\">\n<table width=\"555\" border=\"1\" cellspacing=\"0\" cellpadding=\"0\">\n<tbody>\n<tr>\n<td colspan=\"11\" width=\"555\">\n<p align=\"center\"><b>PAGAMENTO AUX\u00cdLIOS DACE\/PROEAC\/UNIFAP &#8211; 2016 (CAMPUS OIAPOQUE)<\/b><\/p>\n<\/td>\n<\/tr>\n<tr>\n<td width=\"38\"><\/td>\n<td colspan=\"10\" width=\"516\">\n<p align=\"center\"><b>AUX\u00cdLIOS<\/b><\/p>\n<\/td>\n<\/tr>\n<tr>\n<td width=\"38\">\n<p align=\"center\"><b>M\u00caS<\/b><\/p>\n<\/td>\n<td width=\"53\">\n<p align=\"center\"><b>PERMA<\/b><\/p>\n<p align=\"center\"><b>N\u00caNCIA<\/b><\/p>\n<\/td>\n<td width=\"47\">\n<p align=\"center\"><b>MORA<\/b><\/p>\n<p align=\"center\"><b>DIA<\/b><\/p>\n<\/td>\n<td width=\"56\">\n<p align=\"center\"><b>ALIMEN<\/b><\/p>\n<p align=\"center\"><b>TA\u00c7\u00c3O<\/b><\/p>\n<\/td>\n<td width=\"47\">\n<p align=\"center\"><b>FOTO<\/b><\/p>\n<p align=\"center\"><b>C\u00d3PIA<\/b><\/p>\n<\/td>\n<td width=\"52\">\n<p align=\"center\"><b>ATLETA<\/b><\/p>\n<\/td>\n<td width=\"46\">\n<p align=\"center\"><b>FOTO<\/b><\/p>\n<p align=\"center\"><b>C\u00d3PIA<\/b><\/p>\n<\/td>\n<td width=\"45\">\n<p align=\"center\"><b>NOTE<\/b><\/p>\n<p align=\"center\"><b>BOOK<\/b><\/p>\n<\/td>\n<td width=\"76\">\n<p align=\"center\"><b>AUX\u00cdLIO FINANCEIRO<\/b><\/p>\n<\/td>\n<td width=\"58\">\n<p align=\"center\"><b>EMER<\/b><\/p>\n<p align=\"center\"><b>GENCIAL<\/b><\/p>\n<\/td>\n<td width=\"37\">\n<p align=\"center\"><b>TRANS<\/b><\/p>\n<p align=\"center\"><b>PORTE<\/b><\/p>\n<\/td>\n<\/tr>\n<tr>\n<td width=\"38\">\n<p align=\"center\">JAN<\/p>\n<\/td>\n<td width=\"53\">\u00a0<span style=\"color: #800000\"><strong><a href=\"http:\/\/www2.unifap.br\/dace\/files\/2016\/01\/1-Permanencia-OIAPOQUE-JANEIRO-2016-961.pdf\"><span style=\"color: #800000\">96<\/span><\/a><\/strong><\/span><\/td>\n<td width=\"47\">\u00a0<span style=\"color: #800000\"><strong><a href=\"http:\/\/www2.unifap.br\/dace\/files\/2016\/01\/1-Moradia-OIAPOQUE-JANEIRO-2016-61.pdf\"><span style=\"color: #800000\">6<\/span><\/a><\/strong><\/span><\/td>\n<td width=\"56\"><\/td>\n<td width=\"47\"><\/td>\n<td width=\"52\"><\/td>\n<td width=\"46\"><\/td>\n<td width=\"45\"><\/td>\n<td width=\"76\"><\/td>\n<td width=\"58\"><\/td>\n<td valign=\"top\" width=\"37\">\u00a0<span style=\"color: #800000\"><strong><a href=\"http:\/\/www2.unifap.br\/dace\/files\/2016\/01\/1-Transporte-OIAPOQUE-JAN2016-481.pdf\"><span style=\"color: #800000\">48<\/span><\/a><\/strong><\/span><\/td>\n<\/tr>\n<tr>\n<td width=\"38\">\n<p align=\"center\">FEV<\/p>\n<\/td>\n<td width=\"53\">\u00a0<span style=\"color: #800000\"><strong><a href=\"http:\/\/www2.unifap.br\/dace\/files\/2016\/01\/1-Permanencia-OIAPOQUE-FEVER-2016-961.pdf\"><span style=\"color: #800000\">96<\/span><\/a><\/strong><\/span><\/td>\n<td width=\"47\">\u00a0<span style=\"color: #800000\"><strong><a href=\"http:\/\/www2.unifap.br\/dace\/files\/2016\/01\/1-Moradia-OIAPOQUE-FEV-2016-111.pdf\"><span style=\"color: #800000\">11<\/span><\/a><\/strong><\/span><\/td>\n<td width=\"56\"><\/td>\n<td width=\"47\"><\/td>\n<td width=\"52\"><\/td>\n<td width=\"46\"><\/td>\n<td width=\"45\"><\/td>\n<td width=\"76\"><\/td>\n<td width=\"58\"><\/td>\n<td valign=\"top\" width=\"37\">\u00a0<span style=\"color: #800000\"><strong><a href=\"http:\/\/www2.unifap.br\/dace\/files\/2016\/01\/1-Transporte-OIAPOQUE-FEV-2016-481.pdf\"><span style=\"color: #800000\">48<\/span><\/a><\/strong><\/span><\/td>\n<\/tr>\n<tr>\n<td width=\"38\">\n<p align=\"center\">MAR<\/p>\n<\/td>\n<td width=\"53\">\u00a0<span style=\"color: #800000\"><strong><a href=\"http:\/\/www2.unifap.br\/dace\/files\/2016\/01\/1-Permanencia-OIAPOQUE-MAR-921.pdf\"><span style=\"color: #800000\">92<\/span><\/a><\/strong><\/span><\/td>\n<td width=\"47\">\u00a0<span style=\"color: #800000\"><strong><a href=\"http:\/\/www2.unifap.br\/dace\/files\/2016\/01\/1-Moradia-OIAPOQUE-MAR-8-20161.pdf\"><span style=\"color: #800000\">8<\/span><\/a><\/strong><\/span><\/td>\n<td width=\"56\"><\/td>\n<td width=\"47\"><\/td>\n<td width=\"52\"><\/td>\n<td width=\"46\"><\/td>\n<td width=\"45\"><\/td>\n<td width=\"76\"><\/td>\n<td width=\"58\"><\/td>\n<td valign=\"top\" width=\"37\">\u00a0<span style=\"color: #800000\"><strong><a href=\"http:\/\/www2.unifap.br\/dace\/files\/2016\/01\/1-Transporte-OIAPOQUE-MAR-471.pdf\"><span style=\"color: #800000\">47<\/span><\/a><\/strong><\/span><\/td>\n<\/tr>\n<tr>\n<td width=\"38\">\n<p align=\"center\">ABR<\/p>\n<\/td>\n<td width=\"53\">\u00a0<span style=\"color: #800000\"><strong><a href=\"http:\/\/www2.unifap.br\/dace\/files\/2016\/01\/1-Permanencia-OIAPOQUE-92-ABRIL1.pdf\"><span style=\"color: #800000\">92<\/span><\/a><\/strong><\/span><\/td>\n<td width=\"47\">\u00a0<span style=\"color: #800000\"><strong><a href=\"http:\/\/www2.unifap.br\/dace\/files\/2016\/01\/1-Moradia-OIAPOQUE-ABRIL-4-2016.pdf\"><span style=\"color: #800000\">4<\/span><\/a><\/strong><\/span><\/td>\n<td width=\"56\"><\/td>\n<td width=\"47\"><\/td>\n<td width=\"52\"><\/td>\n<td width=\"46\"><\/td>\n<td width=\"45\"><\/td>\n<td width=\"76\"><\/td>\n<td width=\"58\"><\/td>\n<td valign=\"top\" width=\"37\">\u00a0<span style=\"color: #800000\"><strong><a href=\"http:\/\/www2.unifap.br\/dace\/files\/2016\/01\/1-Transporte-OIAPOQUE-ABRIL-46-20161.pdf\"><span style=\"color: #800000\">46<\/span><\/a><\/strong><\/span><\/td>\n<\/tr>\n<tr>\n<td width=\"38\">\n<p align=\"center\">MAI<\/p>\n<\/td>\n<td width=\"53\">\u00a0<span style=\"color: #800000\"><strong><a href=\"http:\/\/www2.unifap.br\/dace\/files\/2016\/01\/1-Permanencia-OIAPOQUE-MAIO-75-20161.pdf\"><span style=\"color: #800000\">75<\/span><\/a><\/strong><\/span><\/td>\n<td width=\"47\">\u00a0<span style=\"color: #800000\"><strong><a href=\"http:\/\/www2.unifap.br\/dace\/files\/2016\/01\/1-Moradia-OIAPOQUE-11-MAIO-2016.pdf\"><span style=\"color: #800000\">11<\/span><\/a><\/strong><\/span><\/td>\n<td width=\"56\"><\/td>\n<td width=\"47\"><\/td>\n<td width=\"52\"><\/td>\n<td width=\"46\"><\/td>\n<td width=\"45\"><\/td>\n<td width=\"76\"><\/td>\n<td width=\"58\"><\/td>\n<td valign=\"top\" width=\"37\">\u00a0<span style=\"color: #800000\"><strong><a href=\"http:\/\/www2.unifap.br\/dace\/files\/2016\/01\/1-Transporte-OIAPOQUE-33-MAIO-E-JUNHO1.pdf\"><span style=\"color: #800000\">33<\/span><\/a><\/strong><\/span><\/td>\n<\/tr>\n<tr>\n<td width=\"38\">\n<p align=\"center\">JUN<\/p>\n<\/td>\n<td width=\"53\">\u00a0<span style=\"color: #800000\"><strong><a href=\"http:\/\/www2.unifap.br\/dace\/files\/2016\/01\/1-Permanencia-OIAPOQUE-JUNHO-76-2016.pdf\"><span style=\"color: #800000\">76<\/span><\/a><\/strong><\/span><\/td>\n<td width=\"47\">\u00a0<span style=\"color: #800000\"><strong><a title=\"CLIQUE AQUI\" href=\"http:\/\/www2.unifap.br\/dace\/files\/2016\/01\/1-Moradia-OIAPOQUE-JUNHO-10-2016.pdf\" target=\"_blank\"><span style=\"color: #800000\">10<\/span><\/a><\/strong><\/span><\/td>\n<td width=\"56\"><\/td>\n<td width=\"47\"><\/td>\n<td width=\"52\"><\/td>\n<td width=\"46\"><\/td>\n<td width=\"45\"><\/td>\n<td width=\"76\"><\/td>\n<td width=\"58\"><\/td>\n<td valign=\"top\" width=\"37\"><\/td>\n<\/tr>\n<tr>\n<td width=\"38\">\n<p align=\"center\">JUL<\/p>\n<\/td>\n<td width=\"53\">\u00a0<span style=\"color: #800000\"><strong><a title=\"CLIQUE AQUI\" href=\"http:\/\/www2.unifap.br\/dace\/files\/2016\/01\/1-Permanencia-OIAPOQUE-JULHO-99-2016.pdf\" target=\"_blank\"><span style=\"color: #800000\">99<\/span><\/a><\/strong><\/span><\/td>\n<td width=\"47\">\u00a0<span style=\"color: #800000\"><strong><a title=\"CLIQUE AQUI\" href=\"http:\/\/www2.unifap.br\/dace\/files\/2016\/01\/1-Moradia-OIAPOQUE-JULHO-10-2016.pdf\" target=\"_blank\"><span style=\"color: #800000\">10<\/span><\/a><\/strong><\/span><\/td>\n<td width=\"56\"><\/td>\n<td width=\"47\">\u00a0<span style=\"color: #800000\"><strong><a href=\"http:\/\/www2.unifap.br\/dace\/files\/2016\/01\/1-Fotocopia-OIAPOQUE-15-JUNHO-2016.pdf\"><span style=\"color: #800000\">15<\/span><\/a><\/strong><\/span><\/td>\n<td width=\"52\"><\/td>\n<td width=\"46\"><\/td>\n<td width=\"45\"><\/td>\n<td width=\"76\"><\/td>\n<td width=\"58\"><\/td>\n<td valign=\"top\" width=\"37\">\u00a0<span style=\"color: #800000\"><strong><a title=\"CLIQUE AQUI\" href=\"http:\/\/www2.unifap.br\/dace\/files\/2016\/01\/1-Transporte-OIAPOQUE-JULHO-33-20161.pdf\" target=\"_blank\"><span style=\"color: #800000\">33<\/span><\/a><\/strong><\/span><\/td>\n<\/tr>\n<tr>\n<td width=\"38\">\n<p align=\"center\">AGO<\/p>\n<\/td>\n<td width=\"53\">\u00a0<span style=\"color: #800000\"><strong><a title=\"CLIQUE AQUI\" href=\"http:\/\/www2.unifap.br\/dace\/files\/2016\/01\/1-Permanencia-OIAPOQUE-AGOSTO-99-2016.pdf\" target=\"_blank\"><span style=\"color: #800000\">99<\/span><\/a><\/strong><\/span><\/td>\n<td width=\"47\">\u00a0<span style=\"color: #800000\"><strong><a title=\"CLIQUE AQUI\" href=\"http:\/\/www2.unifap.br\/dace\/files\/2016\/01\/1-Moradia-OIAPOQUE-AGOST-2016-10.pdf\" target=\"_blank\"><span style=\"color: #800000\">10<\/span><\/a><\/strong><\/span><\/td>\n<td width=\"56\"><\/td>\n<td width=\"47\"><\/td>\n<td width=\"52\"><\/td>\n<td width=\"46\"><\/td>\n<td width=\"45\"><\/td>\n<td width=\"76\"><\/td>\n<td width=\"58\"><\/td>\n<td valign=\"top\" width=\"37\">\u00a0<span style=\"color: #800000\"><strong><a href=\"http:\/\/www2.unifap.br\/dace\/files\/2016\/01\/1-Transporte-OIAPOQUE-AGOSTO-33-2016.pdf\"><span style=\"color: #800000\">33<\/span><\/a><\/strong><\/span><\/td>\n<\/tr>\n<tr>\n<td width=\"38\">\n<p align=\"center\">SET<\/p>\n<\/td>\n<td width=\"53\">\u00a0<span style=\"color: #800000\"><strong><a title=\"CLIQUE AQUI\" href=\"http:\/\/www2.unifap.br\/dace\/files\/2016\/01\/1-Permanencia-OIAPOQUE-SETEMBRO-99-2016.pdf\" target=\"_blank\"><span style=\"color: #800000\">99<\/span><\/a><\/strong><\/span><\/td>\n<td width=\"47\">\u00a0<span style=\"color: #800000\"><strong><a title=\"CLIQUE AQUI\" href=\"http:\/\/www2.unifap.br\/dace\/files\/2016\/01\/1-Moradia-OIAPOQUE-SETE-2016-11.pdf\" target=\"_blank\"><span style=\"color: #800000\">11<\/span><\/a><\/strong><\/span><\/td>\n<td width=\"56\"><\/td>\n<td width=\"47\"><\/td>\n<td width=\"52\"><\/td>\n<td width=\"46\"><\/td>\n<td width=\"45\"><\/td>\n<td width=\"76\"><\/td>\n<td width=\"58\"><\/td>\n<td valign=\"top\" width=\"37\">\u00a0<span style=\"color: #800000\"><strong><a title=\"CLIQUE AQUI\" href=\"http:\/\/www2.unifap.br\/dace\/files\/2016\/01\/1-Transporte-OIAPOQUE-SETEMBRO-2016-33.pdf\" target=\"_blank\"><span style=\"color: #800000\">33<\/span><\/a><\/strong><\/span><\/td>\n<\/tr>\n<tr>\n<td width=\"38\">\n<p align=\"center\">OUT<\/p>\n<\/td>\n<td width=\"53\"><span style=\"color: #800000\"><strong>\u00a0<a title=\"CLIQUE AQUI\" href=\"http:\/\/www2.unifap.br\/dace\/files\/2016\/01\/1-Permanencia-OIAPOQUE-OUTBR-2016-99.pdf\" target=\"_blank\"><span style=\"color: #800000\">99<\/span><\/a><\/strong><\/span><\/td>\n<td width=\"47\"><span style=\"color: #800000\"><strong>\u00a0<a title=\"CLIQUE AQUI\" href=\"http:\/\/www2.unifap.br\/dace\/files\/2016\/01\/1-Moradia-OIAPOQUE-OUT-2016-10.pdf\" target=\"_blank\"><span style=\"color: #800000\">10<\/span><\/a><\/strong><\/span><\/td>\n<td width=\"56\"><\/td>\n<td width=\"47\"><\/td>\n<td width=\"52\"><\/td>\n<td width=\"46\"><\/td>\n<td width=\"45\"><\/td>\n<td width=\"76\"><\/td>\n<td width=\"58\"><\/td>\n<td valign=\"top\" width=\"37\"><span style=\"color: #800000\"><strong>\u00a0<a title=\"CLIQUE AQUI\" href=\"http:\/\/www2.unifap.br\/dace\/files\/2016\/01\/1-Transporte-OIAPOQUE-OUT-2016-32.pdf\" target=\"_blank\"><span style=\"color: #800000\">32<\/span><\/a><\/strong><\/span><\/td>\n<\/tr>\n<tr>\n<td width=\"38\">\n<p align=\"center\">NOV<\/p>\n<\/td>\n<td width=\"53\">\u00a0<span style=\"color: #800000\"><strong><a title=\"CLIQUE AQUI\" href=\"http:\/\/www2.unifap.br\/dace\/files\/2016\/01\/1-Permanencia-OIAPOQUE-NOVE-2016-99.pdf\" target=\"_blank\"><span style=\"color: #800000\">99<\/span><\/a><\/strong><\/span><\/td>\n<td width=\"47\"><\/td>\n<td width=\"56\"><\/td>\n<td width=\"47\">\u00a0<span style=\"color: #800000\"><strong><a title=\"CLIQUE AQUI\" href=\"http:\/\/www2.unifap.br\/dace\/files\/2016\/01\/1-Fotocopia-OIAPOQUE-NOV-2016-15.pdf\" target=\"_blank\"><span style=\"color: #800000\">15<\/span><\/a><\/strong><\/span><\/td>\n<td width=\"52\"><\/td>\n<td width=\"46\"><\/td>\n<td width=\"45\"><\/td>\n<td width=\"76\"><\/td>\n<td width=\"58\"><\/td>\n<td valign=\"top\" width=\"37\">\u00a0<span style=\"color: #800000\"><strong><a title=\"CLIQUE AQUI\" href=\"http:\/\/www2.unifap.br\/dace\/files\/2016\/01\/1-Transporte-OIAPOQUE-NOV-2016-32.pdf\" target=\"_blank\"><span style=\"color: #800000\">32<\/span><\/a><\/strong><\/span><\/td>\n<\/tr>\n<tr>\n<td width=\"38\">\n<p align=\"center\">DEZ<\/p>\n<\/td>\n<td width=\"53\"><\/td>\n<td width=\"47\"><\/td>\n<td width=\"56\"><\/td>\n<td width=\"47\"><\/td>\n<td width=\"52\"><\/td>\n<td width=\"46\"><\/td>\n<td width=\"45\"><\/td>\n<td width=\"76\"><\/td>\n<td width=\"58\"><\/td>\n<td valign=\"top\" width=\"37\"><\/td>\n<\/tr>\n<\/tbody>\n<\/table>\n<\/div>\n","protected":false},"excerpt":{"rendered":"<p>PAGAMENTO AUX\u00cdLIOS DACE\/PROEAC\/UNIFAP &#8211; 2016 (CAMPUS OIAPOQUE) AUX\u00cdLIOS M\u00caS PERMA N\u00caNCIA MORA DIA ALIMEN TA\u00c7\u00c3O FOTO C\u00d3PIA ATLETA FOTO C\u00d3PIA&#8230;<\/p>\n","protected":false},"author":405,"featured_media":0,"parent":2145,"menu_order":0,"comment_status":"closed","ping_status":"open","template":"","meta":{"inline_featured_image":false,"site-sidebar-layout":"default","site-content-layout":"","ast-site-content-layout":"default","site-content-style":"default","site-sidebar-style":"default","ast-global-header-display":"","ast-banner-title-visibility":"","ast-main-header-display":"","ast-hfb-above-header-display":"","ast-hfb-below-header-display":"","ast-hfb-mobile-header-display":"","site-post-title":"","ast-breadcrumbs-content":"","ast-featured-img":"","footer-sml-layout":"","theme-transparent-header-meta":"","adv-header-id-meta":"","stick-header-meta":"","header-above-stick-meta":"","header-main-stick-meta":"","header-below-stick-meta":"","astra-migrate-meta-layouts":"default","ast-page-background-enabled":"default","ast-page-background-meta":{"desktop":{"background-color":"var(--ast-global-color-4)","background-image":"","background-repeat":"repeat","background-position":"center center","background-size":"auto","background-attachment":"scroll","background-type":"","background-media":"","overlay-type":"","overlay-color":"","overlay-opacity":"","overlay-gradient":""},"tablet":{"background-color":"","background-image":"","background-repeat":"repeat","background-position":"center center","background-size":"auto","background-attachment":"scroll","background-type":"","background-media":"","overlay-type":"","overlay-color":"","overlay-opacity":"","overlay-gradient":""},"mobile":{"background-color":"","background-image":"","background-repeat":"repeat","background-position":"center center","background-size":"auto","background-attachment":"scroll","background-type":"","background-media":"","overlay-type":"","overlay-color":"","overlay-opacity":"","overlay-gradient":""}},"ast-content-background-meta":{"desktop":{"background-color":"var(--ast-global-color-5)","background-image":"","background-repeat":"repeat","background-position":"center center","background-size":"auto","background-attachment":"scroll","background-type":"","background-media":"","overlay-type":"","overlay-color":"","overlay-opacity":"","overlay-gradient":""},"tablet":{"background-color":"var(--ast-global-color-5)","background-image":"","background-repeat":"repeat","background-position":"center center","background-size":"auto","background-attachment":"scroll","background-type":"","background-media":"","overlay-type":"","overlay-color":"","overlay-opacity":"","overlay-gradient":""},"mobile":{"background-color":"var(--ast-global-color-5)","background-image":"","background-repeat":"repeat","background-position":"center center","background-size":"auto","background-attachment":"scroll","background-type":"","background-media":"","overlay-type":"","overlay-color":"","overlay-opacity":"","overlay-gradient":""}},"ngg_post_thumbnail":0,"footnotes":""},"class_list":["post-2147","page","type-page","status-publish","hentry"],"_links":{"self":[{"href":"https:\/\/www2.unifap.br\/dace\/wp-json\/wp\/v2\/pages\/2147","targetHints":{"allow":["GET"]}}],"collection":[{"href":"https:\/\/www2.unifap.br\/dace\/wp-json\/wp\/v2\/pages"}],"about":[{"href":"https:\/\/www2.unifap.br\/dace\/wp-json\/wp\/v2\/types\/page"}],"author":[{"embeddable":true,"href":"https:\/\/www2.unifap.br\/dace\/wp-json\/wp\/v2\/users\/405"}],"replies":[{"embeddable":true,"href":"https:\/\/www2.unifap.br\/dace\/wp-json\/wp\/v2\/comments?post=2147"}],"version-history":[{"count":28,"href":"https:\/\/www2.unifap.br\/dace\/wp-json\/wp\/v2\/pages\/2147\/revisions"}],"predecessor-version":[{"id":2658,"href":"https:\/\/www2.unifap.br\/dace\/wp-json\/wp\/v2\/pages\/2147\/revisions\/2658"}],"up":[{"embeddable":true,"href":"https:\/\/www2.unifap.br\/dace\/wp-json\/wp\/v2\/pages\/2145"}],"wp:attachment":[{"href":"https:\/\/www2.unifap.br\/dace\/wp-json\/wp\/v2\/media?parent=2147"}],"curies":[{"name":"wp","href":"https:\/\/api.w.org\/{rel}","templated":true}]}}