{"id":2339,"date":"2016-03-16T16:00:02","date_gmt":"2016-03-16T16:00:02","guid":{"rendered":"http:\/\/www2.unifap.br\/dace\/?page_id=2339"},"modified":"2024-07-09T15:44:57","modified_gmt":"2024-07-09T18:44:57","slug":"teste-de-aceitabilidade","status":"publish","type":"page","link":"https:\/\/www2.unifap.br\/dace\/restaurante-universitario\/teste-de-aceitabilidade","title":{"rendered":"TESTE DE ACEITABILIDADE"},"content":{"rendered":"<p><span style=\"color: #993300\"><strong>DA DEFINI\u00c7\u00c3O<\/strong><\/span><\/p>\n<p><span style=\"color: #993300\"><strong><a href=\"http:\/\/www2.unifap.br\/dace\/files\/2016\/03\/Imagem1.jpg\"><img fetchpriority=\"high\" decoding=\"async\" class=\"size-medium wp-image-2424 alignright\" src=\"http:\/\/www2.unifap.br\/dace\/files\/2016\/03\/Imagem1-300x200.jpg\" alt=\"Imagem1\" width=\"300\" height=\"200\" srcset=\"https:\/\/www2.unifap.br\/dace\/files\/2016\/03\/Imagem1-300x200.jpg 300w, https:\/\/www2.unifap.br\/dace\/files\/2016\/03\/Imagem1.jpg 639w\" sizes=\"(max-width: 300px) 100vw, 300px\" \/><\/a><\/strong><\/span><\/p>\n<p style=\"text-align: justify\">O TESTE DE ACEITABILIDADE \u00e9 o conjunto de procedimentos metodol\u00f3gicos, cientificamente reconhecidos, destinados a medir o \u00edndice de aceitabilidade da alimenta\u00e7\u00e3o oferecida aos usu\u00e1rios no RESTAURANTE UNIVERSIT\u00c1RIO\/UNIFAP. O teste de aceitabilidade faz parte da an\u00e1lise sensorial de alimentos, que evoca, mede, analisa e interpreta rea\u00e7\u00f5es percebidas por meio da ingest\u00e3o dos alimentos, isto \u00e9, percep\u00e7\u00e3o das caracter\u00edsticas organol\u00e9pticas.<\/p>\n<p>&nbsp;<\/p>\n<p><span style=\"color: #993300\"><strong>DA IMPORT\u00c2NCIA<\/strong><\/span><\/p>\n<p style=\"text-align: justify\">A aceita\u00e7\u00e3o de um alimento\/de uma prepara\u00e7\u00e3o pelos usu\u00e1rios \u00e9 um importante fator para determinar a qualidade do servi\u00e7o prestado pela EMPRESA TERCEIRIZADA atuante no RU\/UNIFAP. Al\u00e9m disso, avalia fatores externos, tais como a qualidade no atendimento e quest\u00f5es relacionadas a higiene e limpeza.<\/p>\n<p style=\"text-align: left\"><strong><span style=\"color: #993300\">PERIODICIDADE<br \/>\n<\/span><\/strong><\/p>\n<p>De acordo com par\u00e2metros estabelecidos pela Ag\u00eancia Nacional de Vigil\u00e2ncia Sanit\u00e1ria &#8211; ANVISA e de acordo com as Clausulas Contratuais, \u00a0tal an\u00e1lise dever\u00e1 ser realizada trimestralmente, ou a crit\u00e9rio da Administra\u00e7\u00e3o.<\/p>\n<p>&nbsp;<\/p>\n<p><strong><span style=\"color: #993300\">RESULTADOS<\/span><br \/>\n<\/strong><\/p>\n<p><span style=\"line-height: 1.5em\">Teste de Aceitabilidade e Enquete do M\u00eas (Mar\u00e7o\/2016) &#8211; Empresa Primo Jos\u00e9 &#8211;\u00a0<a href=\"http:\/\/www2.unifap.br\/dace\/files\/2016\/03\/TESTE-DE-ACEITABILIDADE-RESULTADOS-MAR\u00c7O.2016.pdf\">Clique aqui.<\/a><\/span><\/p>\n<p>Teste de Aceitabilidade (Agosto\/2016) &#8211; Empresa Arena &#8211; <a href=\"http:\/\/www2.unifap.br\/dace\/files\/2016\/03\/RELAT\u00d3RIO-DO-TESTE-DE-ACEITABILIDADE-AGOSTO.2016.pdf\">Clique aqui.<\/a><\/p>\n<p>Teste de Aceitabilidade (Fevereiro\/2017) &#8211; Empresa Arena &#8211;\u00a0<a href=\"http:\/\/www2.unifap.br\/dace\/files\/2016\/03\/RELAT\u00d3RIO-T\u00c9CNICO-DO-TESTE-DE-ACEITABILIDADE-FEVEREIRO.2017.pdf\">Clique aqui.<\/a><\/p>\n<p>Teste de Aceitabilidade (Agosto\/2017) &#8211; Empresa Arena &#8211;\u00a0<a href=\"http:\/\/www2.unifap.br\/dace\/files\/2016\/03\/RELAT\u00d3RIO-T\u00c9CNICO-DO-TESTE-DE-ACEITABILIDADE-AGOSTO.20171.pdf\">Clique aqui.<\/a><a href=\"http:\/\/www2.unifap.br\/dace\/files\/2016\/03\/RELAT\u00d3RIO-T\u00c9CNICO-DO-TESTE-DE-ACEITABILIDADE-AGOSTO.2017.pdf\"><br \/>\n<\/a><\/p>\n<p>Teste de Aceitabilidade (Abril\/2018) &#8211; Empresa Arena &#8211;\u00a0<a href=\"http:\/\/www2.unifap.br\/dace\/files\/2016\/03\/RELAT\u00d3RIO-T\u00c9CNICO-DO-TESTE-DE-ACEITABILIDADE-ABRIL.2018.pdf\">Clique aqui.<\/a><\/p>\n<p>Teste de Aceitabilidade (Novembro\/2018) &#8211; Empresa Arena &#8211;\u00a0<a href=\"http:\/\/www2.unifap.br\/dace\/files\/2016\/03\/RELAT\u00d3RIO-T\u00c9CNICO-DO-TESTE-DE-ACEITABILIDADE-NOVEMBRO.2018.pdf\">Clique aqui.<\/a><\/p>\n<p>Teste de Aceitabilidade (Junho\/2024) &#8211; Empresa\u00a0C. Q. Com\u00e9rcio e Servi\u00e7os Aliment\u00edcios e Eventos Ltda &#8211; <a href=\"http:\/\/www2.unifap.br\/dace\/files\/2024\/07\/RELATORIO_TECNICO_DO_TESTE_DE_ACEITABILIDADE-JUNHO-2024.pdf\">Clique aqui<\/a><\/p>\n","protected":false},"excerpt":{"rendered":"<p>DA DEFINI\u00c7\u00c3O O TESTE DE ACEITABILIDADE \u00e9 o conjunto de procedimentos metodol\u00f3gicos, cientificamente reconhecidos, destinados a medir o \u00edndice de&#8230;<\/p>\n","protected":false},"author":717,"featured_media":0,"parent":56,"menu_order":5,"comment_status":"closed","ping_status":"open","template":"","meta":{"inline_featured_image":false,"site-sidebar-layout":"default","site-content-layout":"","ast-site-content-layout":"default","site-content-style":"default","site-sidebar-style":"default","ast-global-header-display":"","ast-banner-title-visibility":"","ast-main-header-display":"","ast-hfb-above-header-display":"","ast-hfb-below-header-display":"","ast-hfb-mobile-header-display":"","site-post-title":"","ast-breadcrumbs-content":"","ast-featured-img":"","footer-sml-layout":"","theme-transparent-header-meta":"","adv-header-id-meta":"","stick-header-meta":"","header-above-stick-meta":"","header-main-stick-meta":"","header-below-stick-meta":"","astra-migrate-meta-layouts":"default","ast-page-background-enabled":"default","ast-page-background-meta":{"desktop":{"background-color":"var(--ast-global-color-4)","background-image":"","background-repeat":"repeat","background-position":"center center","background-size":"auto","background-attachment":"scroll","background-type":"","background-media":"","overlay-type":"","overlay-color":"","overlay-opacity":"","overlay-gradient":""},"tablet":{"background-color":"","background-image":"","background-repeat":"repeat","background-position":"center center","background-size":"auto","background-attachment":"scroll","background-type":"","background-media":"","overlay-type":"","overlay-color":"","overlay-opacity":"","overlay-gradient":""},"mobile":{"background-color":"","background-image":"","background-repeat":"repeat","background-position":"center center","background-size":"auto","background-attachment":"scroll","background-type":"","background-media":"","overlay-type":"","overlay-color":"","overlay-opacity":"","overlay-gradient":""}},"ast-content-background-meta":{"desktop":{"background-color":"var(--ast-global-color-5)","background-image":"","background-repeat":"repeat","background-position":"center center","background-size":"auto","background-attachment":"scroll","background-type":"","background-media":"","overlay-type":"","overlay-color":"","overlay-opacity":"","overlay-gradient":""},"tablet":{"background-color":"var(--ast-global-color-5)","background-image":"","background-repeat":"repeat","background-position":"center center","background-size":"auto","background-attachment":"scroll","background-type":"","background-media":"","overlay-type":"","overlay-color":"","overlay-opacity":"","overlay-gradient":""},"mobile":{"background-color":"var(--ast-global-color-5)","background-image":"","background-repeat":"repeat","background-position":"center center","background-size":"auto","background-attachment":"scroll","background-type":"","background-media":"","overlay-type":"","overlay-color":"","overlay-opacity":"","overlay-gradient":""}},"ngg_post_thumbnail":0,"footnotes":""},"class_list":["post-2339","page","type-page","status-publish","hentry"],"_links":{"self":[{"href":"https:\/\/www2.unifap.br\/dace\/wp-json\/wp\/v2\/pages\/2339","targetHints":{"allow":["GET"]}}],"collection":[{"href":"https:\/\/www2.unifap.br\/dace\/wp-json\/wp\/v2\/pages"}],"about":[{"href":"https:\/\/www2.unifap.br\/dace\/wp-json\/wp\/v2\/types\/page"}],"author":[{"embeddable":true,"href":"https:\/\/www2.unifap.br\/dace\/wp-json\/wp\/v2\/users\/717"}],"replies":[{"embeddable":true,"href":"https:\/\/www2.unifap.br\/dace\/wp-json\/wp\/v2\/comments?post=2339"}],"version-history":[{"count":23,"href":"https:\/\/www2.unifap.br\/dace\/wp-json\/wp\/v2\/pages\/2339\/revisions"}],"predecessor-version":[{"id":6770,"href":"https:\/\/www2.unifap.br\/dace\/wp-json\/wp\/v2\/pages\/2339\/revisions\/6770"}],"up":[{"embeddable":true,"href":"https:\/\/www2.unifap.br\/dace\/wp-json\/wp\/v2\/pages\/56"}],"wp:attachment":[{"href":"https:\/\/www2.unifap.br\/dace\/wp-json\/wp\/v2\/media?parent=2339"}],"curies":[{"name":"wp","href":"https:\/\/api.w.org\/{rel}","templated":true}]}}