{"id":2662,"date":"2016-06-20T19:55:29","date_gmt":"2016-06-20T19:55:29","guid":{"rendered":"http:\/\/www2.unifap.br\/dace\/?page_id=2662"},"modified":"2016-06-20T19:56:25","modified_gmt":"2016-06-20T19:56:25","slug":"auxilios-pagos-em-conta-janeiro-a-dezembro2016","status":"publish","type":"page","link":"https:\/\/www2.unifap.br\/dace\/assistencia-estudantil\/transparencia\/campus-santana-2016\/auxilios-pagos-em-conta-janeiro-a-dezembro2016","title":{"rendered":"AUX\u00cdLIOS PAGOS EM CONTA \u2013 JANEIRO A DEZEMBRO\/2016"},"content":{"rendered":"<div style=\"text-align: left\" align=\"center\">\n<table width=\"555\" border=\"1\" cellspacing=\"0\" cellpadding=\"0\">\n<tbody>\n<tr>\n<td colspan=\"11\" width=\"555\">\n<p align=\"center\"><b>PAGAMENTO AUX\u00cdLIOS DACE\/PROEAC\/UNIFAP &#8211; 2016 (CAMPUS SANTANA)<\/b><\/p>\n<\/td>\n<\/tr>\n<tr>\n<td width=\"38\">\n<p align=\"center\">\n<\/td>\n<td colspan=\"10\" width=\"516\">\n<p align=\"center\"><b>AUX\u00cdLIOS<\/b><\/p>\n<\/td>\n<\/tr>\n<tr>\n<td width=\"38\">\n<p align=\"center\"><b>M\u00caS<\/b><\/p>\n<\/td>\n<td width=\"53\">\n<p align=\"center\"><b>PERMA<\/b><\/p>\n<p align=\"center\"><b>N\u00caNCIA<\/b><\/p>\n<\/td>\n<td width=\"47\">\n<p align=\"center\"><b>MORA<\/b><\/p>\n<p align=\"center\"><b>DIA<\/b><\/p>\n<\/td>\n<td width=\"56\">\n<p align=\"center\"><b>ALIMEN<\/b><\/p>\n<p align=\"center\"><b>TA\u00c7\u00c3O<\/b><\/p>\n<\/td>\n<td width=\"47\">\n<p align=\"center\"><b>FOTO<\/b><\/p>\n<p align=\"center\"><b>C\u00d3PIA<\/b><\/p>\n<\/td>\n<td width=\"52\">\n<p align=\"center\"><b>ATLETA<\/b><\/p>\n<\/td>\n<td width=\"46\">\n<p align=\"center\"><b>FOTO<\/b><\/p>\n<p align=\"center\"><b>C\u00d3PIA<\/b><\/p>\n<\/td>\n<td width=\"45\">\n<p align=\"center\"><b>NOTE<\/b><\/p>\n<p align=\"center\"><b>BOOK<\/b><\/p>\n<\/td>\n<td width=\"76\">\n<p align=\"center\"><b>AUX\u00cdLIO FINANCEIRO<\/b><\/p>\n<\/td>\n<td width=\"58\">\n<p align=\"center\"><b>EMER<\/b><\/p>\n<p align=\"center\"><b>GENCIAL<\/b><\/p>\n<\/td>\n<td width=\"37\">\n<p align=\"center\"><b>TRANS<\/b><\/p>\n<p align=\"center\"><b>PORTE<\/b><\/p>\n<\/td>\n<\/tr>\n<tr>\n<td width=\"38\">\n<p align=\"center\">JAN<\/p>\n<\/td>\n<td width=\"53\">\n<p align=\"center\">\n<\/td>\n<td width=\"47\">\n<p align=\"center\">\n<\/td>\n<td width=\"56\">\n<p align=\"center\">\n<\/td>\n<td width=\"47\">\n<p align=\"center\">\n<\/td>\n<td width=\"52\">\n<p align=\"center\">\n<\/td>\n<td width=\"46\">\n<p align=\"center\">\n<\/td>\n<td width=\"45\">\n<p align=\"center\">\n<\/td>\n<td width=\"76\">\n<p align=\"center\">\n<\/td>\n<td width=\"58\">\n<p align=\"center\">\n<\/td>\n<td valign=\"top\" width=\"37\">\n<p align=\"center\">\n<\/td>\n<\/tr>\n<tr>\n<td width=\"38\">\n<p align=\"center\">FEV<\/p>\n<\/td>\n<td width=\"53\">\n<p align=\"center\">\n<\/td>\n<td width=\"47\">\n<p align=\"center\">\n<\/td>\n<td width=\"56\">\n<p align=\"center\">\n<\/td>\n<td width=\"47\">\n<p align=\"center\">\n<\/td>\n<td width=\"52\">\n<p align=\"center\">\n<\/td>\n<td width=\"46\">\n<p align=\"center\">\n<\/td>\n<td width=\"45\">\n<p align=\"center\">\n<\/td>\n<td width=\"76\">\n<p align=\"center\">\n<\/td>\n<td width=\"58\">\n<p align=\"center\">\n<\/td>\n<td valign=\"top\" width=\"37\">\n<p align=\"center\">\n<\/td>\n<\/tr>\n<tr>\n<td width=\"38\">\n<p align=\"center\">MAR<\/p>\n<\/td>\n<td width=\"53\">\n<p align=\"center\">\n<\/td>\n<td width=\"47\">\n<p align=\"center\">\n<\/td>\n<td width=\"56\">\n<p align=\"center\">\n<\/td>\n<td width=\"47\">\n<p align=\"center\">\n<\/td>\n<td width=\"52\">\n<p align=\"center\">\n<\/td>\n<td width=\"46\">\n<p align=\"center\">\n<\/td>\n<td width=\"45\">\n<p align=\"center\">\n<\/td>\n<td width=\"76\">\n<p align=\"center\">\n<\/td>\n<td width=\"58\">\n<p align=\"center\">\n<\/td>\n<td valign=\"top\" width=\"37\">\n<p align=\"center\">\n<\/td>\n<\/tr>\n<tr>\n<td width=\"38\">\n<p align=\"center\">ABR<\/p>\n<\/td>\n<td width=\"53\">\n<p align=\"center\">\n<\/td>\n<td width=\"47\">\n<p align=\"center\">\n<\/td>\n<td width=\"56\">\n<p align=\"center\">\n<\/td>\n<td width=\"47\">\n<p align=\"center\">\n<\/td>\n<td width=\"52\">\n<p align=\"center\">\n<\/td>\n<td width=\"46\">\n<p align=\"center\">\n<\/td>\n<td width=\"45\">\n<p align=\"center\">\n<\/td>\n<td width=\"76\">\n<p align=\"center\">\n<\/td>\n<td width=\"58\">\n<p align=\"center\">\n<\/td>\n<td valign=\"top\" width=\"37\">\n<p align=\"center\">\n<\/td>\n<\/tr>\n<tr>\n<td width=\"38\">\n<p align=\"center\">MAI<\/p>\n<\/td>\n<td width=\"53\">\n<p align=\"center\">\n<\/td>\n<td width=\"47\">\n<p align=\"center\">\n<\/td>\n<td width=\"56\">\n<p align=\"center\">\n<\/td>\n<td width=\"47\">\n<p align=\"center\">\n<\/td>\n<td width=\"52\">\n<p align=\"center\">\n<\/td>\n<td width=\"46\">\n<p align=\"center\">\n<\/td>\n<td width=\"45\">\n<p align=\"center\">\n<\/td>\n<td width=\"76\">\n<p align=\"center\">\n<\/td>\n<td width=\"58\">\n<p align=\"center\">\n<\/td>\n<td valign=\"top\" width=\"37\">\n<p align=\"center\">\n<\/td>\n<\/tr>\n<tr>\n<td width=\"38\">\n<p align=\"center\">JUN<\/p>\n<\/td>\n<td width=\"53\">\n<p align=\"center\">\n<\/td>\n<td width=\"47\">\n<p align=\"center\">\n<\/td>\n<td width=\"56\">\n<p align=\"center\">\n<\/td>\n<td width=\"47\">\n<p align=\"center\">\n<\/td>\n<td width=\"52\">\n<p align=\"center\">\n<\/td>\n<td width=\"46\">\n<p align=\"center\">\n<\/td>\n<td width=\"45\">\n<p align=\"center\">\n<\/td>\n<td width=\"76\">\n<p align=\"center\">\n<\/td>\n<td width=\"58\">\n<p align=\"center\">\n<\/td>\n<td valign=\"top\" width=\"37\">\n<p align=\"center\">\n<\/td>\n<\/tr>\n<tr>\n<td width=\"38\">\n<p align=\"center\">JUL<\/p>\n<\/td>\n<td width=\"53\">\n<p align=\"center\">\n<\/td>\n<td width=\"47\">\n<p align=\"center\">\n<\/td>\n<td width=\"56\">\n<p align=\"center\">\n<\/td>\n<td width=\"47\">\n<p align=\"center\">\n<\/td>\n<td width=\"52\">\n<p align=\"center\">\n<\/td>\n<td width=\"46\">\n<p align=\"center\">\n<\/td>\n<td width=\"45\">\n<p align=\"center\">\n<\/td>\n<td width=\"76\">\n<p align=\"center\">\n<\/td>\n<td width=\"58\">\n<p align=\"center\">\n<\/td>\n<td valign=\"top\" width=\"37\">\n<p align=\"center\">\n<\/td>\n<\/tr>\n<tr>\n<td width=\"38\">\n<p align=\"center\">AGO<\/p>\n<\/td>\n<td width=\"53\">\n<p align=\"center\">\n<\/td>\n<td width=\"47\">\n<p align=\"center\">\n<\/td>\n<td width=\"56\">\n<p align=\"center\">\n<\/td>\n<td width=\"47\">\n<p align=\"center\">\n<\/td>\n<td width=\"52\">\n<p align=\"center\">\n<\/td>\n<td width=\"46\">\n<p align=\"center\">\n<\/td>\n<td width=\"45\">\n<p align=\"center\">\n<\/td>\n<td width=\"76\">\n<p align=\"center\">\n<\/td>\n<td width=\"58\">\n<p align=\"center\">\n<\/td>\n<td valign=\"top\" width=\"37\">\n<p align=\"center\">\n<\/td>\n<\/tr>\n<tr>\n<td width=\"38\">\n<p align=\"center\">SET<\/p>\n<\/td>\n<td width=\"53\">\n<p align=\"center\">\n<\/td>\n<td width=\"47\">\n<p align=\"center\">\n<\/td>\n<td width=\"56\">\n<p align=\"center\">\n<\/td>\n<td width=\"47\">\n<p align=\"center\">\n<\/td>\n<td width=\"52\">\n<p align=\"center\">\n<\/td>\n<td width=\"46\">\n<p align=\"center\">\n<\/td>\n<td width=\"45\">\n<p align=\"center\">\n<\/td>\n<td width=\"76\">\n<p align=\"center\">\n<\/td>\n<td width=\"58\">\n<p align=\"center\">\n<\/td>\n<td valign=\"top\" width=\"37\">\n<p align=\"center\">\n<\/td>\n<\/tr>\n<tr>\n<td width=\"38\">\n<p align=\"center\">OUT<\/p>\n<\/td>\n<td width=\"53\">\n<p align=\"center\">\n<\/td>\n<td width=\"47\">\n<p align=\"center\">\n<\/td>\n<td width=\"56\">\n<p align=\"center\">\n<\/td>\n<td width=\"47\">\n<p align=\"center\">\n<\/td>\n<td width=\"52\">\n<p align=\"center\">\n<\/td>\n<td width=\"46\">\n<p align=\"center\">\n<\/td>\n<td width=\"45\">\n<p align=\"center\">\n<\/td>\n<td width=\"76\">\n<p align=\"center\">\n<\/td>\n<td width=\"58\">\n<p align=\"center\">\n<\/td>\n<td valign=\"top\" width=\"37\">\n<p align=\"center\">\n<\/td>\n<\/tr>\n<tr>\n<td width=\"38\">\n<p align=\"center\">NOV<\/p>\n<\/td>\n<td width=\"53\">\n<p align=\"center\">\n<\/td>\n<td width=\"47\">\n<p align=\"center\">\n<\/td>\n<td width=\"56\">\n<p align=\"center\">\n<\/td>\n<td width=\"47\">\n<p align=\"center\">\n<\/td>\n<td width=\"52\">\n<p align=\"center\">\n<\/td>\n<td width=\"46\">\n<p align=\"center\">\n<\/td>\n<td width=\"45\">\n<p align=\"center\">\n<\/td>\n<td width=\"76\">\n<p align=\"center\">\n<\/td>\n<td width=\"58\">\n<p align=\"center\">\n<\/td>\n<td valign=\"top\" width=\"37\">\n<p align=\"center\">\n<\/td>\n<\/tr>\n<tr>\n<td width=\"38\">\n<p align=\"center\">DEZ<\/p>\n<\/td>\n<td width=\"53\">\n<p align=\"center\">\n<\/td>\n<td width=\"47\">\n<p align=\"center\">\n<\/td>\n<td width=\"56\">\n<p align=\"center\">\n<\/td>\n<td width=\"47\">\n<p align=\"center\">\n<\/td>\n<td width=\"52\">\n<p align=\"center\">\n<\/td>\n<td width=\"46\">\n<p align=\"center\">\n<\/td>\n<td width=\"45\">\n<p align=\"center\">\n<\/td>\n<td width=\"76\">\n<p align=\"center\">\n<\/td>\n<td width=\"58\">\n<p align=\"center\">\n<\/td>\n<td valign=\"top\" width=\"37\">\n<p style=\"text-align: left\" align=\"center\">\n<\/td>\n<\/tr>\n<\/tbody>\n<\/table>\n<\/div>\n","protected":false},"excerpt":{"rendered":"<p>PAGAMENTO AUX\u00cdLIOS DACE\/PROEAC\/UNIFAP &#8211; 2016 (CAMPUS SANTANA) AUX\u00cdLIOS M\u00caS PERMA N\u00caNCIA MORA DIA ALIMEN TA\u00c7\u00c3O FOTO C\u00d3PIA ATLETA FOTO C\u00d3PIA&#8230;<\/p>\n","protected":false},"author":405,"featured_media":0,"parent":2660,"menu_order":0,"comment_status":"closed","ping_status":"open","template":"","meta":{"inline_featured_image":false,"site-sidebar-layout":"default","site-content-layout":"","ast-site-content-layout":"default","site-content-style":"default","site-sidebar-style":"default","ast-global-header-display":"","ast-banner-title-visibility":"","ast-main-header-display":"","ast-hfb-above-header-display":"","ast-hfb-below-header-display":"","ast-hfb-mobile-header-display":"","site-post-title":"","ast-breadcrumbs-content":"","ast-featured-img":"","footer-sml-layout":"","theme-transparent-header-meta":"","adv-header-id-meta":"","stick-header-meta":"","header-above-stick-meta":"","header-main-stick-meta":"","header-below-stick-meta":"","astra-migrate-meta-layouts":"default","ast-page-background-enabled":"default","ast-page-background-meta":{"desktop":{"background-color":"var(--ast-global-color-4)","background-image":"","background-repeat":"repeat","background-position":"center center","background-size":"auto","background-attachment":"scroll","background-type":"","background-media":"","overlay-type":"","overlay-color":"","overlay-opacity":"","overlay-gradient":""},"tablet":{"background-color":"","background-image":"","background-repeat":"repeat","background-position":"center center","background-size":"auto","background-attachment":"scroll","background-type":"","background-media":"","overlay-type":"","overlay-color":"","overlay-opacity":"","overlay-gradient":""},"mobile":{"background-color":"","background-image":"","background-repeat":"repeat","background-position":"center center","background-size":"auto","background-attachment":"scroll","background-type":"","background-media":"","overlay-type":"","overlay-color":"","overlay-opacity":"","overlay-gradient":""}},"ast-content-background-meta":{"desktop":{"background-color":"var(--ast-global-color-5)","background-image":"","background-repeat":"repeat","background-position":"center center","background-size":"auto","background-attachment":"scroll","background-type":"","background-media":"","overlay-type":"","overlay-color":"","overlay-opacity":"","overlay-gradient":""},"tablet":{"background-color":"var(--ast-global-color-5)","background-image":"","background-repeat":"repeat","background-position":"center center","background-size":"auto","background-attachment":"scroll","background-type":"","background-media":"","overlay-type":"","overlay-color":"","overlay-opacity":"","overlay-gradient":""},"mobile":{"background-color":"var(--ast-global-color-5)","background-image":"","background-repeat":"repeat","background-position":"center center","background-size":"auto","background-attachment":"scroll","background-type":"","background-media":"","overlay-type":"","overlay-color":"","overlay-opacity":"","overlay-gradient":""}},"ngg_post_thumbnail":0,"footnotes":""},"class_list":["post-2662","page","type-page","status-publish","hentry"],"_links":{"self":[{"href":"https:\/\/www2.unifap.br\/dace\/wp-json\/wp\/v2\/pages\/2662","targetHints":{"allow":["GET"]}}],"collection":[{"href":"https:\/\/www2.unifap.br\/dace\/wp-json\/wp\/v2\/pages"}],"about":[{"href":"https:\/\/www2.unifap.br\/dace\/wp-json\/wp\/v2\/types\/page"}],"author":[{"embeddable":true,"href":"https:\/\/www2.unifap.br\/dace\/wp-json\/wp\/v2\/users\/405"}],"replies":[{"embeddable":true,"href":"https:\/\/www2.unifap.br\/dace\/wp-json\/wp\/v2\/comments?post=2662"}],"version-history":[{"count":2,"href":"https:\/\/www2.unifap.br\/dace\/wp-json\/wp\/v2\/pages\/2662\/revisions"}],"predecessor-version":[{"id":2664,"href":"https:\/\/www2.unifap.br\/dace\/wp-json\/wp\/v2\/pages\/2662\/revisions\/2664"}],"up":[{"embeddable":true,"href":"https:\/\/www2.unifap.br\/dace\/wp-json\/wp\/v2\/pages\/2660"}],"wp:attachment":[{"href":"https:\/\/www2.unifap.br\/dace\/wp-json\/wp\/v2\/media?parent=2662"}],"curies":[{"name":"wp","href":"https:\/\/api.w.org\/{rel}","templated":true}]}}