{"id":3367,"date":"2017-03-08T16:59:20","date_gmt":"2017-03-08T16:59:20","guid":{"rendered":"http:\/\/www2.unifap.br\/dace\/?page_id=3367"},"modified":"2017-08-24T18:52:05","modified_gmt":"2017-08-24T18:52:05","slug":"auxilios-pagos-em-conta-janeiro-a-dezembro","status":"publish","type":"page","link":"https:\/\/www2.unifap.br\/dace\/assistencia-estudantil\/transparencia\/campus-marco-zero-2017\/auxilios-pagos-em-conta-janeiro-a-dezembro","title":{"rendered":"Solicita\u00e7\u00e3o dos Aux\u00edlios Pagos em Conta &#8211; Janeiro a Dezembro\/2017"},"content":{"rendered":"<div align=\"center\">\n<table width=\"564\" border=\"1\" cellspacing=\"0\" cellpadding=\"0\">\n<tbody>\n<tr>\n<td colspan=\"10\" width=\"564\">\n<p align=\"center\"><b>PAGAMENTO AUX\u00cdLIOS DACE\/PROEAC\/UNIFAP &#8211; 2017 (CAMPUS MARCO ZERO)<\/b><\/p>\n<\/td>\n<\/tr>\n<tr>\n<td width=\"38\"><\/td>\n<td colspan=\"9\" width=\"526\">\n<p align=\"center\"><b>AUX\u00cdLIOS<\/b><\/p>\n<\/td>\n<\/tr>\n<tr>\n<td width=\"38\">\n<p align=\"center\"><b>M\u00caS<\/b><\/p>\n<\/td>\n<td width=\"58\">\n<p align=\"center\"><b>PERMA<\/b><\/p>\n<p align=\"center\"><b>N\u00caNCIA<\/b><\/p>\n<\/td>\n<td width=\"66\">\n<p align=\"center\"><b>MORADIA<\/b><\/p>\n<\/td>\n<td width=\"60\">\n<p align=\"center\"><b>ODONTO<\/b><\/p>\n<p align=\"center\"><b>L\u00d3GICO<\/b><\/p>\n<\/td>\n<td width=\"49\">\n<p align=\"center\"><b>SA\u00daDE<\/b><\/p>\n<\/td>\n<td width=\"52\">\n<p align=\"center\"><b>ATLETA<\/b><\/p>\n<\/td>\n<td width=\"73\">\n<p align=\"center\"><b>FOTO<\/b><\/p>\n<p align=\"center\"><b>C\u00d3PIA<\/b><\/p>\n<\/td>\n<td width=\"44\">\n<p align=\"center\"><b>TRANSP. INTER.<\/b><\/p>\n<\/td>\n<td width=\"76\">\n<p align=\"center\"><b>AUX\u00cdLIO FINANCEIRO<\/b><\/p>\n<\/td>\n<td width=\"47\">\n<p align=\"center\"><b>EMER<\/b><\/p>\n<p align=\"center\"><b>GENCIAL<\/b><\/p>\n<\/td>\n<\/tr>\n<tr>\n<td width=\"38\">\n<p align=\"center\">JAN<\/p>\n<\/td>\n<td style=\"text-align: center\" width=\"58\"><span style=\"color: #800000\"><strong>\u00a0<a title=\"Clique aqui\" href=\"http:\/\/www2.unifap.br\/dace\/files\/2017\/03\/1-Permanencia-65JAN17.pdf\" target=\"_blank\"><span style=\"color: #800000\">65<\/span><\/a><\/strong><\/span><\/td>\n<td style=\"text-align: center\" width=\"66\">\u00a0<span style=\"color: #800000\"><strong><a title=\"Clique aqui\" href=\"http:\/\/www2.unifap.br\/dace\/files\/2017\/03\/1-MORADIA-33JAN2017.pdf\" target=\"_blank\"><span style=\"color: #800000\">33<\/span><\/a><\/strong><\/span><\/td>\n<td style=\"text-align: center\" width=\"60\">\u00a0&#8211;<\/td>\n<td style=\"text-align: center\" width=\"49\">\u00a0<span style=\"color: #800000\"><strong><a title=\"Clique aqui\" href=\"http:\/\/www2.unifap.br\/dace\/files\/2017\/03\/1-SAUDE-1JAN2017.pdf\" target=\"_blank\"><span style=\"color: #800000\">1<\/span><\/a><\/strong><\/span><\/td>\n<td width=\"52\"><\/td>\n<td style=\"text-align: center\" width=\"73\">\u00a0<span style=\"color: #800000\"><strong><a title=\"Clique aqui\" href=\"http:\/\/www2.unifap.br\/dace\/files\/2017\/03\/1-FOTOCOPIA-6JAN2017.pdf\" target=\"_blank\"><span style=\"color: #800000\">6<\/span><\/a><\/strong><\/span><\/td>\n<td style=\"text-align: center\" width=\"44\">\u00a0<span style=\"color: #800000\"><strong><a title=\"Clique Aqui\" href=\"http:\/\/www2.unifap.br\/dace\/files\/2017\/03\/1-Transporte-4JAN2017.pdf\" target=\"_blank\"><span style=\"color: #800000\">4<\/span><\/a><\/strong><\/span><\/td>\n<td width=\"76\"><\/td>\n<td width=\"47\"><\/td>\n<\/tr>\n<tr>\n<td width=\"38\">\n<p align=\"center\">FEV<\/p>\n<\/td>\n<td style=\"text-align: center\" width=\"58\">\u00a0<span style=\"color: #800000\"><strong><a title=\"Clique aqui\" href=\"http:\/\/www2.unifap.br\/dace\/files\/2017\/03\/1-Permanencia-66-FEV17.pdf\" target=\"_blank\"><span style=\"color: #800000\">66<\/span><\/a><\/strong><\/span><\/td>\n<td style=\"text-align: center\" width=\"66\"><span style=\"color: #800000\"><strong>\u00a0<\/strong><strong><a href=\"http:\/\/www2.unifap.br\/dace\/files\/2017\/03\/1-MORADIA-59FEV20172.pdf\" target=\"_blank\"><span style=\"color: #800000\">59<\/span><\/a><\/strong><\/span><\/td>\n<td style=\"text-align: center\" width=\"60\">\u00a0&#8211;<\/td>\n<td width=\"49\"><\/td>\n<td width=\"52\"><\/td>\n<td style=\"text-align: center\" width=\"73\">\u00a0&#8211;<\/td>\n<td style=\"text-align: center\" width=\"44\">\u00a0<span style=\"color: #800000\"><strong><a title=\"Clique Aqui\" href=\"http:\/\/www2.unifap.br\/dace\/files\/2017\/03\/1-Transporte-4FEV2017.pdf\" target=\"_blank\"><span style=\"color: #800000\">4<\/span><\/a><\/strong><\/span><\/td>\n<td width=\"76\"><\/td>\n<td width=\"47\"><\/td>\n<\/tr>\n<tr>\n<td width=\"38\">\n<p align=\"center\">MAR<\/p>\n<\/td>\n<td style=\"text-align: center\" width=\"58\">\u00a0<span style=\"color: #800000\"><strong><a title=\"Clique aqui\" href=\"http:\/\/www2.unifap.br\/dace\/files\/2017\/03\/1-Permanencia-200-MAR17.pdf\" target=\"_blank\"><span style=\"color: #800000\">200<\/span><\/a><\/strong><\/span><\/td>\n<td style=\"text-align: center\" width=\"66\">\u00a0<span style=\"color: #800000\"><strong><a href=\"http:\/\/www2.unifap.br\/dace\/files\/2017\/03\/1-MORADIA-MAR\u00c717-46.pdf\" target=\"_blank\"><span style=\"color: #800000\">46<\/span><\/a><\/strong><\/span><\/td>\n<td width=\"60\"><\/td>\n<td width=\"49\"><\/td>\n<td width=\"52\"><\/td>\n<td style=\"text-align: center\" width=\"73\">\u00a0<span style=\"color: #800000\"><strong><a title=\"Clique aqui\" href=\"http:\/\/www2.unifap.br\/dace\/files\/2017\/03\/1-FOTOCOPIA-92MAR2017.pdf\" target=\"_blank\"><span style=\"color: #800000\">92<\/span><\/a><\/strong><\/span><\/td>\n<td style=\"text-align: center\" width=\"44\">\u00a0<span style=\"color: #800000\"><strong><a title=\"Clique Aqui\" href=\"http:\/\/www2.unifap.br\/dace\/files\/2017\/03\/1-Transporte-4MAR2017.pdf\" target=\"_blank\"><span style=\"color: #800000\">4<\/span><\/a><\/strong><\/span><\/td>\n<td width=\"76\"><\/td>\n<td style=\"text-align: center\" width=\"47\">\u00a0<span style=\"color: #800000\"><strong><a title=\"Clique Aqui\" href=\"http:\/\/www2.unifap.br\/dace\/files\/2017\/03\/1-Emergencial-1MAR2017.pdf\" target=\"_blank\"><span style=\"color: #800000\">1<\/span><\/a><\/strong><\/span><\/td>\n<\/tr>\n<tr>\n<td width=\"38\">\n<p align=\"center\">ABR<\/p>\n<\/td>\n<td style=\"text-align: center\" width=\"58\">\u00a0<span style=\"color: #800000\"><strong><a title=\"Clique aqui\" href=\"http:\/\/www2.unifap.br\/dace\/files\/2017\/03\/1-Permanencia-131ABR17.pdf\" target=\"_blank\"><span style=\"color: #800000\">131<\/span><\/a><\/strong><\/span><\/td>\n<td style=\"text-align: center\" width=\"66\">\u00a0<span style=\"color: #800000\"><strong><a href=\"http:\/\/www2.unifap.br\/dace\/files\/2017\/03\/1-MORADIA-52-abr17.pdf\" target=\"_blank\"><span style=\"color: #800000\">52<\/span><\/a><\/strong><\/span><\/td>\n<td width=\"60\"><\/td>\n<td width=\"49\"><\/td>\n<td width=\"52\"><\/td>\n<td width=\"73\"><\/td>\n<td style=\"text-align: center\" width=\"44\">\u00a0<span style=\"color: #800000\"><strong><a title=\"Clique Aqui\" href=\"http:\/\/www2.unifap.br\/dace\/files\/2017\/03\/1-Transporte-4ABR2017.pdf\" target=\"_blank\"><span style=\"color: #800000\">4<\/span><\/a><\/strong><\/span><\/td>\n<td width=\"76\"><\/td>\n<td width=\"47\"><\/td>\n<\/tr>\n<tr>\n<td width=\"38\">\n<p align=\"center\">MAI<\/p>\n<\/td>\n<td style=\"text-align: center\" width=\"58\"><span style=\"color: #800000\"><strong>\u00a0<a title=\"CLIque aqui\" href=\"http:\/\/www2.unifap.br\/dace\/files\/2017\/03\/1-Permanencia-127-MAI17.pdf\" target=\"_blank\"><span style=\"color: #800000\">127<\/span><\/a><\/strong><\/span><\/td>\n<td style=\"text-align: center\" width=\"66\">\u00a0<span style=\"color: #800000\"><strong><a href=\"http:\/\/www2.unifap.br\/dace\/files\/2017\/03\/1-MORADIA-43-MAI17.pdf\" target=\"_blank\"><span style=\"color: #800000\">43<\/span><\/a><\/strong><\/span><\/td>\n<td width=\"60\"><\/td>\n<td width=\"49\"><\/td>\n<td width=\"52\"><\/td>\n<td width=\"73\"><\/td>\n<td width=\"44\"><\/td>\n<td width=\"76\"><\/td>\n<td width=\"47\"><\/td>\n<\/tr>\n<tr>\n<td width=\"38\">\n<p align=\"center\">JUN<\/p>\n<\/td>\n<td style=\"text-align: center\" width=\"58\">\u00a0<strong><span style=\"color: #800000\"><a href=\"http:\/\/www2.unifap.br\/dace\/files\/2017\/03\/1-Permanencia-122-JUN17.pdf\" target=\"_blank\"><span style=\"color: #800000\">122<\/span><\/a><\/span><\/strong><\/td>\n<td style=\"text-align: center\" width=\"66\"><span style=\"color: #800000\"><strong>\u00a0<a href=\"http:\/\/www2.unifap.br\/dace\/files\/2017\/03\/1-MORADIA-43-JUN17.pdf\" target=\"_blank\"><span style=\"color: #800000\">43<\/span><\/a><\/strong><\/span><\/td>\n<td width=\"60\"><\/td>\n<td width=\"49\"><\/td>\n<td width=\"52\"><\/td>\n<td width=\"73\"><\/td>\n<td width=\"44\"><\/td>\n<td width=\"76\"><\/td>\n<td width=\"47\"><\/td>\n<\/tr>\n<tr>\n<td width=\"38\">\n<p align=\"center\">JUL<\/p>\n<\/td>\n<td style=\"text-align: center\" width=\"58\">\u00a0<strong><span style=\"color: #800000\"><a href=\"http:\/\/www2.unifap.br\/dace\/files\/2017\/03\/1-Permanencia-120-JULH17.pdf\" target=\"_blank\"><span style=\"color: #800000\">120<\/span><\/a><\/span><\/strong><\/td>\n<td style=\"text-align: center\" width=\"66\">\u00a0<span style=\"color: #800000\"><strong><a href=\"http:\/\/www2.unifap.br\/dace\/files\/2017\/03\/1-MORADIA-39-JUL17.pdf\" target=\"_blank\"><span style=\"color: #800000\">39<\/span><\/a><\/strong><\/span><\/td>\n<td width=\"60\"><\/td>\n<td width=\"49\"><\/td>\n<td width=\"52\"><\/td>\n<td width=\"73\"><\/td>\n<td width=\"44\"><\/td>\n<td width=\"76\"><\/td>\n<td width=\"47\"><\/td>\n<\/tr>\n<tr>\n<td width=\"38\">\n<p align=\"center\">AGO<\/p>\n<\/td>\n<td style=\"text-align: center\" width=\"58\">\u00a0<strong><span style=\"color: #800000\"><a href=\"http:\/\/www2.unifap.br\/dace\/files\/2017\/03\/1-Permanencia-agost17.pdf\" target=\"_blank\"><span style=\"color: #800000\">120<\/span><\/a><\/span><\/strong><\/td>\n<td width=\"66\"><\/td>\n<td width=\"60\"><\/td>\n<td width=\"49\"><\/td>\n<td width=\"52\"><\/td>\n<td width=\"73\"><\/td>\n<td width=\"44\"><\/td>\n<td width=\"76\"><\/td>\n<td width=\"47\"><\/td>\n<\/tr>\n<tr>\n<td width=\"38\">\n<p align=\"center\">SET<\/p>\n<\/td>\n<td width=\"58\"><\/td>\n<td width=\"66\"><\/td>\n<td width=\"60\"><\/td>\n<td width=\"49\"><\/td>\n<td width=\"52\"><\/td>\n<td width=\"73\"><\/td>\n<td width=\"44\"><\/td>\n<td width=\"76\"><\/td>\n<td width=\"47\"><\/td>\n<\/tr>\n<tr>\n<td width=\"38\">\n<p align=\"center\">OUT<\/p>\n<\/td>\n<td width=\"58\"><\/td>\n<td width=\"66\"><\/td>\n<td width=\"60\"><\/td>\n<td width=\"49\"><\/td>\n<td width=\"52\"><\/td>\n<td width=\"73\"><\/td>\n<td width=\"44\"><\/td>\n<td width=\"76\"><\/td>\n<td width=\"47\"><\/td>\n<\/tr>\n<tr>\n<td width=\"38\">\n<p align=\"center\">NOV<\/p>\n<\/td>\n<td width=\"58\"><\/td>\n<td width=\"66\"><\/td>\n<td width=\"60\"><\/td>\n<td width=\"49\"><\/td>\n<td width=\"52\"><\/td>\n<td width=\"73\"><\/td>\n<td width=\"44\"><\/td>\n<td width=\"76\"><\/td>\n<td width=\"47\"><\/td>\n<\/tr>\n<tr>\n<td width=\"38\">\n<p align=\"center\">DEZ<\/p>\n<\/td>\n<td width=\"58\"><\/td>\n<td width=\"66\"><\/td>\n<td width=\"60\"><\/td>\n<td width=\"49\"><\/td>\n<td width=\"52\"><\/td>\n<td width=\"73\"><\/td>\n<td width=\"44\"><\/td>\n<td width=\"76\"><\/td>\n<td width=\"47\"><\/td>\n<\/tr>\n<\/tbody>\n<\/table>\n<\/div>\n","protected":false},"excerpt":{"rendered":"<p>PAGAMENTO AUX\u00cdLIOS DACE\/PROEAC\/UNIFAP &#8211; 2017 (CAMPUS MARCO ZERO) AUX\u00cdLIOS M\u00caS PERMA N\u00caNCIA MORADIA ODONTO L\u00d3GICO SA\u00daDE ATLETA FOTO C\u00d3PIA TRANSP&#8230;.<\/p>\n","protected":false},"author":405,"featured_media":0,"parent":3365,"menu_order":1,"comment_status":"closed","ping_status":"open","template":"","meta":{"inline_featured_image":false,"site-sidebar-layout":"default","site-content-layout":"","ast-site-content-layout":"default","site-content-style":"default","site-sidebar-style":"default","ast-global-header-display":"","ast-banner-title-visibility":"","ast-main-header-display":"","ast-hfb-above-header-display":"","ast-hfb-below-header-display":"","ast-hfb-mobile-header-display":"","site-post-title":"","ast-breadcrumbs-content":"","ast-featured-img":"","footer-sml-layout":"","theme-transparent-header-meta":"","adv-header-id-meta":"","stick-header-meta":"","header-above-stick-meta":"","header-main-stick-meta":"","header-below-stick-meta":"","astra-migrate-meta-layouts":"default","ast-page-background-enabled":"default","ast-page-background-meta":{"desktop":{"background-color":"var(--ast-global-color-4)","background-image":"","background-repeat":"repeat","background-position":"center center","background-size":"auto","background-attachment":"scroll","background-type":"","background-media":"","overlay-type":"","overlay-color":"","overlay-opacity":"","overlay-gradient":""},"tablet":{"background-color":"","background-image":"","background-repeat":"repeat","background-position":"center center","background-size":"auto","background-attachment":"scroll","background-type":"","background-media":"","overlay-type":"","overlay-color":"","overlay-opacity":"","overlay-gradient":""},"mobile":{"background-color":"","background-image":"","background-repeat":"repeat","background-position":"center center","background-size":"auto","background-attachment":"scroll","background-type":"","background-media":"","overlay-type":"","overlay-color":"","overlay-opacity":"","overlay-gradient":""}},"ast-content-background-meta":{"desktop":{"background-color":"var(--ast-global-color-5)","background-image":"","background-repeat":"repeat","background-position":"center center","background-size":"auto","background-attachment":"scroll","background-type":"","background-media":"","overlay-type":"","overlay-color":"","overlay-opacity":"","overlay-gradient":""},"tablet":{"background-color":"var(--ast-global-color-5)","background-image":"","background-repeat":"repeat","background-position":"center center","background-size":"auto","background-attachment":"scroll","background-type":"","background-media":"","overlay-type":"","overlay-color":"","overlay-opacity":"","overlay-gradient":""},"mobile":{"background-color":"var(--ast-global-color-5)","background-image":"","background-repeat":"repeat","background-position":"center center","background-size":"auto","background-attachment":"scroll","background-type":"","background-media":"","overlay-type":"","overlay-color":"","overlay-opacity":"","overlay-gradient":""}},"ngg_post_thumbnail":0,"footnotes":""},"class_list":["post-3367","page","type-page","status-publish","hentry"],"_links":{"self":[{"href":"https:\/\/www2.unifap.br\/dace\/wp-json\/wp\/v2\/pages\/3367","targetHints":{"allow":["GET"]}}],"collection":[{"href":"https:\/\/www2.unifap.br\/dace\/wp-json\/wp\/v2\/pages"}],"about":[{"href":"https:\/\/www2.unifap.br\/dace\/wp-json\/wp\/v2\/types\/page"}],"author":[{"embeddable":true,"href":"https:\/\/www2.unifap.br\/dace\/wp-json\/wp\/v2\/users\/405"}],"replies":[{"embeddable":true,"href":"https:\/\/www2.unifap.br\/dace\/wp-json\/wp\/v2\/comments?post=3367"}],"version-history":[{"count":36,"href":"https:\/\/www2.unifap.br\/dace\/wp-json\/wp\/v2\/pages\/3367\/revisions"}],"predecessor-version":[{"id":3784,"href":"https:\/\/www2.unifap.br\/dace\/wp-json\/wp\/v2\/pages\/3367\/revisions\/3784"}],"up":[{"embeddable":true,"href":"https:\/\/www2.unifap.br\/dace\/wp-json\/wp\/v2\/pages\/3365"}],"wp:attachment":[{"href":"https:\/\/www2.unifap.br\/dace\/wp-json\/wp\/v2\/media?parent=3367"}],"curies":[{"name":"wp","href":"https:\/\/api.w.org\/{rel}","templated":true}]}}