{"id":3374,"date":"2017-03-08T17:41:52","date_gmt":"2017-03-08T17:41:52","guid":{"rendered":"http:\/\/www2.unifap.br\/dace\/?page_id=3374"},"modified":"2017-03-08T17:47:08","modified_gmt":"2017-03-08T17:47:08","slug":"campus-mazagao-2017","status":"publish","type":"page","link":"https:\/\/www2.unifap.br\/dace\/assistencia-estudantil\/transparencia\/campus-mazagao-2017","title":{"rendered":"CAMPUS MAZAG\u00c3O &#8211; 2017"},"content":{"rendered":"<div align=\"center\">\n<table width=\"564\" border=\"1\" cellspacing=\"0\" cellpadding=\"0\">\n<tbody>\n<tr>\n<td colspan=\"10\" width=\"564\">\n<p align=\"center\"><b>PAGAMENTO AUX\u00cdLIOS DACE\/PROEAC\/UNIFAP &#8211; 2017 (CAMPUS MAZAG\u00c3O)<\/b><\/p>\n<\/td>\n<\/tr>\n<tr>\n<td width=\"38\">\n<p align=\"center\">\n<\/td>\n<td colspan=\"9\" width=\"526\">\n<p align=\"center\"><b>AUX\u00cdLIOS<\/b><\/p>\n<\/td>\n<\/tr>\n<tr>\n<td width=\"38\">\n<p align=\"center\"><b>M\u00caS<\/b><\/p>\n<\/td>\n<td width=\"58\">\n<p align=\"center\"><b>PERMA<\/b><\/p>\n<p align=\"center\"><b>N\u00caNCIA<\/b><\/p>\n<\/td>\n<td width=\"66\">\n<p align=\"center\"><b>MORADIA<\/b><\/p>\n<\/td>\n<td width=\"60\">\n<p align=\"center\"><b>ODONTO<\/b><\/p>\n<p align=\"center\"><b>L\u00d3GICO<\/b><\/p>\n<\/td>\n<td width=\"49\">\n<p align=\"center\"><b>SA\u00daDE<\/b><\/p>\n<\/td>\n<td width=\"52\">\n<p align=\"center\"><b>ATLETA<\/b><\/p>\n<\/td>\n<td width=\"73\">\n<p align=\"center\"><b>FOTOC\u00d3PIA<\/b><\/p>\n<\/td>\n<td width=\"44\">\n<p align=\"center\"><b>NOTE<\/b><\/p>\n<p align=\"center\"><b>BOOK<\/b><\/p>\n<\/td>\n<td width=\"76\">\n<p align=\"center\"><b>AUX\u00cdLIO FINANCEIRO<\/b><\/p>\n<\/td>\n<td width=\"47\">\n<p align=\"center\"><b>EMER<\/b><\/p>\n<p align=\"center\"><b>GENCIAL<\/b><\/p>\n<\/td>\n<\/tr>\n<tr>\n<td width=\"38\">\n<p align=\"center\">JAN<\/p>\n<\/td>\n<td width=\"58\">\n<p align=\"center\">\n<\/td>\n<td width=\"66\">\n<p align=\"center\">\n<\/td>\n<td width=\"60\">\n<p align=\"center\">\n<\/td>\n<td width=\"49\">\n<p align=\"center\">\n<\/td>\n<td width=\"52\">\n<p align=\"center\">\n<\/td>\n<td width=\"73\">\n<p align=\"center\">\n<\/td>\n<td width=\"44\">\n<p align=\"center\">\n<\/td>\n<td width=\"76\">\n<p align=\"center\">\n<\/td>\n<td width=\"47\">\n<p align=\"center\">\n<\/td>\n<\/tr>\n<tr>\n<td width=\"38\">\n<p align=\"center\">FEV<\/p>\n<\/td>\n<td width=\"58\">\n<p align=\"center\">\n<\/td>\n<td width=\"66\">\n<p align=\"center\">\n<\/td>\n<td width=\"60\">\n<p align=\"center\">\n<\/td>\n<td width=\"49\">\n<p align=\"center\">\n<\/td>\n<td width=\"52\">\n<p align=\"center\">\n<\/td>\n<td width=\"73\">\n<p align=\"center\">\n<\/td>\n<td width=\"44\">\n<p align=\"center\">\n<\/td>\n<td width=\"76\">\n<p align=\"center\">\n<\/td>\n<td width=\"47\">\n<p align=\"center\">\n<\/td>\n<\/tr>\n<tr>\n<td width=\"38\">\n<p align=\"center\">MAR<\/p>\n<\/td>\n<td width=\"58\">\n<p align=\"center\">\n<\/td>\n<td width=\"66\">\n<p align=\"center\">\n<\/td>\n<td width=\"60\">\n<p align=\"center\">\n<\/td>\n<td width=\"49\">\n<p align=\"center\">\n<\/td>\n<td width=\"52\">\n<p align=\"center\">\n<\/td>\n<td width=\"73\">\n<p align=\"center\">\n<\/td>\n<td width=\"44\">\n<p align=\"center\">\n<\/td>\n<td width=\"76\">\n<p align=\"center\">\n<\/td>\n<td width=\"47\">\n<p align=\"center\">\n<\/td>\n<\/tr>\n<tr>\n<td width=\"38\">\n<p align=\"center\">ABR<\/p>\n<\/td>\n<td width=\"58\">\n<p align=\"center\">\n<\/td>\n<td width=\"66\">\n<p align=\"center\">\n<\/td>\n<td width=\"60\">\n<p align=\"center\">\n<\/td>\n<td width=\"49\">\n<p align=\"center\">\n<\/td>\n<td width=\"52\">\n<p align=\"center\">\n<\/td>\n<td width=\"73\">\n<p align=\"center\">\n<\/td>\n<td width=\"44\">\n<p align=\"center\">\n<\/td>\n<td width=\"76\">\n<p align=\"center\">\n<\/td>\n<td width=\"47\">\n<p align=\"center\">\n<\/td>\n<\/tr>\n<tr>\n<td width=\"38\">\n<p align=\"center\">MAI<\/p>\n<\/td>\n<td width=\"58\">\n<p align=\"center\">\n<\/td>\n<td width=\"66\">\n<p align=\"center\">\n<\/td>\n<td width=\"60\">\n<p align=\"center\">\n<\/td>\n<td width=\"49\">\n<p align=\"center\">\n<\/td>\n<td width=\"52\">\n<p align=\"center\">\n<\/td>\n<td width=\"73\">\n<p align=\"center\">\n<\/td>\n<td width=\"44\">\n<p align=\"center\">\n<\/td>\n<td width=\"76\">\n<p align=\"center\">\n<\/td>\n<td width=\"47\">\n<p align=\"center\">\n<\/td>\n<\/tr>\n<tr>\n<td width=\"38\">\n<p align=\"center\">JUN<\/p>\n<\/td>\n<td width=\"58\">\n<p align=\"center\">\n<\/td>\n<td width=\"66\">\n<p align=\"center\">\n<\/td>\n<td width=\"60\">\n<p align=\"center\">\n<\/td>\n<td width=\"49\">\n<p align=\"center\">\n<\/td>\n<td width=\"52\">\n<p align=\"center\">\n<\/td>\n<td width=\"73\">\n<p align=\"center\">\n<\/td>\n<td width=\"44\">\n<p align=\"center\">\n<\/td>\n<td width=\"76\">\n<p align=\"center\">\n<\/td>\n<td width=\"47\">\n<p align=\"center\">\n<\/td>\n<\/tr>\n<tr>\n<td width=\"38\">\n<p align=\"center\">JUL<\/p>\n<\/td>\n<td width=\"58\">\n<p align=\"center\">\n<\/td>\n<td width=\"66\">\n<p align=\"center\">\n<\/td>\n<td width=\"60\">\n<p align=\"center\">\n<\/td>\n<td width=\"49\">\n<p align=\"center\">\n<\/td>\n<td width=\"52\">\n<p align=\"center\">\n<\/td>\n<td width=\"73\">\n<p align=\"center\">\n<\/td>\n<td width=\"44\">\n<p align=\"center\">\n<\/td>\n<td width=\"76\">\n<p align=\"center\">\n<\/td>\n<td width=\"47\">\n<p align=\"center\">\n<\/td>\n<\/tr>\n<tr>\n<td width=\"38\">\n<p align=\"center\">AGO<\/p>\n<\/td>\n<td width=\"58\">\n<p align=\"center\">\n<\/td>\n<td width=\"66\">\n<p align=\"center\">\n<\/td>\n<td width=\"60\">\n<p align=\"center\">\n<\/td>\n<td width=\"49\">\n<p align=\"center\">\n<\/td>\n<td width=\"52\">\n<p align=\"center\">\n<\/td>\n<td width=\"73\">\n<p align=\"center\">\n<\/td>\n<td width=\"44\">\n<p align=\"center\">\n<\/td>\n<td width=\"76\">\n<p align=\"center\">\n<\/td>\n<td width=\"47\">\n<p align=\"center\">\n<\/td>\n<\/tr>\n<tr>\n<td width=\"38\">\n<p align=\"center\">SET<\/p>\n<\/td>\n<td width=\"58\">\n<p align=\"center\">\n<\/td>\n<td width=\"66\">\n<p align=\"center\">\n<\/td>\n<td width=\"60\">\n<p align=\"center\">\n<\/td>\n<td width=\"49\">\n<p align=\"center\">\n<\/td>\n<td width=\"52\">\n<p align=\"center\">\n<\/td>\n<td width=\"73\">\n<p align=\"center\">\n<\/td>\n<td width=\"44\">\n<p align=\"center\">\n<\/td>\n<td width=\"76\">\n<p align=\"center\">\n<\/td>\n<td width=\"47\">\n<p align=\"center\">\n<\/td>\n<\/tr>\n<tr>\n<td width=\"38\">\n<p align=\"center\">OUT<\/p>\n<\/td>\n<td width=\"58\">\n<p align=\"center\">\n<\/td>\n<td width=\"66\">\n<p align=\"center\">\n<\/td>\n<td width=\"60\">\n<p align=\"center\">\n<\/td>\n<td width=\"49\">\n<p align=\"center\">\n<\/td>\n<td width=\"52\">\n<p align=\"center\">\n<\/td>\n<td width=\"73\">\n<p align=\"center\">\n<\/td>\n<td width=\"44\">\n<p align=\"center\">\n<\/td>\n<td width=\"76\">\n<p align=\"center\">\n<\/td>\n<td width=\"47\">\n<p align=\"center\">\n<\/td>\n<\/tr>\n<tr>\n<td width=\"38\">\n<p align=\"center\">NOV<\/p>\n<\/td>\n<td width=\"58\">\n<p align=\"center\">\n<\/td>\n<td width=\"66\">\n<p align=\"center\">\n<\/td>\n<td width=\"60\">\n<p align=\"center\">\n<\/td>\n<td width=\"49\">\n<p align=\"center\">\n<\/td>\n<td width=\"52\">\n<p align=\"center\">\n<\/td>\n<td width=\"73\">\n<p align=\"center\">\n<\/td>\n<td width=\"44\">\n<p align=\"center\">\n<\/td>\n<td width=\"76\">\n<p align=\"center\">\n<\/td>\n<td width=\"47\">\n<p align=\"center\">\n<\/td>\n<\/tr>\n<tr>\n<td width=\"38\">\n<p align=\"center\">DEZ<\/p>\n<\/td>\n<td width=\"58\">\n<p align=\"center\">\n<\/td>\n<td width=\"66\">\n<p align=\"center\">\n<\/td>\n<td width=\"60\">\n<p align=\"center\">\n<\/td>\n<td width=\"49\">\n<p align=\"center\">\n<\/td>\n<td width=\"52\">\n<p align=\"center\">\n<\/td>\n<td width=\"73\">\n<p align=\"center\">\n<\/td>\n<td width=\"44\">\n<p align=\"center\">\n<\/td>\n<td width=\"76\">\n<p align=\"center\">\n<\/td>\n<td width=\"47\">\n<p align=\"center\">\n<\/td>\n<\/tr>\n<\/tbody>\n<\/table>\n<\/div>\n","protected":false},"excerpt":{"rendered":"<p>PAGAMENTO AUX\u00cdLIOS DACE\/PROEAC\/UNIFAP &#8211; 2017 (CAMPUS MAZAG\u00c3O) AUX\u00cdLIOS M\u00caS PERMA N\u00caNCIA MORADIA ODONTO L\u00d3GICO SA\u00daDE ATLETA FOTOC\u00d3PIA NOTE BOOK AUX\u00cdLIO&#8230;<\/p>\n","protected":false},"author":405,"featured_media":0,"parent":1215,"menu_order":0,"comment_status":"closed","ping_status":"open","template":"","meta":{"inline_featured_image":false,"site-sidebar-layout":"default","site-content-layout":"","ast-site-content-layout":"default","site-content-style":"default","site-sidebar-style":"default","ast-global-header-display":"","ast-banner-title-visibility":"","ast-main-header-display":"","ast-hfb-above-header-display":"","ast-hfb-below-header-display":"","ast-hfb-mobile-header-display":"","site-post-title":"","ast-breadcrumbs-content":"","ast-featured-img":"","footer-sml-layout":"","theme-transparent-header-meta":"","adv-header-id-meta":"","stick-header-meta":"","header-above-stick-meta":"","header-main-stick-meta":"","header-below-stick-meta":"","astra-migrate-meta-layouts":"default","ast-page-background-enabled":"default","ast-page-background-meta":{"desktop":{"background-color":"var(--ast-global-color-4)","background-image":"","background-repeat":"repeat","background-position":"center center","background-size":"auto","background-attachment":"scroll","background-type":"","background-media":"","overlay-type":"","overlay-color":"","overlay-opacity":"","overlay-gradient":""},"tablet":{"background-color":"","background-image":"","background-repeat":"repeat","background-position":"center center","background-size":"auto","background-attachment":"scroll","background-type":"","background-media":"","overlay-type":"","overlay-color":"","overlay-opacity":"","overlay-gradient":""},"mobile":{"background-color":"","background-image":"","background-repeat":"repeat","background-position":"center center","background-size":"auto","background-attachment":"scroll","background-type":"","background-media":"","overlay-type":"","overlay-color":"","overlay-opacity":"","overlay-gradient":""}},"ast-content-background-meta":{"desktop":{"background-color":"var(--ast-global-color-5)","background-image":"","background-repeat":"repeat","background-position":"center center","background-size":"auto","background-attachment":"scroll","background-type":"","background-media":"","overlay-type":"","overlay-color":"","overlay-opacity":"","overlay-gradient":""},"tablet":{"background-color":"var(--ast-global-color-5)","background-image":"","background-repeat":"repeat","background-position":"center center","background-size":"auto","background-attachment":"scroll","background-type":"","background-media":"","overlay-type":"","overlay-color":"","overlay-opacity":"","overlay-gradient":""},"mobile":{"background-color":"var(--ast-global-color-5)","background-image":"","background-repeat":"repeat","background-position":"center center","background-size":"auto","background-attachment":"scroll","background-type":"","background-media":"","overlay-type":"","overlay-color":"","overlay-opacity":"","overlay-gradient":""}},"ngg_post_thumbnail":0,"footnotes":""},"class_list":["post-3374","page","type-page","status-publish","hentry"],"_links":{"self":[{"href":"https:\/\/www2.unifap.br\/dace\/wp-json\/wp\/v2\/pages\/3374","targetHints":{"allow":["GET"]}}],"collection":[{"href":"https:\/\/www2.unifap.br\/dace\/wp-json\/wp\/v2\/pages"}],"about":[{"href":"https:\/\/www2.unifap.br\/dace\/wp-json\/wp\/v2\/types\/page"}],"author":[{"embeddable":true,"href":"https:\/\/www2.unifap.br\/dace\/wp-json\/wp\/v2\/users\/405"}],"replies":[{"embeddable":true,"href":"https:\/\/www2.unifap.br\/dace\/wp-json\/wp\/v2\/comments?post=3374"}],"version-history":[{"count":4,"href":"https:\/\/www2.unifap.br\/dace\/wp-json\/wp\/v2\/pages\/3374\/revisions"}],"predecessor-version":[{"id":3378,"href":"https:\/\/www2.unifap.br\/dace\/wp-json\/wp\/v2\/pages\/3374\/revisions\/3378"}],"up":[{"embeddable":true,"href":"https:\/\/www2.unifap.br\/dace\/wp-json\/wp\/v2\/pages\/1215"}],"wp:attachment":[{"href":"https:\/\/www2.unifap.br\/dace\/wp-json\/wp\/v2\/media?parent=3374"}],"curies":[{"name":"wp","href":"https:\/\/api.w.org\/{rel}","templated":true}]}}