{"id":3398,"date":"2017-03-15T11:59:25","date_gmt":"2017-03-15T11:59:25","guid":{"rendered":"http:\/\/www2.unifap.br\/dace\/?page_id=3398"},"modified":"2025-11-06T18:56:22","modified_gmt":"2025-11-06T21:56:22","slug":"eq","status":"publish","type":"page","link":"https:\/\/www2.unifap.br\/dace\/eq","title":{"rendered":"EQUIPE"},"content":{"rendered":"<p style=\"text-align: center\"><a href=\"http:\/\/www2.unifap.br\/dace\/files\/2011\/07\/equipe.png\"><img fetchpriority=\"high\" decoding=\"async\" src=\"http:\/\/www2.unifap.br\/dace\/files\/2011\/07\/equipe.png\" alt=\"equipe\" width=\"277\" height=\"300\"><\/a><\/p>\n<p><span style=\"color: #ff0000\"><b>DEPARTAMENTO DE A\u00c7\u00d5ES COMUNIT\u00c1RIAS E ESTUDANTIS<\/b><\/span><\/p>\n<p><strong>Profa. Dra. Solange Rodrigues da Silva<\/strong><br \/>\nDiretora do Departamento de A\u00e7\u00f5es Comunit\u00e1rias e Estudantis<br \/>\nE-mail: <a href=\"mailto:solangerodrigues@unifap.br\">solangerodrigues@unifap.br<\/a><\/p>\n<p><strong> DIEGO AMORAS SANTANA<\/strong><br \/>\nT\u00e9cnico em Assuntos Educacionais<br \/>\nE-mail: <a href=\"mailto:diegoamoras@unifap.br\">diegoamoras@unifap.br<\/a><\/p>\n<p><strong>NELSON SENADO PEREIRA<\/strong><br \/>\nAssistente em Administra\u00e7\u00e3o<br \/>\nE-mail: <a href=\"mailto:nelsonsenado@unifap.br\">nelsonsenado@unifap.br<\/a><\/p>\n<p><strong>AGNA DOS SANTOS ANICESIO<\/strong><br \/>\nAssitente Social<br \/>\nE-mail: <a href=\"mailto:agna.anicesio@unifap.br\">agna.anicesio@unifap.br<\/a><\/p>\n<p><strong>Marciene Mendes Ribeiro<\/strong><br \/>\nT\u00e9cnico em Assuntos Educacionais<br \/>\nE-mail: <a href=\"mailto:marciene@unifap.br\">marciene@unifap.br<\/a><\/p>\n<p><strong>Paulo Roberto Miranda Silva<\/strong><br \/>\nT\u00e9cnico em Assuntos Educacionais<br \/>\nE-mail: <a href=\"mailto:pauloroberto@unifap.br\">pauloroberto@unifap.br<\/a><\/p>\n<p><span style=\"color: #ff6600\"><strong>DIVIS\u00c3O DE A\u00c7\u00d5ES COMUNIT\u00c1RIAS &#8211; DAC<\/strong><\/span><\/p>\n<p><strong>CAIO C\u00c9SAR DOS REIS FACANHA<br \/>\n<\/strong>Chefe da Divis\u00e3o de A\u00e7\u00f5es B\u00e1sicas Comunit\u00e1rias &#8211; DAC<br \/>\nE-mail: <a href=\"mailto:caio.cesar@unifap.br\">caio.cesar@unifap.br<\/a><\/p>\n<p><strong>JEFFERSON DA SILVA PICANCO<br \/>\n<\/strong>T\u00e9cnico Administrativo<strong><br \/>\n<\/strong>E-mail: <a href=\"mailto:jefferson.picanco@unifap.br\">jefferson.picanco@unifap.br<\/a><\/p>\n<p><span style=\"color: #ff6600\"><strong>RESTAURANTE UNIVERSIT\u00c1RIO-RU<\/strong><\/span><\/p>\n<p><strong>Yasmine Rosa Batista Silva<\/strong><br \/>\nNutricionista<br \/>\nTel: 3312-1773<br \/>\nE-mail: <a href=\"mailto:yasmine@unifap.br\">yasmine@unifap.br<\/a><\/p>\n<p><strong>Gleice Aleixo Garcia<\/strong><br \/>\nNutricionista<br \/>\nTel: 3312-1773<br \/>\nE-mail: <a href=\"mailto:ggarcia@unifap.br\">ggarcia@unifap.br<\/a><\/p>\n<p><span style=\"color: #ff6600\"><strong>DIVIS\u00c3O DE ESPORTE E LAZER<\/strong><\/span><\/p>\n<p><strong>VITORIA SILVA MACHADO<\/strong><br \/>\nChefe da divis\u00e3o<br \/>\nE-mail: <a href=\"mailto:vitoriamchd@unifap.br\">vitoriamchd@unifap.br<\/a><\/p>\n","protected":false},"excerpt":{"rendered":"<p>DEPARTAMENTO DE A\u00c7\u00d5ES COMUNIT\u00c1RIAS E ESTUDANTIS Profa. Dra. Solange Rodrigues da Silva Diretora do Departamento de A\u00e7\u00f5es Comunit\u00e1rias e Estudantis&#8230;<\/p>\n","protected":false},"author":405,"featured_media":0,"parent":0,"menu_order":0,"comment_status":"closed","ping_status":"open","template":"","meta":{"inline_featured_image":false,"site-sidebar-layout":"default","site-content-layout":"","ast-site-content-layout":"default","site-content-style":"default","site-sidebar-style":"default","ast-global-header-display":"","ast-banner-title-visibility":"","ast-main-header-display":"","ast-hfb-above-header-display":"","ast-hfb-below-header-display":"","ast-hfb-mobile-header-display":"","site-post-title":"","ast-breadcrumbs-content":"","ast-featured-img":"","footer-sml-layout":"","theme-transparent-header-meta":"default","adv-header-id-meta":"","stick-header-meta":"","header-above-stick-meta":"","header-main-stick-meta":"","header-below-stick-meta":"","astra-migrate-meta-layouts":"set","ast-page-background-enabled":"default","ast-page-background-meta":{"desktop":{"background-color":"var(--ast-global-color-4)","background-image":"","background-repeat":"repeat","background-position":"center center","background-size":"auto","background-attachment":"scroll","background-type":"","background-media":"","overlay-type":"","overlay-color":"","overlay-opacity":"","overlay-gradient":""},"tablet":{"background-color":"","background-image":"","background-repeat":"repeat","background-position":"center center","background-size":"auto","background-attachment":"scroll","background-type":"","background-media":"","overlay-type":"","overlay-color":"","overlay-opacity":"","overlay-gradient":""},"mobile":{"background-color":"","background-image":"","background-repeat":"repeat","background-position":"center center","background-size":"auto","background-attachment":"scroll","background-type":"","background-media":"","overlay-type":"","overlay-color":"","overlay-opacity":"","overlay-gradient":""}},"ast-content-background-meta":{"desktop":{"background-color":"var(--ast-global-color-5)","background-image":"","background-repeat":"repeat","background-position":"center center","background-size":"auto","background-attachment":"scroll","background-type":"","background-media":"","overlay-type":"","overlay-color":"","overlay-opacity":"","overlay-gradient":""},"tablet":{"background-color":"var(--ast-global-color-5)","background-image":"","background-repeat":"repeat","background-position":"center center","background-size":"auto","background-attachment":"scroll","background-type":"","background-media":"","overlay-type":"","overlay-color":"","overlay-opacity":"","overlay-gradient":""},"mobile":{"background-color":"var(--ast-global-color-5)","background-image":"","background-repeat":"repeat","background-position":"center center","background-size":"auto","background-attachment":"scroll","background-type":"","background-media":"","overlay-type":"","overlay-color":"","overlay-opacity":"","overlay-gradient":""}},"ngg_post_thumbnail":0,"footnotes":""},"class_list":["post-3398","page","type-page","status-publish","hentry"],"_links":{"self":[{"href":"https:\/\/www2.unifap.br\/dace\/wp-json\/wp\/v2\/pages\/3398","targetHints":{"allow":["GET"]}}],"collection":[{"href":"https:\/\/www2.unifap.br\/dace\/wp-json\/wp\/v2\/pages"}],"about":[{"href":"https:\/\/www2.unifap.br\/dace\/wp-json\/wp\/v2\/types\/page"}],"author":[{"embeddable":true,"href":"https:\/\/www2.unifap.br\/dace\/wp-json\/wp\/v2\/users\/405"}],"replies":[{"embeddable":true,"href":"https:\/\/www2.unifap.br\/dace\/wp-json\/wp\/v2\/comments?post=3398"}],"version-history":[{"count":33,"href":"https:\/\/www2.unifap.br\/dace\/wp-json\/wp\/v2\/pages\/3398\/revisions"}],"predecessor-version":[{"id":8880,"href":"https:\/\/www2.unifap.br\/dace\/wp-json\/wp\/v2\/pages\/3398\/revisions\/8880"}],"wp:attachment":[{"href":"https:\/\/www2.unifap.br\/dace\/wp-json\/wp\/v2\/media?parent=3398"}],"curies":[{"name":"wp","href":"https:\/\/api.w.org\/{rel}","templated":true}]}}