{"id":3429,"date":"2017-03-15T18:48:28","date_gmt":"2017-03-15T18:48:28","guid":{"rendered":"http:\/\/www2.unifap.br\/dace\/?page_id=3429"},"modified":"2022-04-04T12:37:27","modified_gmt":"2022-04-04T12:37:27","slug":"ativos","status":"publish","type":"page","link":"https:\/\/www2.unifap.br\/dace\/editais\/ativos","title":{"rendered":"ATIVOS"},"content":{"rendered":"<h1><a href=\"https:\/\/www2.unifap.br\/dace\/bolsa-permanencia-do-mec-2022\">BOLSA PERMAN\u00caNCIA DO MEC &#8211; 2022.<\/a><\/h1>\n<hr>\n<h1><a href=\"https:\/\/www2.unifap.br\/dace\/archives\/5156\">EDITAL N\u00ba 05\/2022 \u2013 AUX\u00cdLIO VIAGEM PARA EVENTOS CIENT\u00cdFICOS E CULTURAIS<\/a>&nbsp;(08.03.2022)<\/h1>\n<hr>\n<h1><a href=\"https:\/\/www2.unifap.br\/dace\/archives\/5153\">EDITAL N\u00ba 04\/2022 \u2013 AUX\u00cdLIO DE INCENTIVO AO ESPORTE \u2013 BOLSA ATLETA<\/a>&nbsp;(08.03.2022)<\/h1>\n<hr>\n<h1><a href=\"https:\/\/www2.unifap.br\/dace\/archives\/5150\">EDITAL N\u00ba 03\/2022 \u2013 AUX\u00cdLIO VIAGEM PARA EVENTOS ESPORTIVOS<\/a>&nbsp;(08.03.2022)<\/h1>\n<hr>\n<h1><a href=\"https:\/\/www2.unifap.br\/dace\/archives\/5147\">EDITAL N\u00ba 02\/2022 \u2013 CAMPIS SANTANA, OIAPOQUE E MAZAG\u00c3O&nbsp;<\/a>&nbsp;(08.03.2022)<\/h1>\n<hr>\n<h1><a href=\"https:\/\/www2.unifap.br\/dace\/archives\/5143\">EDITAL N\u00ba 01\/2022 \u2013 CAMPUS MARCO ZERO&nbsp;&nbsp;<\/a>&nbsp;(08.03.2022)<\/h1>\n<hr>\n<h1><a href=\"https:\/\/www2.unifap.br\/dace\/archives\/5092\">EDITAL N\u00ba 05\/2021\/DACE\/PROEAC\/UNIFAP AUX\u00cdLIO ENSINO REMOTO PARA AQUISI\u00c7\u00c3O DE EQUIPAMENTO ELETR\u00d4NICO E PACOTE DE INTERNET<\/a><\/h1>\n<hr>\n<p>&nbsp;<\/p>\n<h1><a href=\"https:\/\/www2.unifap.br\/dace\/archives\/5088\">EDITAL N\u00ba 04\/2021 &#8211; AUX\u00cdLIO VIAGEM PARA EVENTOS ESPORTIVOS<\/a><\/h1>\n<hr>\n<h1><a href=\"https:\/\/www2.unifap.br\/dace\/archives\/5082\">EDITAL N\u00ba 03\/2021 &#8211; AUX\u00cdLIO VIAGEM PARA EVENTOS CIENT\u00cdFICOS E CULTURAIS<\/a><\/h1>\n<hr>\n<h1><a href=\"https:\/\/www2.unifap.br\/dace\/archives\/5060\">EDITAL SIMPLIFICADO N\u00ba 02\/2021\/DACE\/PROEAC\/UNIFAP &#8211; AUX\u00cdLIO AO ENSINO REMOTO PARA AQUISI\u00c7\u00c3O DE EQUIPAMENTO ELETR\u00d4NICO E PACOTE DE INTERNET, 21 DE JUNHO DE 2021.<\/a><\/h1>\n<hr>\n<h1><a href=\"https:\/\/www2.unifap.br\/dace\/archives\/4953\">CONVOCA\u00c7\u00c3O &#8211;<br \/>\nBenefici\u00e1rios da Assist\u00eancia Estudantil contemplados atrav\u00e9s do Aux\u00edlio ao<br \/>\nEnsino Remoto Edital Simplificado n\u00ba 02\/2020\/DACE\/PROEAC\/UNIFAP de<br \/>\nAux\u00edlio Financeiro para Aquisi\u00e7\u00e3o de Equipamento Eletr\u00f4nico e Pacote de<br \/>\nInternet de 13 de outubro de 2020<\/a><\/h1>\n<hr>\n<h1><a href=\"https:\/\/www2.unifap.br\/dace\/archives\/5028\">EDITAL SIMPLIFICADO N\u00ba 01\/2021\/DACE\/PROEAC\/UNIFAP &#8211; AUX\u00cdLIO AO ENSINO<br \/>\nREMOTO PARA AQUISI\u00c7\u00c3O DE EQUIPAMENTO ELETR\u00d4NICO E PACOTE DE<br \/>\nINTERNET, 15 DE FEVEREIRO DE 2021.<\/a><\/h1>\n<hr>\n<h1><a href=\"https:\/\/www2.unifap.br\/dace\/archives\/4987\">EDITAL SIMPLIFICADO AUX\u00cdLIO P\u00d3S-GRADUA\u00c7\u00c3O CONECTADA N\u00ba03\/2020 \/PROPESPG\/PROEAC\/UNIFAP \u2013 AUX\u00cdLIO FINANCEIRO PARA AQUISI\u00c7\u00c3O DE EQUIPAMENTO ELETR\u00d4NICO E DADOS MOV\u00c9IS.<\/a><\/h1>\n<hr>\n<h1><a href=\"http:\/\/www2.unifap.br\/dace\/archives\/4953\">EDITAL SIMPLIFICADO N\u00ba 02\/2020\/DACE\/PROEAC\/UNIFAP DE AUX\u00cdLIO FINANCEIRO PARA AQUISI\u00c7\u00c3O DE EQUIPAMENTO ELETR\u00d4NICO E PACOTE DE INTERNET<\/a><\/h1>\n<hr>\n<h1>PROGRAMA DE ASSIST\u00caNCIA ESTUDANTIL \u2013 AUX\u00cdLIO DE INCENTIVO AO ESPORTE \/ AUX\u00cdLIO ATLETA 2017 \u2013 Campus Marco Zero- Edital N\u00ba01\/2017 \u2013 DACE\/PROEAC\/UNIFAP, de 30 de mar\u00e7o de 2017.<\/h1>\n<p><a title=\"PROGRAMA DE ASSIST\u00caNCIA ESTUDANTIL \u2013 AUX\u00cdLIO DE INCENTIVO AO ESPORTE \/ AUX\u00cdLIO ATLETA 2017 \u2013 Campus Marco Zero- Edital N\u00ba01\/2017 \u2013 DACE\/PROEAC\/UNIFAP, de 30 de mar\u00e7o de 2017\" href=\"http:\/\/www2.unifap.br\/dace\/archives\/3554\">http:\/\/www2.unifap.br\/dace\/archives\/3554<\/a><\/p>\n<p style=\"text-align: right\">Macap\u00e1, 30 de Mar\u00e7o de 2017.<\/p>\n","protected":false},"excerpt":{"rendered":"<p>BOLSA PERMAN\u00caNCIA DO MEC &#8211; 2022. EDITAL N\u00ba 05\/2022 \u2013 AUX\u00cdLIO VIAGEM PARA EVENTOS CIENT\u00cdFICOS E CULTURAIS&nbsp;(08.03.2022) EDITAL N\u00ba 04\/2022&#8230;<\/p>\n","protected":false},"author":927,"featured_media":0,"parent":3400,"menu_order":0,"comment_status":"closed","ping_status":"open","template":"","meta":{"inline_featured_image":false,"site-sidebar-layout":"default","site-content-layout":"","ast-site-content-layout":"default","site-content-style":"default","site-sidebar-style":"default","ast-global-header-display":"","ast-banner-title-visibility":"","ast-main-header-display":"","ast-hfb-above-header-display":"","ast-hfb-below-header-display":"","ast-hfb-mobile-header-display":"","site-post-title":"","ast-breadcrumbs-content":"","ast-featured-img":"","footer-sml-layout":"","theme-transparent-header-meta":"","adv-header-id-meta":"","stick-header-meta":"","header-above-stick-meta":"","header-main-stick-meta":"","header-below-stick-meta":"","astra-migrate-meta-layouts":"default","ast-page-background-enabled":"default","ast-page-background-meta":{"desktop":{"background-color":"var(--ast-global-color-4)","background-image":"","background-repeat":"repeat","background-position":"center center","background-size":"auto","background-attachment":"scroll","background-type":"","background-media":"","overlay-type":"","overlay-color":"","overlay-opacity":"","overlay-gradient":""},"tablet":{"background-color":"","background-image":"","background-repeat":"repeat","background-position":"center center","background-size":"auto","background-attachment":"scroll","background-type":"","background-media":"","overlay-type":"","overlay-color":"","overlay-opacity":"","overlay-gradient":""},"mobile":{"background-color":"","background-image":"","background-repeat":"repeat","background-position":"center center","background-size":"auto","background-attachment":"scroll","background-type":"","background-media":"","overlay-type":"","overlay-color":"","overlay-opacity":"","overlay-gradient":""}},"ast-content-background-meta":{"desktop":{"background-color":"var(--ast-global-color-5)","background-image":"","background-repeat":"repeat","background-position":"center center","background-size":"auto","background-attachment":"scroll","background-type":"","background-media":"","overlay-type":"","overlay-color":"","overlay-opacity":"","overlay-gradient":""},"tablet":{"background-color":"var(--ast-global-color-5)","background-image":"","background-repeat":"repeat","background-position":"center center","background-size":"auto","background-attachment":"scroll","background-type":"","background-media":"","overlay-type":"","overlay-color":"","overlay-opacity":"","overlay-gradient":""},"mobile":{"background-color":"var(--ast-global-color-5)","background-image":"","background-repeat":"repeat","background-position":"center center","background-size":"auto","background-attachment":"scroll","background-type":"","background-media":"","overlay-type":"","overlay-color":"","overlay-opacity":"","overlay-gradient":""}},"ngg_post_thumbnail":0,"footnotes":""},"class_list":["post-3429","page","type-page","status-publish","hentry"],"_links":{"self":[{"href":"https:\/\/www2.unifap.br\/dace\/wp-json\/wp\/v2\/pages\/3429","targetHints":{"allow":["GET"]}}],"collection":[{"href":"https:\/\/www2.unifap.br\/dace\/wp-json\/wp\/v2\/pages"}],"about":[{"href":"https:\/\/www2.unifap.br\/dace\/wp-json\/wp\/v2\/types\/page"}],"author":[{"embeddable":true,"href":"https:\/\/www2.unifap.br\/dace\/wp-json\/wp\/v2\/users\/927"}],"replies":[{"embeddable":true,"href":"https:\/\/www2.unifap.br\/dace\/wp-json\/wp\/v2\/comments?post=3429"}],"version-history":[{"count":22,"href":"https:\/\/www2.unifap.br\/dace\/wp-json\/wp\/v2\/pages\/3429\/revisions"}],"predecessor-version":[{"id":5198,"href":"https:\/\/www2.unifap.br\/dace\/wp-json\/wp\/v2\/pages\/3429\/revisions\/5198"}],"up":[{"embeddable":true,"href":"https:\/\/www2.unifap.br\/dace\/wp-json\/wp\/v2\/pages\/3400"}],"wp:attachment":[{"href":"https:\/\/www2.unifap.br\/dace\/wp-json\/wp\/v2\/media?parent=3429"}],"curies":[{"name":"wp","href":"https:\/\/api.w.org\/{rel}","templated":true}]}}