{"id":3464,"date":"2017-03-16T17:42:59","date_gmt":"2017-03-16T17:42:59","guid":{"rendered":"http:\/\/www2.unifap.br\/dace\/?page_id=3464"},"modified":"2021-09-28T13:56:17","modified_gmt":"2021-09-28T13:56:17","slug":"comunicados","status":"publish","type":"page","link":"https:\/\/www2.unifap.br\/dace\/comunicados","title":{"rendered":"COMUNICADOS"},"content":{"rendered":"<h1 style=\"text-align: center\">2\u00ba COMUNICADO<\/h1>\n<p style=\"text-align: right\"><strong>Macap\u00e1, 28 de Setembro de 2021.<\/strong><\/p>\n<p style=\"text-align: justify\">O Departamento de A\u00e7\u00f5es Comunit\u00e1rias e Estudantis \u2013 DACE, no uso de suas atribui\u00e7\u00f5es e considerando o primeiro comunicado publicado na p\u00e1gina da UNIFAP\/PROEAC no dia 03 agosto e a recomenda\u00e7\u00e3o do Relat\u00f3rio AUDINT N\u00b0. 2021002 vem a publico informar aos discentes contemplados no Edital 02\/2020\/DACE\/PROEAC\/UNIFAP de aux\u00edlio financeiro para Aquisi\u00e7\u00e3o de Equipamento Eletr\u00f4nico e Pacote de internet campi: Marco Zero (Macap\u00e1), Santana, Mazag\u00e3o, Binacional (Oiapoque), que:<\/p>\n<p style=\"text-align: left\">1- O prazo para prestar conta, inicialmente previsto at\u00e9 o dia <strong>08\/09\/2021<\/strong>, ser\u00e1 prorrogado at\u00e9 o dia <strong>08\/10\/2021<\/strong>;<\/p>\n<p style=\"text-align: center\"><a href=\"http:\/\/www2.unifap.br\/dace\/files\/2021\/09\/2\u00ba-COMUNICADO-DACE.pdf\">Clique aqui e acesse o COMUNICADO na integra<\/a><\/p>\n<hr size=\"\u201c100\u201d\" width=\"\u201c2\u201d\">\n<h1 style=\"text-align: center\">COMUNICADO<\/h1>\n<p style=\"text-align: justify\">Comunicamos aos discentes contemplados no Edital n.\u00ba 02\/2020\/DACE\/PROEAC\/UNIFAP de aux\u00edlio financeiro para aquisi\u00e7\u00e3o de equipamento eletr\u00f4nico e pacote de internet campi Marco Zero (Macap\u00e1), Santana, Mazag\u00e3o,<br \/>\nBinacional (Oiapoque), que o <strong>prazo<\/strong> para a presta\u00e7\u00e3o de contas, inicialmente previsto de 30 dias ap\u00f3s o recebimento dos aux\u00edlios, est\u00e1 sendo estendido at\u00e9 o dia 08 de setembro de 2021.<\/p>\n<p style=\"text-align: justify\"><strong>Informamos ainda que a presta\u00e7\u00e3o de contas deve ser realizada por meio do sistema GLPI, anexando<\/strong> em pdf \u00fanico, nota fiscal, bem como contrato da operadora que fornece o pacote de internet em nome do discente contemplado com os aux\u00edlios.<\/p>\n<p style=\"text-align: justify\">Para aqueles que adquiriram equipamento de terceiros, dever\u00e3o apresentar nota fiscal e recibo de compra e venda contendo nome, n\u00famero de CPF e RG do discente contemplado no edital autenticado em cart\u00f3rio.<\/p>\n<p style=\"text-align: justify\">Para aqueles que optaram por dividir pacote de internet, por conta das regras impostas pelas operadoras em firmar contrato somente com prazo de 12 meses, o discente dever\u00e1 apresentar o contrato de terceiros e a <strong>declara\u00e7\u00e3o<\/strong> do contratante oficial junto a operadora <strong>autenticado em cart\u00f3rio,<\/strong> indicando o compartilhamento do uso da internet<br \/>\npara fins educacionais bem como dados do discente (nome e CPF).<\/p>\n<p style=\"text-align: justify\">O DACE informa ainda, em atendimento ao item 4.6. do edital 02\/2020, que caso os comprovantes relacionados acima (nota fiscal e recibo de compra e venda autenticado em cart\u00f3rio), n\u00e3o sejam apresentados junto ao DACE\/PROEAC no prazo estipulado, o aluno n\u00e3o integralizar\u00e1 o curso.<\/p>\n<p style=\"text-align: center\">Macap\u00e1 \u2013 AP, 03 de agosto de 2021<\/p>\n<p style=\"text-align: center\"><strong>Comiss\u00e3o de Editais \u2013 DACE\/PROEAC\/UNIFAP<\/strong><\/p>\n<p style=\"text-align: center\"><a href=\"https:\/\/www2.unifap.br\/dace\/files\/2021\/06\/COMUNICADO-EDITAL-02-2021-DACE-PROEAC-UNIFAP.pdf\">Clique aqui e acesse o COMUNICADO na integra<\/a><\/p>\n<hr size=\"\u201c100\u201d\" width=\"\u201c2\u201d\">\n<h1>&nbsp;<\/h1>\n<h1 style=\"text-align: center\">COMUNICADO<\/h1>\n<p style=\"text-align: justify\">BENEFICI\u00c1RIOS DA ASSIST\u00caNCIA ESTUDANTIL CONTEMPLADOS PELOS EDITAIS DE AUX\u00cdLIO AO ENSINO REMOTO DACE\/PROEAC\/UNIFAP PARA AQUISI\u00c7\u00c3O DE EQUIPAMENTO ELETR\u00d4NICO E PACOTE DE INTERNET<br \/>\nA Pr\u00f3-Reitoria de Extens\u00e3o e A\u00e7\u00f5es Comunit\u00e1rias comunica aos discentes benefici\u00e1rios da Assist\u00eancia Estudantil atrav\u00e9s dos Editais: Aux\u00edlio ao Ensino Remoto Simplificado 02\/2020 \u2013 Edital de Aux\u00edlio Financeiro para Aquisi\u00e7\u00e3o de Equipamento Eletr\u00f4nico e Aquisi\u00e7\u00e3o de Pacote De Internet \u2013 Outubro de 2020\/Dace\/Proeac\/Unifap e Edital Simplificado N\u00ba 01\/2021\/Dace\/Proeac\/Unifap &#8211; Aux\u00edlio ao Ensino Remoto para Aquisi\u00e7\u00e3o de Equipamento Eletr\u00f4nico e Pacote de Internet, 15 de Fevereiro de 2021, que o pagamento do aux\u00edlio para aquisi\u00e7\u00e3o do Pacote de Internet ser\u00e1 prorrogado de 1\u00ba de Julho de 2021 \u00e0 28 de Fevereiro de 2022.<br \/>\n<a href=\"http:\/\/www2.unifap.br\/dace\/files\/2021\/05\/COMUNICADO-PRORROGA\u00c7\u00c3O-DE-EDITAIS-AUX\u00cdLIOS-REMOTOS.pdf\">Clique aqui e acesse o COMUNICADO na integra<\/a><\/p>\n<hr size=\"\u201c100\u201d\" width=\"\u201c2\u201d\">\n<h1 style=\"text-align: center\">CONVOCA\u00c7\u00c3O<\/h1>\n<p style=\"text-align: justify\">Benefici\u00e1rios da Assist\u00eancia Estudantil contemplados atrav\u00e9s do Aux\u00edlio ao Ensino Remoto Edital Simplificado n\u00ba 02\/2020\/DACE\/PROEAC\/UNIFAP de Aux\u00edlio Financeiro para Aquisi\u00e7\u00e3o de Equipamento Eletr\u00f4nico e Pacote de Internet de 13 de outubro de 2020.<\/p>\n<p style=\"text-align: center\"><a href=\"http:\/\/www2.unifap.br\/dace\/files\/2021\/02\/CONVOCA%C3%87%C3%83O.pdf\">Ler texto completo da CONVOCA\u00c7\u00c3O<\/a><\/p>\n<p style=\"text-align: center\"><a href=\"https:\/\/www2.unifap.br\/dace\/archives\/4953\">Ir para p\u00e1gina do EDITAL 02\/2020 DACE\/PROEAC\/UNIFAP<\/a><\/p>\n<p style=\"text-align: right\">Macap\u00e1, 13 de fevereiro de 2021.<\/p>\n<hr size=\"\u201c100\u201d\" width=\"\u201c2\u201d\">\n<h2 style=\"text-align: center\">RELA\u00c7\u00c3O DE DESLIGADOS BOLSA PERMAN\u00caNCIA DO MEC<\/h2>\n<p style=\"text-align: justify\">A Pr\u00f3 \u2013 Reitoria de Extens\u00e3o e A\u00e7\u00f5es Comunit\u00e1rias \u2013 PROEAC e o Departamento de A\u00e7\u00f5es Comunit\u00e1rias e Estudantis \u2013 DACE, em cumprimento ao Of\u00edcio-Circular N\u00ba 19\/2020\/CGRED\/DIPPES\/SESU\/SESU-MEC, ao qual encaminhou rela\u00e7\u00e3o para desligamento imediato, bem como ap\u00f3s levantamento realizado na \u00faltima quinzena de setembro, segue abaixo rela\u00e7\u00e3o de acad\u00eamicos desligado do Programa Bolsa Perman\u00eancia do MEC por n\u00e3o atenderem mais a Portaria Ministerial 389\/2013.<\/p>\n<p style=\"text-align: center\"><a href=\"http:\/\/www2.unifap.br\/dace\/files\/2020\/10\/RELACAO-DE-DESLIGADOS-MEC.pdf\">RELA\u00c7\u00c3O DE DESLIGADOS BOLSA PERMAN\u00caNCIA DO MEC<\/a><\/p>\n<p style=\"text-align: right\">Macap\u00e1, 16 de outubro de 2020.<\/p>\n<hr size=\"\u201c100\u201d\" width=\"\u201c2\u201d\">\n<p>&nbsp;<\/p>\n<p>A Pr\u00f3-Reitoria de Extens\u00e3o e A\u00e7\u00f5es Comunit\u00e1rias \u2013 PROEAC, atrav\u00e9s do Departamento de A\u00e7\u00f5es Comunit\u00e1rias e Estudantis \u2013 DACE, torana p\u00fablico o DESLIGAMENTO DE ALUNOS DA BOLSA PERMAN\u00caNCIA DO MEC, POR N\u00c3O SE ENQUADRAREM AOS REQUISITOS DO PROGRAMA,<b>&nbsp;<\/b>CONFORME PORTARIA MINISTERIAL<b> <\/b>389\/2013.<\/p>\n<p><a href=\"http:\/\/www2.unifap.br\/dace\/files\/2017\/03\/DESLIGAMENTO-DA-BOLSA-PERMAN\u00caNCIA-DO-MEC.pdf\">DESLIGAMENTO DA BOLSA PERMAN\u00caNCIA DO MEC<\/a><\/p>\n<p>&nbsp;<\/p>\n<p style=\"text-align: right\">Macap\u00e1, 16 de Mar\u00e7o de 2017.<\/p>\n","protected":false},"excerpt":{"rendered":"<p>2\u00ba COMUNICADO Macap\u00e1, 28 de Setembro de 2021. O Departamento de A\u00e7\u00f5es Comunit\u00e1rias e Estudantis \u2013 DACE, no uso de&#8230;<\/p>\n","protected":false},"author":1213,"featured_media":0,"parent":0,"menu_order":0,"comment_status":"closed","ping_status":"open","template":"","meta":{"inline_featured_image":false,"site-sidebar-layout":"default","site-content-layout":"","ast-site-content-layout":"default","site-content-style":"default","site-sidebar-style":"default","ast-global-header-display":"","ast-banner-title-visibility":"","ast-main-header-display":"","ast-hfb-above-header-display":"","ast-hfb-below-header-display":"","ast-hfb-mobile-header-display":"","site-post-title":"","ast-breadcrumbs-content":"","ast-featured-img":"","footer-sml-layout":"","theme-transparent-header-meta":"","adv-header-id-meta":"","stick-header-meta":"","header-above-stick-meta":"","header-main-stick-meta":"","header-below-stick-meta":"","astra-migrate-meta-layouts":"default","ast-page-background-enabled":"default","ast-page-background-meta":{"desktop":{"background-color":"var(--ast-global-color-4)","background-image":"","background-repeat":"repeat","background-position":"center center","background-size":"auto","background-attachment":"scroll","background-type":"","background-media":"","overlay-type":"","overlay-color":"","overlay-opacity":"","overlay-gradient":""},"tablet":{"background-color":"","background-image":"","background-repeat":"repeat","background-position":"center center","background-size":"auto","background-attachment":"scroll","background-type":"","background-media":"","overlay-type":"","overlay-color":"","overlay-opacity":"","overlay-gradient":""},"mobile":{"background-color":"","background-image":"","background-repeat":"repeat","background-position":"center center","background-size":"auto","background-attachment":"scroll","background-type":"","background-media":"","overlay-type":"","overlay-color":"","overlay-opacity":"","overlay-gradient":""}},"ast-content-background-meta":{"desktop":{"background-color":"var(--ast-global-color-5)","background-image":"","background-repeat":"repeat","background-position":"center center","background-size":"auto","background-attachment":"scroll","background-type":"","background-media":"","overlay-type":"","overlay-color":"","overlay-opacity":"","overlay-gradient":""},"tablet":{"background-color":"var(--ast-global-color-5)","background-image":"","background-repeat":"repeat","background-position":"center center","background-size":"auto","background-attachment":"scroll","background-type":"","background-media":"","overlay-type":"","overlay-color":"","overlay-opacity":"","overlay-gradient":""},"mobile":{"background-color":"var(--ast-global-color-5)","background-image":"","background-repeat":"repeat","background-position":"center center","background-size":"auto","background-attachment":"scroll","background-type":"","background-media":"","overlay-type":"","overlay-color":"","overlay-opacity":"","overlay-gradient":""}},"ngg_post_thumbnail":0,"footnotes":""},"class_list":["post-3464","page","type-page","status-publish","hentry"],"_links":{"self":[{"href":"https:\/\/www2.unifap.br\/dace\/wp-json\/wp\/v2\/pages\/3464","targetHints":{"allow":["GET"]}}],"collection":[{"href":"https:\/\/www2.unifap.br\/dace\/wp-json\/wp\/v2\/pages"}],"about":[{"href":"https:\/\/www2.unifap.br\/dace\/wp-json\/wp\/v2\/types\/page"}],"author":[{"embeddable":true,"href":"https:\/\/www2.unifap.br\/dace\/wp-json\/wp\/v2\/users\/1213"}],"replies":[{"embeddable":true,"href":"https:\/\/www2.unifap.br\/dace\/wp-json\/wp\/v2\/comments?post=3464"}],"version-history":[{"count":17,"href":"https:\/\/www2.unifap.br\/dace\/wp-json\/wp\/v2\/pages\/3464\/revisions"}],"predecessor-version":[{"id":5101,"href":"https:\/\/www2.unifap.br\/dace\/wp-json\/wp\/v2\/pages\/3464\/revisions\/5101"}],"wp:attachment":[{"href":"https:\/\/www2.unifap.br\/dace\/wp-json\/wp\/v2\/media?parent=3464"}],"curies":[{"name":"wp","href":"https:\/\/api.w.org\/{rel}","templated":true}]}}