{"id":6473,"date":"2024-05-08T12:32:40","date_gmt":"2024-05-08T15:32:40","guid":{"rendered":"https:\/\/www2.unifap.br\/dace\/?page_id=6473"},"modified":"2026-03-18T17:25:15","modified_gmt":"2026-03-18T20:25:15","slug":"manuais","status":"publish","type":"page","link":"https:\/\/www2.unifap.br\/dace\/manuais","title":{"rendered":"Manuais"},"content":{"rendered":"<h2 style=\"text-align: center\">MANUAIS DE PROCEDIMENTOS<\/h2>\n<ul>\n<li><a href=\"http:\/\/www2.unifap.br\/dace\/files\/2026\/03\/Adesoes-do-Discente-ao-Cadastro-Unico_UNIFAP.pdf\" aria-label=\"\u201cAdes\u00f5es do Discente ao Cadastro \u00danico_UNIFAP\u201d (Editar)\">Ades\u00f5es do Discente ao Cadastro \u00danico_UNIFAP<\/a><\/li>\n<li><a href=\"http:\/\/www2.unifap.br\/dace\/files\/2025\/05\/Solicitacao-de-Bolsa-Auxilio_UNIFAP.pdf\">Solicita\u00e7\u00e3o de Bolsa Aux\u00edlio_UNIFAP<\/a><\/li>\n<li><a href=\"http:\/\/www2.unifap.br\/dace\/files\/2025\/05\/Acompanhar-Solicitacao-de-Bolsa-Auxilio_UNIFAP.pdf\">Acompanhar Solicita\u00e7\u00e3o de Bolsa Aux\u00edlio_UNIFAP<\/a><\/li>\n<li><a href=\"http:\/\/www2.unifap.br\/dace\/files\/2023\/05\/MANUAL-PARA-RENOVACAODE-AUXILIOS.pdf\">MANUAL &#8211; RENOVA\u00c7\u00c3O DE AUX\u00cdLIOS<\/a><\/li>\n<li><a href=\"https:\/\/www2.unifap.br\/dace\/files\/2021\/08\/MANUAL-CADASTRAR-REQUISI%C3%87%C3%83O.pdf\">MANUAL &#8211; CADASTRAR REQUISI\u00c7\u00c3O (REQUISITOR)<\/a><\/li>\n<li><a href=\"http:\/\/www2.unifap.br\/dace\/files\/2021\/08\/MANUAL-CADASTRAR-PRESTA%C3%87%C3%83O-DE-CONTAS-DISCENTE.pdf\">MANUAL &#8211; CADASTRAR PRESTA\u00c7\u00c3O DE CONTAS (DISCENTES)<\/a><\/li>\n<li><a href=\"http:\/\/www2.unifap.br\/dace\/files\/2024\/05\/MANUAL_SOLICITACOES_PROEAC.pdf\">MANUAL &#8211; SOLICITA\u00c7\u00d5ES PROEAC<\/a><\/li>\n<li><a href=\"http:\/\/www2.unifap.br\/dace\/files\/2024\/05\/Acompanhar-Requisicoes-de-Auxilio-Financeiro-ao-Estudante-Enviadas.pdf\">MANUAL &#8211; ACOMPANHAR REQUISI\u00c7\u00d5ES DE AUX\u00cdLIO FINANCEIRO AO ESTUDANTE ENVIADAS<\/a><\/li>\n<li><a href=\"http:\/\/www2.unifap.br\/dace\/files\/2025\/02\/Consultar-Pagamentos.pdf\">MANUAL &#8211; CONSULTAR PAGAMENTOS DE AUX\u00cdLIOS E BOLSAS<\/a><\/li>\n<\/ul>\n","protected":false},"excerpt":{"rendered":"<p>MANUAIS DE PROCEDIMENTOS Ades\u00f5es do Discente ao Cadastro \u00danico_UNIFAP Solicita\u00e7\u00e3o de Bolsa Aux\u00edlio_UNIFAP Acompanhar Solicita\u00e7\u00e3o de Bolsa Aux\u00edlio_UNIFAP MANUAL &#8211;&#8230;<\/p>\n","protected":false},"author":2504,"featured_media":0,"parent":0,"menu_order":0,"comment_status":"closed","ping_status":"closed","template":"","meta":{"inline_featured_image":false,"site-sidebar-layout":"default","site-content-layout":"","ast-site-content-layout":"default","site-content-style":"default","site-sidebar-style":"default","ast-global-header-display":"","ast-banner-title-visibility":"","ast-main-header-display":"","ast-hfb-above-header-display":"","ast-hfb-below-header-display":"","ast-hfb-mobile-header-display":"","site-post-title":"","ast-breadcrumbs-content":"","ast-featured-img":"","footer-sml-layout":"","theme-transparent-header-meta":"default","adv-header-id-meta":"","stick-header-meta":"","header-above-stick-meta":"","header-main-stick-meta":"","header-below-stick-meta":"","astra-migrate-meta-layouts":"set","ast-page-background-enabled":"default","ast-page-background-meta":{"desktop":{"background-color":"var(--ast-global-color-4)","background-image":"","background-repeat":"repeat","background-position":"center center","background-size":"auto","background-attachment":"scroll","background-type":"","background-media":"","overlay-type":"","overlay-color":"","overlay-opacity":"","overlay-gradient":""},"tablet":{"background-color":"","background-image":"","background-repeat":"repeat","background-position":"center center","background-size":"auto","background-attachment":"scroll","background-type":"","background-media":"","overlay-type":"","overlay-color":"","overlay-opacity":"","overlay-gradient":""},"mobile":{"background-color":"","background-image":"","background-repeat":"repeat","background-position":"center center","background-size":"auto","background-attachment":"scroll","background-type":"","background-media":"","overlay-type":"","overlay-color":"","overlay-opacity":"","overlay-gradient":""}},"ast-content-background-meta":{"desktop":{"background-color":"var(--ast-global-color-5)","background-image":"","background-repeat":"repeat","background-position":"center center","background-size":"auto","background-attachment":"scroll","background-type":"","background-media":"","overlay-type":"","overlay-color":"","overlay-opacity":"","overlay-gradient":""},"tablet":{"background-color":"var(--ast-global-color-5)","background-image":"","background-repeat":"repeat","background-position":"center center","background-size":"auto","background-attachment":"scroll","background-type":"","background-media":"","overlay-type":"","overlay-color":"","overlay-opacity":"","overlay-gradient":""},"mobile":{"background-color":"var(--ast-global-color-5)","background-image":"","background-repeat":"repeat","background-position":"center center","background-size":"auto","background-attachment":"scroll","background-type":"","background-media":"","overlay-type":"","overlay-color":"","overlay-opacity":"","overlay-gradient":""}},"ngg_post_thumbnail":0,"footnotes":""},"class_list":["post-6473","page","type-page","status-publish","hentry"],"_links":{"self":[{"href":"https:\/\/www2.unifap.br\/dace\/wp-json\/wp\/v2\/pages\/6473","targetHints":{"allow":["GET"]}}],"collection":[{"href":"https:\/\/www2.unifap.br\/dace\/wp-json\/wp\/v2\/pages"}],"about":[{"href":"https:\/\/www2.unifap.br\/dace\/wp-json\/wp\/v2\/types\/page"}],"author":[{"embeddable":true,"href":"https:\/\/www2.unifap.br\/dace\/wp-json\/wp\/v2\/users\/2504"}],"replies":[{"embeddable":true,"href":"https:\/\/www2.unifap.br\/dace\/wp-json\/wp\/v2\/comments?post=6473"}],"version-history":[{"count":11,"href":"https:\/\/www2.unifap.br\/dace\/wp-json\/wp\/v2\/pages\/6473\/revisions"}],"predecessor-version":[{"id":9121,"href":"https:\/\/www2.unifap.br\/dace\/wp-json\/wp\/v2\/pages\/6473\/revisions\/9121"}],"wp:attachment":[{"href":"https:\/\/www2.unifap.br\/dace\/wp-json\/wp\/v2\/media?parent=6473"}],"curies":[{"name":"wp","href":"https:\/\/api.w.org\/{rel}","templated":true}]}}