{"id":6741,"date":"2024-06-26T11:40:21","date_gmt":"2024-06-26T14:40:21","guid":{"rendered":"https:\/\/www2.unifap.br\/dace\/?page_id=6741"},"modified":"2024-06-26T11:56:21","modified_gmt":"2024-06-26T14:56:21","slug":"pop-restaurante-universitario","status":"publish","type":"page","link":"https:\/\/www2.unifap.br\/dace\/pop-restaurante-universitario","title":{"rendered":"POP &#8211; Restaurante Universit\u00e1rio"},"content":{"rendered":"<p>&nbsp;<\/p>\n<table style=\"height: 238px\" border=\"0\" width=\"653\" cellspacing=\"0\" cellpadding=\"0\">\n<tbody>\n<tr>\n<td valign=\"top\" width=\"499\">POP 01 \u2013 Emiss\u00e3o De Relat\u00f3rio Di\u00e1rio E Mensal De Refei\u00e7\u00e3o<\/td>\n<td valign=\"top\" width=\"125\"><a href=\"http:\/\/www2.unifap.br\/dace\/files\/2024\/06\/POP-01-EMISSAO-DE-RELATORIO-DIARIO-E-MENSAL-DE-REFEICAO1.pdf\">Clique aqui.<\/a><\/td>\n<\/tr>\n<tr>\n<td valign=\"top\" width=\"499\">POP 02 \u2013 Forma\u00e7\u00e3o Do Processo De Pagamento Dos Servi\u00e7os Prestados<\/td>\n<td valign=\"top\" width=\"125\"><a href=\"http:\/\/www2.unifap.br\/dace\/files\/2024\/06\/POP-02-FORMACAO-DO-PROCESSO-DE-PAGAMENTO-DOS-SERVICOS-PRESTADOS1.pdf\">Clique aqui.<\/a><\/td>\n<\/tr>\n<tr>\n<td valign=\"top\" width=\"499\">POP 03 \u2013 Atendimento Ao Usu\u00e1rio<\/td>\n<td valign=\"top\" width=\"125\"><a href=\"http:\/\/www2.unifap.br\/dace\/files\/2024\/06\/POP-03-ATENDIMENTO-AO-USUARIO1.pdf\">Clique aqui.<\/a><\/td>\n<\/tr>\n<tr>\n<td valign=\"top\" width=\"499\">POP 04 \u2013 Fiscaliza\u00e7\u00e3o<\/td>\n<td valign=\"top\" width=\"125\"><a href=\"http:\/\/www2.unifap.br\/dace\/files\/2024\/06\/POP-04-FISCALIZACAO1.pdf\">Clique aqui.<\/a><\/td>\n<\/tr>\n<tr>\n<td valign=\"top\" width=\"499\">POP 05 \u2013 Degusta\u00e7\u00e3o De Prepara\u00e7\u00f5es<\/td>\n<td valign=\"top\" width=\"125\"><a href=\"http:\/\/www2.unifap.br\/dace\/files\/2024\/06\/POP-05-DEGUSTACAO-DE-PREPARACOES.pdf\">Clique aqui.<\/a><\/td>\n<\/tr>\n<tr>\n<td valign=\"top\" width=\"499\">POP 06 \u2013 Coleta De Amostras<\/td>\n<td valign=\"top\" width=\"125\"><a href=\"http:\/\/www2.unifap.br\/dace\/files\/2024\/06\/POP-06-COLETA-DE-AMOSTRAS.pdf\">Clique aqui.<\/a><\/td>\n<\/tr>\n<tr>\n<td valign=\"top\" width=\"499\">POP 07 \u2013 Recebimento De Documentos<\/td>\n<td valign=\"top\" width=\"125\"><a href=\"http:\/\/www2.unifap.br\/dace\/files\/2024\/06\/POP-07-RECEBIMENTO-DE-DOCUMENTOS.pdf\">Clique aqui.<\/a><\/td>\n<\/tr>\n<tr>\n<td valign=\"top\" width=\"499\">POP 08 \u2013 Envio De Documentos<\/td>\n<td valign=\"top\" width=\"125\"><a href=\"http:\/\/www2.unifap.br\/dace\/files\/2024\/06\/POP-08-ENVIO-DE-DOCUMENTOS.pdf\">Clique aqui.<\/a><\/td>\n<\/tr>\n<tr>\n<td valign=\"top\" width=\"499\">POP 09 \u2013 Atribui\u00e7\u00e3o E Retirada De Benef\u00edcios<\/td>\n<td valign=\"top\" width=\"125\"><a href=\"http:\/\/www2.unifap.br\/dace\/files\/2024\/06\/POP-09-Atribuicao-e-retirada-de-beneficios1.pdf\">Clique aqui.<\/a><\/td>\n<\/tr>\n<tr>\n<td valign=\"top\" width=\"499\">POP 10 \u2013 Atendimento Ao Usu\u00e1rio Diante De Situa\u00e7\u00f5es Adversas<\/td>\n<td valign=\"top\" width=\"125\"><a href=\"http:\/\/www2.unifap.br\/dace\/files\/2024\/06\/POP-10-Atendimento-ao-usuario-diante-de-situacoes-adversas1.pdf\">Clique aqui.<\/a><\/td>\n<\/tr>\n<\/tbody>\n<\/table>\n","protected":false},"excerpt":{"rendered":"<p>&nbsp; POP 01 \u2013 Emiss\u00e3o De Relat\u00f3rio Di\u00e1rio E Mensal De Refei\u00e7\u00e3o Clique aqui. POP 02 \u2013 Forma\u00e7\u00e3o Do Processo&#8230;<\/p>\n","protected":false},"author":2504,"featured_media":0,"parent":0,"menu_order":0,"comment_status":"closed","ping_status":"closed","template":"","meta":{"inline_featured_image":false,"site-sidebar-layout":"default","site-content-layout":"","ast-site-content-layout":"default","site-content-style":"default","site-sidebar-style":"default","ast-global-header-display":"","ast-banner-title-visibility":"","ast-main-header-display":"","ast-hfb-above-header-display":"","ast-hfb-below-header-display":"","ast-hfb-mobile-header-display":"","site-post-title":"","ast-breadcrumbs-content":"","ast-featured-img":"","footer-sml-layout":"","theme-transparent-header-meta":"","adv-header-id-meta":"","stick-header-meta":"","header-above-stick-meta":"","header-main-stick-meta":"","header-below-stick-meta":"","astra-migrate-meta-layouts":"default","ast-page-background-enabled":"default","ast-page-background-meta":{"desktop":{"background-color":"var(--ast-global-color-4)","background-image":"","background-repeat":"repeat","background-position":"center center","background-size":"auto","background-attachment":"scroll","background-type":"","background-media":"","overlay-type":"","overlay-color":"","overlay-opacity":"","overlay-gradient":""},"tablet":{"background-color":"","background-image":"","background-repeat":"repeat","background-position":"center center","background-size":"auto","background-attachment":"scroll","background-type":"","background-media":"","overlay-type":"","overlay-color":"","overlay-opacity":"","overlay-gradient":""},"mobile":{"background-color":"","background-image":"","background-repeat":"repeat","background-position":"center center","background-size":"auto","background-attachment":"scroll","background-type":"","background-media":"","overlay-type":"","overlay-color":"","overlay-opacity":"","overlay-gradient":""}},"ast-content-background-meta":{"desktop":{"background-color":"var(--ast-global-color-5)","background-image":"","background-repeat":"repeat","background-position":"center center","background-size":"auto","background-attachment":"scroll","background-type":"","background-media":"","overlay-type":"","overlay-color":"","overlay-opacity":"","overlay-gradient":""},"tablet":{"background-color":"var(--ast-global-color-5)","background-image":"","background-repeat":"repeat","background-position":"center center","background-size":"auto","background-attachment":"scroll","background-type":"","background-media":"","overlay-type":"","overlay-color":"","overlay-opacity":"","overlay-gradient":""},"mobile":{"background-color":"var(--ast-global-color-5)","background-image":"","background-repeat":"repeat","background-position":"center center","background-size":"auto","background-attachment":"scroll","background-type":"","background-media":"","overlay-type":"","overlay-color":"","overlay-opacity":"","overlay-gradient":""}},"ngg_post_thumbnail":0,"footnotes":""},"class_list":["post-6741","page","type-page","status-publish","hentry"],"_links":{"self":[{"href":"https:\/\/www2.unifap.br\/dace\/wp-json\/wp\/v2\/pages\/6741","targetHints":{"allow":["GET"]}}],"collection":[{"href":"https:\/\/www2.unifap.br\/dace\/wp-json\/wp\/v2\/pages"}],"about":[{"href":"https:\/\/www2.unifap.br\/dace\/wp-json\/wp\/v2\/types\/page"}],"author":[{"embeddable":true,"href":"https:\/\/www2.unifap.br\/dace\/wp-json\/wp\/v2\/users\/2504"}],"replies":[{"embeddable":true,"href":"https:\/\/www2.unifap.br\/dace\/wp-json\/wp\/v2\/comments?post=6741"}],"version-history":[{"count":5,"href":"https:\/\/www2.unifap.br\/dace\/wp-json\/wp\/v2\/pages\/6741\/revisions"}],"predecessor-version":[{"id":6756,"href":"https:\/\/www2.unifap.br\/dace\/wp-json\/wp\/v2\/pages\/6741\/revisions\/6756"}],"wp:attachment":[{"href":"https:\/\/www2.unifap.br\/dace\/wp-json\/wp\/v2\/media?parent=6741"}],"curies":[{"name":"wp","href":"https:\/\/api.w.org\/{rel}","templated":true}]}}