{"id":81,"date":"2011-07-22T19:49:58","date_gmt":"2011-07-22T19:49:58","guid":{"rendered":"http:\/\/www2.unifap.br\/dace\/?page_id=81"},"modified":"2017-09-25T18:59:16","modified_gmt":"2017-09-25T18:59:16","slug":"servico-psicossocial","status":"publish","type":"page","link":"https:\/\/www2.unifap.br\/dace\/servico-psicossocial","title":{"rendered":"Servi\u00e7o Psicossocial"},"content":{"rendered":"<p style=\"text-align: justify\"><strong>O atendimento psicossocial ao estudante tem como objetivo elaborar e promover a\u00e7\u00f5es, junto \u00e0 demanda acad\u00eamica, atrav\u00e9s de orienta\u00e7\u00f5es e encaminhamentos. Este servi\u00e7o volta-se para o objetivo mais amplo da constru\u00e7\u00e3o da cidadania nos diversos segmentos que comp\u00f5em a comunidade discente. Desenvolve subs\u00eddios de assist\u00eancia a partir da proposta preconizada pela Pol\u00edtica de Assist\u00eancia Estudantil na Universidade Federal do Amap\u00e1-UNIFAP.<\/strong><\/p>\n<p style=\"text-align: justify\"><a href=\"http:\/\/www2.unifap.br\/dace\/files\/2011\/07\/FOLDER-SUICIDIO.docx\">SETEMBRO AMARELO \u2013 Campanha de conscientiza\u00e7\u00e3o sobre a preven\u00e7\u00e3o do suic\u00eddio<\/a><\/p>\n<p style=\"text-align: justify\">\n<h2><a href=\"http:\/\/www2.unifap.br\/dace\/archives\/3914\" rel=\"bookmark\">Divis\u00e3o de Servi\u00e7o Psicossocial em a\u00e7\u00e3o no Campus Binacional<\/a><\/h2>\n<p><strong>\u00a0<\/strong><\/p>\n","protected":false},"excerpt":{"rendered":"<p>O atendimento psicossocial ao estudante tem como objetivo elaborar e promover a\u00e7\u00f5es, junto \u00e0 demanda acad\u00eamica, atrav\u00e9s de orienta\u00e7\u00f5es e&#8230;<\/p>\n","protected":false},"author":1,"featured_media":0,"parent":0,"menu_order":5,"comment_status":"closed","ping_status":"closed","template":"","meta":{"inline_featured_image":false,"site-sidebar-layout":"default","site-content-layout":"","ast-site-content-layout":"default","site-content-style":"default","site-sidebar-style":"default","ast-global-header-display":"","ast-banner-title-visibility":"","ast-main-header-display":"","ast-hfb-above-header-display":"","ast-hfb-below-header-display":"","ast-hfb-mobile-header-display":"","site-post-title":"","ast-breadcrumbs-content":"","ast-featured-img":"","footer-sml-layout":"","theme-transparent-header-meta":"","adv-header-id-meta":"","stick-header-meta":"","header-above-stick-meta":"","header-main-stick-meta":"","header-below-stick-meta":"","astra-migrate-meta-layouts":"default","ast-page-background-enabled":"default","ast-page-background-meta":{"desktop":{"background-color":"var(--ast-global-color-4)","background-image":"","background-repeat":"repeat","background-position":"center center","background-size":"auto","background-attachment":"scroll","background-type":"","background-media":"","overlay-type":"","overlay-color":"","overlay-opacity":"","overlay-gradient":""},"tablet":{"background-color":"","background-image":"","background-repeat":"repeat","background-position":"center center","background-size":"auto","background-attachment":"scroll","background-type":"","background-media":"","overlay-type":"","overlay-color":"","overlay-opacity":"","overlay-gradient":""},"mobile":{"background-color":"","background-image":"","background-repeat":"repeat","background-position":"center center","background-size":"auto","background-attachment":"scroll","background-type":"","background-media":"","overlay-type":"","overlay-color":"","overlay-opacity":"","overlay-gradient":""}},"ast-content-background-meta":{"desktop":{"background-color":"var(--ast-global-color-5)","background-image":"","background-repeat":"repeat","background-position":"center center","background-size":"auto","background-attachment":"scroll","background-type":"","background-media":"","overlay-type":"","overlay-color":"","overlay-opacity":"","overlay-gradient":""},"tablet":{"background-color":"var(--ast-global-color-5)","background-image":"","background-repeat":"repeat","background-position":"center center","background-size":"auto","background-attachment":"scroll","background-type":"","background-media":"","overlay-type":"","overlay-color":"","overlay-opacity":"","overlay-gradient":""},"mobile":{"background-color":"var(--ast-global-color-5)","background-image":"","background-repeat":"repeat","background-position":"center center","background-size":"auto","background-attachment":"scroll","background-type":"","background-media":"","overlay-type":"","overlay-color":"","overlay-opacity":"","overlay-gradient":""}},"ngg_post_thumbnail":0,"footnotes":""},"class_list":["post-81","page","type-page","status-publish","hentry"],"_links":{"self":[{"href":"https:\/\/www2.unifap.br\/dace\/wp-json\/wp\/v2\/pages\/81","targetHints":{"allow":["GET"]}}],"collection":[{"href":"https:\/\/www2.unifap.br\/dace\/wp-json\/wp\/v2\/pages"}],"about":[{"href":"https:\/\/www2.unifap.br\/dace\/wp-json\/wp\/v2\/types\/page"}],"author":[{"embeddable":true,"href":"https:\/\/www2.unifap.br\/dace\/wp-json\/wp\/v2\/users\/1"}],"replies":[{"embeddable":true,"href":"https:\/\/www2.unifap.br\/dace\/wp-json\/wp\/v2\/comments?post=81"}],"version-history":[{"count":8,"href":"https:\/\/www2.unifap.br\/dace\/wp-json\/wp\/v2\/pages\/81\/revisions"}],"predecessor-version":[{"id":3905,"href":"https:\/\/www2.unifap.br\/dace\/wp-json\/wp\/v2\/pages\/81\/revisions\/3905"}],"wp:attachment":[{"href":"https:\/\/www2.unifap.br\/dace\/wp-json\/wp\/v2\/media?parent=81"}],"curies":[{"name":"wp","href":"https:\/\/api.w.org\/{rel}","templated":true}]}}