{"id":896,"date":"2015-01-30T14:26:15","date_gmt":"2015-01-30T14:26:15","guid":{"rendered":"http:\/\/www2.unifap.br\/dace\/?page_id=896"},"modified":"2015-08-17T18:58:35","modified_gmt":"2015-08-17T18:58:35","slug":"politica-de-assistencias","status":"publish","type":"page","link":"https:\/\/www2.unifap.br\/dace\/assistencia-estudantil\/politica-de-assistencias","title":{"rendered":"Apresenta\u00e7\u00e3o"},"content":{"rendered":"<p><b>DESCRI\u00c7\u00c3O DAS BOLSAS E AUX\u00cdLIOS DA ASSIST\u00caNCIA ESTUDANTIL DO PNAES E MEC\/FNDE <\/b><\/p>\n<p><b>\u00a0<\/b><\/p>\n<p><b>1 &#8211; PR\u00d3 ESTUDANTE (PNAES)<\/b><\/p>\n<p>\u00c9 um Programa que visa atender estudantes regularmente matriculados em cursos de gradua\u00e7\u00e3o presencial, prioritariamente oriundos da rede p\u00fablica de educa\u00e7\u00e3o b\u00e1sica e\/ou com renda familiar <b>per capita<\/b> de at\u00e9 um sal\u00e1rio m\u00ednimo e meio. \u00a0Vincula-se ao desenvolvimento de atividades de ensino, pesquisa e extens\u00e3o objetivando democratizar as condi\u00e7\u00f5es de acesso e perman\u00eancia na educa\u00e7\u00e3o superior p\u00fablica federal atendendo ao princ\u00edpio constitucional de que a educa\u00e7\u00e3o \u00e9 dever do Estado, reconhecendo que \u00e9 fundamental a igualdade de condi\u00e7\u00f5es para perman\u00eancia na universidade, e \u00e9 preconizado pelo Programa Nacional de Assist\u00eancia Estudantil \u2013 PNAES.<\/p>\n<p>As a\u00e7\u00f5es de assist\u00eancia do Pr\u00f3 Estudante na UNIFAP s\u00e3o desenvolvidas atrav\u00e9s das seguintes bolsas e aux\u00edlios:<\/p>\n<p><b>&#8211; Bolsa Perman\u00eancia:<\/b> \u00e9 uma a\u00e7\u00e3o de suporte institucional de assist\u00eancia estudantil que consiste em um apoio financeiro mensal a estudantes classificados como em alto n\u00edvel de vulnerabilidade socioecon\u00f4mico que possua a renda per capta familiar de at\u00e9 um sal\u00e1rio m\u00ednimo e meio. Os valores pagos aos estudantes variam de acordo com as especificidades locais de cada campus.<\/p>\n<p><b>&#8211; Aux\u00edlio Moradia:<\/b> \u00e9 uma a\u00e7\u00e3o de suporte institucional de assist\u00eancia estudantil destinado \u00e0 Estudantes oriundos de outros Estados e\/ou Munic\u00edpio que se deslocam para cursar na UNIFAP, e que n\u00e3o possui apoio de moradia no local do Campus onde foi selecionado para Cursar. Consiste em um apoio financeiro mensal para atender no aux\u00edlio das despesas com aluguel em quitinete, rep\u00fablica, vaga, pensionato e assemelhados. Os valores pagos aos estudantes variam de acordo com as especificidades locais de cada campus.<\/p>\n<p><b>&#8211; Aux\u00edlio Alimenta\u00e7\u00e3o:<\/b> \u00e9 uma a\u00e7\u00e3o de suporte institucional de assist\u00eancia estudantil que objetiva proporcionar ao estudante pelo menos uma refei\u00e7\u00e3o di\u00e1ria no Restaurante Universit\u00e1rio a cada dia letivo, segundo o calend\u00e1rio acad\u00eamico da institui\u00e7\u00e3o, excluindo-se os s\u00e1bados. De acordo com as especificidades locais de cada campus, atualmente apenas os estudantes dos Campus Marco Zero\/Santana s\u00e3o beneficiados por este aux\u00edlio atrav\u00e9s do Restaurante Universit\u00e1rio &#8211; RU que atende por meio de empresa terceirizada contratada por meio de processo licitat\u00f3rio.<\/p>\n<p><b>&#8211; Aux\u00edlio Transporte:<\/b> \u00e9 uma a\u00e7\u00e3o de suporte institucional de assist\u00eancia estudantil que visa proporcionar ao estudante um aux\u00edlio financeiro para a viabiliza\u00e7\u00e3o do transporte necess\u00e1rio para sua frequ\u00eancia nas aulas de gradua\u00e7\u00e3o, e est\u00e1 subdividido em: Transporte Urbano e Transporte Interurbano. Nos Campus Marco Zero e Santana, os valores s\u00e3o pagos atrav\u00e9s de cr\u00e9ditos 2 ou 4 por dia letivo na carteira de estudantes de meia passagem no valor de R$ 2,10 (Macap\u00e1) ou R$ 2,35 (Santana) e, no valor de 12,00\/dia letivo atrav\u00e9s de dep\u00f3sito em conta correntes para estudantes que residem em outros munic\u00edpios (Mazag\u00e3o). No Campus Binacional &#8211; Oiapoque, os estudantes recebem o valor de R$ 8,00\/dia letivo atrav\u00e9s de dep\u00f3sito em conta corrente.<\/p>\n<p><b>&#8211; Aux\u00edlio Fotoc\u00f3pia:<\/b> \u00e9 uma a\u00e7\u00e3o de suporte institucional de assist\u00eancia estudantil que se comp\u00f5e de um cr\u00e9dito ao estudante de um mil e trezentos fotoc\u00f3pias para uso acad\u00eamico por ano letivo, em papel branco tamanho A 4,75g\/m2, em preto e branco, considerando somente uma face. Os estudantes s\u00e3o atendidos atrav\u00e9s de empresa terceirizada contratada por meio de processo licitat\u00f3rio no qual a Universidade paga a esta empresa o valor de R$ 0,069 por c\u00f3pia.<\/p>\n<p><b>&#8211; Aux\u00edlio sa\u00fade:<\/b> \u00e9 uma a\u00e7\u00e3o de suporte institucional de assist\u00eancia estudantil que visa proporcionar ao estudante auxilio financeiro para contrata\u00e7\u00e3o de plano de sa\u00fade e\/ou odontol\u00f3gico. O Aux\u00edlio Plano Odontol\u00f3gico consiste no pagamento de R$ 35,00\/m\u00eas atrav\u00e9s de dep\u00f3sito banc\u00e1rio, enquanto o Aux\u00edlio Plano de Sa\u00fade consiste no desembolso financeiro conforme faixa et\u00e1ria<\/p>\n<p>&nbsp;<\/p>\n<p><b>2 &#8211; BOLSA PERMAN\u00caNCIA MEC:<\/b><\/p>\n<p>\u00c9 um auxilio financeiro destinado a estudantes de cursos integrais no valor de R$ 400,00, ind\u00edgenas e remanescentes quilombolas no valor de R$ 900,00, e tem por finalidade minimizar as desigualdades sociais, \u00e9tnicos raciais e contribuir para a perman\u00eancia e diploma\u00e7\u00e3o dos estudantes de gradua\u00e7\u00e3o em situa\u00e7\u00e3o de vulnerabilidade socioecon\u00f4mica, nos temos da portaria do MEC n\u00ba 389\/2003, que n\u00e3o tenham conclu\u00eddo outro curso de gradua\u00e7\u00e3o ou tecnol\u00f3gico em n\u00edvel superior, n\u00e3o se aplicando essa exig\u00eancia a estudantes ind\u00edgenas e remanescentes quilombolas.<\/p>\n","protected":false},"excerpt":{"rendered":"<p>DESCRI\u00c7\u00c3O DAS BOLSAS E AUX\u00cdLIOS DA ASSIST\u00caNCIA ESTUDANTIL DO PNAES E MEC\/FNDE \u00a0 1 &#8211; PR\u00d3 ESTUDANTE (PNAES) \u00c9 um&#8230;<\/p>\n","protected":false},"author":604,"featured_media":0,"parent":892,"menu_order":0,"comment_status":"closed","ping_status":"open","template":"","meta":{"inline_featured_image":false,"site-sidebar-layout":"default","site-content-layout":"","ast-site-content-layout":"default","site-content-style":"default","site-sidebar-style":"default","ast-global-header-display":"","ast-banner-title-visibility":"","ast-main-header-display":"","ast-hfb-above-header-display":"","ast-hfb-below-header-display":"","ast-hfb-mobile-header-display":"","site-post-title":"","ast-breadcrumbs-content":"","ast-featured-img":"","footer-sml-layout":"","theme-transparent-header-meta":"","adv-header-id-meta":"","stick-header-meta":"","header-above-stick-meta":"","header-main-stick-meta":"","header-below-stick-meta":"","astra-migrate-meta-layouts":"default","ast-page-background-enabled":"default","ast-page-background-meta":{"desktop":{"background-color":"var(--ast-global-color-4)","background-image":"","background-repeat":"repeat","background-position":"center center","background-size":"auto","background-attachment":"scroll","background-type":"","background-media":"","overlay-type":"","overlay-color":"","overlay-opacity":"","overlay-gradient":""},"tablet":{"background-color":"","background-image":"","background-repeat":"repeat","background-position":"center center","background-size":"auto","background-attachment":"scroll","background-type":"","background-media":"","overlay-type":"","overlay-color":"","overlay-opacity":"","overlay-gradient":""},"mobile":{"background-color":"","background-image":"","background-repeat":"repeat","background-position":"center center","background-size":"auto","background-attachment":"scroll","background-type":"","background-media":"","overlay-type":"","overlay-color":"","overlay-opacity":"","overlay-gradient":""}},"ast-content-background-meta":{"desktop":{"background-color":"var(--ast-global-color-5)","background-image":"","background-repeat":"repeat","background-position":"center center","background-size":"auto","background-attachment":"scroll","background-type":"","background-media":"","overlay-type":"","overlay-color":"","overlay-opacity":"","overlay-gradient":""},"tablet":{"background-color":"var(--ast-global-color-5)","background-image":"","background-repeat":"repeat","background-position":"center center","background-size":"auto","background-attachment":"scroll","background-type":"","background-media":"","overlay-type":"","overlay-color":"","overlay-opacity":"","overlay-gradient":""},"mobile":{"background-color":"var(--ast-global-color-5)","background-image":"","background-repeat":"repeat","background-position":"center center","background-size":"auto","background-attachment":"scroll","background-type":"","background-media":"","overlay-type":"","overlay-color":"","overlay-opacity":"","overlay-gradient":""}},"ngg_post_thumbnail":0,"footnotes":""},"class_list":["post-896","page","type-page","status-publish","hentry"],"_links":{"self":[{"href":"https:\/\/www2.unifap.br\/dace\/wp-json\/wp\/v2\/pages\/896","targetHints":{"allow":["GET"]}}],"collection":[{"href":"https:\/\/www2.unifap.br\/dace\/wp-json\/wp\/v2\/pages"}],"about":[{"href":"https:\/\/www2.unifap.br\/dace\/wp-json\/wp\/v2\/types\/page"}],"author":[{"embeddable":true,"href":"https:\/\/www2.unifap.br\/dace\/wp-json\/wp\/v2\/users\/604"}],"replies":[{"embeddable":true,"href":"https:\/\/www2.unifap.br\/dace\/wp-json\/wp\/v2\/comments?post=896"}],"version-history":[{"count":4,"href":"https:\/\/www2.unifap.br\/dace\/wp-json\/wp\/v2\/pages\/896\/revisions"}],"predecessor-version":[{"id":921,"href":"https:\/\/www2.unifap.br\/dace\/wp-json\/wp\/v2\/pages\/896\/revisions\/921"}],"up":[{"embeddable":true,"href":"https:\/\/www2.unifap.br\/dace\/wp-json\/wp\/v2\/pages\/892"}],"wp:attachment":[{"href":"https:\/\/www2.unifap.br\/dace\/wp-json\/wp\/v2\/media?parent=896"}],"curies":[{"name":"wp","href":"https:\/\/api.w.org\/{rel}","templated":true}]}}